{"id":10,"date":"2019-03-05T07:22:36","date_gmt":"2019-03-05T07:22:36","guid":{"rendered":"http:\/\/denledtlc.vaweb.xyz\/?page_id=10"},"modified":"2023-11-14T10:14:39","modified_gmt":"2023-11-14T03:14:39","slug":"gioi-thieu","status":"publish","type":"page","link":"https:\/\/www.oml.com.vn\/?page_id=10","title":{"rendered":"Gi\u1edbi thi\u1ec7u"},"content":{"rendered":"<p><\/p>\r\n<h2><strong><a href=\"https:\/\/tlclighting.com.vn\/gioi-thieu\/\" target=\"_blank\" rel=\"noopener\">Gi\u1edbi thi\u1ec7u C\u00f4ng ty TNHH<\/a><\/strong><a href=\"https:\/\/tlclighting.com.vn\/gioi-thieu\/\" target=\"_blank\" rel=\"noopener\">\u00a0<strong>T<\/strong><\/a><strong>hi\u1ebft B\u1ecb \u0110i\u1ec7n v\u00e0 Chi\u1ebfu S\u00e1ng OML Vi\u1ec7t Nam<\/strong><\/h2>\r\n<p>OML\u00ae LIGHTING l\u00e0 th\u01b0\u01a1ng hi\u1ec7u \u0111\u00e8n LED c\u1ee7a C\u00f4ng ty tr\u00e1ch nhi\u1ec7m h\u1eefu h\u1ea1n thi\u1ebft b\u1ecb \u0111i\u1ec7n v\u00e0 chi\u1ebfu s\u00e1ng OML Vi\u1ec7t Nam, m\u1ed9t trong nh\u1eefng \u0111\u01a1n v\u1ecb ti\u00ean phong trong vi\u1ec7c cung c\u1ea5p gi\u1ea3i ph\u00e1p v\u00e0 thi\u1ebft b\u1ecb chi\u1ebfu s\u00e1ng c\u00f4ng ngh\u1ec7 m\u1edbi, th\u00e2n thi\u1ec7n v\u1edbi m\u00f4i tr\u01b0\u1eddng v\u00e0 ti\u1ebft ki\u1ec7m \u0111i\u1ec7n.<\/p>\r\n<p><img loading=\"lazy\" class=\" wp-image-2159 aligncenter\" src=\"http:\/\/omllighting.com\/wp-content\/uploads\/2023\/06\/1-1-300x213.png\" alt=\"\" width=\"443\" height=\"315\" srcset=\"https:\/\/www.oml.com.vn\/wp-content\/uploads\/2023\/06\/1-1-300x213.png 300w, https:\/\/www.oml.com.vn\/wp-content\/uploads\/2023\/06\/1-1-1024x726.png 1024w, https:\/\/www.oml.com.vn\/wp-content\/uploads\/2023\/06\/1-1-768x545.png 768w, https:\/\/www.oml.com.vn\/wp-content\/uploads\/2023\/06\/1-1-1536x1089.png 1536w, https:\/\/www.oml.com.vn\/wp-content\/uploads\/2023\/06\/1-1-510x362.png 510w, https:\/\/www.oml.com.vn\/wp-content\/uploads\/2023\/06\/1-1.png 1998w\" sizes=\"(max-width: 443px) 100vw, 443px\" \/><\/p>\r\n<h2><strong>L\u01b0\u1ee3c s\u1eed h\u00ecnh th\u00e0nh \u0111\u00e8n LED chi\u1ebfu s\u00e1ng OML Lighting<\/strong><\/h2>\r\n<p style=\"text-align: center;\"><iframe loading=\"lazy\" title=\"YouTube video player\" src=\"https:\/\/www.youtube.com\/embed\/7Xd2jhZ9mpU?si=f_sQt6t2jFVeW4gc\" width=\"560\" height=\"315\" frameborder=\"0\" allowfullscreen=\"allowfullscreen\"><\/iframe><\/p>\r\n<p>&#8211;\u00a0C\u00f4ng ty TNHH thi\u1ebft b\u1ecb \u0111i\u1ec7n v\u00e0 chi\u1ebfu s\u00e1ng OML Vi\u1ec7t Nam l\u00e0 m\u1ed9t trong nh\u1eefng nh\u00e0 cung c\u1ea5p thi\u1ebft b\u1ecb chi\u1ebfu s\u00e1ng LED uy t\u00edn \u0111\u1ea7u ti\u00ean t\u1ea1i Vi\u1ec7t Nam. \u0110\u01b0\u1ee3c th\u00e0nh l\u1eadp t\u1eeb n\u0103m 2014 cho \u0111\u1ebfn nay, C\u00f4ng ty OML Vi\u1ec7t Nam lu\u00f4n n\u1ed7 l\u1ef1c nghi\u00ean c\u1ee9u v\u00e0 c\u1ea3i ti\u1ebfn s\u1ea3n ph\u1ea9m \u0111\u1ec3 \u0111em \u0111\u1ebfn cho kh\u00e1ch h\u00e0ng nh\u1eefng s\u1ea3n ph\u1ea9m \u0111\u00fang v\u1edbi gi\u00e1 tr\u1ecb.<\/p>\r\n<p>&#8211; V\u1edbi ph\u01b0\u01a1ng ch\u00e2m ph\u00e1t tri\u1ec3n &#8220;Ch\u1ea5t l\u01b0\u1ee3ng l\u00e0 s\u1ef1 s\u1ed1ng c\u00f2n c\u1ee7a doanh nghi\u1ec7p&#8221; c\u00f9ng mong mu\u1ed1n \u0111em \u0111\u1ebfn cho t\u1ea5t c\u1ea3 ng\u01b0\u1eddi d\u00e2n Vi\u1ec7t Nam nh\u1eefng s\u1ea3n ph\u1ea9m th\u1eadt s\u1ef1 t\u1ed1t, th\u1eadt s\u1ef1 \u0111\u1eb9p, \u0111\u00fang gi\u00e1 ti\u1ec1n. Ch\u00fang t\u00f4i hi v\u1ecdng s\u1ebd nh\u1eadn \u0111\u01b0\u1ee3c nhi\u1ec1u h\u01a1n n\u1eefa s\u1ef1 t\u00edn t\u01b0\u1edfng v\u00e0 h\u1ee3p t\u00e1c c\u1ee7a kh\u00e1ch h\u00e0ng, \u0111\u1ed1i t\u00e1c.<\/p>\r\n<p>&#8211; V\u1edbi \u0111\u1ed9i ng\u0169 c\u00e1n b\u1ed9 nh\u00e2n vi\u00ean gi\u00e0u t\u00e2m huy\u1ebft v\u00e0 kinh nghi\u1ec7m lu\u00f4n kh\u00f4ng ng\u1eebng c\u1ea3i ti\u1ebfn ch\u1ea5t l\u01b0\u1ee3ng, ho\u00e0n thi\u1ec7n s\u1ea3n ph\u1ea9m, m\u1edf r\u1ed9ng th\u1ecb tr\u01b0\u1eddng \u0111\u1ec3 \u0111\u00e1p \u1ee9ng nhu c\u1ea7u v\u00e0 th\u1ecb hi\u1ebfu kh\u00e1ch h\u00e0ng ch\u1eafc ch\u1eafn s\u1ebd \u0111\u01b0a th\u01b0\u01a1ng hi\u1ec7u OML\u00ae ng\u00e0y c\u00e0ng ph\u00e1t tri\u1ec3n h\u01a1n n\u1eefa.<\/p>\r\n<p>&#8211; Hi\u1ec7n nay s\u1ea3n ph\u1ea9m LED OML\u00ae \u0111\u01b0\u1ee3c s\u1eed d\u1ee5ng r\u1ed9ng r\u00e3i tr\u00ean nhi\u1ec1u t\u1ec9nh th\u00e0nh c\u1ea3 n\u01b0\u1edbc v\u00e0 \u0111\u01b0\u1ee3c \u1ee9ng d\u1ee5ng r\u1ed9ng r\u00e3i trong thi\u1ebft k\u1ebf v\u00e0 trang tr\u00ed n\u1ed9i th\u1ea5t hi\u1ec7n \u0111\u1ea1i cho nh\u00e0 \u1edf, chung c\u01b0, tr\u01b0\u1eddng h\u1ecdc, b\u1ec7nh vi\u1ec7n, si\u00eau th\u1ecb, v\u0103n ph\u00f2ng, tr\u1ea7n, v\u00e1ch, c\u1eeda, \u2026<\/p>\r\n<p>&#8211; Nh\u1eefng s\u1ea3n ph\u1ea9m ch\u00ednh c\u1ee7a OML\u00ae Lighting: \u0110\u00e8n LED chi\u1ebfu s\u00e1ng d\u00e2n d\u1ee5ng g\u1ed3m c\u00f3: \u0110\u00e8n LED \u00e2m tr\u1ea7n m\u1eb7t cong, \u0111\u00e8n LED \u00e2m tr\u1ea7n kh\u1ed1i \u0111\u00fac, \u0111\u00e8n LED \u00e2m tr\u1ea7n \u0111\u1ebf m\u0169, \u0111\u00e8n LED \u00e2m tr\u1ea7n \u0111\u1ebf d\u00e0y, \u1ed1p n\u1ed5i LED, pha chi\u1ebfu LED,\u00a0 tu\u00fdp b\u00e1n nguy\u1ec7t, b\u1ed9 tu\u00fdp LED, tu\u00fdp th\u1ee7y tinh r\u1eddi, \u0111\u00e8n b\u00fap LED,\u2026\u0111\u00e8n LED trang tr\u00ed g\u1ed3m c\u00f3 c\u00e1c b\u00f3ng nhi\u1ec1u m\u00e0u s\u1eafc c\u00f4ng su\u1ea5t t\u1eeb 1W-8W, c\u00f3 th\u1ec3 s\u1eed d\u1ee5ng \u0111\u01b0\u1ee3c ngo\u00e0i tr\u1eddi,\u2026<\/p>\r\n<p>&#8211; B\u1eb1ng nh\u1eefng b\u01b0\u1edbc ti\u1ebfn v\u1eefng ch\u1eafc trong ng\u00e0nh chi\u1ebfu s\u00e1ng, OML\u00ae Lighting trong su\u1ed1t 5 n\u0103m qua \u0111\u00e3 chi\u1ebfm tr\u1ecdn \u0111\u01b0\u1ee3c t\u00ecnh c\u1ea3m c\u1ee7a kh\u00e1ch h\u00e0ng l\u00e0 c\u00e1c nh\u00e0 th\u1ea7u, ki\u1ebfn tr\u00fac s\u01b0, nh\u00e0 ph\u00e2n ph\u1ed1i hay ng\u01b0\u1eddi ti\u00eau d\u00f9ng.<\/p>\r\n<p>\u00a0&#8211; \u0110\u1ec3 \u0111\u1ea1t \u0111\u01b0\u1ee3c nh\u1eefng th\u00e0nh c\u00f4ng h\u01a1n n\u1eefa trong nh\u1eefng ch\u1eb7ng \u0111\u01b0\u1eddng ph\u00e1t tri\u1ec3n t\u1edbi, OML\u00ae\u00a0 v\u1eabn lu\u00f4n gi\u1eef ng\u1ecdn l\u1eeda ni\u1ec1m tin, theo \u0111u\u1ed5i nh\u1eefng m\u1ee5c ti\u00eau \u0111\u1eb7t ra, li\u00ean t\u1ee5c m\u1edf r\u1ed9ng th\u1ecb tr\u01b0\u1eddng, gi\u1eef v\u1eefng cam k\u1ebft ch\u1ea5t l\u01b0\u1ee3ng s\u1ea3n ph\u1ea9m b\u1ec1n v\u1eefng, th\u00e2n thi\u1ec7n v\u1edbi m\u00f4i tr\u01b0\u1eddng, b\u1ea3o v\u1ec7 s\u1ee9c kh\u1ecfe ng\u01b0\u1eddi ti\u00eau d\u00f9ng.<\/p>\r\n<h2><strong>M\u1ee5c ti\u00eau s\u1ee9 m\u1ec7nh v\u00e0 gi\u00e1 tr\u1ecb c\u1ed1t l\u00f5i c\u1ee7a OML Lighting:<\/strong><\/h2>\r\n<h3><strong>M\u1ee5c ti\u00eau c\u1ee7a OML LIGHTING:<\/strong><\/h3>\r\n<p style=\"text-indent: -18.0pt; mso-list: l0 level1 lfo1;\"><!-- [if !supportLists]-->\u00a0 \u00a0 \u00a0 \u00a0 \u00a0 \u00a0 \u00a0&#8211;\u00a0\u00a0\u00a0\u00a0\u00a0\u00a0\u00a0\u00a0 Tr\u1edf th\u00e0nh c\u00f4ng ty h\u00e0ng \u0111\u1ea7u Vi\u1ec7t Nam v\u1edbi nh\u1eefng th\u01b0\u01a1ng hi\u1ec7u s\u1ea3n ph\u1ea9m uy t\u00edn, c\u00f3 t\u00ean tu\u1ed5i tr\u00ean th\u1ecb tr\u01b0\u1eddng thi\u1ebft b\u1ecb chi\u1ebfu s\u00e1ng.<\/p>\r\n<p style=\"text-indent: -18.0pt; mso-list: l0 level1 lfo1;\"><!-- [if !supportLists]-->\u00a0 \u00a0 \u00a0 \u00a0 \u00a0 \u00a0 \u00a0&#8211;\u00a0\u00a0\u00a0\u00a0\u00a0\u00a0\u00a0\u00a0\u00a0 <!--[endif]-->Cung c\u1ea5p c\u00e1c gi\u1ea3i ph\u00e1p s\u1eed d\u1ee5ng ti\u1ebft ki\u1ec7m \u0111i\u1ec7n n\u0103ng, th\u00e2n thi\u1ec7n m\u00f4i tr\u01b0\u1eddng, b\u1ea3o v\u1ec7 s\u1ee9c kh\u1ecfe ng\u01b0\u1eddi d\u00f9ng.<\/p>\r\n<p style=\"text-indent: -18.0pt; mso-list: l0 level1 lfo1;\"><!-- [if !supportLists]-->\u00a0 \u00a0 \u00a0 \u00a0 \u00a0 \u00a0 \u00a0&#8211;\u00a0\u00a0\u00a0\u00a0\u00a0\u00a0\u00a0\u00a0\u00a0 \u00a0Tr\u1edf th\u00e0nh \u0111\u1ed1i t\u00e1c uy t\u00edn, tin c\u1eady c\u1ee7a b\u1ea1n h\u00e0ng, \u0111\u1ed1i t\u00e1c.<\/p>\r\n<h3><strong>S\u1ee9 m\u1ec7nh c\u1ee7a OML LIGHTING:<\/strong><\/h3>\r\n<p>\u00a0 \u00a0 \u00a0 \u00a0&#8211;\u00a0\u00a0\u00a0\u00a0\u00a0\u00a0\u00a0\u00a0\u00a0 S\u1ee9 m\u1ec7nh c\u1ee7a OML\u00ae Lighting l\u00e0 \u201cT\u1ecfa s\u00e1ng mu\u00f4n n\u01a1i\u201d.<\/p>\r\n<p style=\"text-indent: -18.0pt; mso-list: l0 level1 lfo1;\"><!-- [if !supportLists]-->\u00a0 \u00a0 \u00a0 \u00a0 \u00a0 \u00a0 \u00a0&#8211;\u00a0\u00a0\u00a0\u00a0\u00a0\u00a0\u00a0\u00a0\u00a0 <!--[endif]-->G\u00f3p ph\u1ea7n t\u00edch c\u1ef1c x\u00e2y d\u1ef1ng \u0111\u1ea5t n\u01b0\u1edbc v\u00e0 h\u1ed9i nh\u1eadp qu\u1ed1c t\u1ebf.<\/p>\r\n<p>Khi c\u00f3 nhu c\u1ea7u v\u1ec1 chi\u1ebfu s\u00e1ng c\u00f4ng ngh\u1ec7 LED, h\u00e3y li\u00ean h\u1ec7 v\u1edbi ch\u00fang t\u00f4i qua HOTLINE Mi\u1ec1n B\u1eafc: 0987 218 900\/ Mi\u1ec1n nam: 0981.966.088 \u0111\u1ec3 \u0111\u01b0\u1ee3c t\u01b0 v\u1ea5n v\u00e0 \u0111\u1eb7t h\u00e0ng.<\/p>\r\n<p>&nbsp;<\/p>","protected":false},"excerpt":{"rendered":"<p>Gi\u1edbi thi\u1ec7u C\u00f4ng ty TNHH\u00a0Thi\u1ebft B\u1ecb \u0110i\u1ec7n v\u00e0 Chi\u1ebfu S\u00e1ng OML Vi\u1ec7t Nam OML\u00ae LIGHTING l\u00e0 th\u01b0\u01a1ng hi\u1ec7u \u0111\u00e8n LED c\u1ee7a C\u00f4ng ty tr\u00e1ch nhi\u1ec7m h\u1eefu h\u1ea1n thi\u1ebft b\u1ecb \u0111i\u1ec7n v\u00e0 chi\u1ebfu s\u00e1ng OML Vi\u1ec7t Nam, m\u1ed9t trong nh\u1eefng \u0111\u01a1n v\u1ecb ti\u00ean phong trong vi\u1ec7c cung c\u1ea5p gi\u1ea3i ph\u00e1p v\u00e0 thi\u1ebft b\u1ecb chi\u1ebfu s\u00e1ng c\u00f4ng [&#8230;]\n","protected":false},"author":1,"featured_media":0,"parent":0,"menu_order":0,"comment_status":"closed","ping_status":"closed","template":"","meta":[],"_links":{"self":[{"href":"https:\/\/www.oml.com.vn\/index.php?rest_route=\/wp\/v2\/pages\/10"}],"collection":[{"href":"https:\/\/www.oml.com.vn\/index.php?rest_route=\/wp\/v2\/pages"}],"about":[{"href":"https:\/\/www.oml.com.vn\/index.php?rest_route=\/wp\/v2\/types\/page"}],"author":[{"embeddable":true,"href":"https:\/\/www.oml.com.vn\/index.php?rest_route=\/wp\/v2\/users\/1"}],"replies":[{"embeddable":true,"href":"https:\/\/www.oml.com.vn\/index.php?rest_route=%2Fwp%2Fv2%2Fcomments&post=10"}],"version-history":[{"count":24,"href":"https:\/\/www.oml.com.vn\/index.php?rest_route=\/wp\/v2\/pages\/10\/revisions"}],"predecessor-version":[{"id":2647,"href":"https:\/\/www.oml.com.vn\/index.php?rest_route=\/wp\/v2\/pages\/10\/revisions\/2647"}],"wp:attachment":[{"href":"https:\/\/www.oml.com.vn\/index.php?rest_route=%2Fwp%2Fv2%2Fmedia&parent=10"}],"curies":[{"name":"wp","href":"https:\/\/api.w.org\/{rel}","templated":true}]}}