{"id":1430,"date":"2022-07-18T14:27:23","date_gmt":"2022-07-18T07:27:23","guid":{"rendered":"http:\/\/omllighting.com\/?page_id=1430"},"modified":"2026-02-04T05:14:17","modified_gmt":"2026-02-03T22:14:17","slug":"tu-van-lap-dat-van-hanh-2","status":"publish","type":"page","link":"https:\/\/www.oml.com.vn\/?page_id=1430","title":{"rendered":"T\u01af V\u1ea4N L\u1eaeP \u0110\u1eb6T \u2013 V\u1eacN H\u00c0NH"},"content":{"rendered":"<p>T\u01af V\u1ea4N L\u1eaeP \u0110\u1eb6T &#8211; V\u1eacN H\u00c0NH<\/p>\n<p>M\u1ecdi th\u00f4ng tin v\u1ec1 l\u1eafp \u0111\u1eb7t, v\u1eadn h\u00e0nh qu\u00fd kh\u00e1ch vui l\u00f2ng li\u00ean h\u1ec7 hotlilne: <strong><span class=\"elementor-icon-list-text\">0987 218 900<\/span><\/strong><\/p>\n<p>Truy c\u1eadp fanpage: https:\/\/www.facebook.com\/denledoml<\/p>\n","protected":false},"excerpt":{"rendered":"<p>T\u01af V\u1ea4N L\u1eaeP \u0110\u1eb6T &#8211; V\u1eacN H\u00c0NH M\u1ecdi th\u00f4ng tin v\u1ec1 l\u1eafp \u0111\u1eb7t, v\u1eadn h\u00e0nh qu\u00fd kh\u00e1ch vui l\u00f2ng li\u00ean h\u1ec7 hotlilne: 0987 218 900 Truy c\u1eadp fanpage: https:\/\/www.facebook.com\/denledoml<\/p>\n","protected":false},"author":1,"featured_media":0,"parent":0,"menu_order":0,"comment_status":"closed","ping_status":"closed","template":"","meta":[],"_links":{"self":[{"href":"https:\/\/www.oml.com.vn\/index.php?rest_route=\/wp\/v2\/pages\/1430"}],"collection":[{"href":"https:\/\/www.oml.com.vn\/index.php?rest_route=\/wp\/v2\/pages"}],"about":[{"href":"https:\/\/www.oml.com.vn\/index.php?rest_route=\/wp\/v2\/types\/page"}],"author":[{"embeddable":true,"href":"https:\/\/www.oml.com.vn\/index.php?rest_route=\/wp\/v2\/users\/1"}],"replies":[{"embeddable":true,"href":"https:\/\/www.oml.com.vn\/index.php?rest_route=%2Fwp%2Fv2%2Fcomments&post=1430"}],"version-history":[{"count":1,"href":"https:\/\/www.oml.com.vn\/index.php?rest_route=\/wp\/v2\/pages\/1430\/revisions"}],"predecessor-version":[{"id":1431,"href":"https:\/\/www.oml.com.vn\/index.php?rest_route=\/wp\/v2\/pages\/1430\/revisions\/1431"}],"wp:attachment":[{"href":"https:\/\/www.oml.com.vn\/index.php?rest_route=%2Fwp%2Fv2%2Fmedia&parent=1430"}],"curies":[{"name":"wp","href":"https:\/\/api.w.org\/{rel}","templated":true}]}}