{"id":22,"date":"2019-03-05T07:24:42","date_gmt":"2019-03-05T07:24:42","guid":{"rendered":"http:\/\/denledtlc.vaweb.xyz\/?page_id=22"},"modified":"2023-06-20T15:02:38","modified_gmt":"2023-06-20T08:02:38","slug":"lien-he","status":"publish","type":"page","link":"https:\/\/www.oml.com.vn\/?page_id=22","title":{"rendered":"Li\u00ean h\u1ec7"},"content":{"rendered":"<p><strong>C\u00f4ng ty TNHH Thi\u1ebft B\u1ecb \u0110i\u1ec7n v\u00e0 Chi\u1ebfu S\u00e1ng OML Vi\u1ec7t Nam<\/strong>\u00a0\u0111\u00e3 th\u00e0nh l\u1eadp v\u00e0 ph\u00e1t tri\u1ec3n trong su\u1ed1t ch\u1eb7ng \u0111\u01b0\u1eddng 10 n\u0103m. Tr\u1ea3i qua qu\u00e1 tr\u00ecnh kh\u00f4ng ng\u1eebng ph\u00e1t tri\u1ec3n, th\u01b0\u01a1ng hi\u1ec7u \u0111\u00e8n Led OML Lighting \u0111\u00e3 \u0111\u01b0\u1ee3c \u0111\u01b0a \u0111i t\u1ea5t c\u1ea3 c\u00e1c t\u1ec9nh th\u00e0nh. Trong 10 n\u0103m ph\u00e1t tri\u1ec3n t\u00ednh \u0111\u1ebfn th\u1eddi \u0111i\u1ec3m hi\u1ec7n t\u1ea1i, OML lighting \u0111\u00e3 s\u1edf h\u1eefu \u0111\u01b0\u1ee3c h\u1ec7 th\u1ed1ng ph\u00e2n ph\u1ed1i v\u1edbi h\u00e0ng ng\u00e0n c\u00e1c nh\u00e0 ph\u00e2n ph\u1ed1i v\u00e0 \u0111\u1ea1i l\u00fd tr\u00ean kh\u1eafp c\u1ea3 n\u01b0\u1edbc. V\u00e0 tr\u1ee5 s\u1edf ch\u00ednh t\u1ea1i H\u00e0 N\u1ed9i v\u00e0 chi nh\u00e1nh TP.H\u1ed3 Ch\u00ed Minh.<\/p>\n<h2>C\u00d4NG TY THI\u1ebeT B\u1eca CHI\u1ebeU S\u00c1NG OML VI\u1ec6T NAM \u200b<\/h2>\n<ul>\n<li><strong>V\u0103n ph\u00f2ng mi\u1ec1n b\u1eafc<\/strong><\/li>\n<li>\u0110\u1ecba ch\u1ec9: Tr\u1ee5 s\u1edf ch\u00ednh: S\u1ed1 7 T\u1ed5 7 Ph\u01b0\u1eddng Ph\u00fac L\u1ee3i, Qu\u1eadn Long Bi\u00ean, TP H\u00e0 N\u1ed9i<\/li>\n<li>Hotline: 0987 218 900<\/li>\n<li>Email: oml.hn.vn@gmail.com<\/li>\n<li><strong>V\u0103n ph\u00f2ng mi\u1ec1n nam<\/strong><\/li>\n<li>\u0110\u1ecba ch\u1ec9: S\u1ed1 25, \u0110\u01b0\u1eddng 14, Ph\u01b0\u1eddng An L\u1ea1c, Qu\u1eadn B\u00ecnh T\u00e2n, TP H\u1ed3 Ch\u00ed Minh<\/li>\n<li>Hotline: 0981 966 088<\/li>\n<li>Email: oml.hcm.vn@gmail.com<\/li>\n<li>Gi\u1edd l\u00e0m vi\u1ec7c: : S\u00e1ng: 8:00 &#8211; 12:00, Chi\u1ec1u: 13:00- 17:00<\/li>\n<li>Website: http:\/\/omllighting.com\/<\/li>\n<\/ul>\n","protected":false},"excerpt":{"rendered":"<p>C\u00f4ng ty TNHH Thi\u1ebft B\u1ecb \u0110i\u1ec7n v\u00e0 Chi\u1ebfu S\u00e1ng OML Vi\u1ec7t Nam\u00a0\u0111\u00e3 th\u00e0nh l\u1eadp v\u00e0 ph\u00e1t tri\u1ec3n trong su\u1ed1t ch\u1eb7ng \u0111\u01b0\u1eddng 10 n\u0103m. Tr\u1ea3i qua qu\u00e1 tr\u00ecnh kh\u00f4ng ng\u1eebng ph\u00e1t tri\u1ec3n, th\u01b0\u01a1ng hi\u1ec7u \u0111\u00e8n Led OML Lighting \u0111\u00e3 \u0111\u01b0\u1ee3c \u0111\u01b0a \u0111i t\u1ea5t c\u1ea3 c\u00e1c t\u1ec9nh th\u00e0nh. Trong 10 n\u0103m ph\u00e1t tri\u1ec3n t\u00ednh \u0111\u1ebfn th\u1eddi \u0111i\u1ec3m [&#8230;]\n","protected":false},"author":1,"featured_media":0,"parent":0,"menu_order":0,"comment_status":"closed","ping_status":"closed","template":"","meta":[],"_links":{"self":[{"href":"https:\/\/www.oml.com.vn\/index.php?rest_route=\/wp\/v2\/pages\/22"}],"collection":[{"href":"https:\/\/www.oml.com.vn\/index.php?rest_route=\/wp\/v2\/pages"}],"about":[{"href":"https:\/\/www.oml.com.vn\/index.php?rest_route=\/wp\/v2\/types\/page"}],"author":[{"embeddable":true,"href":"https:\/\/www.oml.com.vn\/index.php?rest_route=\/wp\/v2\/users\/1"}],"replies":[{"embeddable":true,"href":"https:\/\/www.oml.com.vn\/index.php?rest_route=%2Fwp%2Fv2%2Fcomments&post=22"}],"version-history":[{"count":14,"href":"https:\/\/www.oml.com.vn\/index.php?rest_route=\/wp\/v2\/pages\/22\/revisions"}],"predecessor-version":[{"id":2174,"href":"https:\/\/www.oml.com.vn\/index.php?rest_route=\/wp\/v2\/pages\/22\/revisions\/2174"}],"wp:attachment":[{"href":"https:\/\/www.oml.com.vn\/index.php?rest_route=%2Fwp%2Fv2%2Fmedia&parent=22"}],"curies":[{"name":"wp","href":"https:\/\/api.w.org\/{rel}","templated":true}]}}