{"id":266,"date":"2019-03-08T04:27:14","date_gmt":"2019-03-07T21:27:14","guid":{"rendered":"http:\/\/denledtlc.vaweb.xyz\/?page_id=266"},"modified":"2025-10-01T06:15:57","modified_gmt":"2025-09-30T23:15:57","slug":"chinh-sach-bao-hanh","status":"publish","type":"page","link":"https:\/\/www.oml.com.vn\/?page_id=266","title":{"rendered":"Ch\u00ednh s\u00e1ch b\u1ea3o h\u00e0nh"},"content":{"rendered":"\n<h3>1. Quy \u0111\u1ecbnh v\u1ec1 ch\u00ednh s\u00e1ch b\u1ea3o h\u00e0nh \u0111\u00e8n led OML lighting<\/h3>\n\n\n\n<ul>\n<li>S\u1ea3n ph\u1ea9m l\u1ed7i do nh\u00e0 s\u1ea3n xu\u1ea5t (ngu\u1ed3n kh\u00f4ng l\u00e0m vi\u1ec7c kh\u00f4ng \u1ed5n \u0111\u1ecbnh, \u00e1nh s\u00e1ng gi\u1ea3m\u00a0m\u1ea1nh sau 1 th\u1eddi gian s\u1eed d\u1ee5ng, kh\u00f4ng s\u00e1ng trong \u0111i\u1ec1u ki\u1ec7n l\u00e0m vi\u1ec7c b\u00ecnh th\u01b0\u1eddng\u2026) \u0110a s\u1ed1 s\u1ea3n ph\u1ea9m \u0111\u00e8n LED \u0111\u01b0\u1ee3c ch\u00fang t\u00f4i \u0111\u01b0\u1ee3c b\u1ea3o h\u00e0nh m\u1ed9t \u0111\u1ed5i m\u1ed9t trong su\u1ed1t th\u1eddi\u00a0gian 12 \u2013 24 th\u00e1ng. M\u1ed9t s\u1ed1 tr\u01b0\u1eddng h\u1ee3p ch\u00fang t\u00f4i s\u1ebd s\u1eeda ch\u1eefa v\u00e0 ho\u00e0n tr\u1ea3 l\u1ea1i s\u1ea3n ph\u1ea9m cho\u00a0Qu\u00fd kh\u00e1ch h\u00e0ng trong v\u00f2ng 7 ng\u00e0y.<\/li>\n<li>S\u1ea3n ph\u1ea9m ch\u1ec9 \u0111\u01b0\u1ee3c b\u1ea3o h\u00e0nh khi c\u00f2n th\u1eddi h\u1ea1n b\u1ea3o h\u00e0nh \u0111\u01b0\u1ee3c ghi trong phi\u1ebfu b\u1ea3o h\u00e0nh,\u00a0tem b\u1ea3o h\u00e0nh.<\/li>\n<li>B\u1ea3o h\u00e0nh kh\u00f4ng bao g\u1ed3m v\u1eadn chuy\u1ec3n h\u00e0ng v\u00e0 giao h\u00e0ng.<\/li>\n<li>\u0110\u1ecba \u0111i\u1ec3m b\u1ea3o h\u00e0nh:\u00a0<br \/>&#8211; Chi nh\u00e1nh mi\u1ec1n nam: 0981.966.088 <br \/>\u0110\u1ecba ch\u1ec9: S\u1ed1 25, \u0110\u01b0\u1eddng 14, Ph\u01b0\u1eddng An L\u1ea1c, Qu\u1eadn T\u00e2n B\u00ecnh,Tp H\u1ed3 Ch\u00ed Minh <br \/>&#8211; Chi nh\u00e1nh mi\u1ec1n b\u1eafc: 0987.218.900 <br \/>S\u1ed1 7 T\u1ed5 7 Ph\u01b0\u1eddng Ph\u00fac L\u1ee3i, Qu\u1eadn Long Bi\u00ean, Tp H\u00e0 N\u1ed9i<\/li>\n<\/ul>\n\n\n\n<h3><strong>2. C\u00e1c tr\u01b0\u1eddng h\u1ee3p kh\u00f4ng \u0111\u01b0\u1ee3c b\u1ea3o h\u00e0nh<\/strong><\/h3>\n\n\n\n<ul>\n<li>S\u1ea3n ph\u1ea9m h\u1ebft th\u1eddi gian b\u1ea3o h\u00e0nh<\/li>\n<li>C\u00e1c th\u00f4ng tin tr\u00ean s\u1ea3n ph\u1ea9m kh\u00f4ng tr\u00f9ng kh\u1edbp v\u1edbi th\u00f4ng tin ghi tr\u00ean phi\u1ebfu b\u1ea3o h\u00e0nh ho\u1eb7c Phi\u1ebfu b\u1ea3o h\u00e0nh kh\u00f4ng \u0111\u01b0\u1ee3c \u0111i\u1ec1n \u0111\u1ea7y \u0111\u1ee7 c\u00e1c th\u00f4ng tin c\u01a1 b\u1ea3n (lo\u1ea1i b\u00f3ng, c\u00f4ng su\u1ea5t, th\u1eddi gian b\u1ea3o h\u00e0nh\u2026)<\/li>\n<li>Tem b\u1ea3o h\u00e0nh d\u00e1m tr\u00ean s\u1ea3n kh\u00f4ng c\u00f2n nguy\u00ean v\u1eb9n: b\u1ecb nh\u00e0u, n\u00e1t kh\u00f4ng \u0111\u1ecdc \u0111\u01b0\u1ee3c, t\u1ea9y, xo\u00e1 ho\u1eb7c s\u1eeda ch\u1eefa n\u1ed9i dung\u2026<\/li>\n<li>S\u1ea3n ph\u1ea9m KH\u00d4NG \u0111\u01b0\u1ee3c b\u1ea3o h\u00e0nh khi b\u1ecb ch\u1eadp n\u1ed5 m\u1eaft led, ngu\u1ed3n c\u1ee7a b\u00f3ng do s\u1eed d\u1ee5ng kh\u00f4ng \u0111\u00fang m\u1ee5c \u0111\u00edch ho\u1eb7c sai theo ph\u1ea1m vi, \u0111i\u1ec1u ki\u1ec7n l\u00e0m vi\u1ec7c c\u1ee7a \u0111\u00e8n.<\/li>\n<li>Thi\u1ebft b\u1ecb h\u1ecfng h\u00f3c do t\u00e1c \u0111\u1ed9ng c\u01a1 h\u1ecdc, bi\u1ebfn d\u1ea1ng, r\u01a1i, v\u1ee1, va \u0111\u1eadp, b\u1ecb x\u01b0\u1edbc, b\u1ecb h\u1ecfng do \u1ea9m \u01b0\u1edbt, hoen r\u1ec9, ch\u1ea3y n\u01b0\u1edbc, \u0111\u1ed9ng v\u1eadt x\u00e2m nh\u1eadp v\u00e0o ho\u1eb7c c\u00e1c s\u1ef1 c\u1ed1 b\u1ea5t kh\u1ea3 kh\u00e1ng nh\u01b0 thi\u00ean tai, ho\u1ea3 ho\u1ea1n, ch\u00e1y n\u1ed5 ho\u1eb7c con ngu\u1eddi l\u00e0m h\u1ecfng.<\/li>\n<li>H\u1ec7 th\u1ed1ng t\u1ea3n nhi\u1ec7t ph\u00eda sau \u0111\u00e8n \u0111\u1eb7t trong m\u00f4i tr\u01b0\u1eddng th\u00f4ng tho\u00e1ng (nhi\u1ec7t \u0111\u1ed9 kh\u00f4ng v\u01b0\u1ee3t qu\u00e1 55\u00b0C).<\/li>\n<li>T\u1ef1 \u00fd th\u00e1o d\u1ee1 tem b\u1ea3o h\u00e0nh tr\u00ean s\u1ea3n ph\u1ea9m, s\u1eeda ch\u1eefa b\u1edfi c\u00e1c c\u00e1 nh\u00e2n<\/li>\n<\/ul>\n\n\n\n<h3><strong>3. Ch\u00ednh s\u00e1ch \u0111\u1ec1n b\u00f9 b\u1ea3o h\u00e0nh<\/strong><\/h3>\n\n\n\n<p>Do c\u00e1c s\u1ea3n ph\u1ea9m thay \u0111\u1ed5i li\u00ean t\u1ee5c c\u00e1c m\u1eabu m\u00e3 v\u00e0 t\u00ednh n\u0103ng k\u1ef9 thu\u1eadt, t\u1eeb \u0111\u00f3 c\u00f3 th\u1ec3 x\u1ea3y ra tr\u01b0\u1eddng h\u1ee3p l\u00e0 sau m\u1ed9t th\u1eddi gian d\u00e0i s\u1eed d\u1ee5ng th\u00ec m\u1ed9t s\u1ed1 model ng\u1eebng s\u1ea3n xu\u1ea5t v\u00e0 kh\u00f4ng c\u00f2n c\u00e1c linh ki\u1ec7n thay th\u1ebf. Do v\u1eady trong tr\u01b0\u1eddng h\u1ee3p b\u1ea5t kh\u1ea3 kh\u00e1ng s\u1ea3n ph\u1ea9m c\u1ee7a Qu\u00fd kh\u00e1ch v\u1eabn c\u00f2n th\u1eddi h\u1ea1n b\u1ea3o h\u00e0nh v\u00e0 b\u1ecb h\u1ecfng nh\u01b0ng nh\u00e0 s\u1ea3n xu\u1ea5t v\u00e0 c\u00f4ng ty kh\u00f4ng th\u1ec3 ki\u1ebfm \u0111\u01b0\u1ee3c linh ki\u1ec7n thay th\u1ebf th\u00ec s\u1ebd \u0111\u01b0\u1ee3c \u00e1p d\u1ee5ng ch\u00ednh s\u00e1ch thay th\u1ebf s\u1ea3n ph\u1ea9m c\u1ee7a Qu\u00fd kh\u00e1ch b\u1eb1ng m\u1ed9t s\u1ea3n ph\u1ea9m m\u1edbi v\u1edbi th\u1eddi h\u1ea1n b\u1ea3o h\u00e0nh v\u00e0 \u0111i\u1ec1u ki\u1ec7n b\u1ea3o h\u00e0nh nh\u01b0 khi b\u00e1n h\u00e0ng m\u1edbi th\u00f4ng th\u01b0\u1eddng v\u00e0 t\u00ednh t\u1eeb ng\u00e0y \u0111\u1ed5i h\u00e0ng.<\/p>\n\n\n\n<p>Qu\u00fd kh\u00e1ch s\u1ebd b\u00f9 th\u00eam ti\u1ec1n \u0111\u1ec3 \u0111\u1ed5i l\u1ea5y s\u1ea3n ph\u1ea9m m\u1edbi theo ph\u01b0\u01a1ng th\u1ee9c: L\u1ea5y gi\u00e1 b\u00e1n c\u1ee7a s\u1ea3n ph\u1ea9m m\u1edbi d\u1ef1 ki\u1ebfn s\u1ebd \u0111\u1ed5i sang tr\u1eeb \u0111i ph\u1ea7n gi\u00e1 tr\u1ecb c\u00f2n l\u1ea1i s\u1ebd t\u00ednh ra ph\u1ea7n gi\u00e1 tr\u1ecb m\u1edbi Qu\u00fd kh\u00e1ch c\u1ea7n b\u00f9 th\u00eam<\/p>\n\n\n\n<h3><strong>4. Quy \u0111\u1ecbnh \u0111\u1ed5i \u2013 tr\u1ea3 h\u00e0ng<\/strong><\/h3>\n\n\n\n<ul>\n<li>Do nh\u00e2n vi\u00ean giao nh\u1ea7m v\u1ec1: M\u00e0u, m\u00e3 s\u1ea3n ph\u1ea9m, sai v\u1edbi m\u1eabu kh\u00e1ch h\u00e0ng y\u00eau c\u1ea7u<\/li>\n<li>S\u1ea3n ph\u1ea9m \u0111\u1ed5i ph\u1ea3i ch\u01b0a qua s\u1eed d\u1ee5ng, c\u00f2n nguy\u00ean tem , nh\u00e3n m\u00e1c, kh\u00f4ng b\u1ecb tr\u1ea7y x\u01b0\u1edbc.<\/li>\n<li>Qu\u00fd kh\u00e1ch \u0111\u01b0\u1ee3c mi\u1ec5n ph\u00ed chuy\u1ec3n tr\u1ea3 h\u00e0ng trong v\u00f2ng 24h sau khi nh\u1eadn \u0111\u01b0\u1ee3c h\u00e0ng, qu\u00fd kh\u00e1ch vui l\u00f2ng li\u00ean h\u1ec7 v\u1edbi nh\u00e2n vi\u00ean b\u00e1n h\u00e0ng c\u1ee7a c\u00f4ng ty \u0111\u1ec3 th\u00f4ng b\u00e1o v\u1ec1 t\u00ecnh tr\u1ea1ng s\u1ea3n ph\u1ea9m n\u1ebfu c\u00f3 l\u1ed7i.<\/li>\n<\/ul>\n\n\n\n<p><strong>LI\u00caN H\u1ec6:<\/strong><\/p>\n\n\n\n<ul>\n<li>Chi nh\u00e1nh mi\u1ec1n nam: 0981.966.088 <br \/>\u0110\u1ecba ch\u1ec9: S\u1ed1 25, \u0110\u01b0\u1eddng 14, Ph\u01b0\u1eddng An L\u1ea1c, Qu\u1eadn T\u00e2n B\u00ecnh, TP H\u1ed3 Ch\u00ed Minh<\/li>\n<li>Chi nh\u00e1nh mi\u1ec1n b\u1eafc: 0987.218.900 <br \/>S\u1ed1 7 T\u1ed5 7 Ph\u01b0\u1eddng Ph\u00fac L\u1ee3i, Qu\u1eadn Long Bi\u00ean, TP H\u00e0 N\u1ed9i<\/li>\n<\/ul>\n\n\n\n<p>Hotline : 0981.966.088 &#8211; 0987.218.900<\/p>\n\n\n\n<p>Email: oml.hn.vn@gmail.com<\/p>\n\n\n\n<p>Website : http:\/\/omllighting.com\/<\/p>\n","protected":false},"excerpt":{"rendered":"<p>1. Quy \u0111\u1ecbnh v\u1ec1 ch\u00ednh s\u00e1ch b\u1ea3o h\u00e0nh \u0111\u00e8n led OML lighting S\u1ea3n ph\u1ea9m l\u1ed7i do nh\u00e0 s\u1ea3n xu\u1ea5t (ngu\u1ed3n kh\u00f4ng l\u00e0m vi\u1ec7c kh\u00f4ng \u1ed5n \u0111\u1ecbnh, \u00e1nh s\u00e1ng gi\u1ea3m\u00a0m\u1ea1nh sau 1 th\u1eddi gian s\u1eed d\u1ee5ng, kh\u00f4ng s\u00e1ng trong \u0111i\u1ec1u ki\u1ec7n l\u00e0m vi\u1ec7c b\u00ecnh th\u01b0\u1eddng\u2026) \u0110a s\u1ed1 s\u1ea3n ph\u1ea9m \u0111\u00e8n LED \u0111\u01b0\u1ee3c ch\u00fang t\u00f4i \u0111\u01b0\u1ee3c b\u1ea3o [&#8230;]\n","protected":false},"author":1,"featured_media":0,"parent":0,"menu_order":0,"comment_status":"closed","ping_status":"closed","template":"","meta":[],"_links":{"self":[{"href":"https:\/\/www.oml.com.vn\/index.php?rest_route=\/wp\/v2\/pages\/266"}],"collection":[{"href":"https:\/\/www.oml.com.vn\/index.php?rest_route=\/wp\/v2\/pages"}],"about":[{"href":"https:\/\/www.oml.com.vn\/index.php?rest_route=\/wp\/v2\/types\/page"}],"author":[{"embeddable":true,"href":"https:\/\/www.oml.com.vn\/index.php?rest_route=\/wp\/v2\/users\/1"}],"replies":[{"embeddable":true,"href":"https:\/\/www.oml.com.vn\/index.php?rest_route=%2Fwp%2Fv2%2Fcomments&post=266"}],"version-history":[{"count":3,"href":"https:\/\/www.oml.com.vn\/index.php?rest_route=\/wp\/v2\/pages\/266\/revisions"}],"predecessor-version":[{"id":2155,"href":"https:\/\/www.oml.com.vn\/index.php?rest_route=\/wp\/v2\/pages\/266\/revisions\/2155"}],"wp:attachment":[{"href":"https:\/\/www.oml.com.vn\/index.php?rest_route=%2Fwp%2Fv2%2Fmedia&parent=266"}],"curies":[{"name":"wp","href":"https:\/\/api.w.org\/{rel}","templated":true}]}}