{"id":268,"date":"2019-03-08T04:28:50","date_gmt":"2019-03-07T21:28:50","guid":{"rendered":"http:\/\/denledtlc.vaweb.xyz\/?page_id=268"},"modified":"2025-10-01T20:02:41","modified_gmt":"2025-10-01T13:02:41","slug":"chinh-sach-dai-ly","status":"publish","type":"page","link":"https:\/\/www.oml.com.vn\/?page_id=268","title":{"rendered":"Ch\u00ednh s\u00e1ch \u0111\u1ea1i l\u00fd"},"content":{"rendered":"\n<h3><strong>CH\u00cdNH S\u00c1CH CHUNG V\u1ec0 PH\u00c1T TRI\u1ec2N \u0110\u1ea0I L\u00dd<\/strong><\/h3>\n\n\n\n<ol>\n<li>T\u1ea1o d\u1ef1ng m\u1ed1i quan h\u1ec7 h\u1ee3p t\u00e1c d\u00e0i h\u1ea1n tr\u00ean c\u01a1 s\u1edf nh\u1eefng th\u1ecfa thu\u1eadn c\u00f9ng h\u1ee3p t\u00e1c v\u00e0 chia s\u1ebb.<\/li>\n<li>H\u1ee3p t\u00e1c tr\u00ean c\u1edf s\u1edf v\u00ec l\u1ee3i \u00edch c\u1ee7a c\u1ea3 2 b\u00ean.<\/li>\n<li>Th\u01b0\u1eddng xuy\u00ean trao \u0111\u1ed5i th\u00f4ng tin v\u00e0 h\u1ed5 tr\u1ee3 l\u1eabn nhau k\u1ecbp th\u1eddi.<\/li>\n<li>Ch\u00ednh s\u00e1ch h\u1ed7 tr\u1ee3 c\u00f4ng b\u1eb1ng v\u00e0 h\u1ee3p l\u00fd \u0111\u1ed1i v\u1edbi c\u00e1c \u0111\u1ea1i l\u00fd.<\/li>\n<li>Cam k\u1ebft h\u1ed5 tr\u1ee3 Qu\u00ed \u0111\u1ea1i l\u00fd theo t\u00ecnh h\u00ecnh th\u1ecb tr\u01b0\u1eddng khi c\u00f3 bi\u1ebfn \u0111\u1ed9ng.<\/li>\n<\/ol>\n\n\n\n<h3><strong>CH\u00cdNH S\u00c1CH V\u1ec0 T\u00c0I CH\u00cdNH<\/strong><\/h3>\n\n\n\n<p style=\"text-align: center;\"><strong>Ch\u00ednh s\u00e1ch gi\u00e1, b\u1ea3o v\u1ec7 gi\u00e1:<\/strong><\/p>\n\n\n\n<p style=\"text-align: left;\"><strong>Gi\u00e1 mua h\u00e0ng:<\/strong><\/p>\n\n\n\n<ul>\n<li>C\u0103n c\u1ee9 v\u00e0o k\u1ebft qu\u1ea3 mua h\u00e0ng v\u00e0 c\u00e1c cam k\u1ebft h\u1ee3p t\u00e1c, \u0111\u1ea1i l\u00fd s\u1ebd \u0111\u01b0\u1ee3c h\u01b0\u1edfng ch\u00ednh s\u00e1ch gi\u00e1 t\u1ed1t nh\u1ea5t d\u00e0nh cho c\u1ea5p \u0111\u1ea1i l\u00fd t\u01b0\u01a1ng \u1ee9ng.<\/li>\n<li>Ch\u00ednh s\u00e1ch gi\u00e1 \u0111\u01b0\u1ee3c x\u00e2y d\u1ef1ng \u0111\u1ec3 \u0111\u1ea3m b\u1ea3o s\u1ef1 ti\u00eau th\u1ee5 v\u00e0 l\u1ee3i nhu\u1eadn cho \u0111\u1ea1i l\u00fd tr\u00ean th\u1ecb tr\u01b0\u1eddng<\/li>\n<\/ul>\n\n\n\n<p><strong>B\u1ea3o v\u1ec7 gi\u00e1:<\/strong><\/p>\n\n\n\n<ul>\n<li>Trong tr\u01b0\u1eddng h\u1ee3p OML Lighting gi\u1ea3m gi\u00e1 b\u00e1n, Qu\u00fd \u0111\u1ea1i l\u00fd \u0111\u01b0\u1ee3c b\u1ea3o v\u1ec7 gi\u00e1 \u0111\u1ed1i v\u1edbi nh\u1eefng m\u1eb7t h\u00e0ng c\u00f9ng lo\u1ea1i \u0111ang c\u00f2n t\u1ed3n trong kho.<\/li>\n<li>Vi\u1ec7c b\u1ea3o v\u1ec7 gi\u00e1 ch\u1ec9 \u00e1p d\u1ee5ng cho c\u00e1c m\u1eb7t h\u00e0ng c\u00f3 h\u00f3a \u0111\u01a1n nh\u1eadp h\u00e0ng trong v\u00f2ng 15 ng\u00e0y k\u1ec3 t\u1eeb ng\u00e0y th\u00f4ng b\u00e1o gi\u1ea3m gi\u00e1.<\/li>\n<\/ul>\n\n\n\n<p><strong>H\u1ee3p \u0111\u1ed3ng nguy\u00ean t\u1eafc v\u00e0 c\u00f4ng n\u1ee3:<\/strong><\/p>\n\n\n\n<ul>\n<li><strong>H\u1ee3p \u0111\u1ed3ng nguy\u00ean t\u1eafc<\/strong>:\u00a0Sau khi hai b\u00ean k\u00fd H\u0110NT, Qu\u00fd \u0111\u1ea1i l\u00fd s\u1ebd \u0111\u01b0\u1ee3c \u0111\u01b0a v\u00e0o danh s\u00e1ch \u01b0u \u0111\u00e3i c\u1ee7a OML Lighting, \u0111\u01b0\u1ee3c h\u01b0\u1edfng c\u00e1c ch\u00ednh s\u00e1ch d\u00e0nh cho \u0111\u1ea1i l\u00fd c\u1ee7a OML Lighting.<\/li>\n<li><strong>C\u00f4ng n\u1ee3 mua h\u00e0ng<\/strong>:<br \/>C\u00f4ng n\u1ee3 \u0111\u01b0\u1ee3c th\u1ecfa thu\u1eadn c\u1ee5 th\u1ec3 trong h\u1ee3p \u0111\u1ed3ng \u0111\u00e3 k\u00fd k\u1ebft v\u00e0 c\u00e1c ph\u1ee5 l\u1ee5c k\u00e8m theo ho\u1eb7c c\u00e1c th\u1ecfa thu\u1eadn kh\u00e1c (n\u1ebfu c\u00f3)<br \/>Tr\u00ean c\u1edf s\u1edf k\u1ebft qu\u1ea3 h\u1ee3p t\u00e1c v\u00e0 l\u1ecbch s\u1eed thanh to\u00e1n, Qu\u00fd \u0111\u1ea1i l\u00fd s\u1ebd \u0111\u01b0\u1ee3c h\u01b0\u1edfng c\u00e1c m\u1ee9c \u01b0u \u0111\u00e3i t\u1ed1t h\u01a1n v\u1ec1 ch\u00ednh s\u00e1ch t\u00edn d\u1ee5ng, c\u00f4ng n\u1ee3.<\/li>\n<\/ul>\n\n\n\n<h3>CH\u00cdNH S\u00c1CH H\u1ed6 TR\u1ee2<\/h3>\n\n\n\n<p><strong>H\u1ed7 tr\u1ee3 v\u1ec1 PR \u2013 Marketing:<\/strong><\/p>\n\n\n\n<ul>\n<li>Qu\u00fd \u0111\u1ea1i l\u00fd \u0111\u01b0\u1ee3c h\u1ed7 tr\u1ee3 catalogue, t\u1edd r\u01a1i, banner, \u2026 theo c\u00e1c ch\u01b0\u01a1ng tr\u00ecnh c\u1ee7a OML Lighting. Th\u00f4ng tin v\u1ec1 Qu\u00fd \u0111\u1ea1i l\u00fd s\u1ebd \u0111\u01b0\u1ee3c qu\u1ea3ng c\u00e1o tr\u00ean c\u00e1c ph\u01b0\u01a1ng ti\u1ec7n th\u00f4ng tin \u0111\u1ea1i ch\u00fang v\u00e0 trang Website: http:\/\/omllighting.com \u0110\u1ea1i l\u00fd \u0111\u01b0\u1ee3c tham gia t\u1ea5t c\u1ea3 c\u00e1c ch\u01b0\u01a1ng tr\u00ecnh khuy\u1ebfn m\u00e3i v\u00e0 th\u00fac \u0111\u1ea9y b\u00e1n h\u00e0ng c\u1ee7a OML Lighting.<\/li>\n<li>\u0110\u1ea1i l\u00fd \u0111\u01b0\u1ee3c c\u1eadp nh\u1eadt th\u00f4ng tin v\u1ec1 gi\u00e1 c\u1ea3, h\u00e0ng ho\u00e1, s\u1ea3n ph\u1ea9m, ch\u00ednh s\u00e1ch c\u1ee7a OML Lighting, c\u00e1c ch\u01b0\u01a1ng tr\u00ecnh marketing , c\u00e1c t\u00e0i li\u1ec7u th\u00fac \u0111\u1ea9y b\u00e1n h\u00e0ng.<\/li>\n<\/ul>\n\n\n\n<p><strong>H\u1ed7 tr\u1ee3 v\u1ec1 h\u00e0ng h\u00f3a:<\/strong><\/p>\n\n\n\n<p>B\u1ea3o h\u00e0nh: C\u00e1c s\u1ea3n ph\u1ea9m s\u1ebd \u0111\u01b0\u1ee3c b\u1ea3o h\u00e0nh 24 th\u00e1ng th\u00e1ng theo quy \u0111\u1ecbnh c\u1ee7a c\u00f4ng ty.<br \/><strong>&#8211; \u0110\u1ed5i h\u00e0ng, tr\u1ea3 h\u00e0ng:<\/strong> Trong v\u00f2ng 15 ng\u00e0y k\u1ec3 t\u1eeb ng\u00e0y xu\u1ea5t h\u00f3a \u0111\u01a1n, \u0111\u1ea1i l\u00fd s\u1ebd \u0111\u01b0\u1ee3c \u0111\u1ed5i h\u00e0ng m\u1edbi n\u1ebfu s\u1ea3n ph\u1ea9m \u0111\u01b0\u1ee3c x\u00e1c \u0111\u1ecbnh thu\u1ed9c l\u1ed7i trong s\u1ea3n xu\u1ea5t v\u00e0 ch\u01b0a qua s\u1eed d\u1ee5ng. Ho\u1eb7c trong tr\u01b0\u1eddng h\u1ee3p h\u00e0ng h\u00f3a, gi\u00e1 c\u1ea3 kh\u00f4ng \u0111\u00fang v\u1edbi th\u1ecfa thu\u1eadn mua h\u00e0ng, Qu\u00fd \u0111\u1ea1i l\u00fd c\u00f3 quy\u1ec1n tr\u1ea3 l\u1ea1i h\u00e0ng cho OML Lighting. Vi\u1ec7c tr\u1ea3 h\u00e0ng \u0111\u01b0\u1ee3c th\u1ef1c hi\u1ec7n trong v\u00f2ng 15 ng\u00e0y k\u1ec3 t\u1eeb ng\u00e0y xu\u1ea5t h\u00f3a \u0111\u01a1n v\u00e0 k\u00fd bi\u00ean b\u1ea3n b\u00e0n giao h\u00e0ng h\u00f3a. V\u1edbi tr\u01b0\u1eddng h\u1ee3p l\u1ed7i do nh\u00e0 s\u1ea3n xu\u1ea5t nh\u01b0ng qu\u00e1 th\u1eddi h\u1ea1n 15 ng\u00e0y k\u1ec3 t\u1eeb ng\u00e0y xu\u1ea5t h\u00f3a \u0111\u01a1n, ho\u1eb7c \u0111\u00e3 qua s\u1eed d\u1ee5ng s\u1ebd \u0111\u01b0\u1ee3c xem x\u00e9t \u0111\u1ed5i m\u1edbi ho\u1eb7c s\u1eeda ch\u1eefa (t\u00f9y thu\u1ed9c v\u00e0o m\u1eb7t h\u00e0ng).<br \/><strong>&#8211; H\u00e0ng b\u00e0y m\u1eabu, th\u1eed nghi\u1ec7m:<\/strong> OML Lighting s\u1ebd h\u1ed7 tr\u1ee3 Qu\u00fd \u0111\u1ea1i l\u00fd m\u01b0\u1ee3n h\u00e0ng b\u00e0y m\u1eabu, th\u1eed nghi\u1ec7m \u0111\u1ed1i v\u1edbi c\u00e1c s\u1ea3n ph\u1ea9m m\u1edbi tung ra th\u1ecb tr\u01b0\u1eddng ho\u1eb7c khi Qu\u00fd \u0111\u1ea1i l\u00fd khai tr\u01b0\u01a1ng\/m\u1edf \u0111\u1ecba \u0111i\u1ec3m kinh doanh m\u1edbi. Xin vui l\u00f2ng li\u00ean h\u1ec7 tr\u1ef1c ti\u1ebfp v\u1edbi OML Lighting khi c\u00f3 nhu c\u1ea7u.<\/p>\n\n\n\n<h3>Y\u00caU C\u1ea6U \u0110\u1ed0I V\u1edaI \u0110\u1ea0I L\u00dd:<\/h3>\n\n\n\n<ul>\n<li>Tr\u01b0ng b\u00e0y s\u1ea3n ph\u1ea9m OML Lighting t\u1ea1i c\u01a1 s\u1edf c\u1ee7a qu\u00fd \u0110\u1ea1i l\u00fd.<\/li>\n<li>H\u1ed7 tr\u1ee3 OML Lighting khi c\u00f3 c\u00e1c ch\u01b0\u01a1ng tr\u00ecnh khuy\u1ebfn m\u00e3i, qu\u1ea3ng c\u00e1o di\u1ec5n ra t\u1ea1i \u0111i\u1ec3m kinh doanh c\u1ee7a Qu\u00fd \u0111\u1ea1i l\u00fd.<\/li>\n<li>M\u1ee9c gi\u00e1 b\u00e1n ra cho kh\u00e1ch h\u00e0ng ph\u1ea3i \u0111\u1ea3m b\u1ea3o c\u00f4ng b\u1eb1ng kh\u00f4ng v\u01b0\u1ee3t qua gi\u00e1 b\u00e1n l\u1ebb ni\u00eam y\u1ebft tr\u00ean Website: http:\/\/omllighting.com\/<\/li>\n<li>Thanh to\u00e1n c\u00f4ng n\u1ee3 \u0111\u00fang th\u1eddi h\u1ea1n theo quy \u0111\u1ecbnh.<\/li>\n<\/ul>\n\n\n\n<p><strong>CHI TI\u1ebeT XIN VUI L\u00d2NG LI\u00caN H\u1ec6:<\/strong><br \/><br \/>C\u00f4ng ty tr\u00e1ch nhi\u1ec7m h\u1eefu h\u1ea1n thi\u1ebft b\u1ecb \u0111i\u1ec7n v\u00e0 chi\u1ebfu s\u00e1ng OML Vi\u1ec7t Nam<\/p>\n\n\n\n<ul>\n<li>Chi nh\u00e1nh mi\u1ec1n b\u1eafc ( tr\u1ee5 s\u1edf ch\u00ednh): 0987.218.900\u00a0<br \/>S\u1ed1 7 T\u1ed5 7 Ph\u01b0\u1eddng Ph\u00fac L\u1ee3i, Qu\u1eadn Long Bi\u00ean, Tp H\u00e0 N\u1ed9i<\/li>\n<\/ul>\n\n\n\n<ul>\n<li>Chi nh\u00e1nh mi\u1ec1n nam: 0981.966.088\u00a0<br \/>\u0110\u1ecba ch\u1ec9: S\u1ed1 25, \u0110\u01b0\u1eddng 14, Ph\u01b0\u1eddng An L\u1ea1c, Qu\u1eadn T\u00e2n B\u00ecnh, Tp H\u1ed3 Ch\u00ed Minh<\/li>\n<\/ul>\n\n\n\n<p>Hotline : 0981.966.088 \u2013 0987.218.900<\/p>\n\n\n\n<p>Email: \u00a0oml.hn.vn@gmail.com<\/p>\n\n\n\n<p>Website : http:\/\/omllighting.com\/<\/p>\n\n\n\n<p>&nbsp;<\/p>\n","protected":false},"excerpt":{"rendered":"<p>CH\u00cdNH S\u00c1CH CHUNG V\u1ec0 PH\u00c1T TRI\u1ec2N \u0110\u1ea0I L\u00dd T\u1ea1o d\u1ef1ng m\u1ed1i quan h\u1ec7 h\u1ee3p t\u00e1c d\u00e0i h\u1ea1n tr\u00ean c\u01a1 s\u1edf nh\u1eefng th\u1ecfa thu\u1eadn c\u00f9ng h\u1ee3p t\u00e1c v\u00e0 chia s\u1ebb. H\u1ee3p t\u00e1c tr\u00ean c\u1edf s\u1edf v\u00ec l\u1ee3i \u00edch c\u1ee7a c\u1ea3 2 b\u00ean. Th\u01b0\u1eddng xuy\u00ean trao \u0111\u1ed5i th\u00f4ng tin v\u00e0 h\u1ed5 tr\u1ee3 l\u1eabn nhau k\u1ecbp th\u1eddi. Ch\u00ednh [&#8230;]\n","protected":false},"author":1,"featured_media":0,"parent":0,"menu_order":0,"comment_status":"closed","ping_status":"closed","template":"","meta":[],"_links":{"self":[{"href":"https:\/\/www.oml.com.vn\/index.php?rest_route=\/wp\/v2\/pages\/268"}],"collection":[{"href":"https:\/\/www.oml.com.vn\/index.php?rest_route=\/wp\/v2\/pages"}],"about":[{"href":"https:\/\/www.oml.com.vn\/index.php?rest_route=\/wp\/v2\/types\/page"}],"author":[{"embeddable":true,"href":"https:\/\/www.oml.com.vn\/index.php?rest_route=\/wp\/v2\/users\/1"}],"replies":[{"embeddable":true,"href":"https:\/\/www.oml.com.vn\/index.php?rest_route=%2Fwp%2Fv2%2Fcomments&post=268"}],"version-history":[{"count":3,"href":"https:\/\/www.oml.com.vn\/index.php?rest_route=\/wp\/v2\/pages\/268\/revisions"}],"predecessor-version":[{"id":396,"href":"https:\/\/www.oml.com.vn\/index.php?rest_route=\/wp\/v2\/pages\/268\/revisions\/396"}],"wp:attachment":[{"href":"https:\/\/www.oml.com.vn\/index.php?rest_route=%2Fwp%2Fv2%2Fmedia&parent=268"}],"curies":[{"name":"wp","href":"https:\/\/api.w.org\/{rel}","templated":true}]}}