{"id":1140,"date":"2020-12-19T07:26:55","date_gmt":"2020-12-19T00:26:55","guid":{"rendered":"http:\/\/omllighting.com\/?post_type=product&#038;p=1140"},"modified":"2023-06-29T13:39:01","modified_gmt":"2023-06-29T06:39:01","slug":"den-ngu-cam-ung-1w-oml-lighting","status":"publish","type":"product","link":"https:\/\/www.oml.com.vn\/?product=den-ngu-cam-ung-1w-oml-lighting","title":{"rendered":"\u0110\u00c8N NG\u1ee6 C\u1ea2M \u1ee8NG 1W OML LIGHTING"},"content":{"rendered":"[Th\u00f4ng s\u1ed1 k\u0129 thu\u1eadt]\n&#8211; \u0110i\u1ec7n \u00e1p AC 220V &#8211; 50 Hz<br \/>\n&#8211; D\u00f2ng \u0111i\u1ec7n AC 0.02A<br \/>\n&#8211; C\u00f4ng su\u1ea5t 0.1W<br \/>\n&#8211; \u0110\u00e8n s\u00e1ng c\u00f3 4 m\u00e0u l\u1ef1a ch\u1ecdn<\/p>\n<p>\u0110\u1eb6C \u0110I\u1ec2M N\u1ed4I B\u1eacT<br \/>\n&#8211; \u0110\u00e8n LED th\u1eddi gian s\u1eed d\u1ee5ng l\u00e2u 10,000 gi\u1edd li\u00ean t\u1ee5c.<br \/>\n&#8211; C\u00f4ng su\u1ea5t ti\u00eau th\u1ee5 th\u1ea5p ti\u1ebft ki\u1ec7m \u0111i\u1ec7n<br \/>\n0.1 W =&gt; 1kW = 10,000 x 0.1W = 10,000 gi\u1edd s\u1eed d\u1ee5ng ho\u1eb7c 416 ng\u00e0y.<br \/>\nd\u00f9ng li\u00ean t\u1ee5c 416 ng\u00e0y = 1 k\u00ed \u0111i\u1ec7n.<br \/>\n&#8211; V\u1ecf nh\u1ef1a h\u00ecnh tr\u00e1i tim \u0111\u1eb9p m\u1eaft.<br \/>\n&#8211; T\u1ef1 \u0111\u1ed9ng t\u1eaft m\u1edf theo \u00e1nh s\u00e1ng.<\/p>\n","protected":false},"excerpt":{"rendered":"<ul>\n<li>T\u00ean s\u1ea3n ph\u1ea9m: Ng\u1ee7 c\u1ea3m \u1ee9ng vu\u00f4ng<\/li>\n<li>M\u00e3 s\u1ea3n ph\u1ea9m: OML-NC\u01af-1W<\/li>\n<li>C\u00f4ng su\u1ea5t:1w<\/li>\n<li>Nh\u00e3n hi\u1ec7u:\u00a0OML\u00ae LIGHTING<\/li>\n<li>B\u1ea3o h\u00e0nh: 24 th\u00e1ng<\/li>\n<\/ul>\n","protected":false},"featured_media":2372,"comment_status":"open","ping_status":"closed","template":"","meta":[],"product_cat":[163],"product_tag":[296,253,295],"_links":{"self":[{"href":"https:\/\/www.oml.com.vn\/index.php?rest_route=\/wp\/v2\/product\/1140"}],"collection":[{"href":"https:\/\/www.oml.com.vn\/index.php?rest_route=\/wp\/v2\/product"}],"about":[{"href":"https:\/\/www.oml.com.vn\/index.php?rest_route=\/wp\/v2\/types\/product"}],"replies":[{"embeddable":true,"href":"https:\/\/www.oml.com.vn\/index.php?rest_route=%2Fwp%2Fv2%2Fcomments&post=1140"}],"wp:featuredmedia":[{"embeddable":true,"href":"https:\/\/www.oml.com.vn\/index.php?rest_route=\/wp\/v2\/media\/2372"}],"wp:attachment":[{"href":"https:\/\/www.oml.com.vn\/index.php?rest_route=%2Fwp%2Fv2%2Fmedia&parent=1140"}],"wp:term":[{"taxonomy":"product_cat","embeddable":true,"href":"https:\/\/www.oml.com.vn\/index.php?rest_route=%2Fwp%2Fv2%2Fproduct_cat&post=1140"},{"taxonomy":"product_tag","embeddable":true,"href":"https:\/\/www.oml.com.vn\/index.php?rest_route=%2Fwp%2Fv2%2Fproduct_tag&post=1140"}],"curies":[{"name":"wp","href":"https:\/\/api.w.org\/{rel}","templated":true}]}}