{"id":1170,"date":"2021-07-22T03:48:58","date_gmt":"2021-07-21T20:48:58","guid":{"rendered":"http:\/\/omllighting.com\/?post_type=product&#038;p=1170"},"modified":"2023-07-12T15:38:15","modified_gmt":"2023-07-12T08:38:15","slug":"den-hat-chum-6-tia","status":"publish","type":"product","link":"https:\/\/www.oml.com.vn\/?product=den-hat-chum-6-tia","title":{"rendered":"\u0110\u00c8N H\u1eaeT CH\u00d9M 6 TIA"},"content":{"rendered":"<p>\u0110\u00e8n treo t\u01b0\u1eddng \u0111\u1ed1i x\u1ee9ng l\u00e0 m\u1eabu \u0111\u00e8n trang tr\u00ed mang t\u00ednh th\u1ea9m m\u1ef9 cao , gi\u00fap t\u00f4n l\u00ean n\u00e9t \u0111\u1eb9p v\u1ed1n c\u00f3 trong kh\u00f4ng gian gia \u0111\u00ecnh v\u00e0 kh\u1eb3ng \u0111\u1ecbnh phong c\u00e1ch m\u00e0 ki\u1ebfn tr\u00fac \u0111ang h\u01b0\u1edbng \u0111\u1ebfn. \u0111\u00e2y l\u00e0 m\u1eabu \u0111\u00e8n r\u1ea5t \u0111\u01b0\u1ee3c \u01b0a chu\u1ed9ng s\u1eed d\u1ee5ng b\u1edfi ng\u01b0\u1eddi ti\u00eau d\u00f9ng \u1edf tr\u00ean th\u1ebf gi\u1edbi hi\u1ec7n nay v\u00e0 c\u00f3 t\u00ednh \u1ee9ng d\u1ee5ng cao trong vi\u1ec7c trang tr\u00ed kh\u00f4ng gian s\u1ed1ng.<\/p>\n<p><strong>M\u1ed9t s\u1ed1 \u01b0u \u0111i\u1ec3m n\u1ed5i b\u1eadt c\u1ee7a \u0110\u00e8n:<\/strong><\/p>\n<ul>\n<li>B\u1ed9 ngu\u1ed3n ( Driver ) \u1ed5n \u0111\u1ecbnh , tu\u1ed5i th\u1ecd cao gi\u00fap duy tr\u00ec tu\u1ed5i th\u1ecd c\u1ee7a b\u00f3ng \u0111\u00e8n l\u00ean \u0111\u1ebfn 25.000H<\/li>\n<li>\u0110\u00e8n c\u00f3 quang th\u00f4ng v\u01b0\u1ee3t tr\u1ed9i , \u00e1nh s\u00e1ng ch\u00e2n th\u1ef1c ,ti\u1ebft ki\u1ec7m \u0111i\u1ec7n n\u0103ng l\u00ean t\u1edbi 90%<\/li>\n<li>V\u1ecf ngo\u00e0i c\u1ee7a \u0111\u00e8n \u0111\u01b0\u1ee3c t\u1ea1o th\u00e0nh t\u1eeb ch\u1ea5t li\u1ec7u h\u1ee3p kim nh\u00f4m nguy\u00ean kh\u1ed1i \u0111\u1ed9 b\u1ec1n cao, v\u1ecf phun s\u01a1n t\u0129nh \u0111i\u1ec7n t\u1ea1o n\u00ean n\u00e9t \u0111\u1eb9p sang tr\u1ecdng<\/li>\n<li>Ch\u00edp led \u0111i\u1ec1u khi\u1ec3n nh\u1eadp kh\u1ea9u t\u1eeb \u0110\u00e0i Loan c\u00f3 kh\u1ea3 n\u0103ng ch\u1ed1ng n\u01b0\u1edbc<\/li>\n<li>Thi\u1ebft k\u1ebf nh\u1ecf g\u1ecdn d\u1ec5 d\u00e0ng l\u1eafp \u0111\u1eb7t.<\/li>\n<\/ul>\n<p>\u1ee8ng D\u1ee5ng :\u00a0\u0110\u00e8n th\u01b0\u1eddng \u0111\u01b0\u1ee3c d\u00f9ng \u0111\u1ec3 l\u00e0m \u0111\u00e8n trang tr\u00ed ph\u00f2ng ng\u1ee7, ph\u00f2ng kh\u00e1ch, ph\u00f2ng t\u1eafm, h\u00e0nh lang, t\u01b0\u1eddng bao xung quanh nh\u00e0, c\u1eeda ra v\u00e0o,\u2026<\/p>\n","protected":false},"excerpt":{"rendered":"<p>\u0110\u00c8N H\u1eaeT T\u01af\u1edcNG CH\u00d9M 6 TIA<\/p>\n<ul>\n<li>T\u00ean S\u1ea3n Ph\u1ea9m :\u00a0\u0110\u00c8N H\u1eaeT T\u01af\u1edcNG CH\u00d9M 6 TIA<\/li>\n<li>M\u00e3 S\u1ea3n Ph\u1ea9m : OML-\u0110T-HT-VT\/ V\u0110-6W<\/li>\n<li>Xu\u1ea5t S\u1ee9 : Vi\u1ec7t Nam<\/li>\n<li>Nh\u00e3n Hi\u1ec7u : OML\u00aeLIGHTING<\/li>\n<li>C\u00f4ng Su\u1ea5t : 6w<\/li>\n<li>M\u00e0u S\u1eafc : Tr\u1eafng &#8211; \u0110en<\/li>\n<li>\u00c1nh S\u00e1ng : V\u00e0ng<\/li>\n<\/ul>\n","protected":false},"featured_media":2439,"comment_status":"open","ping_status":"closed","template":"","meta":[],"product_cat":[250],"product_tag":[251],"_links":{"self":[{"href":"https:\/\/www.oml.com.vn\/index.php?rest_route=\/wp\/v2\/product\/1170"}],"collection":[{"href":"https:\/\/www.oml.com.vn\/index.php?rest_route=\/wp\/v2\/product"}],"about":[{"href":"https:\/\/www.oml.com.vn\/index.php?rest_route=\/wp\/v2\/types\/product"}],"replies":[{"embeddable":true,"href":"https:\/\/www.oml.com.vn\/index.php?rest_route=%2Fwp%2Fv2%2Fcomments&post=1170"}],"wp:featuredmedia":[{"embeddable":true,"href":"https:\/\/www.oml.com.vn\/index.php?rest_route=\/wp\/v2\/media\/2439"}],"wp:attachment":[{"href":"https:\/\/www.oml.com.vn\/index.php?rest_route=%2Fwp%2Fv2%2Fmedia&parent=1170"}],"wp:term":[{"taxonomy":"product_cat","embeddable":true,"href":"https:\/\/www.oml.com.vn\/index.php?rest_route=%2Fwp%2Fv2%2Fproduct_cat&post=1170"},{"taxonomy":"product_tag","embeddable":true,"href":"https:\/\/www.oml.com.vn\/index.php?rest_route=%2Fwp%2Fv2%2Fproduct_tag&post=1170"}],"curies":[{"name":"wp","href":"https:\/\/api.w.org\/{rel}","templated":true}]}}