{"id":1175,"date":"2021-07-22T07:55:41","date_gmt":"2021-07-22T00:55:41","guid":{"rendered":"http:\/\/omllighting.com\/?post_type=product&#038;p=1175"},"modified":"2026-03-24T12:25:27","modified_gmt":"2026-03-24T05:25:27","slug":"bong-den-ngu-cam-ung-1w-oml","status":"publish","type":"product","link":"https:\/\/www.oml.com.vn\/?product=bong-den-ngu-cam-ung-1w-oml","title":{"rendered":"B\u00d3NG \u0110\u00c8N NG\u1ee6 C\u1ea2M \u1ee8NG 1W OML"},"content":{"rendered":"<p>\u0110\u00e8n ng\u1ee7 l\u00e0 m\u1ed9t thi\u1ebft b\u1ecb r\u1ea5t quen thu\u1ed9c trong cu\u1ed9c s\u1ed1ng h\u1eb1ng ng\u00e0y c\u1ee7a m\u1ed7i gia \u0111\u00ecnh, V\u1edbi thi\u1ebft k\u1ebf nh\u1ecf g\u1ecdn d\u1ec5 d\u00e0ng s\u1eed d\u1ee5ng c\u00e1c m\u1eabu \u0111\u00e8n ng\u1ee7 c\u1ea3m bi\u1ebfn\u00a0 ng\u00e0y c\u00e0ng c\u00f3 \u0111\u01b0\u1ee3c s\u1ef1 tin d\u00f9ng c\u1ee7a c\u00e1c gia \u0111\u00ecnh.\u00a0<strong>\u0110\u00e8n ng\u1ee7 c\u1ea3m bi\u1ebfn<\/strong>\u00a0ho\u1ea1t \u0111\u1ed9ng nh\u1edd m\u1ed9t b\u1ed9 c\u1ea3m bi\u1ebfn \u00e1nh s\u00e1ng \u0111\u01b0\u1ee3c thi\u1ebft k\u00e9 ngay tr\u00ean th\u00e2n \u0111\u00e8n, khi b\u1ea1n t\u1eaft \u0111i\u1ec7n c\u1ee7a \u0111\u00e8n chi\u1ebfu s\u00e1ng th\u00ec \u0111\u00e8n ng\u1ee7 s\u1ebd b\u1eadt ngay l\u1eadp t\u1ee9c, b\u1ed9 c\u1ea3m bi\u1ebfn \u00e1nh s\u00e1ng n\u00e0y r\u1ea5t nh\u1eady v\u00e0 tu\u1ed5i th\u1ecd s\u1ea3n ph\u1ea9m c\u0169ng r\u1ea5t l\u00e2u.<\/p>\n","protected":false},"excerpt":{"rendered":"<p>\u0110\u00c8N NG\u1ee6 C\u1ea2M \u1ee8NG 1W OML<\/p>\n<ul>\n<li>T\u00ean S\u1ea3n Ph\u1ea9m : \u0110\u00e8n Ng\u1ee7 C\u1ea3m \u1ee8ng 1w<\/li>\n<li>M\u00e3 S\u1ea3n Ph\u1ea9m : OML-NCU-1W<\/li>\n<li>Xu\u1ea5t S\u1ee9 : Vi\u1ec7t Nam<\/li>\n<li>Nh\u00e3n Hi\u1ec7u: OML\u00aeLIGHTING<\/li>\n<li>C\u00f4ng Su\u1ea5t : 1w<\/li>\n<li>K\u00edch Th\u01b0\u1edbc :\u00a0\u00d8 65 x 65 mm<\/li>\n<li>\u0110ui : Ch\u00e2n C\u1eafm<\/li>\n<li>Quang Th\u00f4ng : 80Lm<\/li>\n<li>\u0110i\u1ec7n \u00e1p : AC 110 &#8211; 265V<\/li>\n<li>M\u00e0u S\u1eafc : Tr\u1eafng &#8211; V\u00e0ng &#8211; Xanh D\u01b0\u01a1ng &#8211; H\u1ed3ng<\/li>\n<li>B\u1ea3o H\u00e0nh : 2 N\u0103m<\/li>\n<\/ul>\n","protected":false},"featured_media":2372,"comment_status":"open","ping_status":"closed","template":"","meta":[],"product_cat":[163],"product_tag":[253,252],"_links":{"self":[{"href":"https:\/\/www.oml.com.vn\/index.php?rest_route=\/wp\/v2\/product\/1175"}],"collection":[{"href":"https:\/\/www.oml.com.vn\/index.php?rest_route=\/wp\/v2\/product"}],"about":[{"href":"https:\/\/www.oml.com.vn\/index.php?rest_route=\/wp\/v2\/types\/product"}],"replies":[{"embeddable":true,"href":"https:\/\/www.oml.com.vn\/index.php?rest_route=%2Fwp%2Fv2%2Fcomments&post=1175"}],"wp:featuredmedia":[{"embeddable":true,"href":"https:\/\/www.oml.com.vn\/index.php?rest_route=\/wp\/v2\/media\/2372"}],"wp:attachment":[{"href":"https:\/\/www.oml.com.vn\/index.php?rest_route=%2Fwp%2Fv2%2Fmedia&parent=1175"}],"wp:term":[{"taxonomy":"product_cat","embeddable":true,"href":"https:\/\/www.oml.com.vn\/index.php?rest_route=%2Fwp%2Fv2%2Fproduct_cat&post=1175"},{"taxonomy":"product_tag","embeddable":true,"href":"https:\/\/www.oml.com.vn\/index.php?rest_route=%2Fwp%2Fv2%2Fproduct_tag&post=1175"}],"curies":[{"name":"wp","href":"https:\/\/api.w.org\/{rel}","templated":true}]}}