{"id":1186,"date":"2021-07-22T08:54:57","date_gmt":"2021-07-22T01:54:57","guid":{"rendered":"http:\/\/omllighting.com\/?post_type=product&#038;p=1186"},"modified":"2023-06-20T11:03:33","modified_gmt":"2023-06-20T04:03:33","slug":"o-cam-chiu-tai-o-noi-day","status":"publish","type":"product","link":"https:\/\/www.oml.com.vn\/?product=o-cam-chiu-tai-o-noi-day","title":{"rendered":"\u1ed4 C\u1eaeM CH\u1ecaU T\u1ea2I \u1ed4 4 N\u1ed0I D\u00c2Y"},"content":{"rendered":"<p>M\u00f4 T\u1ea3 :<\/p>\n<p>\u1ed4 n\u1ed1i d\u00e2y ch\u1ecbu t\u1ea3i c\u1ea3i ti\u1ebfn \u0111\u01b0\u1ee3c \u0111\u00e1nh gi\u00e1 l\u00e0 s\u1ea3n ph\u1ea9m an to\u00e0n , gi\u00e1 tr\u1ecb \u0111\u1ed1i v\u1edbi ng\u01b0\u1eddi d\u00f9ng.<\/p>\n<p>L\u00e1 \u0111\u1ed3ng d\u00e0y ch\u1ea5t l\u01b0\u1ee3ng cao<\/p>\n<p>H\u1ec7 th\u1ed1ng l\u00f2 xo gia nhi\u1ec7t t\u00ednh n\u0103ng \u0111\u00e0n h\u1ed3i t\u1ed1t<\/p>\n<p>V\u1ecf nh\u1ef1a ch\u1ed1ng ch\u00e1y , ch\u1ecbu \u0111\u01b0\u1ee3c va \u0111\u1eadp<\/p>\n<p>Thi\u1ebft k\u1ebf th\u00f4ng minh d\u1ec5 d\u00e0ng th\u00e1o l\u1eafp<\/p>\n","protected":false},"excerpt":{"rendered":"<p>\u1ed4 C\u1eaeM CH\u1ecaU T\u1ea2I \u1ed4 4 OML<\/p>\n<ul>\n<li>T\u00ean S\u1ea3n Ph\u1ea9m :\u00a0\u1ed4 C\u1eaeM CH\u1ecaU T\u1ea2I \u1ed4 4 OML<\/li>\n<li>M\u00e3 S\u1ea3n Ph\u1ea9m : OML-O4CTV<\/li>\n<li>Xu\u1ea5t X\u1ee9 : Vi\u1ec7t Nam<\/li>\n<li>Nh\u00e3n Hi\u1ec7u : OML\u00aeLIGHTING<\/li>\n<li>C\u00f4ng Su\u1ea5t : 4000w<\/li>\n<li>K\u00edch Th\u01b0\u1edbc : 170x52x25<\/li>\n<li>Th\u00f4ng S\u1ed1 K\u1ef9 Thu\u1eadt : 16A &#8211; 265V<\/li>\n<li>M\u00e0u S\u1eafc : V\u00e0ng<\/li>\n<li>B\u1ea3o H\u00e0nh : 24 Th\u00e1ng<\/li>\n<\/ul>\n","protected":false},"featured_media":1194,"comment_status":"open","ping_status":"closed","template":"","meta":[],"product_cat":[162],"product_tag":[260,261],"_links":{"self":[{"href":"https:\/\/www.oml.com.vn\/index.php?rest_route=\/wp\/v2\/product\/1186"}],"collection":[{"href":"https:\/\/www.oml.com.vn\/index.php?rest_route=\/wp\/v2\/product"}],"about":[{"href":"https:\/\/www.oml.com.vn\/index.php?rest_route=\/wp\/v2\/types\/product"}],"replies":[{"embeddable":true,"href":"https:\/\/www.oml.com.vn\/index.php?rest_route=%2Fwp%2Fv2%2Fcomments&post=1186"}],"wp:featuredmedia":[{"embeddable":true,"href":"https:\/\/www.oml.com.vn\/index.php?rest_route=\/wp\/v2\/media\/1194"}],"wp:attachment":[{"href":"https:\/\/www.oml.com.vn\/index.php?rest_route=%2Fwp%2Fv2%2Fmedia&parent=1186"}],"wp:term":[{"taxonomy":"product_cat","embeddable":true,"href":"https:\/\/www.oml.com.vn\/index.php?rest_route=%2Fwp%2Fv2%2Fproduct_cat&post=1186"},{"taxonomy":"product_tag","embeddable":true,"href":"https:\/\/www.oml.com.vn\/index.php?rest_route=%2Fwp%2Fv2%2Fproduct_tag&post=1186"}],"curies":[{"name":"wp","href":"https:\/\/api.w.org\/{rel}","templated":true}]}}