{"id":1214,"date":"2021-07-23T05:26:57","date_gmt":"2021-07-22T22:26:57","guid":{"rendered":"http:\/\/omllighting.com\/?post_type=product&#038;p=1214"},"modified":"2023-06-20T11:02:45","modified_gmt":"2023-06-20T04:02:45","slug":"led-roi-ray-track-light-20w","status":"publish","type":"product","link":"https:\/\/www.oml.com.vn\/?product=led-roi-ray-track-light-20w","title":{"rendered":"LED R\u1eccI RAY -TRACK LIGHT 20W"},"content":{"rendered":"<p>LED R\u1eccI RAY -TRACK LIGHT 20W thi\u1ebft k\u1ebf ho\u00e0n h\u1ea3o v\u1edbi ki\u1ec3u d\u00e1ng tr\u1ebb trung tinh t\u1ebf ,\u00a0 \u0111\u1ea7y m\u1ea1nh m\u1ebd gi\u00fap cho nh\u1eefng chi\u1ebfc \u0111\u00e8n R\u1ecdi Ray tr\u1edf th\u00e0nh s\u1ef1 l\u1ef1a ch\u1ecdn th\u00edch h\u1ee3p nh\u1ea5t trong trang tr\u00ed chu\u1ed7i th\u1eddi trang, c\u1eeda h\u00e0ng cao c\u1ea5p, nh\u00e0 h\u00e0ng, kh\u00e1ch s\u1ea1n, ph\u00f2ng tr\u01b0ng b\u00e0y, showroom, tri\u1ec3n l\u00e3m&#8230;.<\/p>\n<p>V\u1edbi thi\u1ebft k\u1ebf th\u1ea5u k\u00ednh Acrylic trong m\u1edd gi\u00fap t\u0103ng th\u00eam hi\u1ec7u \u1ee9ng chi\u1ebfu s\u00e1ng v\u00e0 t\u00ednh th\u1ea9m m\u1ef9 cao.<\/p>\n","protected":false},"excerpt":{"rendered":"<ul>\n<li>T\u00ean S\u1ea3n Ph\u1ea9m : LED R\u1eccI RAY -TRACK LIGHT 20W<\/li>\n<li>M\u00e3 S\u1ea3n Ph\u1ea9m : OML-RRTL-V\u0110-20W<\/li>\n<li>Xu\u1ea5t X\u1ee9 : Vi\u1ec7t Nam<\/li>\n<li>Nh\u00e3n Hi\u1ec7u : OML\u00aeLIGHTING<\/li>\n<li>C\u00f4ng Su\u1ea5t : 20W<\/li>\n<li>K\u00edch Th\u01b0\u1edbc : 85x175x120mm<\/li>\n<li>Quang Th\u00f4ng : 1900<\/li>\n<li>\u0110i\u1ec7n \u00c1P : AC85-265V<\/li>\n<li>V\u1ecf : \u0110en<\/li>\n<li>\u00c1nh S\u00e1ng : Tr\u1eafng &#8211; V\u00e0ng<\/li>\n<li>B\u1ea3o H\u00e0nh : 24 Th\u00e1ng<\/li>\n<\/ul>\n<p>&nbsp;<\/p>\n","protected":false},"featured_media":1348,"comment_status":"open","ping_status":"closed","template":"","meta":[],"product_cat":[282],"product_tag":[266,265],"_links":{"self":[{"href":"https:\/\/www.oml.com.vn\/index.php?rest_route=\/wp\/v2\/product\/1214"}],"collection":[{"href":"https:\/\/www.oml.com.vn\/index.php?rest_route=\/wp\/v2\/product"}],"about":[{"href":"https:\/\/www.oml.com.vn\/index.php?rest_route=\/wp\/v2\/types\/product"}],"replies":[{"embeddable":true,"href":"https:\/\/www.oml.com.vn\/index.php?rest_route=%2Fwp%2Fv2%2Fcomments&post=1214"}],"wp:featuredmedia":[{"embeddable":true,"href":"https:\/\/www.oml.com.vn\/index.php?rest_route=\/wp\/v2\/media\/1348"}],"wp:attachment":[{"href":"https:\/\/www.oml.com.vn\/index.php?rest_route=%2Fwp%2Fv2%2Fmedia&parent=1214"}],"wp:term":[{"taxonomy":"product_cat","embeddable":true,"href":"https:\/\/www.oml.com.vn\/index.php?rest_route=%2Fwp%2Fv2%2Fproduct_cat&post=1214"},{"taxonomy":"product_tag","embeddable":true,"href":"https:\/\/www.oml.com.vn\/index.php?rest_route=%2Fwp%2Fv2%2Fproduct_tag&post=1214"}],"curies":[{"name":"wp","href":"https:\/\/api.w.org\/{rel}","templated":true}]}}