{"id":1498,"date":"2022-11-06T23:09:33","date_gmt":"2022-11-06T16:09:33","guid":{"rendered":"http:\/\/omllighting.com\/?post_type=product&#038;p=1498"},"modified":"2023-06-20T11:05:54","modified_gmt":"2023-06-20T04:05:54","slug":"am-tran-duc","status":"publish","type":"product","link":"https:\/\/www.oml.com.vn\/?product=am-tran-duc","title":{"rendered":"\u00c2M TR\u1ea6N \u0110\u00daC VI\u1ec0N"},"content":{"rendered":"<p>\u0110\u00e8n<strong> LED \u00c2M TR\u1ea6N \u0110\u00daC VI\u1ec0N<\/strong> l\u00e0 s\u1ef1 l\u1ef1a ch\u1ecdn c\u1ee7a c\u00e1 t\u00ednh, s\u1eafc m\u00e0u v\u00e0 m\u1ea1nh m\u1ebd. V\u1edbi c\u00e1c \u0111\u01b0\u1eddng cong s\u1eafc n\u00e9t, tinh t\u1ebf s\u1ea3n ph\u1ea9m \u0111em \u0111\u1ebfn cho ng\u01b0\u1eddi d\u00f9ng tr\u1ea3i nghi\u1ec7m sang tr\u1ecdng v\u1edbi \u0111i\u1ec3m nh\u1ea5n vi\u1ec1n v\u00e0ng, vi\u1ec1n b\u1ea1c ph\u1ea3n m\u00e0u \u0111a s\u1eafc.<br \/>\n\u0110\u1ebf \u0111\u00fac t\u1ea3n nhi\u1ec7t c\u1ea3i ti\u1ebfn si\u00eau n\u00e2ng c\u1ea5p nh\u1ecf g\u1ecdn ph\u00f9 h\u1ee3p v\u1edbi m\u1ecdi y\u00eau c\u1ea7u v\u1ec1 l\u1ed7 kho\u00e9t x\u00e2y d\u1ef1ng hi\u1ec7n nay.<br \/>\n\u0110\u00e8n LED \u00e2m tr\u1ea7n \u0111\u1ebf \u0111\u00fac c\u00f3 nh\u1eefng \u01b0u \u0111i\u1ec3m n\u1ed5i b\u1eadt sau:<br \/>\n\u00c1nh s\u00e1ng trung th\u1ef1c, t\u1ef1 nhi\u00ean<br \/>\n\u0110a d\u1ea1ng m\u00e0u \u00e1nh s\u00e1ng: \u00c1nh s\u00e1ng \u0111\u01a1n m\u00e0u tr\u1eafng(6500K), \u0111\u01a1n m\u00e0u v\u00e0ng(3000K), 3 ch\u1ebf \u0111\u1ed9 m\u00e0u (Tr\u1eafng \u2013 V\u00e0ng \u2013 Trung t\u00ednh).<br \/>\nL\u1ed7 kho\u00e9t c\u1ea3i ti\u1ebfn ph\u00f9 h\u1ee3p v\u1edbi \u1ee9ng d\u1ef1ng \u1ed1ng nh\u1ef1a PVC trong kho\u00e9t l\u1ed7 cho tr\u1ea7n b\u00ea t\u00f4ng t\u1ea1i m\u1ed9t s\u1ed1 c\u00f4ng tr\u00ecnh.<br \/>\n\u0110\u1ebf \u0111\u00e8n \u0111\u01b0\u1ee3c thi\u1ebft k\u1ebf v\u00e0 s\u1ea3n xu\u1ea5t ho\u00e0n to\u00e0n b\u1eb1ng nh\u00f4m \u0111\u00fac nguy\u00ean kh\u1ed1i ch\u1eafc ch\u1eafn, gi\u00fap \u0111\u00e8n t\u1ea3n nhi\u1ec7t t\u1ed1t, \u0111\u00e8n \u0111\u01b0\u1ee3c thi\u1ebft k\u1ebf ch\u1ed1ng c\u00f4n tr\u00f9ng, b\u1ee5i b\u1ea9n, t\u00ednh th\u1ea9m m\u1ef9 cao.<\/p>\n","protected":false},"excerpt":{"rendered":"<p>\u0110\u00e8n LED \u00c2M TR\u1ea6N \u0110\u00daC VI\u1ec0N l\u00e0 s\u1ef1 l\u1ef1a ch\u1ecdn c\u1ee7a c\u00e1 t\u00ednh, s\u1eafc m\u00e0u v\u00e0 m\u1ea1nh m\u1ebd. V\u1edbi c\u00e1c \u0111\u01b0\u1eddng cong s\u1eafc n\u00e9t, tinh t\u1ebf s\u1ea3n ph\u1ea9m \u0111em \u0111\u1ebfn cho ng\u01b0\u1eddi d\u00f9ng tr\u1ea3i nghi\u1ec7m sang tr\u1ecdng v\u1edbi \u0111i\u1ec3m nh\u1ea5n vi\u1ec1n v\u00e0ng, vi\u1ec1n b\u1ea1c ph\u1ea3n m\u00e0u \u0111a s\u1eafc. \u0110\u1ebf \u0111\u00fac t\u1ea3n nhi\u1ec7t c\u1ea3i ti\u1ebfn si\u00eau [&#8230;]\n","protected":false},"featured_media":1499,"comment_status":"open","ping_status":"closed","template":"","meta":[],"product_cat":[15],"product_tag":[],"_links":{"self":[{"href":"https:\/\/www.oml.com.vn\/index.php?rest_route=\/wp\/v2\/product\/1498"}],"collection":[{"href":"https:\/\/www.oml.com.vn\/index.php?rest_route=\/wp\/v2\/product"}],"about":[{"href":"https:\/\/www.oml.com.vn\/index.php?rest_route=\/wp\/v2\/types\/product"}],"replies":[{"embeddable":true,"href":"https:\/\/www.oml.com.vn\/index.php?rest_route=%2Fwp%2Fv2%2Fcomments&post=1498"}],"wp:featuredmedia":[{"embeddable":true,"href":"https:\/\/www.oml.com.vn\/index.php?rest_route=\/wp\/v2\/media\/1499"}],"wp:attachment":[{"href":"https:\/\/www.oml.com.vn\/index.php?rest_route=%2Fwp%2Fv2%2Fmedia&parent=1498"}],"wp:term":[{"taxonomy":"product_cat","embeddable":true,"href":"https:\/\/www.oml.com.vn\/index.php?rest_route=%2Fwp%2Fv2%2Fproduct_cat&post=1498"},{"taxonomy":"product_tag","embeddable":true,"href":"https:\/\/www.oml.com.vn\/index.php?rest_route=%2Fwp%2Fv2%2Fproduct_tag&post=1498"}],"curies":[{"name":"wp","href":"https:\/\/api.w.org\/{rel}","templated":true}]}}