{"id":1503,"date":"2022-11-06T23:39:24","date_gmt":"2022-11-06T16:39:24","guid":{"rendered":"http:\/\/omllighting.com\/?post_type=product&#038;p=1503"},"modified":"2023-06-20T11:01:20","modified_gmt":"2023-06-20T04:01:20","slug":"am-tran-xoay","status":"publish","type":"product","link":"https:\/\/www.oml.com.vn\/?product=am-tran-xoay","title":{"rendered":"\u00c2M TR\u1ea6N XO\u00c1Y G\u00d3C 7W"},"content":{"rendered":"<p>\u0110\u00e8n LED \u00c2M TR\u1ea6N XO\u00c1Y G\u00d3C\u00a0 l\u00e0 d\u00f2ng s\u1ea3n ph\u1ea9m c\u00f3 \u0111\u1eb7c \u0111i\u1ec3m v\u01b0\u1ee3t tr\u1ed9i h\u01a1n h\u1eb3n, t\u0103ng th\u00eam tr\u1ea3i nghi\u1ec7m cho ng\u01b0\u1eddi d\u00f9ng khi c\u00f3 th\u1ec3 d\u1ec5 d\u00e0ng \u0111i\u1ec1u ch\u00ednh v\u00e0 thay \u0111\u1ed5i g\u00f3c chi\u1ebfu s\u00e1ng cho kh\u00f4ng gian.<br \/>\nS\u1ea3n ph\u1ea9m \u0111\u01b0\u1ee3c thi\u1ebft k\u1ebf tinh t\u1ebf v\u1edbi \u0111\u01b0\u1eddng vi\u1ec1n z\u00edc z\u1eafc, t\u1ec9 m\u1ec9 v\u1edbi c\u00f4ng ngh\u1ec7 ph\u1ee7 m\u00e0u nano cho ch\u1ea5t l\u01b0\u1ee3ng m\u00e0u m\u1ecbn, s\u00e1ng, \u0111\u1eb9p.<\/p>\n<h2 id=\"ftoc-heading-3\" class=\"ftwp-heading\"><strong>1.Th\u00f4ng s\u1ed1 k\u1ef9 thu\u1eadt<\/strong><\/h2>\n<table class=\"thong_so_ky_thuat_rolux\" style=\"height: 324px;\" border=\"1\" width=\"844\" cellspacing=\"0\" cellpadding=\"0\">\n<tbody>\n<tr>\n<td>\u00a0M\u00e3 s\u1ea3n ph\u1ea9m<\/td>\n<td>OML-AXG-GV\/ZZ-<\/td>\n<\/tr>\n<tr>\n<td>\u00a0Th\u01b0\u01a1ng hi\u1ec7u<\/td>\n<td><span style=\"color: #696969;\">OML\u00ae LIGHTING<\/span><\/td>\n<\/tr>\n<tr>\n<td>\u00a0C\u00f4ng su\u1ea5t<\/td>\n<td>\u00a07W<\/td>\n<\/tr>\n<tr>\n<td>\u00a0K\u00edch th\u01b0\u1edbc<\/td>\n<td>\u00a0120x38mm<\/td>\n<\/tr>\n<tr>\n<td>\u00a0Hi\u1ec7u su\u1ea5t quang<\/td>\n<td>\u00a0110~120Lm\/w<\/td>\n<\/tr>\n<tr>\n<td>\u00a0Quang th\u00f4ng<\/td>\n<td>\u00a0770Lm<\/td>\n<\/tr>\n<tr>\n<td>\u00a0\u0110\u1ed9 ho\u00e0n m\u00e0u:<\/td>\n<td>\u00a0&gt;85<\/td>\n<\/tr>\n<tr>\n<td>\u00a0\u00c1nh s\u00e1ng<\/td>\n<td>\u00a03 ch\u1ebf \u0111\u1ed9<\/td>\n<\/tr>\n<tr>\n<td>\u00a0\u0110i\u1ec7n \u00e1p (AC)<\/td>\n<td>\u00a085-265V<\/td>\n<\/tr>\n<tr>\n<td>\u00a0L\u1ed7 kho\u00e9t<\/td>\n<td>\u00a082<\/td>\n<\/tr>\n<tr>\n<td>\u00a0Tu\u1ed5i th\u1ecd chip LED<\/td>\n<td>\u00a040.000 gi\u1edd<\/td>\n<\/tr>\n<tr>\n<td>\u00a0B\u1ea3o h\u00e0nh<\/td>\n<td>\u00a024 th\u00e1ng<\/td>\n<\/tr>\n<tr>\n<td><\/td>\n<td><\/td>\n<\/tr>\n<\/tbody>\n<\/table>\n<h2 id=\"ftoc-heading-3\" class=\"ftwp-heading\"><strong>2. C\u1ea5u t\u1ea1o c\u1ee7a \u0111\u00e8n \u00e2m tr\u1ea7n xo\u00e1y g\u00f3c NANO<\/strong><\/h2>\n<p><strong>\u0110\u00e8n LED \u00e2m tr\u1ea7n xo\u00e1y g\u00f3c NANO c\u00f3 c\u1ea5u t\u1ea1o: Chip Led, b\u1ed9 ngu\u1ed3n, \u0111\u1ebf \u0111\u00e8n v\u00e0 m\u1eb7t \u0111\u00e8n. C\u00f9ng t\u00ecm hi\u1ec3u chi ti\u1ebft c\u00e1c c\u1ea5u t\u1ea1o qua b\u00e0i vi\u1ebft d\u01b0\u1edbi \u0111\u00e2y.<\/strong><\/p>\n<p><strong>Chip Led: Chip Led \u0111\u01b0\u1ee3c bi\u1ebft \u0111\u1ebfn nh\u01b0 tr\u00e1i tim c\u1ee7a chi\u1ebfc \u0111\u00e8n, n\u00f3 quy\u1ebft \u0111\u1ecbnh ch\u1ea5t l\u01b0\u1ee3ng \u00e1nh s\u00e1ng \u1ea3nh h\u01b0\u1edfng l\u1edbn \u0111\u1ebfn tu\u1ed5i th\u1ecd c\u1ee7a \u0111\u00e8n, s\u1eed d\u1ee5ng chip LEd cao c\u1ea5p cho ch\u1ea5t l\u01b0\u1ee3ng \u00e1nh s\u00e1ng t\u1ed1t h\u01a1n g\u1ea5p 20% so v\u1edbi c\u00e1c d\u00f2ng chip th\u00f4ng th\u01b0\u1eddng.<\/strong><\/p>\n<p><strong>B\u1ed9 ngu\u1ed3n:\u00a0\u0110\u00e8n \u00e2m tr\u1ea7n m\u1eb7t cong nano c\u00f3 b\u1ed9 ngu\u1ed3n t\u1ea3n nhi\u1ec7t t\u1ed1t, gi\u00fap chuy\u1ec3n t\u1eeb ngu\u1ed3n \u0111i\u1ec7n 2 chi\u1ec1u sang ngu\u1ed3n \u0111i\u1ec7n 1 chi\u1ec1u \u1ed5n \u0111\u1ecbnh cho \u0111\u00e8n chi\u1ebfu s\u00e1ng.<\/strong><\/p>\n<p><strong>\u0110\u1ebf \u0111\u00e8n:\u00a0\u0110\u1ebf t\u1ea3n nhi\u1ec7t c\u1ee7a \u0111\u00e8n \u0111\u01b0\u1ee3c l\u00e0m t\u1eeb nh\u00f4m gi\u00fap \u0111\u00e8n t\u1ea3n nhi\u1ec7t t\u1ed1t h\u01a1n g\u1ea5p 2 l\u1ea7n so v\u1edbi c\u00e1c \u0111\u1ebf \u0111\u01b0\u1ee3c l\u00e0m t\u1eeb nh\u1ef1a, h\u1ee3p kim nh\u00f4m. V\u1edbi \u0111\u1ed9 d\u00e0y 38mm, ph\u00f9 h\u1ee3p v\u1edbi t\u1ea5t c\u1ea3 c\u00e1c lo\u1ea1i tr\u1ea7n b\u00ea t\u00f4ng, th\u1ea1ch cao, tr\u1ea7n nh\u1ef1a,\u2026<\/strong><\/p>\n<p><strong>M\u1eb7t \u0111\u00e8n: \u0110\u00e8n \u00e2m tr\u1ea7n xo\u00e1y g\u00f3c NANO\u00a0 v\u1edbi thi\u1ebft k\u1ebf m\u1eb7t cong m\u1ec1m m\u1ea1i, th\u00edch h\u1ee3p v\u1edbi m\u1ecdi thi\u1ebft k\u1ebf tr\u1ea7n nh\u00e0, t\u1ea1o s\u1ef1 th\u1ed1ng nh\u1ea5t, \u0111\u1ea3m b\u1ea3o t\u00ednh th\u1ea9m m\u1ef9 v\u1ec1 thi\u1ebft k\u1ebf kh\u00f4ng gian.<\/strong><\/p>\n<h2 id=\"ftoc-heading-4\" class=\"ftwp-heading\"><strong>3. \u01afu \u0111i\u1ec3m kh\u00e1c c\u1ee7a \u0111\u00e8n LED \u00e2m tr\u1ea7n xo\u00e1y g\u00f3c NANO<\/strong><\/h2>\n<ul>\n<li><strong>Quang th\u00f4ng 805Lm cho ch\u1ea5t l\u01b0\u1ee3ng \u00e1nh s\u00e1ng cao, ph\u00e2n b\u1ed1 \u00e1nh s\u00e1ng r\u1ed9ng.<\/strong><\/li>\n<li><strong>\u0110\u00e8n ti\u1ebft ki\u1ec7m 80% \u0111i\u1ec7n n\u0103ng ti\u00eau th\u1ee5 so v\u1edbi \u0111\u00e8n s\u1ee3i \u0111\u1ed1t, 50% \u0111i\u1ec7n n\u0103ng ti\u00eau th\u1ee5 so v\u1edbi \u0111\u00e8n hu\u1ef3nh quang th\u00f4ng th\u01b0\u1eddng.<\/strong><\/li>\n<li><strong>Ch\u1ec9 s\u1ed1 ho\u00e0n m\u00e0u Ra &gt;85 c\u1ee7a \u0111\u00e8n gi\u00fap \u00e1nh s\u00e1ng tr\u1edf n\u00ean trung th\u1ef1c, kh\u00f4ng b\u1ecb m\u1edd \u1ea3o.<\/strong><\/li>\n<li><strong>\u0110\u00e8n c\u00f3 tu\u1ed5i th\u1ecd l\u00ean \u0111\u1ebfn 40.000 gi\u1edd gi\u00fap ng\u01b0\u1eddi d\u00f9ng ti\u1ebft ki\u1ec7m chi ph\u00ed thay m\u1edbi.<\/strong><\/li>\n<li><strong>Ch\u00ednh s\u00e1ch b\u1ea3o h\u00e0nh: \u0111\u1ed5i m\u1edbi s\u1ea3n ph\u1ea9m 24 th\u00e1ng\u00a0<\/strong><\/li>\n<\/ul>\n<h2><strong><em>Xem th\u00eam :\u00a0<a href=\"http:\/\/omllighting.com\/?p=1993\" target=\"_blank\" rel=\"noopener\">H\u01b0\u1edbng d\u1eabn c\u00e1c c\u00e1ch l\u1eafp \u0111\u1eb7t \u0111\u00e8n LED \u00e2m tr\u1ea7n\u00a0<\/a><\/em><\/strong><\/h2>\n","protected":false},"excerpt":{"rendered":"<ul>\n<li>\n<table>\n<tbody>\n<tr>\n<td><strong>M\u00e3 s\u1ea3n ph\u1ea9m<\/strong><\/p>\n<p><strong>Nh\u00e3n hi\u1ec7u <\/strong><\/p>\n<p><strong>C\u00f4ng su\u1ea5t<\/strong><br \/>\n<strong>\u00c1nh s\u00e1ng<\/strong><br \/>\n<strong>Nhi\u1ec7t \u0111\u1ed9 m\u00e0u<\/strong><br \/>\n<strong>K\u00edch th\u01b0\u1edbc<\/strong><br \/>\n<strong>L\u00f4 kho\u00e9t<\/strong><br \/>\n<strong>Hi\u1ec7u su\u1ea5t quang<\/strong><br \/>\n<strong>Ch\u1ec9 s\u1ed1 ho\u00e0n m\u00e0u<\/strong><br \/>\n<strong>\u0110i\u1ec7n \u00e1p<\/strong><br \/>\n<strong>Tu\u1ed5i th\u1ecd<\/strong><br \/>\n<strong>B\u1ea3o h\u00e0nh<\/strong><\/td>\n<td>: OML-AXG-GV\/ZZ-7W<\/p>\n<p><span style=\"color: #696969;\">: OML\u00ae LIGHTING<\/span><\/p>\n<p>: 7W<\/p>\n<p>: Ba ch\u1ebf \u0111\u1ed9<br \/>\n: 3500K-6500K<br \/>\n: \u00f8120x38mm<br \/>\n: \u00f890mm<br \/>\n: \u00a0110-120 Lm\/w<br \/>\n: CRI\u226585<br \/>\n: 85-265V<br \/>\n: 40.000h<br \/>\n: 24 th\u00e1ng<\/td>\n<\/tr>\n<\/tbody>\n<\/table>\n<\/li>\n<\/ul>\n","protected":false},"featured_media":1504,"comment_status":"open","ping_status":"closed","template":"","meta":[],"product_cat":[131],"product_tag":[208,294,293],"_links":{"self":[{"href":"https:\/\/www.oml.com.vn\/index.php?rest_route=\/wp\/v2\/product\/1503"}],"collection":[{"href":"https:\/\/www.oml.com.vn\/index.php?rest_route=\/wp\/v2\/product"}],"about":[{"href":"https:\/\/www.oml.com.vn\/index.php?rest_route=\/wp\/v2\/types\/product"}],"replies":[{"embeddable":true,"href":"https:\/\/www.oml.com.vn\/index.php?rest_route=%2Fwp%2Fv2%2Fcomments&post=1503"}],"wp:featuredmedia":[{"embeddable":true,"href":"https:\/\/www.oml.com.vn\/index.php?rest_route=\/wp\/v2\/media\/1504"}],"wp:attachment":[{"href":"https:\/\/www.oml.com.vn\/index.php?rest_route=%2Fwp%2Fv2%2Fmedia&parent=1503"}],"wp:term":[{"taxonomy":"product_cat","embeddable":true,"href":"https:\/\/www.oml.com.vn\/index.php?rest_route=%2Fwp%2Fv2%2Fproduct_cat&post=1503"},{"taxonomy":"product_tag","embeddable":true,"href":"https:\/\/www.oml.com.vn\/index.php?rest_route=%2Fwp%2Fv2%2Fproduct_tag&post=1503"}],"curies":[{"name":"wp","href":"https:\/\/api.w.org\/{rel}","templated":true}]}}