{"id":1552,"date":"2022-11-09T09:43:39","date_gmt":"2022-11-09T02:43:39","guid":{"rendered":"http:\/\/omllighting.com\/?post_type=product&#038;p=1552"},"modified":"2024-07-09T15:38:43","modified_gmt":"2024-07-09T08:38:43","slug":"den-pha-nang-luong-mat-troi-20ww","status":"publish","type":"product","link":"https:\/\/www.oml.com.vn\/?product=den-pha-nang-luong-mat-troi-20ww","title":{"rendered":"\u0110\u00c8N PHA N\u0102NG L\u01af\u1ee2NG M\u1eb6T TR\u1edcI 200W"},"content":{"rendered":"<p>Ti\u1ebft ki\u1ec7m \u0111i\u1ec7n: S\u1eed d\u1ee5ng 100% n\u0103ng l\u01b0\u1ee3ng m\u1eb7t tr\u1eddi, s\u1ea3n ph\u1ea9m gi\u00fap b\u1ea1n chi\u1ebfu s\u00e1ng c\u1ea3 \u0111\u00eam kh\u00f4ng t\u1ed1n b\u1ea5t K\u00ec chi ph\u00ed n\u00e0o<\/p>\n<p>Th\u1eddi gian chi\u1ebfu s\u00e1ng d\u00e0i: Ch\u1ec9 c\u1ea7n s\u1ea1c \u0111\u1ea7y pin trong kho\u1ea3ng th\u1eddi gian 6-8 ti\u1ebfng v\u1edbi tr\u1eddi n\u1eafng, \u0111\u00e8n c\u00f3 th\u1ec3 chi\u1ebfu s\u00e1ng li\u00ean t\u1ee5c 12H<\/p>\n<p>Tu\u1ed5i th\u1ecd l\u00e2u d\u00e0i: kh\u00e1ng n\u01b0\u1edbc, ch\u1ed1ng b\u1ee5i theo ti\u00eau chu\u1ea9n IP66<\/p>\n<p>D\u1ec5 d\u00e0ng l\u1eafp \u0111\u1eb7t: k\u00edch th\u01b0\u1edbc nh\u1ecf g\u1ecdn c\u00f9ng t\u1ea5m pin v\u00e0 \u0111\u00e8n pha t\u00e1ch r\u1eddi gi\u00fap b\u1ea1n c\u00f3 th\u1ec3 l\u1eafp \u0111\u1eb7t s\u1ea3n ph\u1ea9m \u1edf trong nh\u00e0 hay ngo\u00e0i tr\u1eddi 1 c\u00e1ch d\u1ec5 d\u00e0ng.<\/p>\n<p>D\u1ec5 d\u00e0ng s\u1eed d\u1ee5ng: Ch\u1ebf \u0111\u1ed9 t\u1ef1 \u0111\u1ed9ng b\u1eadt t\u1eaft th\u00f4ng minh, k\u00e8m \u0111i\u1ec1u khi\u1ec3n t\u1eeb xa \u0111a ch\u1ee9c n\u0103ng gi\u00fap b\u1ea1n c\u00f3 th\u1ec3 d\u1ec5 d\u00e0ng s\u1eed d\u1ee5ng.<\/p>\n","protected":false},"excerpt":{"rendered":"<p>M\u00e3 s\u1ea3n ph\u1ea9m:FANLMT<br \/>\nC\u00f4ng su\u1ea5t:200W<br \/>\n\u00c1nh s\u00e1ng:Tr\u1eafng<br \/>\nTi\u00eau chu\u1ea9n:IP67<br \/>\nTh\u1eddi gian s\u1ea1c pin:6-8h<br \/>\nB\u1ea3o h\u00e0nh:24 Th\u00e1ng<\/p>\n","protected":false},"featured_media":2511,"comment_status":"open","ping_status":"closed","template":"","meta":[],"product_cat":[164],"product_tag":[],"_links":{"self":[{"href":"https:\/\/www.oml.com.vn\/index.php?rest_route=\/wp\/v2\/product\/1552"}],"collection":[{"href":"https:\/\/www.oml.com.vn\/index.php?rest_route=\/wp\/v2\/product"}],"about":[{"href":"https:\/\/www.oml.com.vn\/index.php?rest_route=\/wp\/v2\/types\/product"}],"replies":[{"embeddable":true,"href":"https:\/\/www.oml.com.vn\/index.php?rest_route=%2Fwp%2Fv2%2Fcomments&post=1552"}],"wp:featuredmedia":[{"embeddable":true,"href":"https:\/\/www.oml.com.vn\/index.php?rest_route=\/wp\/v2\/media\/2511"}],"wp:attachment":[{"href":"https:\/\/www.oml.com.vn\/index.php?rest_route=%2Fwp%2Fv2%2Fmedia&parent=1552"}],"wp:term":[{"taxonomy":"product_cat","embeddable":true,"href":"https:\/\/www.oml.com.vn\/index.php?rest_route=%2Fwp%2Fv2%2Fproduct_cat&post=1552"},{"taxonomy":"product_tag","embeddable":true,"href":"https:\/\/www.oml.com.vn\/index.php?rest_route=%2Fwp%2Fv2%2Fproduct_tag&post=1552"}],"curies":[{"name":"wp","href":"https:\/\/api.w.org\/{rel}","templated":true}]}}