{"id":1555,"date":"2022-11-09T21:49:38","date_gmt":"2022-11-09T14:49:38","guid":{"rendered":"http:\/\/omllighting.com\/?post_type=product&#038;p=1555"},"modified":"2023-07-13T13:12:17","modified_gmt":"2023-07-13T06:12:17","slug":"op-tu-mini","status":"publish","type":"product","link":"https:\/\/www.oml.com.vn\/?product=op-tu-mini","title":{"rendered":"\u1ed0P T\u1ee6 MINI"},"content":{"rendered":"<p>S\u1ea3n ph\u1ea9m l\u00e0m t\u1eeb h\u1ee3p kim nh\u00f4m cao c\u1ea5p gi\u00fap t\u1ea3n nhi\u1ec7t nhanh ch\u00f3ng, t\u0103ng tu\u1ed5i th\u1ecd cho \u0111\u00e8n, an to\u00e0n cho ng\u01b0\u1eddi s\u1eed d\u1ee5ng, th\u00e2n thi\u1ec7n v\u1edbi m\u00f4i tr\u01b0\u1eddng.<br \/>\n\u1ed0P T\u1ee6 MINI s\u1eed d\u1ee5ng ch\u00edp LED COB gi\u00fap chi\u1ebfu r\u1ecdi t\u1eadp trung l\u00e0m n\u1ed5i b\u1eadt c\u00e1c v\u1eadt c\u1ea7n trang tr\u00ed. D\u1ea3i di\u1ec7n \u00e1p si\u00eau r\u1ed9ng AC t\u1eeb 85-265V gi\u00fap \u0111\u00e8n ho\u1ea1t \u0111\u1ed9ng t\u1ed1t h\u01a1n. Thi\u1ebft k\u1ebf nh\u1ecf g\u1ecdn, t\u1ed1i \u01b0u cho kh\u00f4ng gian, th\u00e2n \u0111\u00e8n nhi\u1ec1u m\u00e0u s\u1eafc \u0111\u00e1p \u1ee9ng \u0111\u01b0\u1ee3c t\u1ea5t c\u1ea3 c\u00e1c n\u1ed9i th\u1ea5t kh\u00e1c nhau.<\/p>\n","protected":false},"excerpt":{"rendered":"<p>S\u1ea3n ph\u1ea9m l\u00e0m t\u1eeb h\u1ee3p kim nh\u00f4m cao c\u1ea5p gi\u00fap t\u1ea3n nhi\u1ec7t nhanh ch\u00f3ng, t\u0103ng tu\u1ed5i th\u1ecd cho \u0111\u00e8n, an to\u00e0n cho ng\u01b0\u1eddi s\u1eed d\u1ee5ng, th\u00e2n thi\u1ec7n v\u1edbi m\u00f4i tr\u01b0\u1eddng. \u1ed0P T\u1ee6 MINI s\u1eed d\u1ee5ng ch\u00edp LED COB gi\u00fap chi\u1ebfu r\u1ecdi t\u1eadp trung l\u00e0m n\u1ed5i b\u1eadt c\u00e1c v\u1eadt c\u1ea7n trang tr\u00ed. D\u1ea3i di\u1ec7n \u00e1p si\u00eau [&#8230;]\n","protected":false},"featured_media":2497,"comment_status":"open","ping_status":"closed","template":"","meta":[],"product_cat":[136],"product_tag":[],"_links":{"self":[{"href":"https:\/\/www.oml.com.vn\/index.php?rest_route=\/wp\/v2\/product\/1555"}],"collection":[{"href":"https:\/\/www.oml.com.vn\/index.php?rest_route=\/wp\/v2\/product"}],"about":[{"href":"https:\/\/www.oml.com.vn\/index.php?rest_route=\/wp\/v2\/types\/product"}],"replies":[{"embeddable":true,"href":"https:\/\/www.oml.com.vn\/index.php?rest_route=%2Fwp%2Fv2%2Fcomments&post=1555"}],"wp:featuredmedia":[{"embeddable":true,"href":"https:\/\/www.oml.com.vn\/index.php?rest_route=\/wp\/v2\/media\/2497"}],"wp:attachment":[{"href":"https:\/\/www.oml.com.vn\/index.php?rest_route=%2Fwp%2Fv2%2Fmedia&parent=1555"}],"wp:term":[{"taxonomy":"product_cat","embeddable":true,"href":"https:\/\/www.oml.com.vn\/index.php?rest_route=%2Fwp%2Fv2%2Fproduct_cat&post=1555"},{"taxonomy":"product_tag","embeddable":true,"href":"https:\/\/www.oml.com.vn\/index.php?rest_route=%2Fwp%2Fv2%2Fproduct_tag&post=1555"}],"curies":[{"name":"wp","href":"https:\/\/api.w.org\/{rel}","templated":true}]}}