{"id":1562,"date":"2022-11-10T09:28:57","date_gmt":"2022-11-10T02:28:57","guid":{"rendered":"http:\/\/omllighting.com\/?post_type=product&#038;p=1562"},"modified":"2023-07-13T11:50:23","modified_gmt":"2023-07-13T04:50:23","slug":"den-roi-ngoi","status":"publish","type":"product","link":"https:\/\/www.oml.com.vn\/?product=den-roi-ngoi","title":{"rendered":"\u0110\u00c8N R\u1eccI NG\u1ed2I"},"content":{"rendered":"<p>Thi\u1ebft k\u1ebf ho\u00e0n h\u1ea3o v\u1edbi ki\u1ec3u d\u00e1ng tr\u1ebb trung, tinh t\u1ebf \u0111\u1ea7y m\u1ea1nh m\u1ebd \u0110\u00c8N R\u1eccI NG\u1ed2I l\u1eafp n\u1ed5i tr\u1ef1c ti\u1ebfp gi\u00fap vi\u1ec7c l\u1eafp \u0111\u1eb7t \u0111\u01b0\u1ee3c nhanh ch\u00f3ng v\u00e0 thu\u1eadn ti\u1ec7n h\u01a1n.<br \/>\nTh\u00e2n h\u1ee3p kim nh\u00f4m s\u01a1n t\u0129nh \u0111i\u1ec7n an to\u00e0n, th\u1ea5u k\u00ednh Acrylic COB cho ch\u1ea5t l\u01b0\u1ee3ng chi\u1ebfu s\u00e1ng \u01b0u tr\u1ed9i gi\u00fap t\u0103ng hi\u1ec7u \u1ee9ng chi\u1ebfu s\u00e1ng v\u00e0 t\u00ednh th\u1ea9m m\u1ef9 cao.<\/p>\n<h2><strong>Th\u00f4ng tin chi ti\u1ebft \u0111\u00e8n LED r\u1ecdi ng\u1ed3i 12w\u00a0<\/strong><\/h2>\n<ul>\n<li>Lo\u1ea1i \u0111\u00e8n: spotlight<\/li>\n<li>C\u00f4ng su\u1ea5t: 12W<\/li>\n<li>\u0110i\u1ec7n \u00e1p: 160-240V 50\/60Hz<\/li>\n<li>Ngu\u1ed3n s\u00e1ng: Cob Hight Power<\/li>\n<li>Hi\u1ec7u su\u1ea5t ph\u00e1t quang: 105 lm\/W<\/li>\n<li>Nhi\u1ec7t \u0111\u1ed9 m\u00e0u: 3000K\/4000K\/6000K<\/li>\n<li>M\u00e0u \u00e1nh s\u00e1ng: V\u00e0ng\/Trung t\u00ednh\/Tr\u1eafng<\/li>\n<li>Ch\u1ec9 s\u1ed1 ho\u00e0n m\u00e0u (CRI): 85<\/li>\n<li>Tu\u1ed5i th\u1ecd: 50.000 gi\u1edd<\/li>\n<li>V\u1ecf: \u0110en\/Tr\u1eafng<\/li>\n<li>Ch\u1ea5t li\u1ec7u: Nh\u00f4m h\u1ee3p kim<\/li>\n<li>T\u00ecnh tr\u1ea1ng: M\u1edbi 100%<\/li>\n<\/ul>\n<p><img loading=\"lazy\" class=\" wp-image-1709 aligncenter\" src=\"http:\/\/omllighting.com\/wp-content\/uploads\/2022\/11\/2-300x165.png\" alt=\"\" width=\"496\" height=\"273\" srcset=\"https:\/\/www.oml.com.vn\/wp-content\/uploads\/2022\/11\/2-300x165.png 300w, https:\/\/www.oml.com.vn\/wp-content\/uploads\/2022\/11\/2-768x422.png 768w, https:\/\/www.oml.com.vn\/wp-content\/uploads\/2022\/11\/2-510x280.png 510w, https:\/\/www.oml.com.vn\/wp-content\/uploads\/2022\/11\/2.png 962w\" sizes=\"(max-width: 496px) 100vw, 496px\" \/><\/p>\n<p><img loading=\"lazy\" class=\"wp-image-1707 aligncenter\" src=\"http:\/\/omllighting.com\/wp-content\/uploads\/2022\/11\/12-241x300.png\" alt=\"\" width=\"351\" height=\"437\" srcset=\"https:\/\/www.oml.com.vn\/wp-content\/uploads\/2022\/11\/12-241x300.png 241w, https:\/\/www.oml.com.vn\/wp-content\/uploads\/2022\/11\/12-822x1024.png 822w, https:\/\/www.oml.com.vn\/wp-content\/uploads\/2022\/11\/12-768x957.png 768w, https:\/\/www.oml.com.vn\/wp-content\/uploads\/2022\/11\/12-510x635.png 510w, https:\/\/www.oml.com.vn\/wp-content\/uploads\/2022\/11\/12.png 968w\" sizes=\"(max-width: 351px) 100vw, 351px\" \/><\/p>\n<p><img loading=\"lazy\" class=\"wp-image-1708 aligncenter\" src=\"http:\/\/omllighting.com\/wp-content\/uploads\/2022\/11\/\u01ba-276x300.png\" alt=\"\" width=\"373\" height=\"405\" srcset=\"https:\/\/www.oml.com.vn\/wp-content\/uploads\/2022\/11\/\u01ba-276x300.png 276w, https:\/\/www.oml.com.vn\/wp-content\/uploads\/2022\/11\/\u01ba-943x1024.png 943w, https:\/\/www.oml.com.vn\/wp-content\/uploads\/2022\/11\/\u01ba-768x834.png 768w, https:\/\/www.oml.com.vn\/wp-content\/uploads\/2022\/11\/\u01ba-510x554.png 510w, https:\/\/www.oml.com.vn\/wp-content\/uploads\/2022\/11\/\u01ba.png 1149w\" sizes=\"(max-width: 373px) 100vw, 373px\" \/><\/p>\n<h2><strong>\u0110\u1eb7c t\u00ednh \u0110\u00e8n LED r\u1ecdi ng\u1ed3i 12w\u00a0<\/strong><\/h2>\n<ul>\n<li>Ngu\u1ed3n s\u00e1ng LED ch\u1ea5t l\u01b0\u1ee3ng cao, hi\u1ec7u su\u1ea5t cao, c\u00f3 \u0111\u1ed9 b\u1ec1n cao.<\/li>\n<li>Chao \u0111\u00e8n l\u00e0m b\u1eb1ng nh\u00f4m h\u1ee3p ch\u1ea5t, ch\u1ed1ng \u0103n m\u00f2n, ch\u1ed1ng oxy h\u00f3a.<\/li>\n<li>S\u1eed d\u1ee5ng th\u1ea5u k\u00ednh quang h\u1ecdc \u0111\u1ec3 t\u1ea1o hi\u1ec7u qu\u1ea3 cao nh\u1ea5t trong chi\u1ebfu s\u00e1ng.<\/li>\n<li>G\u00f3c m\u1edf c\u1ee7a \u0111\u00e8n: 20 \u0111\u1ed9, 30 \u0111\u1ed9, 40 \u0111\u1ed9<\/li>\n<li>Kh\u00f4ng ch\u1ee9a th\u1ee7y ng\u00e2n v\u00e0 h\u00f3a ch\u1ea5t \u0111\u1ed9c h\u1ea1i, kh\u00f4ng ph\u00e1t ra tia t\u1eed ngo\u1ea1i, an to\u00e0n cho ng\u01b0\u1eddi s\u1eed d\u1ee5ng v\u00e0 th\u00e2n thi\u1ec7n m\u00f4i tr\u01b0\u1eddng.<\/li>\n<\/ul>\n<h2><strong>\u0110\u00e8n LED r\u1ecdi ng\u1ed3i 12w c\u00f3 \u01b0u \u0111i\u1ec3m n\u1ed5i b\u1eadt g\u00ec?<\/strong><\/h2>\n<ul>\n<li>Thi\u1ebft k\u1ebf t\u1ea3n nhi\u1ec7t t\u1ed1t gi\u00fap nhi\u1ec7t \u0111\u1ed9 ch\u00f3a \u0111\u00e8n lu\u00f4n dao \u0111\u1ed9ng t\u1eeb -10\u00b0C \u0111\u1ebfn 45\u00b0C, gi\u1ea3m chi ph\u00ed \u0111i\u1ec7n n\u0103ng cho c\u00e1c thi\u1ebft b\u1ecb l\u00e0m m\u00e1t.<\/li>\n<li>K\u1ebft c\u1ea5u \u0111i\u1ec1u ch\u1ec9nh linh ho\u1ea1t, ph\u00f9 h\u1ee3p chi\u1ebfu s\u00e1ng \u0111i\u1ec3m.<\/li>\n<li>\u00cdt ph\u00e1t nhi\u1ec7t, kh\u00f4ng l\u00e0m n\u00f3ng b\u1ec1 m\u1eb7t \u0111\u00e8n v\u00e0 ra m\u00f4i tr\u01b0\u1eddng xung quanh.<\/li>\n<li>Ch\u1ea5t l\u01b0\u1ee3ng \u00e1nh s\u00e1ng trung th\u1ef1c t\u1ef1 nhi\u00ean do c\u00f3 ch\u1ec9 s\u1ed1 ho\u00e0n m\u00e0u cao, Ra = 85<\/li>\n<\/ul>\n<h2><strong>\u1ee8ng d\u1ee5ng \u0110\u00e8n LED r\u1ecdi ng\u1ed3i\u00a0<\/strong><\/h2>\n<p>L\u00e0 gi\u1ea3i ph\u00e1p t\u1ed1i \u01b0u cho kh\u00f4ng gian chi\u1ebfu s\u00e1ng \u0111i\u1ec3m, r\u1ecdi trong c\u00e1c c\u1eeda h\u00e0ng th\u1eddi trang, si\u00eau th\u1ecb, c\u1eeda h\u00e0ng, trung t\u00e2m th\u01b0\u01a1ng m\u1ea1i\u2026<\/p>\n<p>&nbsp;<\/p>\n<p>&nbsp;<\/p>\n","protected":false},"excerpt":{"rendered":"<p>M\u00e3 s\u1ea3n ph\u1ea9m: OML-RR-SIT<\/p>\n<p>C\u00f4ng su\u1ea5t: 12W<\/p>\n<p>Th\u01b0\u01a1ng hi\u1ec7u : OML<\/p>\n<p>K\u00edch th\u01b0\u1edbc: \u00d878x166mm<\/p>\n<p>B\u1ea3o h\u00e0nh: 24 th\u00e1ng<\/p>\n","protected":false},"featured_media":2492,"comment_status":"open","ping_status":"closed","template":"","meta":[],"product_cat":[282],"product_tag":[],"_links":{"self":[{"href":"https:\/\/www.oml.com.vn\/index.php?rest_route=\/wp\/v2\/product\/1562"}],"collection":[{"href":"https:\/\/www.oml.com.vn\/index.php?rest_route=\/wp\/v2\/product"}],"about":[{"href":"https:\/\/www.oml.com.vn\/index.php?rest_route=\/wp\/v2\/types\/product"}],"replies":[{"embeddable":true,"href":"https:\/\/www.oml.com.vn\/index.php?rest_route=%2Fwp%2Fv2%2Fcomments&post=1562"}],"wp:featuredmedia":[{"embeddable":true,"href":"https:\/\/www.oml.com.vn\/index.php?rest_route=\/wp\/v2\/media\/2492"}],"wp:attachment":[{"href":"https:\/\/www.oml.com.vn\/index.php?rest_route=%2Fwp%2Fv2%2Fmedia&parent=1562"}],"wp:term":[{"taxonomy":"product_cat","embeddable":true,"href":"https:\/\/www.oml.com.vn\/index.php?rest_route=%2Fwp%2Fv2%2Fproduct_cat&post=1562"},{"taxonomy":"product_tag","embeddable":true,"href":"https:\/\/www.oml.com.vn\/index.php?rest_route=%2Fwp%2Fv2%2Fproduct_tag&post=1562"}],"curies":[{"name":"wp","href":"https:\/\/api.w.org\/{rel}","templated":true}]}}