{"id":1564,"date":"2022-11-10T11:15:38","date_gmt":"2022-11-10T04:15:38","guid":{"rendered":"http:\/\/omllighting.com\/?post_type=product&#038;p=1564"},"modified":"2023-07-13T12:01:34","modified_gmt":"2023-07-13T05:01:34","slug":"roi-ray-bamboo","status":"publish","type":"product","link":"https:\/\/www.oml.com.vn\/?product=roi-ray-bamboo","title":{"rendered":"R\u1eccI RAY BAMBOO"},"content":{"rendered":"<p>Thi\u1ebft k\u1ebf \u0111\u01a1n gi\u1ea3n, tinh t\u1ebf, \u0111\u00e8n R\u1eccI RAY BAMBOO mang \u0111\u1ebfn cho ng\u01b0\u1eddi d\u00f9ng s\u1ef1 thu\u1eadn ti\u1ec7n trong vi\u1ec7c l\u1ef1a ch\u1ecdn s\u1ea3n ph\u1ea9m r\u1ecdi ray t\u00f4 \u0111i\u1ec3m kh\u00f4ng gian ng\u00f4i nh\u00e0. V\u1edbi th\u00e2n v\u1ecf h\u1ee3p kim nh\u00f4m t\u1ea3n nhi\u1ec7t tr\u1ef1c ti\u1ebfp, th\u1ea5u k\u00ednh Acrylic COB cho ch\u1ea5t l\u01b0\u1ee3ng chi\u1ebfu s\u00e1ng \u01b0u tr\u1ed9i ch\u1eafc ch\u1eafn l\u00e0 m\u1ed9t s\u1ef1 l\u1ef1a ch\u1ecdn \u0111\u00e1ng ch\u00fa \u00fd c\u1ee7a qu\u00fd kh\u00e1ch.<\/p>\n<p><span style=\"font-size: 140%;\"><strong>Th\u00f4ng s\u1ed1 k\u1ef9 thu\u1eadt<\/strong><\/span><\/p>\n<p>C\u00f4ng su\u1ea5t :<strong> 10w 20w<\/strong><\/p>\n<p>\u2013 \u0110i\u1ec7n \u00e1p v\u00e0o: 85-265VAC 50\/60Hz<\/p>\n<p>\u2013 H\u1ec7 s\u1ed1 c\u00f4ng su\u1ea5t: 0,95<\/p>\n<p>\u2013 Hi\u1ec7u xu\u1ea5t ph\u00e1t quang: 100lm\/w<\/p>\n<p>\u2013 Ch\u1ec9 s\u1ed1 ho\u00e0n m\u00e0u Ra &gt;80<\/p>\n<p>\u2013 M\u00e0u s\u1eafc \u00e1nh s\u00e1ng: \u0110\u01a1n m\u00e0u Tr\u1eafng\/v\u00e0ng\/trung t\u00ednh 6500\/4200\/3000K<\/p>\n<p>\u2013 Tu\u1ed5i th\u1ecd: 50.000h<\/p>\n<p><span style=\"font-size: 150%;\"><strong>\u0110\u00e8n r\u1ecdi ray<\/strong>\u00a0c\u1ea5u t\u1ea1o g\u1ed3m 6 b\u1ed9 ph\u1eadn ch\u00ednh:<\/span><\/p>\n<ul>\n<li><strong>B\u1ed9 ngu\u1ed3n \u0111\u00e8n<\/strong>:\u00a0\u0110\u00e8n r\u1ecdi ray Bamboo\u00a0c\u00f3 b\u1ed9 ngu\u1ed3n \u0111\u1ea1t hi\u1ec7u su\u1ea5t l\u00ean \u0111\u1ebfn h\u01a1n 90% g\u00f3p ph\u1ea7n ti\u1ebft ki\u1ec7m \u0111\u01b0\u1ee3c m\u1ed9t kho\u1ea3n chi ph\u00ed t\u1ed1i \u0111a so v\u1edbi c\u00e1c b\u00f3ng \u0111\u00e8n r\u1ecdi ray s\u1eed d\u1ee5ng c\u00f4ng ngh\u1ec7 halogen c\u0169.<\/li>\n<li><strong>Ch\u00edp led:<\/strong> \u0110\u00e2y l\u00e0 b\u1ed9 ph\u1eadn quan tr\u1ecdng n\u00ean ph\u1ea3i \u0111\u01b0\u1ee3c s\u1ea3n xu\u1ea5t\u00a0 v\u1edbi c\u00f4ng ngh\u1ec7 hi\u1ec7n \u0111\u1ea1i \u0111\u1ec3 \u0111\u1ea3m b\u1ea3o \u0111em \u0111\u1ebfn cho \u0111\u00e8n ch\u1ea5t l\u01b0\u1ee3ng t\u1ed1t nh\u1ea5t. C\u00e1c chip led b\u00ean trong \u0111\u01b0\u1ee3c thi\u1ebft k\u1ebf t\u1ea1o th\u00e0nh nh\u1eefng ch\u1ed7 s\u00e2u \u0111\u1ec3 \u00e1nh s\u00e1ng c\u00f3 \u0111\u1ed9 t\u1eadp trung cao, th\u1ef1c hi\u1ec7n ch\u1ee9c n\u0103ng r\u1ecdi t\u1ed1t nh\u1ea5t.<\/li>\n<li><strong>B\u1ed9 t\u1ea3n nhi\u1ec7t<\/strong>: Thi\u1ebft k\u1ebf t\u1ea3n nhi\u1ec7t t\u1ed1t gi\u00fap nhi\u1ec7t \u0111\u1ed9 ch\u00f3a \u0111\u00e8n lu\u00f4n dao \u0111\u1ed9ng t\u1eeb -10\u00b0C \u0111\u1ebfn 45\u00b0C, gi\u1ea3m chi ph\u00ed \u0111i\u1ec7n n\u0103ng cho c\u00e1c thi\u1ebft b\u1ecb l\u00e0m m\u00e1t, gi\u00fap t\u0103ng th\u1eddi gian chi\u1ebfu s\u00e1ng c\u1ee7a \u0111\u00e8n c\u00f3 th\u1ec3 \u0111\u1ea1t 50.000 gi\u1edd.<\/li>\n<li><strong>V\u1ecf \u0111\u00e8n:<\/strong>\u00a0L\u1edbp v\u1ecf b\u00ean ngo\u00e0i \u0111\u01b0\u1ee3c s\u01a1n t\u0129nh \u0111i\u1ec7n v\u1edbi hai m\u00e0u ch\u1ee7 \u0111\u1ea1o l\u00e0 \u0111en v\u00e0 tr\u1eafng t\u1ea1o n\u00ean s\u1ef1 tinh t\u1ebf \u0111\u1ed3ng th\u1eddi gi\u00fap b\u1ea3o v\u1ec7 \u0111\u00e8n kh\u00f4ng g\u1eb7p ph\u1ea3i qu\u00e1 tr\u00ecnh oxi h\u00f3a, \u1ea3nh h\u01b0\u1edfng \u0111\u1ebfn tu\u1ed5i th\u1ecd c\u1ee7a \u0111\u00e8n. V\u1ecf \u0111\u00e8n \u0111\u01b0\u1ee3c l\u00e0m t\u1eeb ch\u1ea5t li\u1ec7u nh\u00f4m n\u00ean r\u1ea5t b\u1ec1n, c\u00f3 kh\u1ea3 n\u0103ng ch\u1ecbu \u0111\u01b0\u1ee3c va \u0111\u1ed9ng, tr\u00e1nh h\u1ecfng, v\u1ee1\u00a0b\u00f3ng \u0111\u00e8n trong qu\u00e1 tr\u00ecnh v\u1eadn chuy\u1ec3n ho\u1eb7c v\u1ec7 sinh th\u01b0\u1eddng xuy\u00ean.<\/li>\n<li><strong>B\u1ec1 m\u1eb7t \u0111\u00e8n led:<\/strong>\u00a0S\u1eed d\u1ee5ng th\u1ea5u k\u00ednh quang h\u1ecdc \u0111\u1ec3 t\u1ea1o hi\u1ec7u qu\u1ea3 cao nh\u1ea5t trong chi\u1ebfu s\u00e1ng.<\/li>\n<li><strong>Thanh ray:<\/strong>\u00a0\u0110\u00e2y l\u00e0 ph\u1ea7n gi\u00fap g\u1eafn nh\u1eefng b\u00f3ng \u0111\u00e8n r\u1ecdi l\u00ean tr\u00ean tr\u1ea7n nh\u00e0. Chi\u1ec1u d\u00e0i th\u00f4ng th\u01b0\u1eddng c\u1ee7a thanh ray l\u00e0 1m ho\u1eb7c 1,5m \u0111\u1ec3 c\u00f3 th\u1ec3 g\u1eafn nhi\u1ec1u b\u00f3ng \u0111\u00e8n\u00a0LED\u00a0r\u1ecdi tr\u00ean c\u00f9ng m\u1ed9t thanh gi\u00fap c\u00e1c b\u00f3ng \u0111\u00e8n c\u00f3 th\u1ec3 chi\u1ebfu r\u1ecdi cho nhi\u1ec1u \u0111i\u1ec3m \u1edf nh\u1eefng v\u1ecb tr\u00ed kh\u00e1c nhau. Tr\u00ean th\u00e2n \u0111\u00e8n c\u00f3 g\u1eafn b\u1ed9 \u0111\u1ed5i ngu\u1ed3n v\u1edbi c\u00e1c kh\u1edbp linh ho\u1ea1t gi\u00fap \u0111\u00e8n c\u00f3 th\u1ec3 qua \u0111\u01b0\u1ee3c 360 \u0111\u1ed9, chi\u1ebfu \u0111\u01b0\u1ee3c m\u1ecdi g\u00f3c nh\u00ecn kh\u00e1c nhau.<\/li>\n<\/ul>\n<p><img loading=\"lazy\" class=\" wp-image-1711 aligncenter\" src=\"http:\/\/omllighting.com\/wp-content\/uploads\/2022\/11\/3-1-300x200.jpg\" alt=\"\" width=\"482\" height=\"321\" srcset=\"https:\/\/www.oml.com.vn\/wp-content\/uploads\/2022\/11\/3-1-300x200.jpg 300w, https:\/\/www.oml.com.vn\/wp-content\/uploads\/2022\/11\/3-1-510x340.jpg 510w, https:\/\/www.oml.com.vn\/wp-content\/uploads\/2022\/11\/3-1.jpg 720w\" sizes=\"(max-width: 482px) 100vw, 482px\" \/><\/p>\n<p><img loading=\"lazy\" class=\"size-medium wp-image-1712 aligncenter\" src=\"http:\/\/omllighting.com\/wp-content\/uploads\/2022\/11\/4-1-300x200.jpg\" alt=\"\" width=\"300\" height=\"200\" srcset=\"https:\/\/www.oml.com.vn\/wp-content\/uploads\/2022\/11\/4-1-300x200.jpg 300w, https:\/\/www.oml.com.vn\/wp-content\/uploads\/2022\/11\/4-1-510x340.jpg 510w, https:\/\/www.oml.com.vn\/wp-content\/uploads\/2022\/11\/4-1.jpg 600w\" sizes=\"(max-width: 300px) 100vw, 300px\" \/><\/p>\n<p>&nbsp;<\/p>\n<p>&nbsp;<\/p>\n<p>Thi\u1ebft k\u1ebf \u0111\u01a1n gi\u1ea3n, tinh t\u1ebf, \u0111\u00e8n led r\u1ecdi ray Bamboo \u0111\u01b0\u1ee3c s\u1eed d\u1ee5ng nhi\u1ec1u \u0111\u1ec3 chi\u1ebfu r\u1ecdi s\u1ea3n ph\u1ea9m trong c\u00e1c shop th\u1eddi trang,c\u1eeda h\u00e0ng qu\u1ea7n \u00e1o<\/p>\n<p>V\u1edbi g\u00f3c chi\u1ebfu s\u00e1ng 25 \u0111\u1ed9, \u00e1nh s\u00e1ng c\u1ee7a \u0111\u00e8n led r\u1ecdi ray s\u1ebd ch\u1ec9 chi\u1ebfu t\u1eadp trung v\u00e0o s\u1ea3n ph\u1ea9m c\u1ea7n chi\u1ebfu, \u00e1nh s\u00e1ng t\u1eeb \u0111\u00e8n s\u1ebd kh\u00f4ng chi\u1ebfu s\u00e1ng ra ngo\u00e0i kh\u00f4ng gian kh\u00e1c. V\u00ec th\u1ebf ngo\u00e0i vi\u1ec7c s\u1eed d\u1ee5ng \u0111\u00e8n led r\u1ecdi ray \u0111\u1ec3 r\u1ecdi s\u1ea3n ph\u1ea9m, \u0111\u1ec3 l\u1ea5y \u00e1nh s\u00e1ng c\u01a1 b\u1ea3n cho to\u00e0n c\u1eeda h\u00e0ng th\u00ec b\u1eaft bu\u1ed9c ph\u1ea3i d\u00f9ng th\u00eam c\u00e1c lo\u1ea1i \u0111\u00e8n t\u00e1n quang nh\u01b0 \u0111\u00e8n tu\u00fdp led, \u0111\u00e8n led \u00e2m tr\u1ea7n, panel\u2026.<\/p>\n","protected":false},"excerpt":{"rendered":"<p>M\u00e3 s\u1ea3n ph\u1ea9m: OML-RR-BB<\/p>\n<p>C\u00f4ng su\u1ea5t: 10w-20w<\/p>\n<p>Th\u01b0\u01a1ng hi\u1ec7u : OML<\/p>\n<p>K\u00edch th\u01b0\u1edbc: \u00d862x155mm \/ \u00d874x1680mm<\/p>\n<p>B\u1ea3o h\u00e0nh: 24 th\u00e1ng<\/p>\n","protected":false},"featured_media":2496,"comment_status":"open","ping_status":"closed","template":"","meta":[],"product_cat":[282],"product_tag":[],"_links":{"self":[{"href":"https:\/\/www.oml.com.vn\/index.php?rest_route=\/wp\/v2\/product\/1564"}],"collection":[{"href":"https:\/\/www.oml.com.vn\/index.php?rest_route=\/wp\/v2\/product"}],"about":[{"href":"https:\/\/www.oml.com.vn\/index.php?rest_route=\/wp\/v2\/types\/product"}],"replies":[{"embeddable":true,"href":"https:\/\/www.oml.com.vn\/index.php?rest_route=%2Fwp%2Fv2%2Fcomments&post=1564"}],"wp:featuredmedia":[{"embeddable":true,"href":"https:\/\/www.oml.com.vn\/index.php?rest_route=\/wp\/v2\/media\/2496"}],"wp:attachment":[{"href":"https:\/\/www.oml.com.vn\/index.php?rest_route=%2Fwp%2Fv2%2Fmedia&parent=1564"}],"wp:term":[{"taxonomy":"product_cat","embeddable":true,"href":"https:\/\/www.oml.com.vn\/index.php?rest_route=%2Fwp%2Fv2%2Fproduct_cat&post=1564"},{"taxonomy":"product_tag","embeddable":true,"href":"https:\/\/www.oml.com.vn\/index.php?rest_route=%2Fwp%2Fv2%2Fproduct_tag&post=1564"}],"curies":[{"name":"wp","href":"https:\/\/api.w.org\/{rel}","templated":true}]}}