{"id":1566,"date":"2022-11-17T11:10:52","date_gmt":"2022-11-17T04:10:52","guid":{"rendered":"http:\/\/omllighting.com\/?post_type=product&#038;p=1566"},"modified":"2026-03-24T12:25:27","modified_gmt":"2026-03-24T05:25:27","slug":"den-duong-nang-luong-mat-troi-100w","status":"publish","type":"product","link":"https:\/\/www.oml.com.vn\/?product=den-duong-nang-luong-mat-troi-100w","title":{"rendered":"\u0110\u00c8N \u0110\u01af\u1edcNG N\u0102NG L\u01af\u1ee2NG M\u1eb6T TR\u1edcI 100W"},"content":{"rendered":"<p>1.Th\u00f4ng s\u1ed1 k\u1ef9 thu\u1eadt<br \/>\nM\u00e3 s\u1ea3n ph\u1ea9m: OML-\u0110BCNLMT-100W<br \/>\nH\u00e3ng s\u1ea3n xu\u1ea5t :OML LIGHTING<br \/>\nC\u00f4ng su\u1ea5t: 100W<br \/>\nDung l\u01b0\u1ee3ng pin: 15.000mAh<br \/>\nTi\u00eau chu\u1ea9n: IP67<br \/>\n\u00c1nh s\u00e1ng: Tr\u1eafng<br \/>\nTh\u1eddi gian s\u1ea1c pin: 6-8h<br \/>\nTh\u1eddi gian s\u00e1ng li\u00ean t\u1ee5c: 12-15h<br \/>\nB\u1ea3o h\u00e0nh 24 th\u00e1ng<br \/>\n2.C\u1ea5u t\u1ea1o<br \/>\n\u0110\u00e8n c\u00f3 c\u1ea5u t\u1ea1o g\u1ed3m: \u0111\u00e8n \u0111\u01b0\u1eddng, t\u1ea5m pin n\u0103ng l\u01b0\u1ee3ng, d\u00e2y ngu\u1ed3n k\u1ebft n\u1ed1i, \u0111i\u1ec1u khi\u1ec3n \u0111\u00e8n.<\/p>\n<p>\u0110\u00e8n \u0111\u01b0\u1eddng n\u0103ng l\u01b0\u1ee3ng r\u1eddi th\u1ec3 \u0111\u01b0\u1ee3c thi\u1ebft k\u1ebf ho\u00e0n to\u00e0n b\u1eb1ng nh\u00f4m \u0111\u00fac nguy\u00ean kh\u1ed1i ch\u1eafc ch\u1eafn ch\u1ecbu \u0111\u01b0\u1ee3c nh\u1eefng \u0111i\u1ec1u ki\u1ec7n kh\u1eafc nghi\u1ec7t c\u1ee7a th\u1eddi ti\u1ebft va \u0111\u1eadp, ch\u1ed1ng n\u01b0\u1edbc, ch\u1ed1ng b\u1ee5i b\u1ea9n v\u00e0 t\u1ea3n nhi\u1ec7t t\u1ed1t d\u01b0\u1edbi t\u00e1c \u0111\u1ed9ng \u00e1nh n\u1eafng m\u1eb7t tr\u1eddi. T\u1eeb \u0111\u00f3, gi\u00fap t\u0103ng tu\u1ed5i th\u1ecd c\u1ee7a \u0111\u00e8n \u0111\u01b0\u1ee3c l\u00e2u d\u00e0i.<br \/>\nT\u1ea5m pin n\u0103ng l\u01b0\u1ee3ng: \u0111\u01b0\u1ee3c thi\u1ebft k\u1ebf g\u1ed3m khung nh\u00f4m gi\u00fap b\u1ea3o v\u1ec7 t\u1ea5m pin, m\u1eb7t k\u00ednh ch\u1ecbu l\u1ef1c t\u1ed1t, l\u1edbp EVA gi\u00fap k\u1ebft d\u00ednh c\u00e1c l\u1edbp c\u1ee7a t\u1ea5m pin, t\u1ea5m n\u1ec1n t\u1ea3n nhi\u1ec7t, b\u1ea3o v\u1ec7 pin v\u00e0 th\u00e0nh ph\u1ea7n quan tr\u1ecdng nh\u1ea5t \u2013 l\u1edbp Solar cell poly c\u1ee7a t\u1ea5m pin n\u0103ng l\u01b0\u1ee3ng m\u1eb7t tr\u1eddi c\u00f3 ch\u1ee9c n\u0103ng h\u1ea5p th\u1ee5 v\u00e0 chuy\u1ec3n ho\u00e1 quang n\u0103ng th\u00e0nh \u0111i\u1ec7n n\u0103ng.<br \/>\nD\u00e2y ngu\u1ed3n gi\u00fap k\u1ebft n\u1ed1i t\u1ea5m pin n\u0103ng l\u01b0\u1ee3ng m\u1eb7t tr\u1eddi v\u00e0 \u0111\u00e8n \u0111\u01b0\u1ee3c ho\u1ea1t \u0111\u1ed9ng.<br \/>\n3.\u01afu \u0111i\u1ec3m<br \/>\n&#8211; T\u1ef1 \u0111\u1ed9ng chi\u1ebfu s\u00e1ng khi tr\u1eddi t\u1ed1i v\u00e0 t\u1eaft \u0111\u00e8n khi tr\u1eddi s\u00e1ng<br \/>\n&#8211; Ti\u1ebft ki\u1ec7m 100% ti\u1ec1n \u0111i\u1ec7n<br \/>\n&#8211; Th\u1eddi gian s\u00e1ng LI\u00caN T\u1ee4C t\u1eeb 12-15h<br \/>\n&#8211; Ch\u1ed1ng n\u01b0\u1edbc, ch\u1ed1ng b\u1ee5i tuy\u1ec7t \u0111\u1ed1i nh\u1edd t\u00edch h\u1ee3p ti\u00eau chu\u1ea9n IP67 , khi l\u1eafp \u0111\u1eb7t ngo\u00e0i tr\u1eddi m\u00e0 kh\u00f4ng s\u1ee3 m\u01b0a gi\u00f3 hay b\u1ee5i b\u1ea9n v\u00e0 kh\u00f4ng ng\u1ea1i th\u1eddi ti\u1ebft.<br \/>\n&#8211; M\u1ed7i b\u1ed9 \u0111\u00e8n \u0111\u01b0\u1ee3c t\u1eb7ng k\u00e8m 01 \u0111i\u1ec1u khi\u1ec3n t\u1eeb xa c\u1ee7a \u0111\u00e8n gi\u00fap kh\u00e1ch h\u00e0ng d\u1ec5 d\u00e0ng s\u1eed d\u1ee5ng \u0111\u00e8n theo nhu c\u1ea7u c\u1ee7a m\u00ecnh.<br \/>\n&#8211; Tu\u1ed5i th\u1ecd pin cao, b\u1ec1n \u0111\u1ebfn 30 n\u0103m<br \/>\n&#8211; \u0110\u00e8n \u0111\u01b0\u1ee3c thi\u1ebft k\u1ebf d\u1ec5 d\u00e0ng l\u1eafp \u0111\u1eb7t<\/p>\n","protected":false},"excerpt":{"rendered":"<p>M\u00e3 s\u1ea3n ph\u1ea9m\u00a0 \u00a0 :OML-\u0110BCNLMT-100W<br \/>\nC\u00f4ng su\u1ea5t\u00a0 \u00a0 \u00a0 \u00a0 \u00a0:100W<br \/>\n\u00c1nh s\u00e1ng\u00a0 \u00a0 \u00a0 \u00a0 \u00a0 : Tr\u1eafng<br \/>\nTi\u00eau chu\u1ea9n\u00a0 \u00a0 \u00a0 \u00a0 :IP 67<br \/>\nDung l\u01b0\u1ee3ng pin :15.0000mAh<br \/>\nTh\u01b0\u01a1ng hi\u1ec7u\u00a0 \u00a0 \u00a0: OML<br \/>\nB\u1ea3o h\u00e0nh\u00a0 \u00a0 \u00a0 \u00a0 \u00a0 \u00a0: 24 th\u00e1ng<\/p>\n","protected":false},"featured_media":1568,"comment_status":"open","ping_status":"closed","template":"","meta":[],"product_cat":[164],"product_tag":[],"_links":{"self":[{"href":"https:\/\/www.oml.com.vn\/index.php?rest_route=\/wp\/v2\/product\/1566"}],"collection":[{"href":"https:\/\/www.oml.com.vn\/index.php?rest_route=\/wp\/v2\/product"}],"about":[{"href":"https:\/\/www.oml.com.vn\/index.php?rest_route=\/wp\/v2\/types\/product"}],"replies":[{"embeddable":true,"href":"https:\/\/www.oml.com.vn\/index.php?rest_route=%2Fwp%2Fv2%2Fcomments&post=1566"}],"wp:featuredmedia":[{"embeddable":true,"href":"https:\/\/www.oml.com.vn\/index.php?rest_route=\/wp\/v2\/media\/1568"}],"wp:attachment":[{"href":"https:\/\/www.oml.com.vn\/index.php?rest_route=%2Fwp%2Fv2%2Fmedia&parent=1566"}],"wp:term":[{"taxonomy":"product_cat","embeddable":true,"href":"https:\/\/www.oml.com.vn\/index.php?rest_route=%2Fwp%2Fv2%2Fproduct_cat&post=1566"},{"taxonomy":"product_tag","embeddable":true,"href":"https:\/\/www.oml.com.vn\/index.php?rest_route=%2Fwp%2Fv2%2Fproduct_tag&post=1566"}],"curies":[{"name":"wp","href":"https:\/\/api.w.org\/{rel}","templated":true}]}}