{"id":1574,"date":"2022-11-17T11:38:45","date_gmt":"2022-11-17T04:38:45","guid":{"rendered":"http:\/\/omllighting.com\/?post_type=product&#038;p=1574"},"modified":"2023-07-12T15:22:36","modified_gmt":"2023-07-12T08:22:36","slug":"den-tuong-bamboo","status":"publish","type":"product","link":"https:\/\/www.oml.com.vn\/?product=den-tuong-bamboo","title":{"rendered":"\u0110\u00c8N T\u01af\u1edcNG BAMBOO"},"content":{"rendered":"<p><strong>Th\u00f4ng s\u1ed1 k\u1ef9 thu\u1eadt<\/strong><\/p>\n<p>\u2013 \u0110i\u1ec7n \u00e1p v\u00e0o: 85-265VAC 50\/60Hz<\/p>\n<p>\u2013 C\u00f4ng su\u1ea5t: 10W-18W<\/p>\n<p>\u2013 Ch\u1ec9 s\u1ed1 ho\u00e0n m\u00e0u Ra &gt;80<\/p>\n<p>\u2013 G\u00f3c chi\u1ebfu h\u1eaft: 60 \u0111\u1ed9<\/p>\n<p>\u2013 \u0110\u1ed9 k\u00edn n\u01b0\u1edbc: ngo\u00e0i tr\u1eddi IP65<\/p>\n<p>\u2013 Tu\u1ed5i th\u1ecd: 40.000h<\/p>\n<h3><strong>\u1ee8ng d\u1ee5ng c\u1ee7a\u00a0\u0111\u00e8n led h\u1eaft t\u01b0\u1eddng\u00a0 BAMBOO<\/strong><\/h3>\n<p>\u2013 \u1ee8ng d\u1ee5ng nhi\u1ec1u trong c\u00e1c thi\u1ebft k\u1ebf \u0111\u00e8n ngo\u00e0i tr\u1eddi<\/p>\n<p>\u2013 S\u1eed d\u1ee5ng l\u00e0m \u0111\u00e8n h\u1eaft c\u1ed9t, \u0111\u00e8n h\u1eaft t\u01b0\u1eddng bao\u2026.<\/p>\n<h3><strong>\u0110\u1eb7c \u0111i\u1ec3m c\u1ee7a \u0111\u00e8n led h\u1eaft t\u01b0\u1eddng BAMBOO<\/strong><\/h3>\n<p>\u2013 Th\u00e2n \u0111\u00e8n b\u1eb1ng nh\u00f4m s\u01a1n t\u0129nh \u0111i\u1ec7n \u0111\u1ea3m b\u1ea3o ch\u1ecbu n\u1eafng, ch\u1ed1ng r\u1ec9. S\u1eed d\u1ee5ng l\u00e2u b\u1ec1n cho c\u00f4ng tr\u00ecnh<\/p>\n<p>\u2013 \u0110\u00e8n led h\u1eaft t\u01b0\u1eddng bamboo m\u00e0u s\u1eafc l\u00e0 m\u00e0u \u0111en x\u00e1m<\/p>\n","protected":false},"excerpt":{"rendered":"<p>M\u00e3 s\u1ea3n ph\u1ea9m: OML-\u0110X-BAMBO<\/p>\n<p>C\u00f4ng su\u1ea5t: 10w-18w<\/p>\n<p>Th\u01b0\u01a1ng hi\u1ec7u : OML<\/p>\n<p>K\u00edch th\u01b0\u1edbc: \u00d860x180x120mm \/ \u00d890x260x120mm<\/p>\n<p>B\u1ea3o h\u00e0nh: 24 th\u00e1ng<\/p>\n","protected":false},"featured_media":2425,"comment_status":"open","ping_status":"closed","template":"","meta":[],"product_cat":[250],"product_tag":[],"_links":{"self":[{"href":"https:\/\/www.oml.com.vn\/index.php?rest_route=\/wp\/v2\/product\/1574"}],"collection":[{"href":"https:\/\/www.oml.com.vn\/index.php?rest_route=\/wp\/v2\/product"}],"about":[{"href":"https:\/\/www.oml.com.vn\/index.php?rest_route=\/wp\/v2\/types\/product"}],"replies":[{"embeddable":true,"href":"https:\/\/www.oml.com.vn\/index.php?rest_route=%2Fwp%2Fv2%2Fcomments&post=1574"}],"wp:featuredmedia":[{"embeddable":true,"href":"https:\/\/www.oml.com.vn\/index.php?rest_route=\/wp\/v2\/media\/2425"}],"wp:attachment":[{"href":"https:\/\/www.oml.com.vn\/index.php?rest_route=%2Fwp%2Fv2%2Fmedia&parent=1574"}],"wp:term":[{"taxonomy":"product_cat","embeddable":true,"href":"https:\/\/www.oml.com.vn\/index.php?rest_route=%2Fwp%2Fv2%2Fproduct_cat&post=1574"},{"taxonomy":"product_tag","embeddable":true,"href":"https:\/\/www.oml.com.vn\/index.php?rest_route=%2Fwp%2Fv2%2Fproduct_tag&post=1574"}],"curies":[{"name":"wp","href":"https:\/\/api.w.org\/{rel}","templated":true}]}}