{"id":1584,"date":"2022-11-18T11:02:53","date_gmt":"2022-11-18T04:02:53","guid":{"rendered":"http:\/\/omllighting.com\/?post_type=product&#038;p=1584"},"modified":"2024-07-09T15:38:43","modified_gmt":"2024-07-09T08:38:43","slug":"led-day-the-sun-anh-sang-vang","status":"publish","type":"product","link":"https:\/\/www.oml.com.vn\/?product=led-day-the-sun-anh-sang-vang","title":{"rendered":"LED D\u00c2Y THE SUN \u00c1NH S\u00c1NG V\u00c0NG"},"content":{"rendered":"<div class=\"c3daa13 fSegoeUIB ttu fs15 pb10\"><strong>1.TH\u00d4NG S\u1ed0 K\u1ef8 THU\u1eacT<\/strong><\/div>\n<div class=\"responsive-table\">\n<table style=\"height: 313px;\" width=\"713\">\n<tbody>\n<tr>\n<td width=\"163\">\u00a0M\u00e3 s\u1ea3n ph\u1ea9m<\/td>\n<td width=\"211\">OML- TSUN2835\/7W\/120BV<\/td>\n<\/tr>\n<tr>\n<td width=\"163\">\u00a0H\u00e3ng s\u1ea3n xu\u1ea5t<\/td>\n<td width=\"211\">OML \u00aeLIGHTING<\/td>\n<\/tr>\n<tr>\n<td width=\"163\">\u0110i\u1ec7n \u00e1p<\/td>\n<td width=\"211\">86-265V &#8211; DC220V<\/td>\n<\/tr>\n<tr>\n<td width=\"163\">C\u00f4ng su\u1ea5t<\/td>\n<td width=\"211\">7 W\/m<\/td>\n<\/tr>\n<tr>\n<td width=\"163\">S\u1ed1 l\u01b0\u1ee3ng chip<\/td>\n<td width=\"211\">120pcs \/ 1m &#8211; 2 chip\/h\u00e0ng<\/td>\n<\/tr>\n<tr>\n<td width=\"163\">\u00c1nh s\u00e1ng<\/td>\n<td width=\"211\">V\u00e0ng<\/td>\n<\/tr>\n<tr>\n<td width=\"163\">K\u1ebft xu\u1ea5t m\u00e0u<\/td>\n<td width=\"211\">&gt; 75 Ra<\/td>\n<\/tr>\n<tr>\n<td width=\"163\">\u0110\u00f3ng g\u00f3i<\/td>\n<td width=\"211\">Cu\u1ed9n 100m<\/td>\n<\/tr>\n<tr>\n<td width=\"163\">C\u1ea5p b\u1ea3o v\u1ec7<\/td>\n<td width=\"211\">IP65<\/td>\n<\/tr>\n<tr>\n<td width=\"163\">Ch\u1ea5t li\u1ec7u<\/td>\n<td width=\"211\">M\u1ea1ch \u0111\u1ed3ng + v\u1ecf nh\u1ef1a d\u1ebbo<\/td>\n<\/tr>\n<tr>\n<td width=\"163\">Chi\u1ec1u d\u00e0i c\u1eaft t\u1ed1i thi\u1ec3u<\/td>\n<td width=\"211\">1 m<\/td>\n<\/tr>\n<tr>\n<td width=\"163\">B\u1ea3o h\u00e0nh<\/td>\n<td width=\"211\">\u00a024 Th\u00e1ng<\/td>\n<\/tr>\n<\/tbody>\n<\/table>\n<\/div>\n<h2><strong>L\u01b0u \u00fd quan tr\u1ecdng khi s\u1eed d\u1ee5ng v\u00e0 l\u1eafp \u0111\u1eb7t \u0111\u00e8n led d\u00e2y\u00a0 2835<\/strong><\/h2>\n<ul>\n<li>C\u1ea7n tr\u1ea3i to\u00e0n b\u1ed9 cu\u1ed9n d\u00e2y ra c\u1eafm \u0111i\u1ec7n ki\u1ec3m tra ch\u1ea5t l\u01b0\u1ee3ng c\u1ea3 b\u1ed9<\/li>\n<li>Kh\u00f4ng \u0111\u01b0\u1ee3c l\u1eafp \u0111\u1eb7t\u00a0<strong>\u0111\u00e8n led d\u00e2y\u00a0 <\/strong>trong m\u00f4i tr\u01b0\u1eddng n\u01b0\u1edbc<\/li>\n<li>D\u00e2y led\u00a0 2835 ph\u1ea3i s\u1eed d\u1ee5ng Drive \u0111i k\u00e8m kh\u00f4ng \u0111\u01b0\u1ee3c c\u1eafm \u0111i\u1ec7n tr\u1ef1c ti\u1ebfp<\/li>\n<li>Qu\u00e1 tr\u00ecnh l\u1eafp \u0111\u1eb7t, l\u01b0u kho v\u1eadn chuy\u1ec3n kh\u00f4ng \u0111\u1ec3 d\u00e2y b\u1ecb \u0111\u00e8 \u00e9p b\u1eb1ng l\u1ef1c m\u1ea1nh d\u1eabn t\u1edbi hi\u1ec7n t\u01b0\u1ee3ng h\u01b0 h\u1ecfng m\u1eaft led g\u00e2y ra m\u1ed9t v\u00e0i \u0111o\u1ea1n kh\u00f4ng s\u00e1ng<\/li>\n<li>Tr\u01b0\u1edbc khi l\u1eafp \u0111\u1eb7t \u0111\u00e8n\u00a0\u00a0<em>led d\u00e2y 2835<\/em>\u00a0\u0111\u1eb7c bi\u1ec7t v\u00e0o m\u00f9a \u0111\u00f4ng n\u00ean c\u1eafm tr\u01b0\u1edbc v\u00e0i ph\u00fat \u0111\u1ec3 \u0111\u00e8n n\u00f3ng r\u1ed3i m\u1edbi ti\u1ebfn h\u00e0nh<\/li>\n<li>Ki\u1ec3m tra ngu\u1ed3n \u0111i\u1ec7n v\u00e0o theo th\u00f4ng s\u1ed1 , led d\u00e2y 2835 l\u00e0 220V<\/li>\n<li>N\u1ebfu c\u1ea7n c\u1eaft led d\u00e2y \u0111\u1ec3 ph\u00f9 h\u1ee3p v\u1edbi c\u00f4ng tr\u00ecnh, c\u1ea7n c\u1eaft \u0111\u00fang v\u1ebft c\u1eaft kho\u1ea3ng c\u00e1ch l\u00e0 1 m\u00e9t s\u1ebd c\u00f3 \u0111i\u1ec3m c\u1eaft<\/li>\n<li>\u0110\u1eb7c bi\u1ec7t khi l\u1eafp \u0111\u1eb7t \u0111\u00e8n led d\u00e2y ngo\u00e0i tr\u1eddi c\u00f3 ng\u01b0\u1eddi qua l\u1ea1i c\u00e1c \u0111\u1ea7u b\u1ecbt cu\u1ed1i d\u00e2y ho\u1eb7c n\u01a1i n\u1ed1i c\u1ea5p ngu\u1ed3n \u0111i\u1ec7n c\u1ea7n b\u1ecdc keo Silicol ch\u1ed1ng n\u01b0\u1edbc tr\u00e1nh \u0111o\u1ea3n m\u1ea1ch ho\u1eb7c r\u00f2 \u0111i\u1ec7n ra ngo\u00e0i nguy hi\u1ec3m<\/li>\n<li><strong>Led d\u00e2y\u00a0 2835 <\/strong>\u00a0khi s\u1eed d\u1ee5ng s\u1ebd ph\u00e1t nhi\u1ec7t tuy\u1ec7t \u0111\u1ed1i kh\u00f4ng \u0111\u1ec3 m\u1eb7t d\u00e2y b\u1ecb che ch\u1eafn<\/li>\n<li>L\u1eafp \u0111\u1eb7t thi\u1ebft b\u1ecb \u0111i\u1ec7n c\u1ea7n \u0111\u01b0\u1ee3c l\u1eafp \u0111\u1eb7t b\u1edbi nh\u00e2n vi\u00ean chuy\u00ean nghi\u1ec7p<\/li>\n<\/ul>\n<p><strong>2.\u01afU \u0110I\u1ec2M\u00a0<\/strong><\/p>\n<p>1.\u0110\u00e8n d\u00e2y led 2835 ch\u1ea5t l\u01b0\u1ee3ng cao, m\u1ea1ch \u0111\u1ed3ng, v\u1ecf nh\u1ef1a d\u1ebbo<br \/>\n2. Hi\u1ec7u su\u1ea5t cao 70lm\/w, ti\u1ebft ki\u1ec7m \u0111i\u1ec7n, 180 chip\/1m chi\u1ec1u d\u00e0i<br \/>\n3. \u0110i\u1ec7n \u00e1p \u0111\u1ea7u v\u00e0o 220V ph\u00f9 h\u1ee3p v\u1edbi l\u01b0\u1edbi \u0111i\u1ec7n d\u00e2n d\u1ee5ng<br \/>\n4. \u0110\u00f3ng g\u00f3i cu\u1ed9n 100m, m\u1ea1ch 10mm, k\u00edch th\u01b0\u1edbc nh\u1ecf g\u1ecdn, d\u1ebbo, d\u1ec5 d\u00e0ng u\u1ed1n n\u1eafn thi c\u00f4ng<br \/>\n5. IP65, s\u1ea3n ph\u1ea9m c\u00f3 th\u1ec3 s\u1eed d\u1ee5ng c\u1ea3 trong nh\u00e0 v\u00e0 ngo\u00e0i tr\u1eddi.<\/p>\n<p>6.B\u1ea3o h\u00e0nh : 24 th\u00e1ng<\/p>\n<div class=\"c3daa13 fSegoeUIB ttu fs15 pb10\"><strong>3.\u1ee8NG D\u1ee4NG TH\u1ef0C T\u1ebe<\/strong><\/div>\n<div class=\"\">&#8211; Chi\u1ebfu s\u00e1ng trang tr\u00ed trong nh\u00e0: h\u1eaft khe tr\u1ea7n, h\u1eaft khe t\u01b0\u1eddng, \u0111\u1ed3 n\u1ed9i th\u1ea5t, k\u1ec7 ti vi, ng\u0103n t\u1ee7<br \/>\n&#8211; Chi\u1ebfu s\u00e1ng trang tr\u00ed qu\u00e1n bar, nh\u00e0 h\u00e0ng, showroom&#8230;<br \/>\n&#8211; Chi\u1ebfu s\u00e1ng ngo\u00e0i tr\u1eddi: trang tr\u00ed c\u1ed5ng c\u1eeda, qu\u1ea5n c\u00e2y, nh\u00e0 th\u1edd&#8230;<\/div>\n","protected":false},"excerpt":{"rendered":"<p>\u2714 <strong>M\u00e3 s\u1ea3n ph\u1ea9m<\/strong>: OML-TSUN2835\/7W\/120BV<\/p>\n<p>\u2714<strong>\u0110i\u1ec7n \u00e1p<\/strong>\u00a0: 220V \u2013 DC<\/p>\n<p>\u2714\u00a0<strong>C<\/strong>\u00f4<strong>ng su\u1ea5t<\/strong>: 7w\/ m\u00e9t<\/p>\n<p>\u2714\u00a0<strong>\u00c1nh s\u00e1ng<\/strong>: V\u00e0ng<\/p>\n<p>\u2714\u00a0<strong>Ch\u1ea5t li\u1ec7u<\/strong>: V\u1ecf l\u00e0m b\u1eb1ng silicon trong su\u1ed1t<\/p>\n<p>\u2714\u00a0<strong>S\u1ed1 b\u00f3ng:<\/strong>120B\/M\u00e9t<\/p>\n<p>\u2714\u00a0<strong>G\u00f3c m\u1edf<\/strong>: 150\u00b0<\/p>\n<p>\u2714\u00a0<strong>Quy c\u00e1ch<\/strong>\u00a0: 100m\/cu\u1ed9n<\/p>\n<p>\u2714\u00a0<strong>B\u1ea3o h\u00e0nh :24 <\/strong>\u00a0th\u00e1ng<\/p>\n","protected":false},"featured_media":2472,"comment_status":"open","ping_status":"closed","template":"","meta":[],"product_cat":[279],"product_tag":[],"_links":{"self":[{"href":"https:\/\/www.oml.com.vn\/index.php?rest_route=\/wp\/v2\/product\/1584"}],"collection":[{"href":"https:\/\/www.oml.com.vn\/index.php?rest_route=\/wp\/v2\/product"}],"about":[{"href":"https:\/\/www.oml.com.vn\/index.php?rest_route=\/wp\/v2\/types\/product"}],"replies":[{"embeddable":true,"href":"https:\/\/www.oml.com.vn\/index.php?rest_route=%2Fwp%2Fv2%2Fcomments&post=1584"}],"wp:featuredmedia":[{"embeddable":true,"href":"https:\/\/www.oml.com.vn\/index.php?rest_route=\/wp\/v2\/media\/2472"}],"wp:attachment":[{"href":"https:\/\/www.oml.com.vn\/index.php?rest_route=%2Fwp%2Fv2%2Fmedia&parent=1584"}],"wp:term":[{"taxonomy":"product_cat","embeddable":true,"href":"https:\/\/www.oml.com.vn\/index.php?rest_route=%2Fwp%2Fv2%2Fproduct_cat&post=1584"},{"taxonomy":"product_tag","embeddable":true,"href":"https:\/\/www.oml.com.vn\/index.php?rest_route=%2Fwp%2Fv2%2Fproduct_tag&post=1584"}],"curies":[{"name":"wp","href":"https:\/\/api.w.org\/{rel}","templated":true}]}}