{"id":1592,"date":"2022-11-22T21:31:42","date_gmt":"2022-11-22T14:31:42","guid":{"rendered":"http:\/\/omllighting.com\/?post_type=product&#038;p=1592"},"modified":"2022-11-22T21:35:56","modified_gmt":"2022-11-22T14:35:56","slug":"link-kien","status":"publish","type":"product","link":"https:\/\/www.oml.com.vn\/?product=link-kien","title":{"rendered":"LINK KI\u1ec6N"},"content":{"rendered":"<p>\u0110\u1ed3ng b\u1ed9 v\u1edbi c\u00e1c s\u1ea3n ph\u1ea9m \u0111\u00e8n r\u1ecdi ray,\u00e2m tr\u1ea7n l\u00e0 nh\u1eefng link ki\u1ec7n \u0111i k\u00e8m \u0111\u1ea1t ti\u00eau chu\u1ea9n cao v\u1edbi h\u1ec7 th\u1ed1ng thanh ray, \u0111\u1ebf ray, kh\u1edbp n\u1ed1i, ch\u1ea5n l\u01b0u \u2026<\/p>\n","protected":false},"excerpt":{"rendered":"<p>\u0110\u1ed3ng b\u1ed9 v\u1edbi c\u00e1c s\u1ea3n ph\u1ea9m \u0111\u00e8n r\u1ecdi ray,\u00e2m tr\u1ea7n l\u00e0 nh\u1eefng link ki\u1ec7n \u0111i k\u00e8m \u0111\u1ea1t ti\u00eau chu\u1ea9n cao v\u1edbi h\u1ec7 th\u1ed1ng thanh ray, \u0111\u1ebf ray, kh\u1edbp n\u1ed1i, ch\u1ea5n l\u01b0u \u2026<\/p>\n","protected":false},"featured_media":1602,"comment_status":"open","ping_status":"closed","template":"","meta":[],"product_cat":[281],"product_tag":[],"_links":{"self":[{"href":"https:\/\/www.oml.com.vn\/index.php?rest_route=\/wp\/v2\/product\/1592"}],"collection":[{"href":"https:\/\/www.oml.com.vn\/index.php?rest_route=\/wp\/v2\/product"}],"about":[{"href":"https:\/\/www.oml.com.vn\/index.php?rest_route=\/wp\/v2\/types\/product"}],"replies":[{"embeddable":true,"href":"https:\/\/www.oml.com.vn\/index.php?rest_route=%2Fwp%2Fv2%2Fcomments&post=1592"}],"wp:featuredmedia":[{"embeddable":true,"href":"https:\/\/www.oml.com.vn\/index.php?rest_route=\/wp\/v2\/media\/1602"}],"wp:attachment":[{"href":"https:\/\/www.oml.com.vn\/index.php?rest_route=%2Fwp%2Fv2%2Fmedia&parent=1592"}],"wp:term":[{"taxonomy":"product_cat","embeddable":true,"href":"https:\/\/www.oml.com.vn\/index.php?rest_route=%2Fwp%2Fv2%2Fproduct_cat&post=1592"},{"taxonomy":"product_tag","embeddable":true,"href":"https:\/\/www.oml.com.vn\/index.php?rest_route=%2Fwp%2Fv2%2Fproduct_tag&post=1592"}],"curies":[{"name":"wp","href":"https:\/\/api.w.org\/{rel}","templated":true}]}}