{"id":1604,"date":"2022-11-25T10:03:49","date_gmt":"2022-11-25T03:03:49","guid":{"rendered":"http:\/\/omllighting.com\/?post_type=product&#038;p=1604"},"modified":"2026-03-24T12:25:27","modified_gmt":"2026-03-24T05:25:27","slug":"tube-led-oval-mica-tran-vien-20w","status":"publish","type":"product","link":"https:\/\/www.oml.com.vn\/?product=tube-led-oval-mica-tran-vien-20w","title":{"rendered":"TUBE LED OVAL MICA  TR\u00c0N VI\u1ec0N 20W"},"content":{"rendered":"<h2 id=\"ftoc-heading-1\" class=\"ftwp-heading\"><strong><b>1. Th\u00f4ng s\u1ed1 k\u1ef9 thu\u1eadt<\/b><\/strong><\/h2>\n<table style=\"height: 251px;\" width=\"716\">\n<tbody>\n<tr>\n<td width=\"163\">\u00a0M\u00e3 s\u1ea3n ph\u1ea9m<\/td>\n<td width=\"211\">OML-OVAL-420W<\/td>\n<\/tr>\n<tr>\n<td width=\"163\">\u00a0H\u00e3ng s\u1ea3n xu\u1ea5t<\/td>\n<td width=\"211\">OML \u00ae LIGHTING<\/td>\n<\/tr>\n<tr>\n<td width=\"163\">\u00a0C\u00f4ng su\u1ea5t<\/td>\n<td width=\"211\">20W<\/td>\n<\/tr>\n<tr>\n<td width=\"163\">\u00a0K\u00edch th\u01b0\u1edbc<\/td>\n<td width=\"211\">600 Mm<\/td>\n<\/tr>\n<tr>\n<td width=\"163\">\u00a0Quang th\u00f4ng<\/td>\n<td width=\"211\">2200 Lm<\/td>\n<\/tr>\n<tr>\n<td width=\"163\">\u00a0\u00c1nh s\u00e1ng<\/td>\n<td width=\"211\">Tr\u1eafng<\/td>\n<\/tr>\n<tr>\n<td width=\"163\">\u00a0\u0110i\u1ec7n \u00e1p (AC)<\/td>\n<td width=\"211\">\u00a0AC 120-265<\/td>\n<\/tr>\n<tr>\n<td width=\"163\">\u00a0Tu\u1ed5i th\u1ecd chip LED<\/td>\n<td width=\"211\">\u00a040.000 gi\u1edd<\/td>\n<\/tr>\n<tr>\n<td width=\"163\">\u00a0B\u1ea3o h\u00e0nh<\/td>\n<td width=\"211\">\u00a024 th\u00e1ng<\/td>\n<\/tr>\n<\/tbody>\n<\/table>\n<h2 id=\"ftoc-heading-3\" class=\"ftwp-heading\"><strong><b>2. C\u1ea5u t\u1ea1o c\u1ee7a \u0111\u00e8n TUBE LED OVAL 20W<\/b><\/strong><\/h2>\n<p><strong>\u0110\u00e8n <\/strong><span style=\"font-size: 100%;\"><strong><b>TUBE LED OVAL 20W <\/b><\/strong><\/span><strong>c\u00f3 c\u1ea5u t\u1ea1o r\u1ea5t \u0111\u01a1n gi\u1ea3n, nguy\u00ean v\u1eadt li\u1ec7u v\u00e0 linh ki\u1ec7n c\u1ee7a \u0111\u00e8n \u0111\u01b0\u1ee3c ch\u1ecdn l\u1ecdc ch\u1ea5t l\u01b0\u1ee3ng.C\u1ea5u t\u1ea1o c\u1ee7a \u0111\u00e8n <span style=\"font-size: 100%;\"><b>TUBE LED OVAL 20W<\/b><\/span> bao g\u1ed3m c\u00e1c b\u1ed9 ph\u1eadn ch\u00ednh: Chip LED; B\u1ed9 ngu\u1ed3n (Driver);\u00a0 Th\u00e2n \u0111\u00e8n, T\u00e1n quang<\/strong><\/p>\n<ol>\n<li><strong>Th\u00e2n \u0111\u00e8n<\/strong>\n<p style=\"font-weight: 400;\">\u0110\u00e2y l\u00e0 b\u1ed9 ph\u1eadn t\u1ea1o n\u00ean h\u00ecnh d\u00e1ng c\u1ee7a \u0111\u00e8n. V\u1edbi \u0111\u00e8n <strong><span style=\"font-size: 100%;\"><b>TUBE LED OVAL <\/b><\/span><\/strong>th\u00ec th\u00e2n \u0111\u00e8n \u0111\u01b0\u1ee3c thi\u1ebft k\u1ebf li\u1ec1n m\u00e1ng, bo tr\u00f2n nh\u01b0ng v\u1eabn gi\u1eef n\u00e9t kh\u1ecfe kho\u1eafn. \u0110i\u1ec1u n\u00e0y gi\u00fap t\u1ea1o n\u00ean t\u1ed5ng th\u1ec3 thi\u1ebft k\u1ebf ch\u1eafc ch\u1eafn v\u00e0 d\u1ec5 d\u00e0ng l\u1eafp \u0111\u1eb7t cho m\u1ecdi lo\u1ea1i tr\u1ea7n, gi\u00e1 treo.<\/p>\n<p style=\"font-weight: 400;\">Th\u00e2n \u0111\u00e8n \u0111\u01b0\u1ee3c l\u00e0m b\u1eb1ng nh\u00f4m cao c\u1ea5p, ph\u1ee7 s\u01a1n t\u0129nh \u0111i\u1ec7n ng\u0103n ch\u1eb7n s\u1ef1 oxy h\u00f3a v\u00e0 gi\u00fap s\u1ea3n ph\u1ea9m c\u00f3 \u0111\u1ed9 b\u1ec1n cao, an to\u00e0n cho ng\u01b0\u1eddi d\u00f9ng.<\/p>\n<\/li>\n<li><span style=\"color: #555555;\"><strong>Ph\u1ea7n t\u00e1n quang c\u1ee7a \u0111\u00e8n\u00a0<\/strong>\u00a0 \u00a0 \u00a0 \u00a0 \u00a0 \u00a0 \u00a0 \u00a0 \u00a0 \u00a0 \u00a0 \u00a0 \u00a0 \u00a0 \u00a0 \u00a0 \u00a0 \u00a0 \u00a0 \u00a0 \u00a0 \u00a0 \u00a0 \u00a0 \u00a0 \u00a0 \u00a0 \u00a0 \u00a0 \u00a0 \u00a0 \u00a0 \u00a0 \u00a0 \u00a0 \u00a0 \u00a0 \u00a0 \u00a0 \u00a0 \u00a0 \u00a0 \u00a0 \u00a0 \u00a0 \u00a0 \u00a0 \u00a0 \u00a0 \u00a0 \u00a0 \u00a0 \u00a0 \u00a0 \u00a0 \u00a0 \u00a0 \u00a0 \u00a0 \u00a0 \u00a0 \u00a0 \u00a0 \u00a0 \u00a0 \u00a0 \u00a0 \u00a0 \u00a0 \u00a0 \u00a0 \u00a0 \u00a0 \u00a0 \u00a0 \u00a0 \u00a0 \u00a0 <\/span>\u0110\u01b0\u1ee3c l\u00e0m t\u1eeb nh\u1ef1a PC cao c\u1ea5p c\u00f3 \u0111\u1ed9 th\u1ea5u quang &gt; 95% gi\u00fap c\u1ea3i thi\u1ec7n hi\u1ec7u su\u1ea5t c\u1ee7a \u0111\u00e8n. Thi\u1ebft k\u1ebf bo tr\u00f2n gi\u00fap \u00e1nh s\u00e1ng ph\u00e2n b\u1ed1 \u0111\u1ec1u h\u01a1n, kh\u00f4ng gian chi\u1ebfu s\u00e1ng r\u1ed9ng h\u01a1n.<\/li>\n<li><strong>M\u1ea1ch v\u00e0 Chip Led\u00a0<\/strong>\u00a0 \u00a0 \u00a0 \u00a0 \u00a0 \u00a0 \u00a0 \u00a0 \u00a0 \u00a0 \u00a0 \u00a0 \u00a0 \u00a0 \u00a0 \u00a0 \u00a0 \u00a0 \u00a0 \u00a0 \u00a0 \u00a0 \u00a0 \u00a0 \u00a0 \u00a0 \u00a0 \u00a0 \u00a0 \u00a0 \u00a0 \u00a0 \u00a0 \u00a0 \u00a0 \u00a0 \u00a0 \u00a0 \u00a0 \u00a0 \u00a0 \u00a0 \u00a0 \u00a0 \u00a0 \u00a0 \u00a0 \u00a0 \u00a0 \u00a0 \u00a0 \u00a0 \u00a0 \u00a0 \u00a0 \u00a0 \u00a0 \u00a0 \u00a0 \u00a0 \u00a0 \u00a0 \u00a0 \u00a0 \u00a0 \u00a0 \u00a0 \u00a0 \u00a0 \u00a0 \u00a0 \u00a0 \u00a0 \u00a0 \u00a0 \u00a0 \u00a0 \u00a0 \u00a0 \u00a0 \u00a0 \u00a0 \u00a0 \u00a0\u0110\u00e2y l\u00e0 b\u1ed9 ph\u1eadn quy\u1ebft \u0111\u1ecbnh hi\u1ec7u su\u1ea5t chi\u1ebfu s\u00e1ng, kh\u1ea3 n\u0103ng ti\u1ebft ki\u1ec7m \u0111i\u1ec7n n\u0103ng v\u00e0 tu\u1ed5i th\u1ecd c\u1ee7a \u0111\u00e8n. \u0110\u00e8n <strong><span style=\"font-size: 100%;\"><b>TUBE LED OVAL\u00a0 <\/b><\/span><\/strong>s\u1eed d\u1ee5ng c\u00f4ng ngh\u1ec7 chip led cao c\u1ea5p. Nh\u1edd v\u1eady c\u00f3 hi\u1ec7u su\u1ea5t ph\u00e1t quang cao, th\u00e2n thi\u1ec7n v\u1edbi s\u1ee9c kh\u1ecfe \u0111\u00f4i m\u1eaft.<\/li>\n<li><strong>Ph\u1ea7n ngu\u1ed3n<\/strong>\u00a0 \u00a0 \u00a0 \u00a0 \u00a0 \u00a0 \u00a0 \u00a0 \u00a0 \u00a0 \u00a0 \u00a0 \u00a0 \u00a0 \u00a0 \u00a0 \u00a0 \u00a0 \u00a0 \u00a0 \u00a0 \u00a0 \u00a0 \u00a0 \u00a0 \u00a0 \u00a0 \u00a0 \u00a0 \u00a0 \u00a0 \u00a0 \u00a0 \u00a0 \u00a0 \u00a0 \u00a0 \u00a0 \u00a0 \u00a0 \u00a0 \u00a0 \u00a0 \u00a0 \u00a0 \u00a0 \u00a0 \u00a0 \u00a0 \u00a0 \u00a0 \u00a0 \u00a0 \u00a0 \u00a0 \u00a0 \u00a0 \u00a0 \u00a0 \u00a0 \u00a0 \u00a0 \u00a0 \u00a0 \u00a0 \u00a0 \u00a0 \u00a0 \u00a0 \u00a0 \u00a0 \u00a0 \u00a0 \u00a0 \u00a0 \u00a0 \u00a0 \u00a0 \u00a0 \u00a0 \u00a0 \u00a0 \u00a0 \u00a0 \u00a0 \u00a0 \u00a0 \u00a0S\u1eed d\u1ee5ng b\u1ed9 ngu\u1ed3n c\u00f3 d\u1ea3i \u0111i\u1ec7n \u00e1p r\u1ed9ng, ph\u00f9 h\u1ee3p cho c\u1ea3 khu v\u1ef1c c\u00f3 \u0111i\u1ec7n \u00e1p kh\u00f4ng \u1ed5n \u0111\u1ecbnh. Nh\u1edd \u0111\u00f3 m\u00e0 \u0111\u00e8n ho\u1ea1t \u0111\u1ed9ng \u1ed5n \u0111\u1ecbnh v\u00e0 kh\u00f4ng b\u1ecb gi\u1ea3m hi\u1ec7u su\u1ea5t chi\u1ebfu s\u00e1ng.<\/li>\n<\/ol>\n<p>&nbsp;<\/p>\n<h2 id=\"ftoc-heading-4\" class=\"ftwp-heading\"><strong><b>3. \u01afu \u0111i\u1ec3m c\u1ee7a \u0111\u00e8n LED tu\u00fdp Oval 20W<\/b><\/strong><\/h2>\n<p><strong>L\u00e0 m\u1ed9t s\u1ea3n ph\u1ea9m c\u00f3 ki\u1ec3u d\u00e1ng m\u1edbi l\u1ea1, \u0111\u00e8n <span style=\"font-size: 100%;\"><b>TUBE LED OVAL<\/b><\/span> 20W kh\u00f4ng ch\u1ec9 l\u00e0 s\u1ea3n ph\u1ea9m chi\u1ebfu s\u00e1ng ho\u00e0n h\u1ea3o m\u00e0 c\u00f2n ph\u00f9 h\u1ee3p d\u00f9ng cho trang tr\u00ed v\u1edbi nhi\u1ec1u kh\u00f4ng gian kh\u00e1c nhau.<\/strong><\/p>\n<ul>\n<li aria-level=\"1\"><strong>Ti\u1ebft ki\u1ec7m \u0111i\u1ec7n \u0111\u1ebfn 80% \u0111i\u1ec7n n\u0103ng so v\u1edbi \u0111\u00e8n truy\u1ec1n th\u1ed1ng<\/strong><\/li>\n<li aria-level=\"1\"><strong>S\u1eed d\u1ee5ng chip LED\u00a0 cao c\u1ea5p cho tu\u1ed5i th\u1ecd l\u00ean \u0111\u1ebfn 40.000 gi\u1edd<\/strong><\/li>\n<li aria-level=\"1\"><strong>Ti\u1ebft ki\u1ec7m th\u1eddi gian v\u00e0 chi ph\u00ed thay m\u1edbi hay s\u1eeda ch\u1eefa<\/strong><\/li>\n<li aria-level=\"1\"><strong>Kh\u1ea3 n\u0103ng ho\u00e0n m\u00e0u cao, cho \u00e1nh s\u00e1ng trung th\u1ef1c, b\u1ea3o v\u1ec7 th\u1ecb l\u1ef1c<\/strong><\/li>\n<li aria-level=\"1\"><strong>Kh\u1ea3 n\u0103ng chi\u1ebfu s\u00e1ng hi\u1ec7u qu\u1ea3, gi\u00e1 th\u00e0nh h\u1ee3p l\u00fd<\/strong><\/li>\n<li aria-level=\"1\"><strong>B\u1ea3o h\u00e0nh 24 th\u00e1ng<\/strong><\/li>\n<\/ul>\n<h2 id=\"ftoc-heading-4\" class=\"ftwp-heading\"><strong><b>3. \u1ee8ng d\u1ee5ng c\u1ee7a \u0111\u00e8n LED tu\u00fdp Oval 20W<\/b><\/strong><\/h2>\n<p style=\"font-weight: 400;\">Kh\u00f4ng nh\u1eefng s\u1eed d\u1ee5ng trong gia \u0111\u00ecnh, v\u1edbi thi\u1ebft k\u1ebf m\u1edbi l\u1ea1 v\u00e0 th\u1ea9m m\u1ef9, \u0111\u00e8n <strong><span style=\"font-size: 100%;\"><b>TUBE LED OVAL<\/b><\/span><\/strong> ho\u00e0n to\u00e0n ph\u00f9 h\u1ee3p v\u1edbi nhi\u1ec1u kh\u00f4ng gian. \u0110\u1eb7c bi\u1ec7t l\u00e0 nh\u1eefng n\u01a1i c\u1ea7n \u00e1nh s\u00e1ng t\u1eadp trung v\u00e0 \u0111\u1ea3m b\u1ea3o \u0111\u1ed9 ho\u00e0n m\u00e0u cao c\u0169ng nh\u01b0 an to\u00e0n th\u1ecb l\u1ef1c.<\/p>\n<p><span style=\"font-weight: 400;\">S\u1ea3n ph\u1ea9m \u0111\u01b0\u1ee3c l\u1eafp \u0111\u1eb7t t\u1ea1i c\u00e1c c\u00f4ng tr\u00ecnh sau:<\/span><\/p>\n<ul style=\"font-weight: 400;\">\n<li>\u0110\u00e8n \u0111\u01b0\u1ee3c s\u1eed d\u1ee5ng \u1edf nhi\u1ec1u n\u01a1i nh\u01b0 v\u0103n ph\u00f2ng<\/li>\n<li>H\u1ec7 th\u1ed1ng chi\u1ebfu s\u00e1ng cho c\u01a1 quan.<\/li>\n<li>H\u1ec7 th\u1ed1ng chi\u1ebfu s\u00e1ng nh\u00e0 \u1edf<\/li>\n<li>H\u1ec7 th\u1ed1ng chi\u1ebfu s\u00e1ng h\u1ecdc \u0111\u01b0\u1eddng, th\u01b0 vi\u1ec7n<\/li>\n<li>L\u1eafp \u0111\u1eb7t trong c\u00e1c b\u1ec7nh vi\u1ec7n, ph\u00f2ng kh\u00e1m<\/li>\n<li>H\u1ec7 th\u1ed1ng chi\u1ebfu s\u00e1ng si\u00eau th\u1ecb, showroom, TTTM\u2026<\/li>\n<\/ul>\n","protected":false},"excerpt":{"rendered":"<table>\n<tbody>\n<tr>\n<td><strong>M\u00e3 s\u1ea3n ph\u1ea9m<\/strong><br \/>\n<strong>C\u00f4ng su\u1ea5t<\/strong><br \/>\n<strong>\u00c1nh s\u00e1ng<\/strong><br \/>\n<strong>K\u00edch th\u01b0\u1edbc<\/strong><br \/>\n<strong>\u0110i\u1ec7n \u00e1p<\/strong><br \/>\n<strong>Th\u01b0\u01a1ng hi\u1ec7u<\/strong><br \/>\n<strong>Tu\u1ed5i th\u1ecd<\/strong><br \/>\n<strong>B\u1ea3o h\u00e0nh<\/strong><\/td>\n<td><span class=\"fontstyle0\">: OML-OVAL- 20W<\/span><br \/>\n: 20W<br \/>\n: Tr\u1eafng<br \/>\n: 600 mm<br \/>\n:\u00a0<span class=\"fontstyle0\">AC 120-265<\/span><br \/>\n: OML \u00ae LIGHTING<br \/>\n: 40.000h<br \/>\n: 24 th\u00e1ng<\/td>\n<\/tr>\n<\/tbody>\n<\/table>\n","protected":false},"featured_media":1605,"comment_status":"open","ping_status":"closed","template":"","meta":[],"product_cat":[283],"product_tag":[],"_links":{"self":[{"href":"https:\/\/www.oml.com.vn\/index.php?rest_route=\/wp\/v2\/product\/1604"}],"collection":[{"href":"https:\/\/www.oml.com.vn\/index.php?rest_route=\/wp\/v2\/product"}],"about":[{"href":"https:\/\/www.oml.com.vn\/index.php?rest_route=\/wp\/v2\/types\/product"}],"replies":[{"embeddable":true,"href":"https:\/\/www.oml.com.vn\/index.php?rest_route=%2Fwp%2Fv2%2Fcomments&post=1604"}],"wp:featuredmedia":[{"embeddable":true,"href":"https:\/\/www.oml.com.vn\/index.php?rest_route=\/wp\/v2\/media\/1605"}],"wp:attachment":[{"href":"https:\/\/www.oml.com.vn\/index.php?rest_route=%2Fwp%2Fv2%2Fmedia&parent=1604"}],"wp:term":[{"taxonomy":"product_cat","embeddable":true,"href":"https:\/\/www.oml.com.vn\/index.php?rest_route=%2Fwp%2Fv2%2Fproduct_cat&post=1604"},{"taxonomy":"product_tag","embeddable":true,"href":"https:\/\/www.oml.com.vn\/index.php?rest_route=%2Fwp%2Fv2%2Fproduct_tag&post=1604"}],"curies":[{"name":"wp","href":"https:\/\/api.w.org\/{rel}","templated":true}]}}