{"id":1609,"date":"2022-11-27T10:08:20","date_gmt":"2022-11-27T03:08:20","guid":{"rendered":"http:\/\/omllighting.com\/?post_type=product&#038;p=1609"},"modified":"2026-03-24T12:25:27","modified_gmt":"2026-03-24T05:25:27","slug":"den-nha-xuong-ufo","status":"publish","type":"product","link":"https:\/\/www.oml.com.vn\/?product=den-nha-xuong-ufo","title":{"rendered":"\u0110\u00c8N NH\u00c0 X\u01af\u1edeNG UFO"},"content":{"rendered":"<p>\u0110\u00c8N NH\u00c0 X\u01af\u1edeNG \u0111\u01b0\u1ee3c thi\u1ebft k\u1ebf v\u1edbi nhi\u1ec1u \u0111\u1eb7c \u0111i\u1ec3m ri\u00eang bi\u1ec7t, chuy\u00ean d\u1ee5ng \u0111\u1ec3 ph\u00f9 h\u1ee3p nh\u1ea5t cho m\u1ee5c \u0111\u00edch chi\u1ebfu s\u00e1ng c\u00f4ng nghi\u1ec7p t\u1ea1i c\u00e1c nh\u00e0 x\u01b0\u1edfng, x\u00ed nghi\u1ec7p, nh\u00e0 m\u00e1y s\u1ea3n xu\u1ea5t, khu ch\u1ebf xu\u1ea5t,\u2026v\u1edbi y\u00eau c\u1ea7u chi\u1ebfu s\u00e1ng cao v\u00e0 li\u00ean t\u1ee5c, \u0111\u00e1p \u1ee9ng chi\u1ebfu s\u00e1ng \u1edf m\u00f4i tr\u01b0\u1eddng l\u00e0m vi\u1ec7c kh\u1eafc nghi\u1ec7t: Nhi\u1ec7t \u0111\u1ed9 cao, \u0111\u1ed9 \u1ea9m cao, b\u1ee5i b\u1ea9n nhi\u1ec1u, d\u00f2ng \u0111i\u1ec7n kh\u00f4ng \u1ed5n \u0111\u1ecbnh.<br \/>\nDo y\u00eau c\u1ea7u v\u1ec1 chi\u1ebfu s\u00e1ng khu v\u1ef1c c\u00f3 di\u1ec7n t\u00edch r\u1ed9ng, l\u1eafp \u0111\u1eb7t c\u00e1ch m\u1eb7t s\u00e0n t\u01b0\u01a1ng \u0111\u1ed1i cao n\u00ean \u0110\u00c8N NH\u00c0 X\u01af\u1edeNG th\u01b0\u1eddng \u0111\u01b0\u1ee3c thi\u1ebft k\u1ebf t\u1ec9 m\u1ec9, c\u1ea9n th\u1eadn h\u01a1n, v\u1eadt li\u1ec7u l\u1ef1a ch\u1ecdn ph\u1ea3i c\u00f3 t\u00ednh t\u1ea3n nhi\u1ec7t t\u1ed1t nh\u01b0 h\u1ee3p kim nh\u00f4m nguy\u00ean kh\u1ed1i, ch\u00edp LED c\u00f4ng su\u1ea5t cao, quang th\u00f4ng l\u1edbn \u0111\u1ec3 \u0111\u00e1p \u1ee9ng y\u00eau c\u1ea7u.<br \/>\nNh\u1eefng \u01b0u \u0111i\u1ec3m n\u1ed5i b\u1eadt c\u1ee7a \u0111\u00e8n nh\u00e0 x\u01b0\u1edfng<br \/>\nS\u1eed d\u1ee5ng ch\u00edp LED \u0111\u1ea1t \u0111\u1ed9 tin c\u1eady cao<br \/>\nCh\u1ea5t l\u01b0\u1ee3ng \u00e1nh s\u00e1ng cao CRI&gt;=80 t\u0103ng kh\u1ea3 n\u0103ng nh\u1eadn di\u1ec7n m\u00e0u s\u1eafc<br \/>\nTu\u1ed5i th\u1ecd 50.000h, ti\u1ebft ki\u1ec7m \u0111\u1ebfn 45% \u0111i\u1ec7n n\u0103ng gi\u1ea3m chi ph\u00ed v\u1eadn h\u00e0nh<br \/>\nT\u01b0\u01a1ng th\u00edch \u0111i\u1ec7n t\u1eeb tr\u01b0\u1eddng EMC\/EMI d\u1ea3i \u0111i\u1ec7n \u00e1p r\u1ed9ng t\u1eeb AC 85V- 265V<\/p>\n","protected":false},"excerpt":{"rendered":"<p>T\u00ean s\u1ea3n ph\u1ea9m\u00a0 \u00a0 \u00a0 \u00a0: \u0110\u00c8N NH\u00c0 X\u01af\u1edeNG UFO<\/p>\n<p>M\u00e3 s\u1ea3n ph\u1ea9m\u00a0 \u00a0 \u00a0 \u00a0 : OML-UFO-100W \/ OML-UFO-150W \/\u00a0 OML-UFO-200W<\/p>\n<p>C\u00f4ng su\u1ea5t\u00a0 \u00a0 \u00a0 \u00a0 \u00a0 \u00a0 \u00a0: 100W \/ 150W \/ 200W<\/p>\n<p>K\u00edch th\u01b0\u1edbc\u00a0 \u00a0 \u00a0 \u00a0 \u00a0 \u00a0: 222x85mm \/ 265x95mm \/ 300x95mm<\/p>\n<p>Quang th\u00f4ng\u00a0 \u00a0 \u00a0 \u00a0: 1,4kg \/ 2,1kg \/ 2,7kg<\/p>\n<p>\u0110i\u1ec7n \u00e1p\u00a0 \u00a0 \u00a0 \u00a0 \u00a0 \u00a0 \u00a0 \u00a0 : AC85-265V<\/p>\n<p>M\u00e0u s\u1eafc\u00a0 \u00a0 \u00a0 \u00a0 \u00a0 \u00a0 \u00a0 \u00a0: Tr\u1eafng<\/p>\n","protected":false},"featured_media":2513,"comment_status":"open","ping_status":"closed","template":"","meta":[],"product_cat":[285,164],"product_tag":[],"_links":{"self":[{"href":"https:\/\/www.oml.com.vn\/index.php?rest_route=\/wp\/v2\/product\/1609"}],"collection":[{"href":"https:\/\/www.oml.com.vn\/index.php?rest_route=\/wp\/v2\/product"}],"about":[{"href":"https:\/\/www.oml.com.vn\/index.php?rest_route=\/wp\/v2\/types\/product"}],"replies":[{"embeddable":true,"href":"https:\/\/www.oml.com.vn\/index.php?rest_route=%2Fwp%2Fv2%2Fcomments&post=1609"}],"wp:featuredmedia":[{"embeddable":true,"href":"https:\/\/www.oml.com.vn\/index.php?rest_route=\/wp\/v2\/media\/2513"}],"wp:attachment":[{"href":"https:\/\/www.oml.com.vn\/index.php?rest_route=%2Fwp%2Fv2%2Fmedia&parent=1609"}],"wp:term":[{"taxonomy":"product_cat","embeddable":true,"href":"https:\/\/www.oml.com.vn\/index.php?rest_route=%2Fwp%2Fv2%2Fproduct_cat&post=1609"},{"taxonomy":"product_tag","embeddable":true,"href":"https:\/\/www.oml.com.vn\/index.php?rest_route=%2Fwp%2Fv2%2Fproduct_tag&post=1609"}],"curies":[{"name":"wp","href":"https:\/\/api.w.org\/{rel}","templated":true}]}}