{"id":1610,"date":"2022-11-29T22:17:09","date_gmt":"2022-11-29T15:17:09","guid":{"rendered":"http:\/\/omllighting.com\/?post_type=product&#038;p=1610"},"modified":"2026-03-24T12:25:27","modified_gmt":"2026-03-24T05:25:27","slug":"den-duong-la","status":"publish","type":"product","link":"https:\/\/www.oml.com.vn\/?product=den-duong-la","title":{"rendered":"\u0110\u00c8N \u0110\u01af\u1edcNG L\u00c1"},"content":{"rendered":"<p>\u0110\u00c8N \u0110\u01af\u1edcNG OML\u00aeLIGHITNG \u0111\u01b0\u1ee3c thi\u1ebft k\u1ebf b\u1eaft m\u1eaft, \u0111\u01b0\u1eddng n\u00e9t tinh x\u1ea3o, ch\u00edp LED ch\u1ea5t l\u01b0\u1ee3ng cao, th\u00e2n nh\u00f4m \u0111\u00fac nguy\u00ean kh\u1ed1i s\u01a1n phun t\u0129nh \u0111i\u1ec7n an to\u00e0n tuy\u1ec7t \u0111\u1ed1i. V\u1edbi b\u1ed9 ngu\u1ed3n Philips ch\u1ed1ng s\u00e9t \u0111\u1ea3m b\u1ea3o tu\u1ed5i th\u1ecd l\u00ean \u0111\u1ebfn 50.000h gi\u00fap ti\u1ebft ki\u1ec7m chi ph\u00ed v\u1eadn h\u00e0nh v\u00e0 s\u1eed d\u1ee5ng.<\/p>\n<p>K\u00edch th\u01b0\u1edbc ti\u00eau chu\u1ea9n, d\u1ec5 d\u00e0ng l\u1eafp \u0111\u1eb7t v\u00e0 thay th\u1ebf.<\/p>\n<h2>\u01afu \u0111i\u1ec3m<\/h2>\n<ul>\n<li><strong>Ch\u1ed1ng ch\u00e1y n\u1ed5<\/strong>: \u0110\u00e8n Halogen v\u00e0 Metan ch\u1ee9a kh\u00ed tr\u01a1 d\u1ec5 b\u1ecb ch\u00e1y n\u1ed5 m\u1ed7i khi th\u1eddi ti\u1ebft thay \u0111\u1ed5i \u0111\u1ed9t ng\u1ed9t (M\u01b0a n\u1eafng b\u1ea5t ch\u1ee3t), g\u00e2y ra s\u1ef1 thay \u0111\u1ed5i \u00e1p su\u1ea5t trong b\u00f3ng \u0111\u00e8n.<\/li>\n<li><strong>Ti\u1ebft ki\u1ec7m \u0111i\u1ec7n n\u0103ng<\/strong>: Gi\u1ea3m \u0111\u01b0\u1ee3c 10 l\u1ea7n ti\u1ec1n \u0111i\u1ec7n ti\u00eau th\u1ee5 so v\u1edbi \u0111\u00e8n Cao \u00e1p Halogen v\u00e0 Metan nh\u1edd c\u00f4ng ngh\u1ec7 LED.<\/li>\n<li><strong>Ti\u1ebft ki\u1ec7m d\u00e2y d\u1eabn<\/strong>: Gi\u1ea3m \u0111\u01b0\u1ee3c 5-8 l\u1ea7n ti\u1ebft di\u1ec7n d\u00e2y d\u1eabn \u0111i\u1ec7n nh\u1edd vi\u1ec7c gi\u1ea3m c\u00f4ng su\u1ea5t ti\u00eau th\u1ee5.<\/li>\n<li><strong>Gi\u1ea3m chi ph\u00ed b\u1ea3o tr\u00ec<\/strong>: l\u00ean t\u1edbi 10 l\u1ea7n nh\u1edd tu\u1ed5i th\u1ecd \u0111\u00e8n Led l\u00ean t\u1edbi 50.000h l\u1edbn g\u1ea5p 10 l\u1ea7n so v\u1edbi \u0111\u00e8n Halogen\/Metan.<\/li>\n<li>V\u1edbi \u0111\u00e8n LED \u00e1nh s\u00e1ng \u0111\u1ea1t 100% ngay khi kh\u1edfi \u0111\u1ed9ng t\u1eaft b\u1eadt. N\u1ebfu ch\u00fang ta s\u1eed d\u1ee5ng thi\u1ebft b\u1ecb c\u1ea3m bi\u1ebfn \u00e1nh s\u00e1ng \u0111\u1ec3 t\u1ef1 \u0111\u1ed9ng h\u00f3a qu\u00e1 tr\u00ecnh t\u1eaft\/b\u1eadt \u0111\u00e8n c\u00f4ng c\u1ed9ng, khi \u00e1nh s\u00e1ng ngo\u00e0i tr\u1eddi kh\u00f4ng \u0111\u1ee7 c\u1ea3m bi\u1ebfn cho \u0111\u00e8n s\u00e1ng. Th\u00ec \u0111\u00e8n Halogen v\u00e0 Solium, Metan c\u00f3 t\u1edbi 5-10 ph\u00fat \u0111\u1ec3 \u0111\u1ea1t \u0111\u1ed9 s\u00e1ng y\u00eau c\u1ea7u. Trong kho\u1ea3ng \u0111\u00f3 giao th\u00f4ng b\u1ecb tr\u1edf ng\u1ea1i.<\/li>\n<li>\u0110\u00e8n pha chi\u1ebfu \u0111\u01b0\u1eddng cao \u00e1p\u00a0<strong>b\u1ea3o h\u00e0nh 24th\u00e1ng<\/strong><\/li>\n<\/ul>\n","protected":false},"excerpt":{"rendered":"<p>&nbsp;<\/p>\n<table class=\"woocommerce-product-attributes shop_attributes\" style=\"height: 307px;\" width=\"408\">\n<tbody>\n<tr class=\"woocommerce-product-attributes-item woocommerce-product-attributes-item--attribute_pa_mau-sac\">\n<th class=\"woocommerce-product-attributes-item__label\">M\u00e3 s\u1ea3n ph\u1ea9m<\/p>\n<p>M\u00e0u s\u1eafc<\/th>\n<td class=\"woocommerce-product-attributes-item__value\">OML-STRL<\/p>\n<p>\u0110en<\/td>\n<\/tr>\n<tr class=\"woocommerce-product-attributes-item woocommerce-product-attributes-item--attribute_pa_hieu-qua-anh-sang\">\n<th class=\"woocommerce-product-attributes-item__label\">Hi\u1ec7u qu\u1ea3 \u00e1nh s\u00e1ng<\/th>\n<td class=\"woocommerce-product-attributes-item__value\">150 lm\/W<\/td>\n<\/tr>\n<tr class=\"woocommerce-product-attributes-item woocommerce-product-attributes-item--attribute_pa_nhiet-do-mau\">\n<th class=\"woocommerce-product-attributes-item__label\">Nhi\u1ec7t \u0111\u1ed9 m\u00e0u<\/th>\n<td class=\"woocommerce-product-attributes-item__value\">3000K, \u00a06500K<\/td>\n<\/tr>\n<tr class=\"woocommerce-product-attributes-item woocommerce-product-attributes-item--attribute_pa_chi-so-hoan-mau\">\n<th class=\"woocommerce-product-attributes-item__label\">Ch\u1ec9 s\u1ed1 ho\u00e0n m\u00e0u<\/th>\n<td class=\"woocommerce-product-attributes-item__value\">85<\/td>\n<\/tr>\n<tr class=\"woocommerce-product-attributes-item woocommerce-product-attributes-item--attribute_pa_do-kin\">\n<th class=\"woocommerce-product-attributes-item__label\">\u0110\u1ed9 k\u00edn<\/th>\n<td class=\"woocommerce-product-attributes-item__value\">IP66<\/td>\n<\/tr>\n<tr class=\"woocommerce-product-attributes-item woocommerce-product-attributes-item--attribute_pa_bao-hanh\">\n<th class=\"woocommerce-product-attributes-item__label\">B\u1ea3o h\u00e0nh<\/th>\n<td class=\"woocommerce-product-attributes-item__value\">24 th\u00e1ng<\/td>\n<\/tr>\n<\/tbody>\n<\/table>\n","protected":false},"featured_media":1612,"comment_status":"open","ping_status":"closed","template":"","meta":[],"product_cat":[164],"product_tag":[],"_links":{"self":[{"href":"https:\/\/www.oml.com.vn\/index.php?rest_route=\/wp\/v2\/product\/1610"}],"collection":[{"href":"https:\/\/www.oml.com.vn\/index.php?rest_route=\/wp\/v2\/product"}],"about":[{"href":"https:\/\/www.oml.com.vn\/index.php?rest_route=\/wp\/v2\/types\/product"}],"replies":[{"embeddable":true,"href":"https:\/\/www.oml.com.vn\/index.php?rest_route=%2Fwp%2Fv2%2Fcomments&post=1610"}],"wp:featuredmedia":[{"embeddable":true,"href":"https:\/\/www.oml.com.vn\/index.php?rest_route=\/wp\/v2\/media\/1612"}],"wp:attachment":[{"href":"https:\/\/www.oml.com.vn\/index.php?rest_route=%2Fwp%2Fv2%2Fmedia&parent=1610"}],"wp:term":[{"taxonomy":"product_cat","embeddable":true,"href":"https:\/\/www.oml.com.vn\/index.php?rest_route=%2Fwp%2Fv2%2Fproduct_cat&post=1610"},{"taxonomy":"product_tag","embeddable":true,"href":"https:\/\/www.oml.com.vn\/index.php?rest_route=%2Fwp%2Fv2%2Fproduct_tag&post=1610"}],"curies":[{"name":"wp","href":"https:\/\/api.w.org\/{rel}","templated":true}]}}