{"id":1619,"date":"2022-12-06T13:22:07","date_gmt":"2022-12-06T06:22:07","guid":{"rendered":"http:\/\/omllighting.com\/?post_type=product&#038;p=1619"},"modified":"2023-06-27T16:01:36","modified_gmt":"2023-06-27T09:01:36","slug":"op-noi-vuong-mat-den-6w","status":"publish","type":"product","link":"https:\/\/www.oml.com.vn\/?product=op-noi-vuong-mat-den-6w","title":{"rendered":"\u1ed0P N\u1ed4I VU\u00d4NG TH\u00c2N \u0110EN 6W"},"content":{"rendered":"<p><img loading=\"lazy\" class=\"alignnone size-medium wp-image-1620\" src=\"http:\/\/omllighting.com\/wp-content\/uploads\/2022\/12\/vuong-300x249.jpg\" alt=\"\" width=\"300\" height=\"249\" srcset=\"https:\/\/www.oml.com.vn\/wp-content\/uploads\/2022\/12\/vuong-300x249.jpg 300w, https:\/\/www.oml.com.vn\/wp-content\/uploads\/2022\/12\/vuong-1024x849.jpg 1024w, https:\/\/www.oml.com.vn\/wp-content\/uploads\/2022\/12\/vuong-768x637.jpg 768w, https:\/\/www.oml.com.vn\/wp-content\/uploads\/2022\/12\/vuong-510x423.jpg 510w, https:\/\/www.oml.com.vn\/wp-content\/uploads\/2022\/12\/vuong.jpg 1281w\" sizes=\"(max-width: 300px) 100vw, 300px\" \/><\/p>\n<p><strong>M\u00f4 T\u1ea3 :\u00a0<\/strong><\/p>\n<p>Pannel \u1ed1p n\u1ed5i Vu\u00f4ng 6w OML\u00ae \u0111ang l\u00e0 m\u1ed9t s\u1ea3n ph\u1ea9m \u0111\u1eb9p, ch\u1ea5t l\u01b0\u1ee3ng \u0111\u00e1ng tin c\u1eady. V\u1edbi thi\u1ebft k\u1ebf vi\u1ec1n \u00f4m \u0111\u01a1n gi\u1ea3n m\u00e0 tinh t\u1ebf, \u0111\u01b0\u1ee3c ph\u1ee7 b\u00ean ngo\u00e0i l\u1edbp s\u01a1n t\u0129nh \u0111i\u1ec7n b\u00f3ng, m\u1ecbn, \u0111\u1ed3ng \u0111\u1ec1u. K\u00ednh ph\u1ea3n quang ch\u1ed1ng ch\u00f3i , b\u1ea3o v\u1ec7 m\u1eaft, \u0111\u1ed9 xuy\u00ean th\u1ea5u v\u00e0 t\u00e1n quang hi\u1ec7u qu\u1ea3, s\u1ea3n ph\u1ea9m mang l\u1ea1i kh\u00f4ng gian \u00e1nh s\u00e1ng trung th\u1ef1c, t\u1ea1o c\u1ea3m gi\u00e1c d\u1ecbu nh\u1eb9 cho c\u0103n ph\u00f2ng.<\/p>\n<p>Thi\u1ebft k\u1ebf nh\u1ecf g\u1ecdn v\u00e0 d\u1ec5 d\u00e0ng l\u1eafp \u0111\u1eb7t trong c\u00e1c khu v\u1ef1c c\u00f3 di\u1ec7n t\u00edch nh\u1ecf<\/p>\n<p>Pannel \u1ed1p n\u1ed5i Vu\u00f4ng 6w \u0111\u01b0\u1ee3c thi\u1ebft k\u1ebf v\u1edbi g\u00f3c chi\u1ebfu 180\u00ba , s\u1eed d\u1ee5ng t\u1ea3n nhi\u1ec7t nh\u00f4m , b\u1ed9 ngu\u1ed3n \u1ed5n \u0111\u1ecbnh gi\u00fap t\u0103ng tu\u1ed5i th\u1ecd c\u1ee7a s\u1ea3n ph\u1ea9m l\u00ean \u0111\u1ebfn 25.000H<\/p>\n<p><strong>\u1ee8NG D\u1ee4NG<\/strong> : s\u1ea3n ph\u1ea9m \u0111\u01b0\u1ee3c s\u1eed d\u1ee5ng \u0111\u1ec3 trang tr\u00ed trong v\u00e0 ngo\u00e0i nh\u00e0 , c\u00e1c khu v\u1ef1c h\u00e0nh lang , v\u0103n ph\u00f2ng &#8230;..<\/p>\n","protected":false},"excerpt":{"rendered":"<p>\u1ed0P N\u1ed4I VU\u00d4NG TH\u00c2N \u0110EN 6W<\/p>\n<ul>\n<li>T\u00ean S\u1ea3n Ph\u1ea9m : \u1ed0P N\u1ed4I VU\u00d4NG TH\u00c2N \u0110EN 6W<\/li>\n<li>M\u00e3 S\u1ea3n Ph\u1ea9m : OML-ONV-T\u0110-6W<\/li>\n<li>Xu\u1ea5t X\u1ee9 : Vi\u1ec7t Nam<\/li>\n<li>Nh\u00e3n Hi\u1ec7u : OML\u00aeLIGHTING<\/li>\n<li>C\u00f4ng Su\u1ea5t : 6w<\/li>\n<li>K\u00edch Th\u01b0\u1edbc : 120x120x40mm<\/li>\n<li>M\u00e0u S\u1eafc :\u00a0 3C\u0110<\/li>\n<li>\u0110i\u1ec7n \u00c1p : AC 85-265V<\/li>\n<li>Quang Th\u00f4ng : 510Lm<\/li>\n<li>B\u1ea3o H\u00e0nh : 24 th\u00e1ng<\/li>\n<\/ul>\n","protected":false},"featured_media":2338,"comment_status":"open","ping_status":"closed","template":"","meta":[],"product_cat":[136],"product_tag":[192,333],"_links":{"self":[{"href":"https:\/\/www.oml.com.vn\/index.php?rest_route=\/wp\/v2\/product\/1619"}],"collection":[{"href":"https:\/\/www.oml.com.vn\/index.php?rest_route=\/wp\/v2\/product"}],"about":[{"href":"https:\/\/www.oml.com.vn\/index.php?rest_route=\/wp\/v2\/types\/product"}],"replies":[{"embeddable":true,"href":"https:\/\/www.oml.com.vn\/index.php?rest_route=%2Fwp%2Fv2%2Fcomments&post=1619"}],"wp:featuredmedia":[{"embeddable":true,"href":"https:\/\/www.oml.com.vn\/index.php?rest_route=\/wp\/v2\/media\/2338"}],"wp:attachment":[{"href":"https:\/\/www.oml.com.vn\/index.php?rest_route=%2Fwp%2Fv2%2Fmedia&parent=1619"}],"wp:term":[{"taxonomy":"product_cat","embeddable":true,"href":"https:\/\/www.oml.com.vn\/index.php?rest_route=%2Fwp%2Fv2%2Fproduct_cat&post=1619"},{"taxonomy":"product_tag","embeddable":true,"href":"https:\/\/www.oml.com.vn\/index.php?rest_route=%2Fwp%2Fv2%2Fproduct_tag&post=1619"}],"curies":[{"name":"wp","href":"https:\/\/api.w.org\/{rel}","templated":true}]}}