{"id":1717,"date":"2023-02-16T15:05:33","date_gmt":"2023-02-16T08:05:33","guid":{"rendered":"http:\/\/omllighting.com\/?post_type=product&#038;p=1717"},"modified":"2026-03-24T12:25:40","modified_gmt":"2026-03-24T05:25:40","slug":"quat-suoi-am-tran-da-nang-kingfan-d02","status":"publish","type":"product","link":"https:\/\/www.oml.com.vn\/?product=quat-suoi-am-tran-da-nang-kingfan-d02","title":{"rendered":"QU\u1ea0T S\u01af\u1edeI \u00c2M TR\u1ea6N  \u0110A N\u0102NG KINGFAN D02"},"content":{"rendered":"<p><span style=\"font-size: 150%;\"><strong>QU\u1ea0T S\u01af\u1edeI \u00c2M TR\u1ea6N \u0110A N\u0102NG KINGFAN<\/strong><\/span><\/p>\n<p><span style=\"font-size: 150%;\"><strong>1<\/strong><\/span><strong style=\"font-size: 23.04px; color: #333333;\">. Th\u00f4ng s\u1ed1 k\u1ef9 thu\u1eadt<\/strong><\/p>\n<table style=\"width: 731px; height: 250px;\" border=\"1\" cellspacing=\"1\" cellpadding=\"1\">\n<tbody>\n<tr bgcolor=\"#00CCCC\">\n<td colspan=\"2\">\u00a0 \u00a0 \u00a0 \u00a0 \u00a0 \u00a0 \u00a0 \u00a0 \u00a0 \u00a0 \u00a0 \u00a0 \u00a0 \u00a0 \u00a0 \u00a0 \u00a0 \u00a0 \u00a0 Th\u00f4ng S\u1ed1 K\u0129 Thu\u1eadt<\/td>\n<\/tr>\n<tr bgcolor=\"#e3f5fc\">\n<td>\u00a0M\u00e3 s\u1ea3n ph\u1ea9m<\/td>\n<td>OML- HLFAND02<\/td>\n<\/tr>\n<tr bgcolor=\"#e3f5fc\">\n<td>\u00a0\u0110i\u1ec7n \u00e1p ho\u1ea1t \u0111\u1ed9ng<\/td>\n<td>220v-50Hz<\/td>\n<\/tr>\n<tr bgcolor=\"#e3f5fc\">\n<td>C\u00f4ng su\u1ea5t<\/td>\n<td>18w<\/td>\n<\/tr>\n<tr bgcolor=\"#e3f5fc\">\n<td>S\u01b0\u1edfi \u1ea5m<\/td>\n<td>2400w<\/td>\n<\/tr>\n<tr bgcolor=\"#e3f5fc\">\n<td>\u00a0K\u00edch th\u01b0\u1edbc<\/td>\n<td>60x30x13<\/td>\n<\/tr>\n<tr bgcolor=\"#e3f5fc\">\n<td>\u00a0Kho\u00e9t tr\u1ea7n<\/td>\n<td>60&#215;30<\/td>\n<\/tr>\n<tr bgcolor=\"#e3f5fc\">\n<td>\u00a0Ch\u1ebf \u0111\u1ed9 m\u00e0u<\/td>\n<td>Tr\u1eafng(6500k)<\/td>\n<\/tr>\n<tr bgcolor=\"#e3f5fc\">\n<td>\u00a0B\u1ea3o H\u00e0nh<\/td>\n<td>24 th\u00e1ng<\/td>\n<\/tr>\n<\/tbody>\n<\/table>\n<h2 class=\"ftwp-heading\"><strong>2.<\/strong><strong>C\u1ea5u t\u1ea1o s\u1ea3n ph\u1ea9m\u00a0<\/strong><\/h2>\n<p><strong>V\u1edbi nhi\u1ec7m v\u1ee5 thay th\u1ebf cho nhi\u1ec1u thi\u1ebft b\u1ecb trong nh\u00e0 t\u1eafm, qu\u1ea1t s\u01b0\u1edfi \u00e2m tr\u1ea7n \u0111\u01b0\u1ee3c c\u1ea5u t\u1ea1o t\u1eeb nhi\u1ec1u b\u1ed9 ph\u1eadn l\u1edbn nh\u01b0:<\/strong><\/p>\n<p><strong>B\u1ed9 ph\u1eadn s\u01b0\u1edfi: S\u1eed d\u1ee5ng c\u00f4ng ngh\u1ec7 s\u01b0\u1edfi ti\u00ean ti\u1ebfn kh\u00f4ng \u0111\u1ed1t ch\u00e1y oxy, v\u1edbi 2 c\u1ea5p \u0111\u1ed9 s\u01b0\u1edfi t\u00f9y ch\u1ecdn, t\u1ef1 \u0111\u1ed9ng ng\u1eaft khi qu\u00e1 nhi\u1ec7t cho ph\u00e9p.<\/strong><\/p>\n<p><strong>B\u1ed9 ph\u1eadn th\u00f4ng gi\u00f3 \u2013 l\u00e0m m\u00e1t: S\u1eed d\u1ee5ng 01 \u0111\u1ed9ng c\u01a1 \u0111\u1ea3o chi\u1ec1u gi\u00fap v\u1eeba h\u00fat th\u00f4ng gi\u00f3, v\u1eeba l\u00e0m m\u00e1t v\u00e0o m\u00f9a h\u00e8. L\u01b0u l\u01b0\u1ee3ng gi\u00f3 \u0111\u1ea1t t\u1edbi 100m3\/gi\u1edd gi\u00fap ph\u00f2ng t\u1eafm lu\u00f4n th\u00f4ng tho\u00e1ng.<\/strong><\/p>\n<p><strong>B\u1ed9 ph\u1ea7n chi\u1ebfu s\u00e1ng: S\u1eed d\u1ee5ng c\u00f4ng ngh\u1ec7 chi\u1ebfu s\u00e1ng LED c\u00f4ng su\u1ea5t 18W, nhi\u1ec7t \u0111\u1ed9 m\u00e0u l\u00ean t\u1edbi 6500K ho\u00e0n to\u00e0n c\u00f3 th\u1ec3 thay th\u1ebf cho c\u00e1c thi\u1ebft b\u1ecb chi\u1ebfu s\u00e1ng kh\u00e1c trong ph\u00f2ng t\u1eafm<\/strong><\/p>\n<p><strong>B\u1ed9 \u0111i\u1ec1u khi\u1ec3n: S\u1eed d\u1ee5ng \u0111i\u1ec1u khi\u1ec3n c\u1ea3m \u1ee9ng t\u1eeb xa th\u00f4ng minh v\u1edbi 6 ch\u1ebf \u0111\u1ed9 ri\u00eang bi\u1ec7t d\u1ec5 d\u00e0ng \u0111i\u1ec1u ch\u1ec9nh ch\u1ebf \u0111\u1ed9 ph\u00f9 h\u1ee3p v\u00e0o t\u1eebng nhu c\u1ea7u s\u1eed d\u1ee5ng\u00a0<\/strong><\/p>\n<p><strong>B\u1ed9 ph\u1eadn hi\u1ec3n th\u1ecb th\u00f4ng tin: M\u00e0n h\u00ecnh LED 6,8 inch gi\u00fap hi\u1ec7n th\u1ecb c\u00e1c th\u00f4ng s\u1ed1 nh\u01b0: nhi\u1ec7t \u0111\u1ed9, ch\u1ebf \u0111\u1ed9 \u0111ang ho\u1ea1t \u0111\u1ed9ng\u2026<\/strong><\/p>\n<h2 id=\"ftoc-heading-4\" class=\"ftwp-heading\"><strong>3. \u01afu \u0111i\u1ec3m qu\u1ea1t s\u01b0\u1edfi \u00e2m tr\u1ea7n \u0111a n\u0103ng<\/strong><\/h2>\n<p><strong>T\u00edch h\u1ee3p 4 ch\u1ee9c n\u0103ng:\u00a0S\u01b0\u1edfi \u1ea5m, l\u00e0m m\u00e1t, th\u00f4ng gi\u00f3, chi\u1ebfu s\u00e1ng, kh\u00f4ng ch\u1ec9 nh\u1ecf g\u1ecdn qu\u1ea1t s\u01b0\u1edfi \u00e2m tr\u1ea7n th\u1ec3 hi\u1ec7n nh\u1eefng \u01b0u \u0111i\u1ec3m v\u01b0\u1ee3t tr\u1ed9i h\u01a1n c\u00e1c s\u1ea3n ph\u1ea9m kh\u00e1c tr\u00ean th\u1ecb tr\u01b0\u1eddng:<\/strong><\/p>\n<ul>\n<li><strong>L\u00e0m \u1ea5m nhanh: C\u00f4ng su\u1ea5t s\u01b0\u1edfi l\u00ean t\u1edbi 3400W k\u1ebft h\u1ee3p v\u1edbi c\u00f4ng ngh\u1ec7 s\u01b0\u1edfi ti\u00ean ti\u1ebfn k\u1ebft h\u1ee3p v\u1edbi qu\u1ea1t th\u1ed5i gi\u00fap ph\u00f2ng t\u1eafm \u1ea5m \u0111\u1ec1u, nhi\u1ec7t \u0111\u1ed9 t\u0103ng 15 \u0111\u1ed9 C trong kho\u1ea3ng 3 ph\u00fat. Hai ch\u1ebf \u0111\u1ed9 s\u01b0\u1edfi \u1ea5m gi\u00fap ng\u01b0\u1eddi s\u1eed d\u1ee5ng c\u00f3 nhi\u1ec1u s\u1ef1 l\u1ef1a ch\u1ecdn.<\/strong><\/li>\n<li><strong>Qu\u1ea1t th\u00f4ng gi\u00f3 k\u00e8m l\u00e0m m\u00e1t: S\u1ea3n ph\u1ea9m c\u00f3 2 ch\u1ebf \u0111\u1ed9 t h\u00fat th\u00f4ng gi\u00f3 v\u00e0 th\u1ed5i l\u00e0m m\u00e1t nh\u1edd s\u1eed d\u1ee5ng 2 \u0111\u1ed9ng c\u01a1 ri\u00eang bi\u1ec7t, c\u00f3 th\u1ec3 ho\u1ea1t \u0111\u1ed9ng \u0111\u1ed9c l\u1eadp k\u1ebft h\u1ee3p h\u00fat v\u00e0 th\u1ed5i gi\u00fap ph\u00f2ng t\u1eafm lu\u00f4n th\u00f4ng tho\u00e1ng, m\u00e1t m\u1ebb.<\/strong><\/li>\n<li><strong>\u0110\u00e8n LED c\u00f4ng su\u1ea5t 18W gi\u00fap b\u1ea1n ti\u1ebft ki\u1ec7m chi ph\u00ed mua s\u1eafm, l\u1eafp \u0111\u1eb7t th\u00eam \u0111\u00e8n chi\u1ebfu s\u00e1ng<\/strong><\/li>\n<li><strong>Thi\u1ebft k\u1ebf hi\u1ec7n \u0111\u1ea1i: Tone m\u00e0u tr\u1eafng ch\u1ee7 \u0111\u1ea1o \u0111\u01a1n gi\u1ea3n, tinh t\u1ebf, thi\u1ebft k\u1ebf nh\u1ecf g\u1ecdn ph\u00f9 h\u1ee3p l\u1eafp \u0111\u1eb7t cho tr\u1ea7n th\u1ea1ch cao gi\u00fap s\u1ea3n ph\u1ea9m kh\u00f4ng ch\u1ec9 l\u00e0 s\u1ea3n ph\u1ea9m l\u00e0m \u1ea5m m\u00e0 c\u00f2n l\u00e0 \u0111i\u1ec3m nh\u1ea5n trang tr\u00ed cho kh\u00f4ng gian ng\u00f4i nh\u00e0 b\u1ea1n.<\/strong><\/li>\n<li><strong>An to\u00e0n v\u1edbi ng\u01b0\u1eddi s\u1eed d\u1ee5ng: C\u1ea3m bi\u1ebfn nhi\u1ec7t gi\u00fap s\u1ea3n ph\u1ea9m t\u1ef1 \u0111\u1ed9ng ng\u1eaft khi x\u1ea3y ra c\u00e1c s\u1ef1 c\u1ed1 qu\u00e1 nhi\u1ec7t b\u1ea5t th\u01b0\u1eddng v\u00e0 ho\u1ea1t \u0111\u1ed9ng l\u1ea1i b\u00ecnh th\u01b0\u1eddng khi nhi\u1ec7t \u0111\u1ed9 v\u1ec1 ng\u01b0\u1ee1ng an to\u00e0n. Ngo\u00e0i ra s\u1ea3n ph\u1ea9m c\u00f2n \u0111\u01b0\u1ee3c b\u1ea3o h\u00e0nh\u00a0 n\u0103m gi\u00fap ng\u01b0\u1eddi s\u1eed d\u1ee5ng an t\u00e2m v\u1ec1 ch\u1ea5t l\u01b0\u1ee3ng s\u1ea3n ph\u1ea9m<\/strong><\/li>\n<\/ul>\n<p>&nbsp;<\/p>\n<p>&nbsp;<\/p>\n","protected":false},"excerpt":{"rendered":"<p>QU\u1ea0T S\u01af\u1edeI \u00c2M TR\u1ea6N \u0110A N\u0102NG KINGFAN<\/p>\n<ul>\n<li>T\u00ean S\u1ea3n Ph\u1ea9m : QU\u1ea0T S\u01af\u1edeI \u00c2M TR\u1ea6N \u0110A N\u0102NG KINGFAN18W<\/li>\n<li>M\u00e3 S\u1ea3n Ph\u1ea9m : OML-HLFAND02<\/li>\n<li>Nh\u00e3n Hi\u1ec7u : OML\u00aeLIGHTING<\/li>\n<li>C\u00f4ng Su\u1ea5t : 18W<\/li>\n<li>M\u00e0u S\u1eafc : Tr\u1eafng<\/li>\n<li>\u0110i\u1ec7n \u00c1p : AC220V\/50 Hz<\/li>\n<li>B\u1ea3o H\u00e0nh : 24 th\u00e1ng<\/li>\n<\/ul>\n","protected":false},"featured_media":2506,"comment_status":"open","ping_status":"closed","template":"","meta":[],"product_cat":[363],"product_tag":[313,315,314,316],"_links":{"self":[{"href":"https:\/\/www.oml.com.vn\/index.php?rest_route=\/wp\/v2\/product\/1717"}],"collection":[{"href":"https:\/\/www.oml.com.vn\/index.php?rest_route=\/wp\/v2\/product"}],"about":[{"href":"https:\/\/www.oml.com.vn\/index.php?rest_route=\/wp\/v2\/types\/product"}],"replies":[{"embeddable":true,"href":"https:\/\/www.oml.com.vn\/index.php?rest_route=%2Fwp%2Fv2%2Fcomments&post=1717"}],"wp:featuredmedia":[{"embeddable":true,"href":"https:\/\/www.oml.com.vn\/index.php?rest_route=\/wp\/v2\/media\/2506"}],"wp:attachment":[{"href":"https:\/\/www.oml.com.vn\/index.php?rest_route=%2Fwp%2Fv2%2Fmedia&parent=1717"}],"wp:term":[{"taxonomy":"product_cat","embeddable":true,"href":"https:\/\/www.oml.com.vn\/index.php?rest_route=%2Fwp%2Fv2%2Fproduct_cat&post=1717"},{"taxonomy":"product_tag","embeddable":true,"href":"https:\/\/www.oml.com.vn\/index.php?rest_route=%2Fwp%2Fv2%2Fproduct_tag&post=1717"}],"curies":[{"name":"wp","href":"https:\/\/api.w.org\/{rel}","templated":true}]}}