{"id":1923,"date":"2023-02-28T08:23:40","date_gmt":"2023-02-28T01:23:40","guid":{"rendered":"http:\/\/omllighting.com\/?post_type=product&#038;p=1923"},"modified":"2023-07-13T09:29:35","modified_gmt":"2023-07-13T02:29:35","slug":"den-tuyp-led-t8","status":"publish","type":"product","link":"https:\/\/www.oml.com.vn\/?product=den-tuyp-led-t8","title":{"rendered":"\u0110\u00c8N TU\u00ddP LED T8 42W"},"content":{"rendered":"<p>&nbsp;<\/p>\n<table style=\"width: 600px;\" border=\"1\" cellspacing=\"1\" cellpadding=\"1\">\n<tbody>\n<tr bgcolor=\"#00CCCC\">\n<td colspan=\"2\">\u00a0 \u00a0 \u00a0 \u00a0 \u00a0 \u00a0 \u00a0 \u00a0 \u00a0 \u00a0 \u00a0 \u00a0 \u00a0 \u00a0 \u00a0 \u00a0 \u00a0 \u00a0 \u00a0 \u00a0 \u00a0 \u00a0 \u00a0 \u00a0 \u00a0 \u00a0 \u00a0Th\u00f4ng S\u1ed1 K\u0129 Thu\u1eadt<\/td>\n<\/tr>\n<tr bgcolor=\"#e3f5fc\">\n<td>\u00a0C\u00f4ng su\u1ea5t<\/td>\n<td>42W<\/td>\n<\/tr>\n<tr bgcolor=\"#e3f5fc\">\n<td>\u00a0\u0110i\u1ec7n \u00e1p ho\u1ea1t \u0111\u1ed9ng<\/td>\n<td>110V-265V<\/td>\n<\/tr>\n<tr bgcolor=\"#e3f5fc\">\n<td>Quang th\u00f4ng<\/td>\n<td>85Lm\/W- 95Lm\/W<\/td>\n<\/tr>\n<tr bgcolor=\"#e3f5fc\">\n<td>\u00a0T\u1ea7n s\u1ed1<\/td>\n<td>50\/60Hz<\/td>\n<\/tr>\n<tr bgcolor=\"#e3f5fc\">\n<td>\u00a0K\u00edch th\u01b0\u1edbc<\/td>\n<td>1.2M<\/td>\n<\/tr>\n<tr bgcolor=\"#e3f5fc\">\n<td>\u00a0C\u1ea5u t\u1ea1o<\/td>\n<td>Th\u1ee7y tinh<\/td>\n<\/tr>\n<tr bgcolor=\"#e3f5fc\">\n<td>\u00a0Ch\u1ebf \u0111\u1ed9 m\u00e0u<\/td>\n<td>Tr\u1eafng(6500k- Daylight)<\/td>\n<\/tr>\n<tr bgcolor=\"#e3f5fc\">\n<td>\u00a0B\u1ea3o H\u00e0nh<\/td>\n<td>24 th\u00e1ng<\/td>\n<\/tr>\n<\/tbody>\n<\/table>\n<p>&nbsp;<\/p>\n<h2><strong>\u01afu \u0111i\u1ec3m n\u1ed5i b\u1eadt c\u1ee7a \u0111\u00e8n led tu\u00fdp tube T8 r\u1eddi m\u00e1ng tr\u1eafng OML\u00ae Lighting<\/strong><\/h2>\n<ul>\n<li><a href=\"http:\/\/omllighting.com\" target=\"_blank\" rel=\"noopener\"><strong>\u0110\u00e8n led tu\u00fdp<\/strong><\/a>\u00a0tube T8 r\u1eddi m\u00e1ng tr\u1eafng \u0111\u01b0\u1ee3c c\u1ea5u th\u00e0nh t\u1eeb r\u1ea5t nhi\u1ec1u m\u1eaft led r\u1ea3i d\u1ecdc th\u00e2n \u0111\u00e8n l\u00e0m cho \u0111\u00e8n c\u00f3 \u00e1nh s\u00e1ng chi\u1ebfu r\u1ea5t \u0111\u1ec1u, kh\u00f4ng l\u00f3a, kh\u00f4ng b\u1ecb nh\u00e1y v\u00e0 kh\u00f4ng b\u1ecb \u0111en 2 \u0111\u1ea7u nh\u01b0 \u0111\u00e8n tu\u00fdp truy\u1ec1n th\u1ed1ng. \u0110\u00e8n\u00a0led tu\u00fdp tube T8 r\u1eddi m\u00e1ng tr\u1eafng \u0111\u1ea3m b\u1ea3o \u0111\u1ee7 chi\u1ebfu s\u00e1ng kh\u00f4ng gian nh\u00e0 b\u1ea1n nh\u01b0ng v\u00f4 c\u00f9ng ti\u1ebft ki\u1ec7m \u0111i\u1ec7n.<\/li>\n<li>D\u1ea3i \u0111i\u1ec7n \u00e1p r\u1ed9ng 110V-265V.<\/li>\n<li>Chip led Epistar si\u00eau s\u00e1ng.<\/li>\n<li>Ch\u1ea5t l\u01b0\u1ee3ng \u0111\u00e1p \u1ee9ng s\u1eed d\u1ee5ng 8h\/ng\u00e0y.<\/li>\n<li>Tu\u1ed5i th\u1ecd c\u1ee7a b\u1ed9 \u0111\u00e8n tr\u00ean 25,000 gi\u1edd.<\/li>\n<li>Kh\u00f4ng ph\u00e1t ra tia UV, tia c\u1ef1c t\u00edm, th\u00e2n thi\u1ec7n v\u1edbi m\u00f4i tr\u01b0\u1eddng.<\/li>\n<li>Kh\u00f4ng ch\u1ee9a th\u1ee7y ng\u00e2n v\u00e0 d\u1eabn \u0111\u1ebfn y\u1ebfu t\u1ed1 \u0111\u1ed9c h\u1ea1i, th\u00e2n thi\u1ec7n v\u1edbi m\u00f4i tr\u01b0\u1eddng, mang l\u1ea1i l\u1ee3i \u00edch \u0111\u1ec3 t\u00e1i ch\u1ebf.<\/li>\n<li>Ti\u1ebft ki\u1ec7u t\u1edbi 85% \u0111i\u1ec7n n\u0103ng so v\u1edbi b\u00f3ng \u0111\u00e8n tube truy\u1ec1n th\u1ed1ng.<\/li>\n<li>B\u1ea3o v\u1ec7 s\u1ee9c kh\u1ecfe, gi\u1ea3m \u0111i\u1ec1u ti\u1ebft m\u1eaft ch\u1ed1ng c\u1eadn th\u1ecb.<\/li>\n<\/ul>\n<h2><strong>\u1ee8ng d\u1ee5ng c\u1ee7a \u0111\u00e8n\u00a0led tu\u00fdp T8 r\u1eddi m\u00e1ng tr\u1eafng<\/strong><\/h2>\n<p><a href=\"http:\/\/omllighting.com\" target=\"_blank\" rel=\"noopener\">\u0110\u00e8n led tu\u00fdp tube<\/a>\u00a0T8 r\u1eddi m\u00e1ng tr\u1eafng \u0111\u01b0\u1ee3c thi\u1ebft k\u1ebf v\u1edbi nhi\u1ec1u m\u1eabu m\u00e3, m\u00e0u s\u1eafc, c\u00f4ng su\u1ea5t, t\u0103ng t\u00ednh th\u1ea9m m\u0129, sang tr\u1ecdng \u0111\u00e1p \u1ee9ng nhu c\u1ea7u s\u1eed d\u1ee5ng c\u1ee7a c\u00e1c c\u00f4ng tr\u00ecnh. S\u1ea3n ph\u1ea9m \u0111\u01b0\u1ee3c \u1ee9ng d\u1ee5ng h\u1ea7u h\u1ebft trong c\u00e1c kh\u00f4ng gian chi\u1ebfu s\u00e1ng t\u1eeb ph\u00f2ng ng\u1ee7, ph\u00f2ng kh\u00e1ch, ph\u00f2ng t\u1eafm, cho \u0111\u1ebfn ph\u00f2ng l\u00e0m vi\u1ec7c, ph\u00f2ng h\u1ecdp, ph\u00f2ng h\u1ecdc hay si\u00eau th\u1ecb, trung t\u00e2m mua s\u1eafm, b\u00e3i \u0111\u1eadu xe, nh\u00e0 x\u01b0\u1edfng\u2026<\/p>\n<p><strong>L\u1ef1a ch\u1ecdn b\u00f3ng \u0111\u00e8n Tu\u00fdp LED nh\u01b0 th\u1ebf n\u00e0o?<\/strong><\/p>\n<p>\u0110\u1ed1i v\u1edbi s\u1ea3n ph\u1ea9m \u0111\u00e8n tu\u00fdp LED h\u00ecnh d\u00e1ng s\u1ea3n ph\u1ea9m kh\u00f4ng quy\u1ebft \u0111\u1ecbnh nhi\u1ec1u \u0111\u1ebfn ch\u1ea5t l\u01b0\u1ee3ng s\u1ea3n ph\u1ea9m. Tr\u00ean th\u1ecb tr\u01b0\u1eddng hi\u1ec7n nay, s\u1ea3n ph\u1ea9m tu\u00fdp T8 r\u1ea5t \u0111a d\u1ea1ng v\u1ec1 m\u1eabu m\u00e3 nh\u01b0 \u0111\u1ea7u nh\u00f4m, nh\u1ef1a, \u0111\u1ea7u v\u00e0ng, xanh d\u01b0\u01a1ng, tr\u1eafng,\u2026 v\u1ec1 k\u00edch th\u01b0\u1edbc 0.6M, 1.2M, v\u1ec1 c\u00f4ng su\u1ea5t: 10w, 22w, 32w,42w \u2026tuy nhi\u00ean theo nhu c\u1ea7u th\u1ef1c t\u1ebf \u0111\u1ec3 l\u1ef1a ch\u1ecdn. M\u1ed9t s\u1ed1 l\u01b0u \u00fd ch\u00ednh c\u00e1c b\u1ea1n c\u1ea7n quan t\u00e2m \u0111\u00f3 l\u00e0 ch\u1ea5t l\u01b0\u1ee3ng s\u00e1ng c\u1ee7a \u0111\u00e8n tu\u00fdp v\u00e0 trong th\u1eddi gian bao l\u00e2u s\u1ea3n ph\u1ea9m \u0111\u00f3 s\u1ebd gi\u1ea3m \u0111\u1ed9 s\u00e1ng? Th\u1eadt kh\u00f3 cho ch\u00fang ta \u0111\u1ec3 ki\u1ec3m ch\u1ee9ng nh\u1eefng y\u1ebfu t\u1ed1 ch\u1ea5t l\u01b0\u1ee3ng n\u00e0y n\u1ebfu kh\u00f4ng \u0111\u01b0a s\u1ea3n ph\u1ea9m v\u00e0o s\u1eed d\u1ee5ng th\u1ef1c t\u1ebf.<\/p>\n","protected":false},"excerpt":{"rendered":"<ul>\n<li>T\u00ean s\u1ea3n ph\u1ea9m:<span style=\"color: #696969;\">\u0110\u00c8N TU\u00ddP LED T8 42W<\/span><\/li>\n<li>M\u00e3 s\u1ea3n ph\u1ea9m: <span style=\"color: #696969;\">: OML-TTT-42W<\/span><\/li>\n<li>Xu\u1ea5t x\u1ee9:<span style=\"color: #696969;\"> Vi\u1ec7t Nam<\/span><\/li>\n<li>Nh\u00e3n hi\u1ec7u:<span style=\"color: #696969;\"> OML\u00ae LIGHTING<\/span><\/li>\n<li>B\u1ea3o h\u00e0nh : 24 th\u00e1ng<\/li>\n<\/ul>\n","protected":false},"featured_media":2477,"comment_status":"open","ping_status":"closed","template":"","meta":[],"product_cat":[142],"product_tag":[307,306,304,305],"_links":{"self":[{"href":"https:\/\/www.oml.com.vn\/index.php?rest_route=\/wp\/v2\/product\/1923"}],"collection":[{"href":"https:\/\/www.oml.com.vn\/index.php?rest_route=\/wp\/v2\/product"}],"about":[{"href":"https:\/\/www.oml.com.vn\/index.php?rest_route=\/wp\/v2\/types\/product"}],"replies":[{"embeddable":true,"href":"https:\/\/www.oml.com.vn\/index.php?rest_route=%2Fwp%2Fv2%2Fcomments&post=1923"}],"wp:featuredmedia":[{"embeddable":true,"href":"https:\/\/www.oml.com.vn\/index.php?rest_route=\/wp\/v2\/media\/2477"}],"wp:attachment":[{"href":"https:\/\/www.oml.com.vn\/index.php?rest_route=%2Fwp%2Fv2%2Fmedia&parent=1923"}],"wp:term":[{"taxonomy":"product_cat","embeddable":true,"href":"https:\/\/www.oml.com.vn\/index.php?rest_route=%2Fwp%2Fv2%2Fproduct_cat&post=1923"},{"taxonomy":"product_tag","embeddable":true,"href":"https:\/\/www.oml.com.vn\/index.php?rest_route=%2Fwp%2Fv2%2Fproduct_tag&post=1923"}],"curies":[{"name":"wp","href":"https:\/\/api.w.org\/{rel}","templated":true}]}}