{"id":1934,"date":"2023-02-28T15:21:22","date_gmt":"2023-02-28T08:21:22","guid":{"rendered":"http:\/\/omllighting.com\/?post_type=product&#038;p=1934"},"modified":"2026-03-24T12:25:27","modified_gmt":"2026-03-24T05:25:27","slug":"led-day-the-sun-28353-hang","status":"publish","type":"product","link":"https:\/\/www.oml.com.vn\/?product=led-day-the-sun-28353-hang","title":{"rendered":"LED D\u00c2Y THE SUN 2835(3 h\u00e0ng)"},"content":{"rendered":"<p><strong>\u0110\u00e8n led d\u00e2y 3 h\u00e0ng b\u00f3ng 2835 si\u00eau s\u00e1ng<\/strong>\u00a0l\u00e0 m\u1eabu\u00a0<strong>led d\u00e2y 3 h\u00e0ng b\u00f3ng<\/strong> s\u1eed d\u1ee5ng ch\u00edp led 2835 c\u00f4ng ngh\u1ec7 m\u1edbi nh\u1ea5t cho quang th\u00f4ng \u0111\u00e8n \u0111\u1ea1t tr\u00ean 70lm\/wart, thi\u1ebft k\u1ebf c\u00f4ng su\u1ea5t d\u00e2y ch\u1ec9 10w\/m\u00e9t nh\u01b0ng cho \u00e1nh s\u00e1ng t\u01b0\u01a1ng \u0111\u01b0\u01a1ng b\u00f3ng hu\u1ef3nh quang 36w, s\u1eed d\u1ee5ng ti\u1ebft ki\u1ec7m \u0111i\u1ec7n l\u00ean \u0111\u1ebfn 60% so v\u1edbi b\u00f3ng hu\u1ef3nh quang. S\u1ea3n ph\u1ea9m led d\u00e2y 2835 3 h\u00e0ng b\u00f3ng th\u00edch h\u1ee3p cho h\u1eaft tr\u1ea7n, chi\u1ebfu s\u00e1ng b\u1ea3ng hi\u1ec7u&#8230;<\/p>\n<p><img loading=\"lazy\" class=\" wp-image-1936 aligncenter\" src=\"http:\/\/omllighting.com\/wp-content\/uploads\/2023\/02\/LED-DAY-3-HANG-OAVL-02-293x300.png\" alt=\"\" width=\"351\" height=\"359\" srcset=\"https:\/\/www.oml.com.vn\/wp-content\/uploads\/2023\/02\/LED-DAY-3-HANG-OAVL-02-293x300.png 293w, https:\/\/www.oml.com.vn\/wp-content\/uploads\/2023\/02\/LED-DAY-3-HANG-OAVL-02-1000x1024.png 1000w, https:\/\/www.oml.com.vn\/wp-content\/uploads\/2023\/02\/LED-DAY-3-HANG-OAVL-02-768x787.png 768w, https:\/\/www.oml.com.vn\/wp-content\/uploads\/2023\/02\/LED-DAY-3-HANG-OAVL-02-1500x1536.png 1500w, https:\/\/www.oml.com.vn\/wp-content\/uploads\/2023\/02\/LED-DAY-3-HANG-OAVL-02-510x522.png 510w, https:\/\/www.oml.com.vn\/wp-content\/uploads\/2023\/02\/LED-DAY-3-HANG-OAVL-02.png 1808w\" sizes=\"(max-width: 351px) 100vw, 351px\" \/><\/p>\n<div class=\"c3daa13 fSegoeUIB ttu fs15 pb10\"><span style=\"font-size: 140%;\"><strong>TH\u00d4NG S\u1ed0 K\u1ef8 THU\u1eacT<\/strong><\/span><\/div>\n<div class=\"responsive-table\">\n<table style=\"height: 313px;\" width=\"713\">\n<tbody>\n<tr>\n<td width=\"163\">\u00a0M\u00e3 s\u1ea3n ph\u1ea9m<\/td>\n<td width=\"211\">OML- TSUN2835\/10W\/180BT\/V\/XD<\/td>\n<\/tr>\n<tr>\n<td width=\"163\">\u00a0H\u00e3ng s\u1ea3n xu\u1ea5t<\/td>\n<td width=\"211\">OML \u00ae LIGHTING<\/td>\n<\/tr>\n<tr>\n<td width=\"163\">\u0110i\u1ec7n \u00e1p<\/td>\n<td width=\"211\">86-265V &#8211; DC220V<\/td>\n<\/tr>\n<tr>\n<td width=\"163\">C\u00f4ng su\u1ea5t<\/td>\n<td width=\"211\">10W\/m<\/td>\n<\/tr>\n<tr>\n<td width=\"163\">S\u1ed1 l\u01b0\u1ee3ng chip<\/td>\n<td width=\"211\">180pcs \/ 1m &#8211; 3 chip\/h\u00e0ng<\/td>\n<\/tr>\n<tr>\n<td width=\"163\">\u00c1nh s\u00e1ng<\/td>\n<td width=\"211\">Tr\u1eafng\/ V\u00e0ng\/ Xanh D\u01b0\u01a1ng<\/td>\n<\/tr>\n<tr>\n<td width=\"163\">K\u1ebft xu\u1ea5t m\u00e0u<\/td>\n<td width=\"211\">&gt; 75 Ra<\/td>\n<\/tr>\n<tr>\n<td width=\"163\">\u0110\u00f3ng g\u00f3i<\/td>\n<td width=\"211\">Cu\u1ed9n 100m<\/td>\n<\/tr>\n<tr>\n<td width=\"163\">C\u1ea5p b\u1ea3o v\u1ec7<\/td>\n<td width=\"211\">IP65<\/td>\n<\/tr>\n<tr>\n<td width=\"163\">Ch\u1ea5t li\u1ec7u<\/td>\n<td width=\"211\">M\u1ea1ch \u0111\u1ed3ng + v\u1ecf nh\u1ef1a d\u1ebbo<\/td>\n<\/tr>\n<tr>\n<td width=\"163\">Chi\u1ec1u d\u00e0i c\u1eaft t\u1ed1i thi\u1ec3u<\/td>\n<td width=\"211\">1 m<\/td>\n<\/tr>\n<tr>\n<td width=\"163\">B\u1ea3o h\u00e0nh<\/td>\n<td width=\"211\">\u00a024 Th\u00e1ng<\/td>\n<\/tr>\n<\/tbody>\n<\/table>\n<p><img loading=\"lazy\" class=\"size-medium wp-image-1937 aligncenter\" src=\"http:\/\/omllighting.com\/wp-content\/uploads\/2023\/02\/LED-DAY-3-HANG-OAVL-03-300x300.png\" alt=\"\" width=\"300\" height=\"300\" srcset=\"https:\/\/www.oml.com.vn\/wp-content\/uploads\/2023\/02\/LED-DAY-3-HANG-OAVL-03-300x300.png 300w, https:\/\/www.oml.com.vn\/wp-content\/uploads\/2023\/02\/LED-DAY-3-HANG-OAVL-03-1024x1024.png 1024w, https:\/\/www.oml.com.vn\/wp-content\/uploads\/2023\/02\/LED-DAY-3-HANG-OAVL-03-150x150.png 150w, https:\/\/www.oml.com.vn\/wp-content\/uploads\/2023\/02\/LED-DAY-3-HANG-OAVL-03-768x768.png 768w, https:\/\/www.oml.com.vn\/wp-content\/uploads\/2023\/02\/LED-DAY-3-HANG-OAVL-03-1536x1536.png 1536w, https:\/\/www.oml.com.vn\/wp-content\/uploads\/2023\/02\/LED-DAY-3-HANG-OAVL-03-2048x2048.png 2048w, https:\/\/www.oml.com.vn\/wp-content\/uploads\/2023\/02\/LED-DAY-3-HANG-OAVL-03-510x510.png 510w, https:\/\/www.oml.com.vn\/wp-content\/uploads\/2023\/02\/LED-DAY-3-HANG-OAVL-03-100x100.png 100w\" sizes=\"(max-width: 300px) 100vw, 300px\" \/><\/p>\n<\/div>\n<h2><strong>\u01afu \u0111i\u1ec3m n\u1ed5i b\u1eadt c\u1ee7a led d\u00e2y 3 h\u00e0ng b\u00f3ng 2835<\/strong><\/h2>\n<p><strong>Led d\u00e2y 3 h\u00e0ng b\u00f3ng 2835<\/strong>\u00a0l\u00e0 s\u1ea3n ph\u1ea9m\u00a0\u0111\u00e8n led d\u00e2y c\u00f3 thi\u1ebft k\u1ebf ch\u00edp led \u0111\u01b0\u1ee3c b\u1ed1 tr\u00ed 3 h\u00e0ng ch\u00e9o nhau cho g\u00f3c chi\u1ebfu s\u00e1ng r\u1ed9ng, gi\u00fap \u00e1nh s\u00e1ng t\u00e1n x\u1ea1 \u0111\u1ed3ng \u0111\u1ec1u tr\u00ean b\u1ec1 m\u1eb7t d\u00e2y, t\u1eeb \u0111\u00f3 chi\u1ebfu s\u00e1ng kh\u00f4ng gian cho \u00e1nh s\u00e1ng t\u00e1n quang r\u1ed9ng. Ngo\u00e0i ra m\u1eabu led d\u00e2y n\u00e0y c\u00f2n nhi\u1ec1u \u01b0u \u0111i\u1ec3m n\u1ed5i b\u1eadt kh\u00e1c nh\u01b0:<\/p>\n<ul>\n<li>Thi\u1ebft k\u1ebf 3 lo\u1ea1i \u00e1nh s\u00e1ng tr\u1eafng, v\u00e0ng, xanh d\u01b0\u01a1ng \u0111\u01b0\u1ee3c s\u1eed d\u1ee5ng ph\u1ed5 bi\u1ebfn\u00a0 cho h\u1eaft tr\u1ea7n, chi\u1ebfu s\u00e1ng qu\u1ea7y k\u1ec7, trang tr\u00ed n\u1ed9i th\u1ea5t&#8230;..<\/li>\n<li>Trang b\u1ecb ch\u00edp led 2835 th\u1ebf h\u1ec7 m\u1edbi cho \u00e1nh s\u00e1ng hi\u1ec3n th\u1ecb \u0111\u1eb9p, \u0111\u1ed9 b\u1ec1n m\u00e0u cao.<\/li>\n<li>Thi\u1ebft k\u1ebf v\u1ecf \u0111\u00e8n \u0111\u1ea1t chu\u1ea9n IP65 ch\u1ed1ng \u1ea9m, ch\u1ed1ng n\u01b0\u1edbc t\u1ed1t, gia t\u0103ng tu\u1ed5i th\u1ecd cho ch\u00edp led.<\/li>\n<li>Hi\u1ec7u su\u1ea5t ho\u1ea1t \u0111\u1ed9ng c\u1ee7a d\u00e2y l\u1edbn, \u0111\u1ea3m b\u1ea3o \u00e1nh s\u00e1ng ph\u00e1t ra li\u00ean t\u1ee5c kh\u00f4ng nh\u1ea5p nh\u00e1y.<\/li>\n<li>Thi\u1ebft k\u1ebf c\u00f4ng su\u1ea5t 10w\/m\u00e9t cho \u00e1nh s\u00e1ng m\u1ea1nh, s\u1eed d\u1ee5ng ti\u1ebft ki\u1ec7m \u0111i\u1ec7n t\u1ed1i thi\u1ec3u 50% so v\u1edbi b\u00f3ng hu\u1ef3nh quang.<\/li>\n<li>H\u1ec7 th\u1ed1ng d\u00e2y d\u1eabn \u0111i\u1ec7n s\u1eed d\u1ee5ng d\u00e2y \u0111\u1ed3ng cho kh\u1ea3 n\u0103ng truy\u1ec1n t\u1ea3i \u0111i\u1ec7n t\u1ed1t, b\u1ea3o \u0111\u1ea3m an to\u00e0n ch\u1ed1ng ch\u00e1y ch\u1eadp.<\/li>\n<li>S\u1eed d\u1ee5ng v\u1ecf \u0111\u00e8n b\u1eb1ng v\u1eadt li\u1ec7u silicon c\u00f3 t\u00e1c d\u1ee5ng t\u1ea3n nhi\u1ec7t t\u1ed1t cho ch\u00edp led, v\u00ec v\u1eady nhi\u1ec7t l\u01b0\u1ee3ng t\u1ecfa ra r\u1ea5t th\u1ea5p khi ph\u00e1t s\u00e1ng, gi\u00fap s\u1eed d\u1ee5ng th\u00e2n thi\u1ec7n v\u1edbi m\u00f4i tr\u01b0\u1eddng.<\/li>\n<li>Thi\u1ebft k\u1ebf s\u1eed d\u1ee5ng \u0111i\u1ec7n \u00e1p 220V DC, mang l\u1ea1i s\u1ef1 ti\u1ec7n l\u1ee3i trong th\u1ecb c\u00f4ng \u0111\u1ea5u n\u1ed1i.<\/li>\n<li>L\u00e0 s\u1ea3n ph\u1ea9m led d\u00e2y 220v ch\u1ec9 c\u1eaft \u0111\u01b0\u1ee3c tr\u00f2n m\u00e9t nh\u01b0 1m, 2m\u2026 kh\u00f4ng c\u1eaft \u0111\u01b0\u1ee3c l\u1ebb m\u00e9t nh\u01b0 0.5m, 1,2m\u2026<img loading=\"lazy\" class=\" wp-image-1941 aligncenter\" src=\"http:\/\/omllighting.com\/wp-content\/uploads\/2023\/02\/nen3-300x298.png\" alt=\"\" width=\"439\" height=\"436\" srcset=\"https:\/\/www.oml.com.vn\/wp-content\/uploads\/2023\/02\/nen3-300x298.png 300w, https:\/\/www.oml.com.vn\/wp-content\/uploads\/2023\/02\/nen3-150x150.png 150w, https:\/\/www.oml.com.vn\/wp-content\/uploads\/2023\/02\/nen3-768x763.png 768w, https:\/\/www.oml.com.vn\/wp-content\/uploads\/2023\/02\/nen3-510x507.png 510w, https:\/\/www.oml.com.vn\/wp-content\/uploads\/2023\/02\/nen3-100x100.png 100w, https:\/\/www.oml.com.vn\/wp-content\/uploads\/2023\/02\/nen3.png 843w\" sizes=\"(max-width: 439px) 100vw, 439px\" \/><\/li>\n<\/ul>\n<h4><span style=\"font-size: 140%;\"><strong>H\u01b0\u1edbng d\u1eabn c\u00e1ch l\u1eafp \u0111\u1eb7t led d\u00e2y 3 h\u00e0ng b\u00f3ng 2835 &#8211; 220v<\/strong><\/span><\/h4>\n<p><img loading=\"lazy\" class=\" wp-image-1938 aligncenter\" src=\"http:\/\/omllighting.com\/wp-content\/uploads\/2023\/02\/led-day3h-01-274x300.png\" alt=\"\" width=\"362\" height=\"396\" srcset=\"https:\/\/www.oml.com.vn\/wp-content\/uploads\/2023\/02\/led-day3h-01-274x300.png 274w, https:\/\/www.oml.com.vn\/wp-content\/uploads\/2023\/02\/led-day3h-01-936x1024.png 936w, https:\/\/www.oml.com.vn\/wp-content\/uploads\/2023\/02\/led-day3h-01-768x840.png 768w, https:\/\/www.oml.com.vn\/wp-content\/uploads\/2023\/02\/led-day3h-01-1404x1536.png 1404w, https:\/\/www.oml.com.vn\/wp-content\/uploads\/2023\/02\/led-day3h-01-1872x2048.png 1872w, https:\/\/www.oml.com.vn\/wp-content\/uploads\/2023\/02\/led-day3h-01-510x558.png 510w\" sizes=\"(max-width: 362px) 100vw, 362px\" \/><\/p>\n<ul>\n<li>B\u01b0\u1edbc 1: Chu\u1ea9n b\u1ecb s\u1eb5n 1 \u0111o\u1ea1n led d\u00e2y 2835 3 h\u00e0ng led v\u00e0 ngu\u1ed3n led d\u00e2y 220v c\u00f3 gim n\u1ed1i ph\u00f9 h\u1ee3p.<\/li>\n<li>B\u01b0\u1edbc 2: K\u1ebft n\u1ed1i ph\u1ea7n ch\u00e2n gim c\u00f3 thi\u1ebft k\u1ebf \u0111\u1ea7u nh\u1ecdn v\u00e0o \u0111\u00fang 2 v\u1ecb tr\u00ed m\u1ea1ch \u0111i\u1ec7n b\u00ean trong led d\u00e2y v\u00e0 b\u1ea3o \u0111\u1ea3m 2 m\u1ea1ch \u0111i\u1ec7n \u0111\u00f3 kh\u00f4ng \u0111\u1ec3 ch\u1ea1m nhau.<\/li>\n<li>B\u01b0\u1edbc 3:\u00a0\u0110\u1ea5u n\u1ed1i \u0111\u1ea7u gim c\u00f2n l\u1ea1i v\u00e0o d\u00e2y ngu\u1ed3n 220v.<\/li>\n<li>B\u01b0\u1edbc 4: Ho\u00e0n th\u00e0nh v\u00e0 th\u1eed s\u00e1ng led, (n\u1ebfu d\u00e2y led ch\u01b0a s\u00e1ng th\u00ec\u00a0 \u0111\u1ea3o chi\u1ec1u ch\u00e2n gim, b\u1edfi led 220v s\u1eed d\u1ee5ng \u0111i\u1ec7n 1 chi\u1ec1u, \u0111\u00fang chi\u1ec1u led d\u00e2y m\u1edbi s\u00e1ng).<\/li>\n<\/ul>\n","protected":false},"excerpt":{"rendered":"<p>\u2714 <strong>M\u00e3 s\u1ea3n ph\u1ea9m<\/strong>: OML-TSUN2835\/10W\/180B<\/p>\n<p>\u2714<strong>\u0110i\u1ec7n \u00e1p<\/strong>\u00a0: 220V \u2013 DC<\/p>\n<p>\u2714\u00a0<strong>C<\/strong>\u00f4<strong>ng su\u1ea5t<\/strong>: 10 w\/ m\u00e9t<\/p>\n<p>\u2714\u00a0<strong>\u00c1nh s\u00e1ng<\/strong>: Tr\u1eafng\/ V\u00e0ng\/ Xanh d\u01b0\u01a1ng<\/p>\n<p>\u2714\u00a0<strong>Ch\u1ea5t li\u1ec7u<\/strong>: V\u1ecf l\u00e0m b\u1eb1ng silicon trong su\u1ed1t<\/p>\n<p>\u2714\u00a0<strong>S\u1ed1 b\u00f3ng:18<\/strong>0B\/M\u00e9t<\/p>\n<p>\u2714\u00a0<strong>G\u00f3c m\u1edf<\/strong>: 150\u00b0<\/p>\n<p>\u2714\u00a0<strong>Quy c\u00e1ch<\/strong>\u00a0: 100m\/cu\u1ed9n<\/p>\n<p>\u2714\u00a0<strong>B\u1ea3o h\u00e0nh :24 <\/strong>\u00a0th\u00e1ng<\/p>\n","protected":false},"featured_media":2454,"comment_status":"open","ping_status":"closed","template":"","meta":[],"product_cat":[279],"product_tag":[300,297,298,299],"_links":{"self":[{"href":"https:\/\/www.oml.com.vn\/index.php?rest_route=\/wp\/v2\/product\/1934"}],"collection":[{"href":"https:\/\/www.oml.com.vn\/index.php?rest_route=\/wp\/v2\/product"}],"about":[{"href":"https:\/\/www.oml.com.vn\/index.php?rest_route=\/wp\/v2\/types\/product"}],"replies":[{"embeddable":true,"href":"https:\/\/www.oml.com.vn\/index.php?rest_route=%2Fwp%2Fv2%2Fcomments&post=1934"}],"wp:featuredmedia":[{"embeddable":true,"href":"https:\/\/www.oml.com.vn\/index.php?rest_route=\/wp\/v2\/media\/2454"}],"wp:attachment":[{"href":"https:\/\/www.oml.com.vn\/index.php?rest_route=%2Fwp%2Fv2%2Fmedia&parent=1934"}],"wp:term":[{"taxonomy":"product_cat","embeddable":true,"href":"https:\/\/www.oml.com.vn\/index.php?rest_route=%2Fwp%2Fv2%2Fproduct_cat&post=1934"},{"taxonomy":"product_tag","embeddable":true,"href":"https:\/\/www.oml.com.vn\/index.php?rest_route=%2Fwp%2Fv2%2Fproduct_tag&post=1934"}],"curies":[{"name":"wp","href":"https:\/\/api.w.org\/{rel}","templated":true}]}}