{"id":1970,"date":"2023-03-07T14:32:58","date_gmt":"2023-03-07T07:32:58","guid":{"rendered":"http:\/\/omllighting.com\/?post_type=product&#038;p=1970"},"modified":"2024-07-09T16:17:57","modified_gmt":"2024-07-09T09:17:57","slug":"am-tran-de-duc-vien-vang-9w","status":"publish","type":"product","link":"https:\/\/www.oml.com.vn\/?product=am-tran-de-duc-vien-vang-9w","title":{"rendered":"\u00c2M TR\u1ea6N \u0110\u1ebe \u0110\u00daC VI\u1ec0N V\u00c0NG 9W"},"content":{"rendered":"<h2 id=\"ftoc-heading-1\" class=\"ftwp-heading\"><strong>1. Th\u00f4ng s\u1ed1 k\u1ef9 thu\u1eadt<\/strong><\/h2>\n<table class=\"thong_so_ky_thuat_rolux\" style=\"height: 419px;\" border=\"1\" width=\"727\" cellspacing=\"0\" cellpadding=\"0\">\n<tbody>\n<tr>\n<td>\u00a0 M\u00e3 s\u1ea3n ph\u1ea9m<\/td>\n<td>\u00a0OML-AT\u0110-VV-9W<\/td>\n<\/tr>\n<tr>\n<td>\u00a0Th\u01b0\u01a1ng hi\u1ec7u<\/td>\n<td>\u00a0<span style=\"color: #696969;\">OML\u00ae LIGHTING<\/span><\/td>\n<\/tr>\n<tr>\n<td>\u00a0 C\u00f4ng su\u1ea5t<\/td>\n<td>\u00a09W<\/td>\n<\/tr>\n<tr>\n<td>\u00a0 \u00c1nh s\u00e1ng<\/td>\n<td>\u00a0Ba m\u00e0u<\/td>\n<\/tr>\n<tr>\n<td>\u00a0 \u0110i\u1ec7n \u00e1p (AC)<\/td>\n<td>\u00a085-265V<\/td>\n<\/tr>\n<tr>\n<td>\u00a0 Hi\u1ec7u su\u1ea5t quang<\/td>\n<td>\u00a0~110Lm\/w<\/td>\n<\/tr>\n<tr>\n<td>\u00a0 \u0110\u1ed9 ho\u00e0n m\u00e0u<\/td>\n<td>\u00a0&gt;90Ra<\/td>\n<\/tr>\n<tr>\n<td>\u00a0 Ch\u1ebf \u0111\u1ed9 \u00e1nh s\u00e1ng<\/td>\n<td>\u00a0Ch\u1ed1ng ch\u00f3i<\/td>\n<\/tr>\n<tr>\n<td>\u00a0 \u0110\u01b0\u1eddng k\u00ednh l\u1ed7 kho\u00e9t<\/td>\n<td>\u00a0D90mm<\/td>\n<\/tr>\n<tr>\n<td>\u00a0 \u0110\u01b0\u1eddng k\u00ednh m\u1eb7t<\/td>\n<td>\u00a0D120mm<\/td>\n<\/tr>\n<tr>\n<td>\u00a0 Chi\u1ec1u d\u00e0y<\/td>\n<td>\u00a037mm<\/td>\n<\/tr>\n<tr>\n<td>\u00a0 Ch\u1ea5t li\u1ec7u<\/td>\n<td>\u00a0H\u1ee3p kim nh\u00f4m s\u01a1n t\u0129nh \u0111i\u1ec7n<\/td>\n<\/tr>\n<tr>\n<td>\u00a0 Tu\u1ed5i th\u1ecd<\/td>\n<td>\u00a040.000 gi\u1edd<\/td>\n<\/tr>\n<tr>\n<td>B\u1ea3o h\u00e0nh<\/td>\n<td>\u00a024 th\u00e1ng<\/td>\n<\/tr>\n<tr>\n<td><\/td>\n<td><\/td>\n<\/tr>\n<\/tbody>\n<\/table>\n<h2><strong><em>Xem th\u00eam :\u00a0<a href=\"http:\/\/omllighting.com\/?p=1993\" target=\"_blank\" rel=\"noopener\">H\u01b0\u1edbng d\u1eabn c\u00e1c c\u00e1ch l\u1eafp \u0111\u1eb7t \u0111\u00e8n LED \u00e2m tr\u1ea7n\u00a0<\/a><\/em><\/strong><\/h2>\n<h2 id=\"ftoc-heading-4\" class=\"ftwp-heading\"><strong>\u01afu \u0111i\u1ec3m \u0111\u00e8n LED \u00e2m tr\u1ea7n kh\u1ed1i \u0111\u00fac 9W<\/strong><\/h2>\n<p><strong>So v\u1edbi c\u00e1c s\u1ea3n ph\u1ea9m c\u00f9ng ph\u00e2n kh\u00fac tr\u00ean th\u1ecb tr\u01b0\u1eddng, \u0111\u00e8n LED \u00e2m tr\u1ea7n kh\u1ed1i \u0111\u00fac c\u1ee7a <span style=\"color: #696969;\">OML\u00ae LIGHTING<\/span> chi\u1ebfm \u0111\u01b0\u1ee3c ni\u1ec1m tin \u0111\u00f4ng \u0111\u1ea3o c\u1ee7a ng\u01b0\u1eddi s\u1eed d\u1ee5ng nh\u1edd c\u00f3 nh\u1eefng \u01b0u \u0111i\u1ec3m v\u01b0\u1ee3t tr\u1ed9i .<\/strong><\/p>\n<ul>\n<li><strong>\u0110\u00e8n c\u00f3 ch\u1ec9 s\u1ed1 ho\u00e0n m\u00e0u c\u1ee7a \u0111\u00e8n Ra &gt; 85 cho \u00e1nh s\u00e1ng trung th\u1ef1c, ch\u1ed1ng l\u00f3a, m\u1ecfi m\u1eaft, b\u1ea3o v\u1ec7 m\u1eaft hi\u1ec7u qu\u1ea3.<\/strong><\/li>\n<li><strong>\u0110\u00e8n nh\u1edd ho\u1ea1t \u0111\u1ed9ng hi\u1ec7u qu\u1ea3 c\u1ee7a \u0111\u1ebf t\u1ea3n nhi\u1ec7t v\u1edbi chip LED cao c\u1ea5p gi\u00fap \u0111\u00e8n c\u00f3 tu\u1ed5i th\u1ecd cao, th\u1eddi gian chi\u1ebfu s\u00e1ng 40.000 gi\u1edd.<\/strong><\/li>\n<li><strong>\u0110\u00e8n \u0111\u01b0\u1ee3c thi\u1ebft k\u1ebf sang tr\u1ecdng, nh\u1ecf g\u1ecdn gi\u00fap cho vi\u1ec7c l\u1eafp \u0111\u1eb7t tr\u1edf n\u00ean d\u1ec5 d\u00e0ng h\u01a1n v\u00e0 kh\u00f4ng l\u00e0m m\u1ea5t nhi\u1ec1u di\u1ec7n t\u00edch.<\/strong><\/li>\n<li><strong>Ch\u1ebf \u0111\u1ed9 \u00e1nh s\u00e1ng \u0111a d\u1ea1ng l\u1ef1a ch\u1ecdn: c\u00f3 1 lo\u1ea1i \u0111\u01a1n s\u1eafc tr\u1eafng v\u00e0 ch\u1ebf \u0111\u1ed9 3 m\u00e0u.<\/strong><\/li>\n<li><strong>\u0110\u00e8n c\u00f3 tu\u1ed5i th\u1ecd l\u00ean t\u1edbi 40.000 gi\u1edd t\u01b0\u01a1ng \u0111\u01b0\u01a1ng 10 n\u0103m s\u1eed d\u1ee5ng, c\u00f9ng ch\u00ednh s\u00e1ch b\u1ea3o h\u00e0nh 24 th\u00e1ng to\u00e0n qu\u1ed1c s\u1ebd gi\u00fap b\u1ea1n ti\u1ebft ki\u1ec7m chi ph\u00ed thay th\u1ebf, \u0111\u1ed5i m\u1edbi<\/strong><\/li>\n<\/ul>\n<p>&nbsp;<\/p>\n","protected":false},"excerpt":{"rendered":"<p>M\u00e3 s\u1ea3n ph\u1ea9m\u00a0 \u00a0 \u00a0 \u00a0 \u00a0 : OML-ATD-VV-9W<\/p>\n<p>C\u00f4ng su\u1ea5t\u00a0 \u00a0 \u00a0 \u00a0 \u00a0 \u00a0 \u00a0 \u00a0: 9W<\/p>\n<p>K\u00edch th\u01b0\u1edbc\u00a0 \u00a0 \u00a0 \u00a0 \u00a0 \u00a0 \u00a0: \u2205148x37mm<\/p>\n<p>L\u1ed7 kho\u00e9t\u00a0 \u00a0 \u00a0 \u00a0 \u00a0 \u00a0 \u00a0 \u00a0 : \u00d8110<\/p>\n<p>Quang th\u00f4ng\u00a0 \u00a0 \u00a0 \u00a0 \u00a0: 900 Lm<\/p>\n<p>\u0110i\u1ec7n \u00e1p\u00a0 \u00a0 \u00a0 \u00a0 \u00a0 \u00a0 \u00a0 \u00a0 \u00a0: AC 85-265V<\/p>\n<p>&nbsp;<\/p>\n","protected":false},"featured_media":2336,"comment_status":"open","ping_status":"closed","template":"","meta":[],"product_cat":[15],"product_tag":[321,325,324],"_links":{"self":[{"href":"https:\/\/www.oml.com.vn\/index.php?rest_route=\/wp\/v2\/product\/1970"}],"collection":[{"href":"https:\/\/www.oml.com.vn\/index.php?rest_route=\/wp\/v2\/product"}],"about":[{"href":"https:\/\/www.oml.com.vn\/index.php?rest_route=\/wp\/v2\/types\/product"}],"replies":[{"embeddable":true,"href":"https:\/\/www.oml.com.vn\/index.php?rest_route=%2Fwp%2Fv2%2Fcomments&post=1970"}],"wp:featuredmedia":[{"embeddable":true,"href":"https:\/\/www.oml.com.vn\/index.php?rest_route=\/wp\/v2\/media\/2336"}],"wp:attachment":[{"href":"https:\/\/www.oml.com.vn\/index.php?rest_route=%2Fwp%2Fv2%2Fmedia&parent=1970"}],"wp:term":[{"taxonomy":"product_cat","embeddable":true,"href":"https:\/\/www.oml.com.vn\/index.php?rest_route=%2Fwp%2Fv2%2Fproduct_cat&post=1970"},{"taxonomy":"product_tag","embeddable":true,"href":"https:\/\/www.oml.com.vn\/index.php?rest_route=%2Fwp%2Fv2%2Fproduct_tag&post=1970"}],"curies":[{"name":"wp","href":"https:\/\/api.w.org\/{rel}","templated":true}]}}