{"id":2054,"date":"2023-03-09T11:15:16","date_gmt":"2023-03-09T04:15:16","guid":{"rendered":"http:\/\/omllighting.com\/?post_type=product&#038;p=2054"},"modified":"2023-06-27T15:37:27","modified_gmt":"2023-06-27T08:37:27","slug":"op-noi-vuong-than-trang-24w","status":"publish","type":"product","link":"https:\/\/www.oml.com.vn\/?product=op-noi-vuong-than-trang-24w","title":{"rendered":"\u1ed0P N\u1ed4I VU\u00d4NG TH\u00c2N TR\u1eaeNG 24W"},"content":{"rendered":"<table style=\"width: 600px;\" border=\"1\" cellspacing=\"1\" cellpadding=\"1\">\n<tbody>\n<tr bgcolor=\"#00CCCC\">\n<td colspan=\"2\">\u00a0 \u00a0 \u00a0 \u00a0 \u00a0 \u00a0 \u00a0 \u00a0 \u00a0 \u00a0 \u00a0 \u00a0 \u00a0 \u00a0 \u00a0 \u00a0 \u00a0 \u00a0 \u00a0 Th\u00f4ng S\u1ed1 K\u0129 Thu\u1eadt<\/td>\n<\/tr>\n<tr bgcolor=\"#e3f5fc\">\n<td>C\u00f4ng su\u1ea5t<\/td>\n<td>24W<\/td>\n<\/tr>\n<tr bgcolor=\"#e3f5fc\">\n<td>\u0110i\u1ec7n \u00e1p ho\u1ea1t \u0111\u1ed9ng<\/td>\n<td>85V-265V<\/td>\n<\/tr>\n<tr bgcolor=\"#e3f5fc\">\n<td>Quang th\u00f4ng<\/td>\n<td>1920Lm<\/td>\n<\/tr>\n<tr bgcolor=\"#e3f5fc\">\n<td>T\u1ea7n s\u1ed1<\/td>\n<td>50\/60Hz<\/td>\n<\/tr>\n<tr bgcolor=\"#e3f5fc\">\n<td>K\u00edch th\u01b0\u1edbc<\/td>\n<td>290*290*40mm<\/td>\n<\/tr>\n<tr bgcolor=\"#e3f5fc\">\n<td>Ch\u1ebf \u0111\u1ed9 m\u00e0u<\/td>\n<td>Tr\u1eafng (6500k)<\/td>\n<\/tr>\n<tr bgcolor=\"#e3f5fc\">\n<td>B\u1ea3o H\u00e0nh<\/td>\n<td>24 th\u00e1ng<\/td>\n<\/tr>\n<tr bgcolor=\"#e3f5fc\">\n<td>Ch\u00e2t l\u01b0\u1ee3ng<\/td>\n<td>\u0110\u1ea1t ti\u00eau chu\u1ea9n Qu\u1ed1c gia<\/td>\n<\/tr>\n<\/tbody>\n<\/table>\n<p><strong>M\u00f4 T\u1ea3 :\u00a0<\/strong><\/p>\n<p>\u0110\u00e8n Led \u1ed1p n\u1ed5i Vu\u00f4ng 24W OML\u00ae \u0111ang l\u00e0 m\u1ed9t s\u1ea3n ph\u1ea9m \u0111\u1eb9p, ch\u1ea5t l\u01b0\u1ee3ng \u0111\u00e1ng tin c\u1eady. V\u1edbi thi\u1ebft k\u1ebf vi\u1ec1n \u00f4m \u0111\u01a1n gi\u1ea3n m\u00e0 tinh t\u1ebf, \u0111\u01b0\u1ee3c ph\u1ee7 b\u00ean ngo\u00e0i l\u1edbp s\u01a1n t\u0129nh \u0111i\u1ec7n b\u00f3ng, m\u1ecbn, \u0111\u1ed3ng \u0111\u1ec1u. K\u00ednh ph\u1ea3n quang ch\u1ed1ng ch\u00f3i, b\u1ea3o v\u1ec7 m\u1eaft, \u0111\u1ed9 xuy\u00ean th\u1ea5u v\u00e0 t\u00e1n quang hi\u1ec7u qu\u1ea3, s\u1ea3n ph\u1ea9m mang l\u1ea1i kh\u00f4ng gian \u00e1nh s\u00e1ng trung th\u1ef1c, t\u1ea1o c\u1ea3m gi\u00e1c d\u1ecbu nh\u1eb9 cho c\u0103n ph\u00f2ng.<\/p>\n<p>Thi\u1ebft k\u1ebf nh\u1ecf g\u1ecdn v\u00e0 d\u1ec5 d\u00e0ng l\u1eafp \u0111\u1eb7t trong c\u00e1c khu v\u1ef1c c\u00f3 di\u1ec7n t\u00edch nh\u1ecf<\/p>\n<p>\u0110\u00e8n Led \u1ed1p n\u1ed5i Vu\u00f4ng 24w \u0111\u01b0\u1ee3c thi\u1ebft k\u1ebf v\u1edbi g\u00f3c chi\u1ebfu 180\u00ba, s\u1eed d\u1ee5ng t\u1ea3n nhi\u1ec7t nh\u00f4m, b\u1ed9 ngu\u1ed3n \u1ed5n \u0111\u1ecbnh gi\u00fap t\u0103ng tu\u1ed5i th\u1ecd c\u1ee7a s\u1ea3n ph\u1ea9m l\u00ean \u0111\u1ebfn 25.000H<\/p>\n<p><strong>\u1ee8NG D\u1ee4NG<\/strong> : s\u1ea3n ph\u1ea9m \u0111\u01b0\u1ee3c s\u1eed d\u1ee5ng \u0111\u1ec3 trang tr\u00ed trong v\u00e0 ngo\u00e0i nh\u00e0, c\u00e1c khu v\u1ef1c h\u00e0nh lang, v\u0103n ph\u00f2ng &#8230;..<\/p>\n","protected":false},"excerpt":{"rendered":"<p><strong>T\u00ean s\u1ea3n ph\u1ea9m<\/strong> : \u1ed0P N\u1ed4I VI\u1ec0N VU\u00d4NG<\/p>\n<p><strong>M\u00e3 s\u1ea3n ph\u1ea9m<\/strong> : OML-ONV-TT-24W<\/p>\n<p><strong>K\u00edch th\u01b0\u1edbc\u00a0<\/strong> \u00a0 \u00a0: 290x290x40mm<\/p>\n<p><strong>C\u00f4ng su\u1ea5t\u00a0<\/strong> \u00a0 \u00a0 : 24W<\/p>\n<p><strong>\u00c1nh s\u00e1ng<\/strong>\u00a0 \u00a0 \u00a0 \u00a0 : Tr\u1eafng<\/p>\n<p><strong>Quang th\u00f4ng<\/strong>\u00a0 : 1920Lm<\/p>\n<p><strong>\u0110i\u1ec7n \u00e1p<\/strong>\u00a0 \u00a0 \u00a0 \u00a0 \u00a0 \u00a0: AC85-265V<\/p>\n","protected":false},"featured_media":2347,"comment_status":"open","ping_status":"closed","template":"","meta":[],"product_cat":[136],"product_tag":[192,333],"_links":{"self":[{"href":"https:\/\/www.oml.com.vn\/index.php?rest_route=\/wp\/v2\/product\/2054"}],"collection":[{"href":"https:\/\/www.oml.com.vn\/index.php?rest_route=\/wp\/v2\/product"}],"about":[{"href":"https:\/\/www.oml.com.vn\/index.php?rest_route=\/wp\/v2\/types\/product"}],"replies":[{"embeddable":true,"href":"https:\/\/www.oml.com.vn\/index.php?rest_route=%2Fwp%2Fv2%2Fcomments&post=2054"}],"wp:featuredmedia":[{"embeddable":true,"href":"https:\/\/www.oml.com.vn\/index.php?rest_route=\/wp\/v2\/media\/2347"}],"wp:attachment":[{"href":"https:\/\/www.oml.com.vn\/index.php?rest_route=%2Fwp%2Fv2%2Fmedia&parent=2054"}],"wp:term":[{"taxonomy":"product_cat","embeddable":true,"href":"https:\/\/www.oml.com.vn\/index.php?rest_route=%2Fwp%2Fv2%2Fproduct_cat&post=2054"},{"taxonomy":"product_tag","embeddable":true,"href":"https:\/\/www.oml.com.vn\/index.php?rest_route=%2Fwp%2Fv2%2Fproduct_tag&post=2054"}],"curies":[{"name":"wp","href":"https:\/\/api.w.org\/{rel}","templated":true}]}}