{"id":2059,"date":"2023-03-09T16:58:13","date_gmt":"2023-03-09T09:58:13","guid":{"rendered":"http:\/\/omllighting.com\/?post_type=product&#038;p=2059"},"modified":"2023-06-28T08:30:57","modified_gmt":"2023-06-28T01:30:57","slug":"op-tu-mini-vien-trang-7w","status":"publish","type":"product","link":"https:\/\/www.oml.com.vn\/?product=op-tu-mini-vien-trang-7w","title":{"rendered":"\u1ed0P T\u1ee6 MINI VI\u1ec0N TR\u1eaeNG &#8211; 7W"},"content":{"rendered":"<p><strong>\u0110\u00e8n LED chi\u1ebfu \u0111i\u1ec3m \u1ed1p t\u1ee7 mini 7w<\/strong>\u00a0l\u00e0 ki\u1ec3u \u0111\u00e8n spotlight mini chi\u1ebfu r\u1ecdi, chi\u1ebfu \u0111i\u1ec3m v\u1eadt th\u1ec3 l\u00e0m t\u00f4n th\u00eam v\u1ebb \u0111\u1eb9p c\u1ee7a v\u1eadt m\u00e0 n\u00f3 chi\u1ebfu s\u00e1ng.<\/p>\n<ul>\n<li>Thi\u1ebft k\u1ebf \u0111\u1ed9c \u0111\u00e1o si\u00eau m\u1ecfng, si\u00eau nh\u1ecf nh\u01b0ng c\u00f4ng n\u0103ng chi\u1ebfu s\u00e1ng h\u1ebft s\u1ee9c m\u1ea1nh m\u1ebd, \u1ea5n t\u01b0\u1ee3ng.<\/li>\n<li>\u1ee8ng d\u1ee5ng chi\u1ebfu h\u1eaft s\u00e1ng t\u1ee7 r\u01b0\u1ee3u, t\u1ee7 b\u1ebfp, qu\u1ea7y bar, t\u1ee7 qu\u1ea7n \u00e1o, t\u1ee7 s\u00e1ch,..<\/li>\n<li>ph\u00f9 h\u1ee3p v\u1edbi kh\u00f4ng gian cao c\u1ea5p nh\u01b0 nh\u00e0 h\u00e0ng, kh\u00e1ch s\u1ea1n, shop th\u1eddi trang, th\u01b0 vi\u1ec7n, b\u1ea3o t\u00e0ng, bi\u1ec7t th\u1ef1&#8230;<\/li>\n<li>S\u1ea3n ph\u1ea9m \u0111\u01b0\u1ee3c ng\u01b0\u1eddi tin d\u00f9ng y\u00eau th\u00edch<\/li>\n<\/ul>\n<p><strong>\u01afu \u0111i\u1ec3m:<\/strong><\/p>\n<ul>\n<li><strong>Th\u00e2n thi\u1ec7n v\u1edbi m\u00f4i tr\u01b0\u1eddng:\u00a0<\/strong>\u0110\u00e8n kh\u00f4ng ch\u1ee9a ch\u1ea5t g\u00e2y \u0111\u1ed9c h\u1ea1i, Led ch\u1ea5t l\u01b0\u1ee3ng cao kh\u00f4ng tia c\u1ef1c t\u00edm \u1ea3nh h\u01b0\u1edfng \u0111\u1ebfn m\u1eaft.<\/li>\n<li><strong>T\u0103ng t\u00ednh th\u1ea9m m\u1ef9 cao:\u00a0<\/strong>Thi\u1ebft k\u1ebf hi\u1ec7n \u0111\u1ea1i, sang tr\u1ecdng, g\u1ea7n g\u0169i v\u1edbi thi\u00ean nhi\u00ean, con ng\u01b0\u1eddi<\/li>\n<li><strong>Ti\u1ebft ki\u1ec7m \u0111i\u1ec7n n\u0103ng:\u00a0<\/strong>S\u1eed d\u1ee5ng chip LED c\u00f3 hi\u1ec7u su\u1ea5t ph\u00e1t s\u00e1ng cao. Ti\u1ebft ki\u1ec7m 80% \u0111i\u1ec7n n\u0103ng so v\u1edbi b\u00f3ng \u0111\u00e8n s\u1ee3i \u0111\u1ed1t. Ti\u1ebft ki\u1ec7m 50% \u0111i\u1ec7n n\u0103ng so v\u1edbi b\u00f3ng \u0111\u00e8n compact.<\/li>\n<li><strong>\u0110\u1ed9 b\u1ec1n cao, b\u1ea3o h\u00e0nh d\u00e0i h\u1ea1n:\u00a0<\/strong>S\u1eed d\u1ee5ng ch\u1ea5t li\u1ec7u cao c\u1ea5p ch\u1ed1ng \u0111\u01b0\u1ee3c r\u1ec9 v\u00e0 va \u0111\u1eadp. \u0111\u00e8n th\u1ea3 tr\u1ea7n Led tu\u1ed5i th\u1ecd c\u00e1o l\u00ean \u0111\u1ebfn 25.000 gi\u1edd.<\/li>\n<li><strong>Kh\u00f4ng hi\u1ec7n t\u01b0\u1ee3ng nh\u1ea5p nh\u00e1y, ch\u1ec9 s\u1ed1 ho\u00e0n m\u00e0u cao:\u00a0<\/strong>Ch\u1ea5t l\u01b0\u1ee3ng \u00e1nh s\u00e1ng cao (CRI &gt;= 80) cho \u00e1nh s\u00e1ng trung th\u1ef1c t\u1ef1 nhi\u00ean, t\u0103ng kh\u1ea3 n\u0103ng nh\u1eadn di\u1ec7n m\u00e0u s\u1eafc c\u1ee7a v\u1eadt \u0111\u01b0\u1ee3c chi\u1ebfu s\u00e1ng.<\/li>\n<li><strong>\u00cdt ch\u00f3i h\u01a1n 70% so v\u1edbi b\u00f3ng Compact<\/strong><\/li>\n<li><strong>T\u1ea1o n\u00e9t \u0111\u1eb9p sang tr\u1ecdng<\/strong> trong c\u0103n nh\u00e0 c\u1ee7a<\/li>\n<\/ul>\n","protected":false},"excerpt":{"rendered":"<p>T\u00ean s\u1ea3n ph\u1ea9m\u00a0 \u00a0: \u1ed0P T\u1ee6 MINI 7W V\u1ece TR\u1eaeNG<\/p>\n<p>M\u00e3 s\u1ea3n ph\u1ea9m\u00a0 \u00a0 : OML-OT-VT01V-7W<\/p>\n<p>K\u00edch th\u01b0\u1edbc\u00a0 \u00a0 \u00a0 \u00a0 : 73X17mm<\/p>\n<p>C\u00f4ng su\u1ea5t\u00a0 \u00a0 \u00a0 \u00a0 \u00a0: 7W<\/p>\n<p>\u00c1nh s\u00e1ng\u00a0 \u00a0 \u00a0 \u00a0 \u00a0 : V\u00e0ng trung t\u00ednh<\/p>\n","protected":false},"featured_media":2367,"comment_status":"open","ping_status":"closed","template":"","meta":[],"product_cat":[364],"product_tag":[342,343],"_links":{"self":[{"href":"https:\/\/www.oml.com.vn\/index.php?rest_route=\/wp\/v2\/product\/2059"}],"collection":[{"href":"https:\/\/www.oml.com.vn\/index.php?rest_route=\/wp\/v2\/product"}],"about":[{"href":"https:\/\/www.oml.com.vn\/index.php?rest_route=\/wp\/v2\/types\/product"}],"replies":[{"embeddable":true,"href":"https:\/\/www.oml.com.vn\/index.php?rest_route=%2Fwp%2Fv2%2Fcomments&post=2059"}],"wp:featuredmedia":[{"embeddable":true,"href":"https:\/\/www.oml.com.vn\/index.php?rest_route=\/wp\/v2\/media\/2367"}],"wp:attachment":[{"href":"https:\/\/www.oml.com.vn\/index.php?rest_route=%2Fwp%2Fv2%2Fmedia&parent=2059"}],"wp:term":[{"taxonomy":"product_cat","embeddable":true,"href":"https:\/\/www.oml.com.vn\/index.php?rest_route=%2Fwp%2Fv2%2Fproduct_cat&post=2059"},{"taxonomy":"product_tag","embeddable":true,"href":"https:\/\/www.oml.com.vn\/index.php?rest_route=%2Fwp%2Fv2%2Fproduct_tag&post=2059"}],"curies":[{"name":"wp","href":"https:\/\/api.w.org\/{rel}","templated":true}]}}