{"id":2080,"date":"2023-03-10T11:21:55","date_gmt":"2023-03-10T04:21:55","guid":{"rendered":"http:\/\/omllighting.com\/?post_type=product&#038;p=2080"},"modified":"2023-07-03T16:46:41","modified_gmt":"2023-07-03T09:46:41","slug":"bup-chup-tron-7w","status":"publish","type":"product","link":"https:\/\/www.oml.com.vn\/?product=bup-chup-tron-7w","title":{"rendered":"B\u00daP CH\u1ee4P TR\u00d2N 7W"},"content":{"rendered":"<h2>C\u1ea5u t\u1ea1o c\u1ee7a B\u00f3ng LED CH\u1ee4P TR\u00d2N<\/h2>\n<ul>\n<li><strong>\u0110ui \u0110\u00e8n Led Xo\u00e1y:<\/strong> \u0110\u00e8n thi\u1ebft k\u1ebf \u0111ui \u0111\u00e8n theo ti\u00eau chu\u1ea9n chung, \u0111ui E27. V\u1edbi \u0110ui Xo\u00e1y E27. \u0110\u00e8n led b\u00fap d\u1ec5 d\u00e0ng l\u1eafp \u0111\u1eb7t, thay th\u1ebf, s\u1eeda ch\u1eefa v\u00e0 ph\u00f9 h\u1ee3p v\u1edbi m\u1ecdi c\u00f4ng tr\u00ecnh chi\u1ebfu s\u00e1ng.<\/li>\n<li><strong>Chip Led:<\/strong> S\u1eed d\u1ee5ng Chip Led hi\u1ec7n \u0111\u1ea1i cao c\u1ea5p nh\u1ea5t t\u1ea1i Vi\u1ec7t Nam. Chip led L\u00e0 ngu\u1ed3n ph\u00e1t s\u00e1ng c\u1ee7a b\u00f3ng \u0111\u00e8n ed b\u00fap. L\u00e0 th\u00e0nh ph\u1ea7n quy\u1ebft \u0111\u1ecbnh ch\u1ea5t l\u01b0\u1ee3ng v\u00e0 tu\u1ed5i th\u1ecd c\u1ee7a b\u00f3ng \u0111\u00e8n led.<\/li>\n<li><strong>Chao Ch\u1ee5p Chip Led:<\/strong> B\u00fap Led OML \u0111a d\u1ea1ng m\u1eabu m\u00e3. Chao nh\u1ef1a PC cao c\u1ea5p, nguy\u00ean li\u1ec7u nh\u1ef1a kh\u00f4ng c\u00f3 ch\u1ea5t \u0111\u1ed9c h\u1ea1i. \u0110\u00e8n b\u00fap\u00a0 th\u00e2n thi\u1ec7n v\u1edbi m\u00f4i tr\u01b0\u1eddng.<\/li>\n<li><strong>Th\u00e2n V\u1ecf\u00a0\u0110\u00e8n Led:<\/strong>\u00a0hay g\u1ecdi l\u00e0 b\u1ed9 ph\u1eadn t\u1ea3n nhi\u1ec7t nh\u00f4m. \u0110\u01b0\u1ee3c l\u00e0m b\u1eb1ng h\u1ee3p kim nh\u00f4m\u00a0\u0111\u00fac. C\u00f3 t\u00e1c d\u1ee5ng c\u00e1ch\u00a0\u0111i\u1ec7n v\u00e0 ch\u1ed1ng\u00a0oxy h\u00f3a theo th\u1eddi gian s\u1eed d\u1ee5ng v\u00e0 gi\u1ea3m\u00a0\u0111\u1ed9 n\u00f3ng c\u1ee7a\u00a0\u0111\u00e8n.<\/li>\n<li><strong>Driver led:<\/strong>\u00a0hay c\u00f2n g\u1ecdi l\u00e0 ngu\u1ed3n led. L\u00e0 th\u00e0nh ph\u1ea7n c\u1ea5p ngu\u1ed3n cho Chip led s\u00e1ng. Chuy\u1ec3n\u00a0\u0111\u1ed5i\u00a0\u0111i\u1ec7n t\u1eeb AC sang DC ho\u1eb7c t\u1eeb DC sang DC<\/li>\n<\/ul>\n<h2>\u01afu \u0111i\u1ec3m c\u1ee7a B\u00daP CH\u1ee4P TR\u00d2N<\/h2>\n<ul>\n<li><strong>Ch\u1ec9 s\u1ed1 ho\u00e0n m\u00e0u cao:<\/strong> V\u1edbi chip led cao c\u1ea5p , Ch\u1ec9 s\u1ed1 ho\u00e0n m\u00e0u CRI \u0110\u00e8n Led E27 ch\u1ee5p nh\u1ef1a OML cao h\u01a1n 80. Mang t\u1edbi \u00e1nh s\u00e1ng trung th\u1ef1c, t\u1ef1 nhi\u00ean nh\u1ea5t cho n\u1ed9i th\u1ea5t c\u00f4ng tr\u00ecnh. B\u1ea3o v\u1ec7 th\u1ecb l\u1ef1c cho ng\u01b0\u1eddi s\u1eed d\u1ee5ng, gi\u00fap m\u1eaft kh\u00f4ng ph\u1ea3i l\u00e0m vi\u1ec7c c\u0103ng.<\/li>\n<li><strong>Ti\u1ebft ki\u1ec7m\u00a0\u0111i\u1ec7n n\u0103ng:<\/strong> Led B\u00fap OML ti\u1ebft ki\u1ec7m l\u00ean t\u1edbi 55% so v\u1edbi \u0110\u00e8n compact \u0111ui xo\u00e1y. V\u00e0 ti\u1ebft ki\u1ec7m t\u1edbi 85% \u0111i\u1ec7n n\u0103ng so v\u1edbi \u0111\u00e8n s\u1ee3i \u0111\u1ed1t, d\u00e2y t\u00f3c truy\u1ec1n th\u1ed1ng.<\/li>\n<li><strong>An to\u00e0n khi s\u1eed d\u1ee5ng:<\/strong> \u0110\u00e8n B\u00fap ch\u1ee5p tr\u00f2n l\u00e0 d\u00f2ng \u0111\u00e8n \u0111\u1ea3m b\u1ea3o an to\u00e0n v\u00e0 ti\u1ec7n \u00edch<\/li>\n<li><strong>Tu\u1ed5i th\u1ecd B\u00f3ng Led cao:<\/strong> V\u1edbi quy tr\u00ecnh v\u00e0 c\u00f4ng ngh\u1ec7 s\u1ea3n xu\u1ea5t \u0110\u00e8n Led nghi\u00eam ng\u1eb7t nh\u1ea5t. B\u00f3ng Led B\u00fap \u0111\u01b0\u1ee3c s\u1eed d\u1ee5ng c\u00f3 tu\u1ed5i th\u1ecd l\u00ean t\u1edbi 40.000 gi\u1edd chi\u1ebfu s\u00e1ng. Sau th\u1eddi gian \u0111\u1ea5y, b\u00f3ng led v\u1eabn ho\u1ea1t \u0111\u1ed9ng b\u00ecnh th\u01b0\u1eddng, nh\u01b0ng ch\u1ec9 s\u1ed1 ph\u00e1t quang s\u1ebd gi\u1ea3m \u0111i \u0111\u00f4i ch\u00fat<\/li>\n<li><strong>C\u00f4ng su\u1ea5t:\u00a0 <\/strong>B\u00fap ch\u1ee5p tr\u00f2n v\u1edbi nhi\u1ec1u m\u1ee9c c\u00f4ng su\u1ea5t \u0111a d\u1ea1ng t\u1eeb 3w \u0111\u1ebfn 15w cho kh\u00e1ch h\u00e0ng nhi\u1ec1u s\u1ef1 l\u1ef1a ch\u1ecdn, ph\u00f9 h\u1ee3p v\u1edbi t\u1eebng kh\u00f4ng gian to nh\u1ecf kh\u00e1c nhau.<\/li>\n<li><span style=\"color: #333333;\">B\u00fap ch\u1ee5p tr\u00f2n \u0111\u01b0\u1ee3c s\u1eed d\u1ee5ng \u0111\u1ec3 thay th\u1ebf cho h\u1ea7u h\u1ebft c\u00e1c lo\u1ea1i \u0111\u00e8n Compact v\u00e0 s\u1ee3i \u0111\u1ed1t th\u00f4ng th\u01b0\u1eddng. S\u1ea3n ph\u1ea9m c\u00f3 k\u00edch th\u01b0\u1edbc nh\u1eb9, nh\u1ecf g\u1ecdn, d\u1ec5 d\u00e0ng l\u1eafp \u0111\u1eb7t v\u00e0 hi\u1ec7u qu\u1ea3 chi\u1ebfu s\u00e1ng tuy\u1ec7t v\u1eddi.<\/span><\/li>\n<li>N\u1eb1m trong d\u00f2ng s\u1ea3n ph\u1ea9m chi\u1ebfu s\u00e1ng hi\u1ec7n \u0111\u1ea1i c\u1ee7a OML\u00ae Lighting, s\u1ea3n ph\u1ea9m B\u00fap ch\u1ee5p tr\u00f2n \u0111\u00e3 \u0111\u01b0\u1ee3c th\u1eeba h\u01b0\u1edfng t\u1ea5t c\u1ea3 c\u00e1c t\u00ednh n\u0103ng v\u00f4 c\u00f9ng v\u01b0\u1ee3t tr\u1ed9i v\u1ec1 m\u00e0u s\u1eafc, ch\u1ea5t l\u01b0\u1ee3ng \u00e1nh s\u00e1ng, do \u0111\u00f3 c\u00f3 th\u1ec3 \u0111em l\u1ea1i s\u1ef1 h\u00e0i l\u00f2ng tuy\u1ec7t \u0111\u1ed1i cho t\u1ea5t c\u1ea3 kh\u00e1ch h\u00e0ng.<\/li>\n<li>B\u00fap ch\u1ee5p tr\u00f2n s\u1eed d\u1ee5ng c\u00f4ng ngh\u1ec7 diode ph\u00e1t quang, cho hi\u1ec7u su\u1ea5t chi\u1ebfu s\u00e1ng t\u1ed1i \u0111a, gi\u1ea3m thi\u1ec3u hao ph\u00ed \u0111i\u1ec7n n\u0103ng. C\u00e1c ch\u1ec9 s\u1ed1 quang th\u00f4ng v\u00e0 hi\u1ec7u \u0111\u1ec1u \u0111\u1ea1t chu\u1ea9n.<\/li>\n<li>S\u1ea3n ph\u1ea9m c\u00f3 kh\u1ea3 n\u0103ng chi\u1ebfu s\u00e1ng v\u01b0\u1ee3t tr\u1ed9i, ti\u1ebft ki\u1ec7m \u0111i\u1ec7n n\u0103ng g\u1ea5p 5 l\u1ea7n \u0111\u00e8n compact.<\/li>\n<li>V\u1ecf b\u00f3ng l\u00e0m b\u1eb1ng nh\u1ef1a nguy\u00ean sinh cao c\u1ea5p, c\u00f3 t\u00e1c d\u1ee5ng ch\u1ed1ng va \u0111\u1eadp v\u00e0 t\u00e1c \u0111\u1ed9ng ngo\u1ea1i l\u1ef1c, ch\u1ed1ng l\u00f3a, b\u1ea3o v\u1ec7 m\u1eaft .<\/li>\n<li>\u0110\u1ebf t\u1ea3n nhi\u1ec7t c\u1ee7a\u00a0<span style=\"color: #008080;\">B\u00fap ch\u1ee5p tr\u00f2n \u00a0<\/span>\u0111\u01b0\u1ee3c trang b\u1ecb b\u1eb1ng nh\u00f4m gi\u00fap nhi\u1ec7t \u0111\u1ed9 t\u1ecfa ra nhanh ch\u00f3ng, l\u00e0m v\u1eefng ch\u1eafc cho k\u1ebft c\u1ea5u \u0111\u00e8n LED. \u0110\u1ebf t\u1ea3n nhi\u1ec7t nh\u00f4m k\u00e9o d\u00e0i tu\u1ed5i th\u1ecd cho b\u00f3ng LED h\u01a1n nhi\u1ec1u so v\u1edbi lo\u1ea1i \u0111\u00e8n ch\u1ec9 d\u00f9ng c\u00e1c lo\u1ea1i \u0111\u1ebf \u0111\u1ebf t\u1ea3n nhi\u1ec7t b\u1eb1ng nh\u1ef1a. Nh\u1edd kh\u1ea3 n\u0103ng t\u1ea3n nhi\u1ec7t nhanh, c\u0169ng nh\u01b0 b\u1ea3o \u0111\u1ea3m nhi\u1ec7t \u0111\u1ed9 \u1ed5n \u0111\u1ecbnh c\u1ee7a b\u00f3ng, gi\u00fap cho b\u00f3ng LED b\u00fap s\u1ee9 tr\u00e1nh \u0111\u01b0\u1ee3c c\u00e1c nguy c\u01a1 ch\u00e1y n\u1ed5 trong qu\u00e1 tr\u00ecnh ho\u1ea1t \u0111\u1ed9ng.<\/li>\n<li>\u0110\u00e8n \u0111\u01b0\u1ee3c s\u1eed d\u1ee5ng \u0111ui\u00a0E27 crom ph\u00f9 h\u1ee3p v\u1edbi lo\u1ea1i \u0111ui th\u00f4ng th\u01b0\u1eddng c\u1ee7a \u0111\u00e8n s\u1ee3i \u0111\u1ed1t ho\u1eb7c hu\u1ef3nh quang, t\u00ednh c\u01a1 \u0111\u1ed9ng r\u1ea5t cao, an to\u00e0n tuy\u1ec7t \u0111\u1ed1i khi s\u1eed d\u1ee5ng.<\/li>\n<li>S\u1ea3n ph\u1ea9m \u0111\u01b0\u1ee3c b\u1ea3o h\u00e0nh 24 th\u00e1ng.<\/li>\n<li><strong>\u1ee8ng d\u1ee5ng <\/strong><strong>c\u1ee7a<\/strong><span style=\"color: #008080;\">\u00a0\u0110\u00e8n led ch\u1ee5p tr\u00f2n \u00be OML\u00ae LIGHITNG<\/span><span style=\"color: #008080;\">B\u00fap ch\u1ee5p tr\u00f2n<\/span> c\u00f4ng su\u1ea5t nh\u1ecf ngo\u00e0i c\u00f4ng d\u1ee5ng chi\u1ebfu s\u00e1ng cho c\u00f4ng tr\u00ecnh d\u00e2n d\u1ee5ng c\u00f2n \u0111\u01b0\u1ee3c \u1ee9ng d\u1ee5ng r\u1ed9ng r\u00e3i \u0111\u1ec3 trang tr\u00ed cho c\u00e1c c\u00f4ng tr\u00ecnh cao c\u1ea5p, nh\u1eb1m t\u1ea1o n\u00ean nh\u1eefng kh\u00f4ng gian sang tr\u1ecdng, t\u00ednh t\u1ebf, v\u00e0 mang t\u00ednh ngh\u1ec7 thu\u1eadt cao.<\/li>\n<\/ul>\n","protected":false},"excerpt":{"rendered":"<table width=\"416\">\n<tbody>\n<tr>\n<td><strong>M\u00e3 s\u1ea3n ph\u1ea9m<\/strong><br \/>\n<strong>C\u00f4ng su\u1ea5t<\/strong><br \/>\n<strong>K\u00edch th\u01b0\u1edbc<\/strong><br \/>\n<strong>\u0110ui xo\u00e1y <\/strong><br \/>\n<strong>Quang th\u00f4ng<\/strong><br \/>\n<strong>\u0110i\u1ec7n \u00e1p<\/strong><br \/>\n<strong>Th\u01b0\u01a1ng hi\u1ec7u<\/strong><\/td>\n<td>: OML-BCT<br \/>\n: 7W<br \/>\n: \u03a6 60X128mm<br \/>\n: E27<br \/>\n: 770LM<br \/>\n: AC 85 \u2013 265V<br \/>\n: OML<\/td>\n<\/tr>\n<\/tbody>\n<\/table>\n","protected":false},"featured_media":2396,"comment_status":"open","ping_status":"closed","template":"","meta":[],"product_cat":[123],"product_tag":[349,350,352],"_links":{"self":[{"href":"https:\/\/www.oml.com.vn\/index.php?rest_route=\/wp\/v2\/product\/2080"}],"collection":[{"href":"https:\/\/www.oml.com.vn\/index.php?rest_route=\/wp\/v2\/product"}],"about":[{"href":"https:\/\/www.oml.com.vn\/index.php?rest_route=\/wp\/v2\/types\/product"}],"replies":[{"embeddable":true,"href":"https:\/\/www.oml.com.vn\/index.php?rest_route=%2Fwp%2Fv2%2Fcomments&post=2080"}],"wp:featuredmedia":[{"embeddable":true,"href":"https:\/\/www.oml.com.vn\/index.php?rest_route=\/wp\/v2\/media\/2396"}],"wp:attachment":[{"href":"https:\/\/www.oml.com.vn\/index.php?rest_route=%2Fwp%2Fv2%2Fmedia&parent=2080"}],"wp:term":[{"taxonomy":"product_cat","embeddable":true,"href":"https:\/\/www.oml.com.vn\/index.php?rest_route=%2Fwp%2Fv2%2Fproduct_cat&post=2080"},{"taxonomy":"product_tag","embeddable":true,"href":"https:\/\/www.oml.com.vn\/index.php?rest_route=%2Fwp%2Fv2%2Fproduct_tag&post=2080"}],"curies":[{"name":"wp","href":"https:\/\/api.w.org\/{rel}","templated":true}]}}