{"id":2088,"date":"2023-03-10T14:24:52","date_gmt":"2023-03-10T07:24:52","guid":{"rendered":"http:\/\/omllighting.com\/?post_type=product&#038;p=2088"},"modified":"2024-07-09T16:17:56","modified_gmt":"2024-07-09T09:17:56","slug":"bup-tru-sieu-sang-dob-15w","status":"publish","type":"product","link":"https:\/\/www.oml.com.vn\/?product=bup-tru-sieu-sang-dob-15w","title":{"rendered":"B\u00daP TR\u1ee4 SI\u00caU S\u00c1NG DOB 15W"},"content":{"rendered":"<h2>1. GI\u1edaI THI\u1ec6U C\u00d4NG NGH\u1ec6 DOB<\/h2>\n<p>B\u00f3ng Led Bulb DOB OML s\u1eed d\u1ee5ng c\u00f4ng ngh\u1ec7 Driver On Board &#8211; t\u00edch h\u1ee3p c\u00f4ng ngh\u1ec7 ngu\u1ed3n hi\u1ec7n \u0111\u1ea1i, c\u00e1ch ly nhi\u1ec7t v\u1edbi linh ki\u1ec7n gi\u00fap t\u0103ng tu\u1ed5i th\u1ecd g\u1ea5p 3 l\u1ea7n.<\/p>\n<h2>2. \u01afU\u00a0\u0110I\u1ec2M C\u1ee6A \u0110\u00c8N LED BULB DOB<\/h2>\n<p>&#8211; \u0110\u1ea1t ti\u00eau chu\u1ea9n IP44 tr\u1ed1ng b\u1ee5i, c\u00f4n tr\u00f9ng v\u00e0 n\u01b0\u1edbc m\u01b0a. C\u00f3 th\u1ec3 s\u1eed d\u1ee5ng ngo\u00e0i tr\u1eddi v\u1edbi \u0111ui \u0111\u00e8n ch\u1ed1ng n\u01b0\u1edbc<\/p>\n<p>&#8211; \u0110\u00e8n \u00e1p d\u1ee5ng c\u00f4ng ngh\u1ec7 DOB v\u00e0 chip led cao c\u1ea5p c\u00f3 quang hi\u1ec7u \u0111\u1ea1t 120 Lm\/W gi\u00fap ti\u1ebft ki\u1ec7m \u0111i\u1ec7n t\u1ed1i \u01b0u<\/p>\n<p>&#8211; H\u1ec7 s\u1ed1 ho\u00e0n m\u00e0u CRI cao v\u01b0\u1ee3t tr\u1ed9i (CRI &gt; 80) cho m\u00e0u s\u1eafc \u00e1nh s\u00e1ng trung th\u1ef1c, gi\u00fap b\u1ea3o v\u1ec7 m\u1eaft v\u00e0 ch\u1ed1ng c\u1eadn th\u1ecb<\/p>\n<p>&#8211;\u00a0To\u00e0n b\u1ed9 \u0111\u00e8n Bulb DOB \u0111\u01b0\u1ee3c b\u1ea3o h\u00e0nh 2 n\u0103m \u0111\u1ed5i m\u1edbi tr\u00ean to\u00e0n qu\u1ed1c.<\/p>\n<h2>3. C\u1ea4U T\u1ea0O C\u1ee6A \u0110\u00c8N LED BULB DOB<\/h2>\n<h3>* \u0110UI \u0110\u00c8N<\/h3>\n<p>\u0110ui \u0111\u00e8n \u0111\u01b0\u1ee3c thi\u1ebft k\u1ebf theo d\u1ea1ng \u0111ui xo\u00e1y (ti\u00eau chu\u1ea9n E27) d\u1ec5 d\u00e0ng l\u1eafp \u0111\u1eb7t v\u00e0 th\u00f4ng d\u1ee5ng.<\/p>\n<p>\u0110\u00e8n \u0111\u1ea1t ti\u00eau chu\u1ea9n IP44 c\u00f3 kh\u1ea3 n\u0103ng ch\u1ed1ng b\u1ee5i, c\u00f4n tr\u00f9ng, n\u01b0\u1edbc khi s\u1eed d\u1ee5ng k\u00e8m \u0111ui \u0111\u00e8n ch\u1ed1ng n\u01b0\u1edbc ta c\u00f3 th\u1ec3 s\u1eed d\u1ee5ng \u0111\u00e8n ngo\u00e0i tr\u1eddi<\/p>\n<h3>* TH\u00c2N \u0110\u00c8N<\/h3>\n<p>&#8211; Th\u00e2n \u0111\u00e8n b\u1eb1ng nh\u1ef1a cao c\u1ea5p c\u00f3 ph\u1ee7 1 l\u1edbp c\u00e1ch \u0111i\u1ec7n v\u00e0 ch\u1ed1ng oxi h\u00f3a.<\/p>\n<p>&#8211; Th\u00e2n nh\u1ef1a gi\u00fap t\u1ea3n nhi\u1ec7t t\u1ed1t ra ngo\u00e0i m\u00f4i tr\u01b0\u1eddng gi\u00fap PCB \u0111\u00e8n lu\u00f4n m\u00e1t k\u00e9o d\u00e0i tu\u1ed5i th\u1ecd c\u00e1c linh ki\u1ec7n trong \u0111\u00e8n<\/p>\n<p>&#8211; L\u1edbp c\u00e1ch \u0111i\u1ec7n nh\u1eb1m \u0111\u1ea3m b\u1ea3o an to\u00e0n v\u1edbi ng\u01b0\u1eddi s\u1eed d\u1ee5ng khi kh\u00f4ng may r\u00f2 r\u1ec9 \u0111i\u1ec7n v\u1eabn \u0111\u1ea3m b\u1ea3o an to\u00e0n<\/p>\n<p>&#8211; Ch\u1ed1ng oxi h\u00f3a gi\u00fap b\u1ea3o v\u1ec7 \u0111\u00e8n t\u1ed1t h\u01a1n khi l\u00e0m vi\u1ec7c ngo\u00e0i tr\u1eddi<\/p>\n<h3>* CHAO \u0110\u00c8N<\/h3>\n<ul>\n<li>Chao \u0111\u00e8n l\u00e0m b\u1eb1ng nh\u1ef1a PC cao c\u1ea5p c\u00f3 h\u1ec7 s\u1ed1 th\u1ea5u quang cao tr\u00ean 80% gi\u00fap ch\u1ed1ng ch\u00f3i l\u00f3a v\u00e0 t\u00e1n \u0111\u1ec1u \u00e1nh s\u00e1ng.<\/li>\n<\/ul>\n","protected":false},"excerpt":{"rendered":"<p>Th\u00f4ng s\u1ed1 k\u0129 thu\u1eadt<\/p>\n<table>\n<tbody>\n<tr>\n<td width=\"376\">C\u00f4ng su\u1ea5t<\/td>\n<td width=\"376\">15W<\/td>\n<\/tr>\n<tr>\n<td width=\"376\">Ngu\u1ed3n \u0111i\u1ec7n<\/td>\n<td width=\"376\">85V-265V<\/td>\n<\/tr>\n<tr>\n<td width=\"376\">\u00c1nh S\u00e1ng<\/td>\n<td width=\"376\">Tr\u1eafng\/V\u00e0ng<\/td>\n<\/tr>\n<tr>\n<td width=\"376\">Quang th\u00f4ng<\/td>\n<td width=\"376\">1650Lm<\/td>\n<\/tr>\n<tr>\n<td width=\"376\">K\u00edch Th\u01b0\u1edbc<\/td>\n<td width=\"376\">\u03a6 70*132mm<\/td>\n<\/tr>\n<tr>\n<td width=\"376\">Ki\u1ec3u \u0110ui<\/td>\n<td width=\"376\">E27<\/td>\n<\/tr>\n<tr>\n<td width=\"376\">Tu\u1ed5i Th\u1ecd<\/td>\n<td width=\"376\">40000h<\/td>\n<\/tr>\n<tr>\n<td width=\"376\">B\u1ea3o H\u00e0nh<\/td>\n<td width=\"376\">24 th\u00e1ng<\/td>\n<\/tr>\n<\/tbody>\n<\/table>\n<p>&nbsp;<\/p>\n","protected":false},"featured_media":2390,"comment_status":"open","ping_status":"closed","template":"","meta":[],"product_cat":[274],"product_tag":[291,232,354],"_links":{"self":[{"href":"https:\/\/www.oml.com.vn\/index.php?rest_route=\/wp\/v2\/product\/2088"}],"collection":[{"href":"https:\/\/www.oml.com.vn\/index.php?rest_route=\/wp\/v2\/product"}],"about":[{"href":"https:\/\/www.oml.com.vn\/index.php?rest_route=\/wp\/v2\/types\/product"}],"replies":[{"embeddable":true,"href":"https:\/\/www.oml.com.vn\/index.php?rest_route=%2Fwp%2Fv2%2Fcomments&post=2088"}],"wp:featuredmedia":[{"embeddable":true,"href":"https:\/\/www.oml.com.vn\/index.php?rest_route=\/wp\/v2\/media\/2390"}],"wp:attachment":[{"href":"https:\/\/www.oml.com.vn\/index.php?rest_route=%2Fwp%2Fv2%2Fmedia&parent=2088"}],"wp:term":[{"taxonomy":"product_cat","embeddable":true,"href":"https:\/\/www.oml.com.vn\/index.php?rest_route=%2Fwp%2Fv2%2Fproduct_cat&post=2088"},{"taxonomy":"product_tag","embeddable":true,"href":"https:\/\/www.oml.com.vn\/index.php?rest_route=%2Fwp%2Fv2%2Fproduct_tag&post=2088"}],"curies":[{"name":"wp","href":"https:\/\/api.w.org\/{rel}","templated":true}]}}