{"id":2112,"date":"2023-03-16T10:41:53","date_gmt":"2023-03-16T03:41:53","guid":{"rendered":"http:\/\/omllighting.com\/?post_type=product&#038;p=2112"},"modified":"2023-07-13T09:21:59","modified_gmt":"2023-07-13T02:21:59","slug":"led-chum-3-che-do","status":"publish","type":"product","link":"https:\/\/www.oml.com.vn\/?product=led-chum-3-che-do","title":{"rendered":"LED CH\u00d9M &#8211; 3 CH\u1ebe \u0110\u1ed8"},"content":{"rendered":"<p>&nbsp;<\/p>\n<ul>\n<li><strong>Th\u00f4ng s\u1ed1 k\u0129 thu\u1eadt:<br \/>\n<\/strong><\/li>\n<\/ul>\n<table style=\"width: 600px;\" border=\"1\" cellspacing=\"1\" cellpadding=\"1\">\n<tbody>\n<tr bgcolor=\"#00CCCC\">\n<td colspan=\"2\">\u00a0 \u00a0 \u00a0 \u00a0 \u00a0 \u00a0 \u00a0 \u00a0 \u00a0 \u00a0 \u00a0 \u00a0 \u00a0 \u00a0 \u00a0 \u00a0 \u00a0 \u00a0 \u00a0 \u00a0 \u00a0 \u00a0 \u00a0 \u00a0 \u00a0 \u00a0 \u00a0 \u00a0 \u00a0Th\u00f4ng S\u1ed1 K\u0129 Thu\u1eadt<\/td>\n<\/tr>\n<tr bgcolor=\"#e3f5fc\">\n<td>\u00a0C\u00f4ng su\u1ea5t<\/td>\n<td>8W<\/td>\n<\/tr>\n<tr bgcolor=\"#e3f5fc\">\n<td>\u00a0\u0110i\u1ec7n \u00e1p ho\u1ea1t \u0111\u1ed9ng<\/td>\n<td>85V-265V<\/td>\n<\/tr>\n<tr bgcolor=\"#e3f5fc\">\n<td>Quang th\u00f4ng<\/td>\n<td>720Lm<\/td>\n<\/tr>\n<tr bgcolor=\"#e3f5fc\">\n<td>\u00a0T\u1ea7n s\u1ed1<\/td>\n<td>50\/60Hz<\/td>\n<\/tr>\n<tr bgcolor=\"#e3f5fc\">\n<td>\u00a0Nhi\u1ec7t \u0111\u1ed9 l\u00e0m vi\u1ec7c<\/td>\n<td>(10\u00b0C) &#8211; 40\u00b0C<\/td>\n<\/tr>\n<tr bgcolor=\"#e3f5fc\">\n<td>\u00a0Ch\u1ebf \u0111\u1ed9 m\u00e0u<\/td>\n<td>3 M\u00c0U (Tr\u1eafng-v\u00e0ng-trung t\u00ednh)<\/td>\n<\/tr>\n<tr bgcolor=\"#e3f5fc\">\n<td>\u00a0B\u1ea3o H\u00e0nh<\/td>\n<td>24 th\u00e1ng<\/td>\n<\/tr>\n<\/tbody>\n<\/table>\n<p><strong>M\u00f4 t\u1ea3:<\/strong><\/p>\n<p><span style=\"color: #008080;\">LED ch\u00f9m 8w OML\u00ae l<\/span>\u00e0 m\u1ed9t trong nh\u1eefng m\u1eabu b\u00f3ng Hot nh\u1ea5t hi\u1ec7n nay \u1edf ph\u00e2n kh\u00fac trang tr\u00ed. S\u1ef1 tinh t\u1ebf trong t\u1eebng chi ti\u1ebft, m\u00e0u s\u1eafc sang tr\u1ecdng, thi\u1ebft k\u1ebf \u0111\u1ed9c \u0111\u00e1o, \u0111\u01a1n gi\u1ea3n nh\u01b0ng l\u1ea1i v\u00f4 c\u00f9ng cu\u1ed1n h\u00fat. LED ch\u00f9m 8w OML\u00ae hi\u1ec7n nay \u0111\u01b0\u1ee3c d\u00f9ng ch\u00ednh l\u00e0 l\u1eafp v\u00e0o \u0111\u00e8n ch\u00f9m,\u0111\u00e8n trang tr\u00ed. LED ch\u00f9m 8w OML\u00ae c\u00f3 3 ch\u1ebf \u0111\u1ed9 m\u00e0u c\u00f3 th\u1ec3 chuy\u1ec3n t\u1eeb tr\u1eafng sang v\u00e0ng, t\u1eeb v\u00e0ng sang trung t\u00ednh, t\u1eeb trung t\u00ednh sang m\u00e0u tr\u1eafng\u2026 v\u00f4 c\u00f9ng thu\u1eadn ti\u1ec7n cho vi\u1ec7c thay \u0111\u1ed5i kh\u00f4ng gian v\u00e0 c\u01b0\u1eddng \u0111\u1ed9 s\u00e1ng. N\u1ebfu l\u00e0 nh\u1eefng ng\u00e0y m\u00f9a \u0111\u00f4ng gi\u00e1 l\u1ea1nh, h\u00e3y s\u01b0\u1edfi \u1ea5m kh\u00f4ng gian c\u1ee7a ch\u00fang ta b\u1eb1ng ch\u1ebf \u0111\u1ed9 m\u00e0u v\u00e0ng \u1ea5m \u00e1p nh\u00e9. C\u00f2n m\u00f9a h\u00e8 n\u00f3ng b\u1ee9c th\u00ec sao? M\u00e0u tr\u1eafng s\u1ebd lu\u00f4n l\u00e0 s\u1ef1 l\u1ef1a ch\u1ecdn ho\u00e0n h\u1ea3o. Khi th\u1eddi ti\u1ebft giao m\u00f9a, m\u1ed9t ch\u00fat \u1ea5m \u00e1p nh\u01b0ng l\u1ea1i kh\u00f4ng qu\u00e1 n\u00f3ng\/l\u1ea1nh, m\u00e0u trung t\u00ednh th\u00eam d\u01b0 v\u1ecb h\u1ea1nh ph\u00fac,\u2026<\/p>\n<p><strong>\u01afu \u0111i\u1ec3m c\u1ee7a \u0111\u00e8n<span style=\"color: #008080;\"> LED ch\u00f9m 8w OML\u00ae<\/span><\/strong><\/p>\n<ul>\n<li>S\u1eed d\u1ee5ng chip LED Epistar<\/li>\n<li>Tu\u1ed5i th\u1ecd b\u00f3ng &gt;25.000 gi\u1edd, g\u1ea5p 5 l\u1ea7n b\u00f3ng hu\u1ef3nh quang, v\u00e0 g\u1ea5p 40 so v\u1edbi b\u00f3ng s\u1ee3i \u0111\u1ed1t,\u00a0gi\u1ea3m t\u1ea7n su\u1ea5t v\u00e0 chi ph\u00ed thay th\u1ebf, b\u1ea3o d\u01b0\u1ee1ng.<\/li>\n<li>Ti\u1ebft ki\u1ec7m \u0111i\u1ec7n v\u00e0 d\u1ec5 d\u00e0ng thay th\u1ebf cho \u0111\u00e8n s\u1ee3i \u0111\u1ed1t v\u00e0 \u0111\u00e8n hu\u1ef3nh quang Compact.<\/li>\n<li>Ch\u1ea5t l\u01b0\u1ee3ng \u00e1nh s\u00e1ng cao, sang tr\u1ecdng v\u00e0 ti\u1ec7n nghi.<\/li>\n<li>\u00cdt ph\u00e1t nhi\u1ec7t, kh\u00f4ng l\u00e0m n\u00f3ng b\u1ec1 m\u1eb7t \u0111\u00e8n v\u00e0 ra m\u00f4i tr\u01b0\u1eddng xung quanh.<\/li>\n<li>\u00c1nh s\u00e1ng \u0111\u00e8n LED kh\u00f4ng c\u00f3 tia UV an to\u00e0n cho m\u1eaft gi\u00fap b\u1ea3o v\u1ec7 m\u1eaft, kh\u00f4ng g\u00e2y m\u1ecfi m\u1eaft, ch\u1ed1ng c\u1eadn th\u1ecb, kh\u00f4ng g\u00e2y ch\u00e1y n\u1ed5 v\u00e0 kh\u00f4ng c\u00f3 th\u1ee7y ng\u00e2n n\u00ean \u0111\u1ea3m b\u1ea3o an to\u00e0n cho s\u1ee9c kh\u1ecfe c\u1ee7a ng\u01b0\u1eddi ti\u00eau d\u00f9ng.<\/li>\n<li>Ch\u00f3a \u0111\u00e8n \u0111\u01b0\u1ee3c l\u00e0m b\u1eb1ng nh\u1ef1a cao c\u1ea5p ch\u1ed1ng tr\u1ea7y x\u01b0\u1edbc, kh\u00f4ng b\u1ecb v\u1ee1 b\u1ec3 khi va ch\u1ea1m, r\u01a1i r\u1edbt.<\/li>\n<li>C\u00f3 2 k\u00edch th\u01b0\u1edbc \u0111ui l\u00e0 E27 ti\u00eau chu\u1ea9n v\u00e0 E14<\/li>\n<li>B\u1ea3o h\u00e0ng ch\u00ednh h\u00e3ng 24 th\u00e1ng.<\/li>\n<\/ul>\n<p><strong>\u1ee8ng d\u1ee5ng \u0111\u00e8n LED ch\u00f9m 8w OML\u00ae<\/strong><\/p>\n<p>+ L\u1eafp cho c\u00e1c \u0111\u00e8n trang tr\u00ed g\u1eafn t\u01b0\u1eddng<\/p>\n<p>+ L\u00e0m \u0111\u00e8n ch\u00f9m<\/p>\n<p>+ \u0110\u00e8n trang tr\u00ed nh\u00e0 h\u00e0ng, qu\u00e1n Cafe\u2026<\/p>\n<p><strong>L\u1ef1a ch\u1ecdn <\/strong><a href=\"#\"><span style=\"color: #008080;\">LED ch\u00f9m 8w OML\u00ae <\/span><\/a><strong><span style=\"color: #008080;\">nh\u01b0 th\u1ebf n\u00e0o<\/span>?<\/strong><\/p>\n<p>Hi\u00ean n\u00e0y ngo\u00e0i th\u1ecb tr\u01b0\u1eddng, v\u1edbi d\u00f2ng b\u00f3ng m\u00e0u trang tr\u00ed 8W n\u00e0y c\u00f3 nh\u1eefng s\u1ea3n ph\u1ea9m t\u01b0\u01a1ng \u0111\u01b0\u01a1ng tuy nhi\u00ean \u0111\u1ed9 s\u00e1ng c\u1ee7a nh\u1eefng s\u1ea3n ph\u1ea9m n\u00e0y s\u1ebd gi\u1ea3m d\u1ea7n theo th\u1eddi gian trong v\u00f2ng 3-6 th\u00e1ng. N\u1ebfu t\u00ednh b\u00e0i to\u00e1n kinh t\u1ebf trong vi\u1ec7c s\u1eed d\u1ee5ng s\u1ea3n ph\u1ea9m v\u00e0 thay th\u1ebf \u0111\u1ec3 \u0111\u1ea3m b\u1ea3o \u0111\u1ed9 s\u00e1ng cho kh\u00f4ng gian th\u00ec \u0111\u00e1ng \u0111\u1ec3 ch\u00fang ta suy ng\u1eabm v\u00e0 l\u1ef1a ch\u1ecdn nh\u1eefng s\u1ea3n ph\u1ea9m t\u1ed1t, th\u01b0\u01a1ng hi\u1ec7u tin c\u1eady thay v\u00ec ham r\u1ebb.<\/p>\n<p>H\u01a1n n\u1eefa nh\u1eefng s\u1ea3n ph\u1ea9m gi\u00e1 r\u1ebb n\u00e0y th\u01b0\u1eddng y\u00eau c\u1ea7u v\u1ec1 m\u1eb7t k\u1ef9 thu\u1eadt kh\u00f4ng cao, s\u1ea3n xu\u1ea5t l\u1eafp r\u00e1p ch\u01b0a \u0111\u1ed3ng b\u1ed9 n\u00ean \u00edt nhi\u1ec1u kh\u00f4ng \u0111\u1ea3m b\u1ea3o \u0111\u01b0\u1ee3c ch\u1ea5t l\u01b0\u1ee3ng b\u1ec1n l\u00e2u. Do \u0111\u00f3, h\u00e3y l\u1ef1a ch\u1ecdn nh\u1eefng s\u1ea3n ph\u1ea9m tin c\u1eady c\u00f3 ch\u1ebf \u0111\u1ed9 b\u1ea3o h\u00e0nh t\u1ed1t.<\/p>\n<p>Ch\u00fac c\u00e1c b\u1ea1n s\u1ebd c\u00f3 nh\u1eefng th\u00f4ng tin b\u1ed5 \u00edch \u0111\u1ec3 mua s\u1eafm hi\u1ec7u qu\u1ea3<\/p>\n","protected":false},"excerpt":{"rendered":"<p>M\u00e3 s\u1ea3n ph\u1ea9m: OML-LC8w<\/p>\n<p>C\u00f4ng su\u1ea5t\u00a0 \u00a0 \u00a0: 8W<\/p>\n<p>K\u00edch th\u01b0\u1edbc\u00a0 \u00a0 : \u00d830x95mm<\/p>\n<p>\u0110ui xo\u00e1y\u00a0 \u00a0 \u00a0 \u00a0 : E14\/E27<\/p>\n<p>Quang th\u00f4ng :720Lm<\/p>\n<p>\u0110i\u1ec7n \u00e1p\u00a0 \u00a0 \u00a0 \u00a0 \u00a0 : AC 85-265V<\/p>\n","protected":false},"featured_media":2475,"comment_status":"open","ping_status":"closed","template":"","meta":[],"product_cat":[123],"product_tag":[365,331],"_links":{"self":[{"href":"https:\/\/www.oml.com.vn\/index.php?rest_route=\/wp\/v2\/product\/2112"}],"collection":[{"href":"https:\/\/www.oml.com.vn\/index.php?rest_route=\/wp\/v2\/product"}],"about":[{"href":"https:\/\/www.oml.com.vn\/index.php?rest_route=\/wp\/v2\/types\/product"}],"replies":[{"embeddable":true,"href":"https:\/\/www.oml.com.vn\/index.php?rest_route=%2Fwp%2Fv2%2Fcomments&post=2112"}],"wp:featuredmedia":[{"embeddable":true,"href":"https:\/\/www.oml.com.vn\/index.php?rest_route=\/wp\/v2\/media\/2475"}],"wp:attachment":[{"href":"https:\/\/www.oml.com.vn\/index.php?rest_route=%2Fwp%2Fv2%2Fmedia&parent=2112"}],"wp:term":[{"taxonomy":"product_cat","embeddable":true,"href":"https:\/\/www.oml.com.vn\/index.php?rest_route=%2Fwp%2Fv2%2Fproduct_cat&post=2112"},{"taxonomy":"product_tag","embeddable":true,"href":"https:\/\/www.oml.com.vn\/index.php?rest_route=%2Fwp%2Fv2%2Fproduct_tag&post=2112"}],"curies":[{"name":"wp","href":"https:\/\/api.w.org\/{rel}","templated":true}]}}