{"id":2133,"date":"2023-03-25T09:39:18","date_gmt":"2023-03-25T02:39:18","guid":{"rendered":"http:\/\/omllighting.com\/?post_type=product&#038;p=2133"},"modified":"2023-06-20T10:43:50","modified_gmt":"2023-06-20T03:43:50","slug":"pha-coc-500w","status":"publish","type":"product","link":"https:\/\/www.oml.com.vn\/?product=pha-coc-500w","title":{"rendered":"PHA C\u1ed0C 500W"},"content":{"rendered":"<p>Thi\u1ebft k\u1ebf \u0111\u1ed9c \u0111\u00e1o, chu\u1ea9n IP67, m\u1ed7i ch\u00edp LED \u0111\u01b0\u1ee3c b\u1ea3o v\u1ec7 v\u00e0 bao ch\u1ee5p b\u1edfi cho\u00e1 \u0111\u00e8n h\u00ecnh c\u1ed1c gi\u00fap t\u0103ng kh\u1ea3 n\u0103ng chi\u1ebfu xa v\u00e0 t\u1eadp chung \u00e1nh s\u00e1ng t\u1ed1t h\u01a1n l\u00e0 \u0111\u1eb7c \u0111i\u1ec3m c\u1ee7a \u0111\u00e8n PHA C\u1ed0C. \u0110\u00e8n c\u00f3 th\u1ec3 ho\u1ea1t \u0111\u1ed9ng \u1ed5n \u0111\u1ecbnh ngo\u00e0i tr\u1eddi d\u01b0\u1edbi th\u1eddi ti\u1ebft kh\u1eafc nghi\u1ec7t nh\u01b0 m\u01b0a, n\u1eafng, nhi\u1ec7t \u0111\u1ed9 cao, b\u1ee5i b\u1ea9n,\u2026<br \/>\n\u0110\u00e8n PHA C\u1ed0C c\u00f3 tu\u1ed5i th\u1ecd chi\u1ebfu s\u00e1ng l\u00ean \u0111\u1ebfn 50.000h gi\u00fap \u0111\u1ea1t hi\u1ec7u qu\u1ea3 kinh t\u1ebf khi s\u1eed d\u1ee5ng, ti\u1ebft ki\u1ec7m chi ph\u00ed \u0111i\u1ec7n n\u0103ng so v\u1edbi c\u00e1c d\u00f2ng \u0111\u00e8n c\u00f9ng c\u00f4ng su\u1ea5t nh\u01b0 HPS, Metal Halide,\u2026trong khi ch\u1ea5t l\u01b0\u1ee3ng chi\u1ebfu s\u00e1ng cao h\u01a1n r\u1ea5t nhi\u1ec1u.<br \/>\n\u0110\u00e8n \u0111\u01b0\u1ee3c l\u00e0m ho\u00e0n to\u00e0n b\u1eb1ng c\u00e1c v\u1eadt li\u1ec7u t\u1ea3n nhi\u1ec7t t\u1ed1t nh\u01b0 nh\u00f4m nguy\u00ean kh\u1ed1i, ch\u00edp LUMILED (PHILIPS), ngu\u1ed3n PHILIPS, ch\u1ed1ng s\u00e9t,\u2026gi\u00fap t\u0103ng tu\u1ed5i th\u1ecd \u0111\u00e8n.<br \/>\n\u0110\u00e8n kh\u00f4ng ch\u01b0a ch\u00ec, thu\u1ef7 ng\u00e2n, kh\u00f4ng ph\u00e1t ra tia c\u1ef1c t\u00edm, an to\u00e0n cho ng\u01b0\u1eddi d\u00f9ng.<\/p>\n","protected":false},"excerpt":{"rendered":"<table>\n<tbody>\n<tr>\n<td width=\"376\">C\u00f4ng su\u1ea5t<\/td>\n<td width=\"376\">500W<\/td>\n<\/tr>\n<tr>\n<td width=\"376\">Quang th\u00f4ng<\/td>\n<td width=\"376\">55000Lm<\/td>\n<\/tr>\n<tr>\n<td width=\"376\">K\u00edch th\u01b0\u1edbc<\/td>\n<td width=\"376\">570x460x120mm<\/td>\n<\/tr>\n<tr>\n<td width=\"376\">\u00c1nh s\u00e1ng<\/td>\n<td width=\"376\">Tr\u1eafng<\/td>\n<\/tr>\n<tr>\n<td width=\"376\">\u0110i\u1ec7n \u00e1p<\/td>\n<td width=\"376\">AC85-265V<\/td>\n<\/tr>\n<tr>\n<td width=\"376\">B\u1ea3o h\u00e0nh<\/td>\n<td width=\"376\">24 th\u00e1ng<\/td>\n<\/tr>\n<\/tbody>\n<\/table>\n<p>&nbsp;<\/p>\n","protected":false},"featured_media":1688,"comment_status":"open","ping_status":"closed","template":"","meta":[],"product_cat":[164],"product_tag":[327,371],"_links":{"self":[{"href":"https:\/\/www.oml.com.vn\/index.php?rest_route=\/wp\/v2\/product\/2133"}],"collection":[{"href":"https:\/\/www.oml.com.vn\/index.php?rest_route=\/wp\/v2\/product"}],"about":[{"href":"https:\/\/www.oml.com.vn\/index.php?rest_route=\/wp\/v2\/types\/product"}],"replies":[{"embeddable":true,"href":"https:\/\/www.oml.com.vn\/index.php?rest_route=%2Fwp%2Fv2%2Fcomments&post=2133"}],"wp:featuredmedia":[{"embeddable":true,"href":"https:\/\/www.oml.com.vn\/index.php?rest_route=\/wp\/v2\/media\/1688"}],"wp:attachment":[{"href":"https:\/\/www.oml.com.vn\/index.php?rest_route=%2Fwp%2Fv2%2Fmedia&parent=2133"}],"wp:term":[{"taxonomy":"product_cat","embeddable":true,"href":"https:\/\/www.oml.com.vn\/index.php?rest_route=%2Fwp%2Fv2%2Fproduct_cat&post=2133"},{"taxonomy":"product_tag","embeddable":true,"href":"https:\/\/www.oml.com.vn\/index.php?rest_route=%2Fwp%2Fv2%2Fproduct_tag&post=2133"}],"curies":[{"name":"wp","href":"https:\/\/api.w.org\/{rel}","templated":true}]}}