{"id":2623,"date":"2023-09-05T09:42:17","date_gmt":"2023-09-05T02:42:17","guid":{"rendered":"https:\/\/www.oml.com.vn\/?post_type=product&#038;p=2623"},"modified":"2023-09-05T14:17:08","modified_gmt":"2023-09-05T07:17:08","slug":"den-led-ong-bo-cob-than-den-vien-vang-3-che-do-12w","status":"publish","type":"product","link":"https:\/\/www.oml.com.vn\/?product=den-led-ong-bo-cob-than-den-vien-vang-3-che-do-12w","title":{"rendered":"\u0110\u00c8N LED \u1ed0NG B\u01a0 COB TH\u00c2N \u0110EN VI\u1ec0N V\u00c0NG 3 CH\u1ebe \u0110\u1ed8 &#8211; 12W"},"content":{"rendered":"<p>&nbsp;<\/p>\n<ul>\n<li><strong>\u0110\u00e8n led \u1ed1ng b\u01a1\u00a0hay c\u00f2n g\u1ecdi l\u00e0\u00a0\u0111\u00e8n \u1ed1ng lon, \u0111\u00e8n Downlight \u1ed1p n\u1ed5i\u00a0l\u00e0 lo\u1ea1i \u0111\u00e8n \u0111\u01b0\u1ee3c g\u1eafn tr\u1ea7n n\u1ed5i\u00a0v\u1edbi \u00e1nh s\u00e1ng r\u1ecdi th\u1eb3ng t\u1edbi v\u1eadt th\u1ec3. \u0110\u00e8n \u1ed1ng b\u01a1 th\u01b0\u1eddng \u0111\u01b0\u1ee3c s\u1eed d\u1ee5ng trong c\u00e1c h\u1ed1c t\u01b0\u1eddng, n\u01a1i c\u00f3 g\u00f3c c\u1ea1nh\u00a0 \u0111\u1ec3 chi\u1ebfu s\u00e1ng v\u00e0 t\u0103ng t\u00ednh th\u1ea9m m\u1ef9 cho kh\u00f4ng gian. \u0110\u01b0\u1ee3c thi\u1ebft k\u1ebf v\u00f4 c\u00f9ng \u0111a d\u1ea1ng v\u1edbi hai m\u00e0u\u00a0<em>(tr\u1eafng &#8211; \u0111en)<\/em>.<\/strong><strong>\u0110\u01b0\u1ee3c thi\u1ebft k\u1ebf v\u00e0 s\u1ea3n xu\u1ea5t t\u1ea1i Vi\u1ec7t Nam, c\u00e1c lo\u1ea1i \u0111\u00e8n \u1ed1ng b\u01a1 OML c\u00f3 nh\u1eefng \u01b0u \u0111i\u1ec3m n\u1ed5i tr\u1ed9i nh\u01b0 sau:<\/strong><strong>&#8211; Ch\u1ec9 s\u1ed1 ho\u00e0n m\u00e0u cao v\u01b0\u1ee3t tr\u1ed9i (CRI &gt; 90)\u00a0cho m\u00e0u\u00a0\u00e1nh s\u00e1ng ch\u00e2n th\u1ef1c, \u0111\u1eb9p t\u1ef1 nhi\u00ean.<\/strong><strong>&#8211;\u00a0Ti\u1ebft ki\u1ec7m 85% \u0111i\u1ec7n n\u0103ng\u00a0so v\u1edbi c\u00e1c lo\u1ea1i \u0111\u00e8n s\u1ee3 \u0111\u1ed1t, \u0111\u00e8n hu\u1ef3nh quang.<\/strong><strong>&#8211;\u00a0\u0110\u1ebf \u0111\u00e8n c\u1ea5u t\u1ea1o t\u1eeb nh\u00f4m nguy\u00ean kh\u1ed1i\u00a0gi\u00fap t\u1ea3n nhi\u1ec7t t\u1ed1t gi\u00fap, d\u00e0i tu\u1ed5i th\u1ecd.<\/strong>\n<ul>\n<li><strong>S\u1ea3n ph\u1ea9m \u0111\u01b0\u1ee3c t\u1ea1o n\u00ean t\u1eeb th\u00e2n nh\u00f4m \u0111\u00fac nguy\u00ean kh\u1ed1i l\u00e0m t\u0103ng \u0111\u1ed9 b\u1ec1n , v\u1ecf phun s\u01a1n t\u0129nh \u0111i\u1ec7n t\u1ea1o n\u00ean v\u1ebb \u0111\u1eb9p v\u00e0 s\u1ef1 sang tr\u1ecdng<\/strong><\/li>\n<li><strong>Ph\u1ea3n quang ch\u1ed1ng l\u00f3a t\u1ea1o cho kh\u00f4ng gian \u00e1nh s\u00e1ng ch\u00e2n th\u1ef1c nh\u1ea5t<\/strong><\/li>\n<li><strong>Ch\u00edp Led nh\u1eadp kh\u1ea9u, tu\u1ed5i th\u1ecd cao<\/strong><\/li>\n<li><strong>B\u1ed9 Ngu\u1ed3n \u1ed5n \u0111\u1ecbnh ch\u1ed1ng ch\u00e1y n\u1ed5<\/strong><\/li>\n<li><strong>S\u1ea3n ph\u1ea9m \u0111\u01b0\u1ee3c B\u1ea3o h\u00e0nh 1 \u0111\u1ed5i 1 trong v\u00f2ng 24 th\u00e1ng tr\u00ean to\u00e0n qu\u1ed1c<\/strong><\/li>\n<\/ul>\n<\/li>\n<\/ul>\n","protected":false},"excerpt":{"rendered":"<p>Th\u00f4ng s\u1ed1 k\u0129 thu\u1eadt<\/p>\n<table>\n<tbody>\n<tr>\n<td width=\"376\">C\u00f4ng su\u1ea5t<\/td>\n<td width=\"376\">12W<\/td>\n<\/tr>\n<tr>\n<td width=\"376\">Ch\u1ec9 s\u1ed1 t\u1ea1o m\u00e0u<\/td>\n<td width=\"376\">&gt;80RA<\/td>\n<\/tr>\n<tr>\n<td width=\"376\">\u0110i\u1ec7n \u00e1p ho\u1ea1t \u0111\u1ed9ng<\/td>\n<td width=\"376\">85V-265V<\/td>\n<\/tr>\n<tr>\n<td width=\"376\">Quang th\u00f4ng<\/td>\n<td width=\"376\">1320Lm<\/td>\n<\/tr>\n<tr>\n<td width=\"376\">K\u00edch th\u01b0\u1edbc<\/td>\n<td width=\"376\">\u03a6110*60mm<\/td>\n<\/tr>\n<tr>\n<td width=\"376\">\u00c1nh s\u00e1ng<\/td>\n<td width=\"376\">3 CH\u1ebe \u0110\u1ed8<\/td>\n<\/tr>\n<tr>\n<td width=\"376\">T\u1ea7n s\u1ed1<\/td>\n<td width=\"376\">50\/60Hz<\/td>\n<\/tr>\n<tr>\n<td width=\"376\">B\u1ea3o h\u00e0nh<\/td>\n<td width=\"376\">24 th\u00e1ng<\/td>\n<\/tr>\n<\/tbody>\n<\/table>\n<p>&nbsp;<\/p>\n","protected":false},"featured_media":2624,"comment_status":"open","ping_status":"closed","template":"","meta":[],"product_cat":[286],"product_tag":[345,346,347],"_links":{"self":[{"href":"https:\/\/www.oml.com.vn\/index.php?rest_route=\/wp\/v2\/product\/2623"}],"collection":[{"href":"https:\/\/www.oml.com.vn\/index.php?rest_route=\/wp\/v2\/product"}],"about":[{"href":"https:\/\/www.oml.com.vn\/index.php?rest_route=\/wp\/v2\/types\/product"}],"replies":[{"embeddable":true,"href":"https:\/\/www.oml.com.vn\/index.php?rest_route=%2Fwp%2Fv2%2Fcomments&post=2623"}],"wp:featuredmedia":[{"embeddable":true,"href":"https:\/\/www.oml.com.vn\/index.php?rest_route=\/wp\/v2\/media\/2624"}],"wp:attachment":[{"href":"https:\/\/www.oml.com.vn\/index.php?rest_route=%2Fwp%2Fv2%2Fmedia&parent=2623"}],"wp:term":[{"taxonomy":"product_cat","embeddable":true,"href":"https:\/\/www.oml.com.vn\/index.php?rest_route=%2Fwp%2Fv2%2Fproduct_cat&post=2623"},{"taxonomy":"product_tag","embeddable":true,"href":"https:\/\/www.oml.com.vn\/index.php?rest_route=%2Fwp%2Fv2%2Fproduct_tag&post=2623"}],"curies":[{"name":"wp","href":"https:\/\/api.w.org\/{rel}","templated":true}]}}