{"id":2669,"date":"2024-10-04T08:29:59","date_gmt":"2024-10-04T01:29:59","guid":{"rendered":"https:\/\/www.oml.com.vn\/?post_type=product&#038;p=2669"},"modified":"2024-10-04T08:31:51","modified_gmt":"2024-10-04T01:31:51","slug":"den-ngu-cam-ung-smart","status":"publish","type":"product","link":"https:\/\/www.oml.com.vn\/?product=den-ngu-cam-ung-smart","title":{"rendered":"\u0110\u00c8N NG\u1ee6 C\u1ea2M \u1ee8NG SMART"},"content":{"rendered":"<p><strong>NG\u1ee6 C\u1ea2M \u1ee8NG SAMRT\u00a0<\/strong><\/p>\n<p>S\u1ea3n ph\u1ea9m s\u1eed d\u1ee5ng c\u00f4ng ngh\u1ec7 LED ti\u00ean ti\u1ebfn \u0111em \u0111\u1ebfn ngu\u1ed3n s\u00e1ng d\u1ecbu \u00eam, hi\u1ec7n \u0111\u1ea1i cho c\u0103n ph\u00f2ng. V\u1edbi thi\u1ebft k\u1ebf nh\u1ecf ng\u1ecdn, b\u1eaft m\u1eaft v\u00e0 tinh t\u1ebf, \u0111\u00e8n ng\u1ee7 c\u1ea3m \u1ee9ng smart OML s\u1ebd ph\u00f9 h\u1ee3p v\u1edbi m\u1ecdi kh\u00f4ng gian ph\u00f2ng ng\u1ee7 t\u1eeb nh\u1ecf \u0111\u1ebfn l\u1edbn. V\u1edbi t\u00ednh n\u0103ng c\u1ea3m \u1ee9ng kh\u00f4ng ch\u1ea1m, \u0111\u00e8n \u0111\u1ebfn c\u1ea3m gi\u00e1c an to\u00e0n tuy\u1ec7t \u0111\u1ed1i cho ng\u01b0\u1eddi d\u00f9ng. \u0110\u00e2y c\u0169ng l\u00e0 m\u00f3n qu\u00e0 d\u00e0nh cho cu\u1ed9c s\u1ed1ng hi\u1ec7n \u0111\u1ea1i, ti\u1ec7n nghi.<\/p>\n","protected":false},"excerpt":{"rendered":"<p>NG\u1ee6 C\u1ea2M \u1ee8NG SAMRT\u00a0 S\u1ea3n ph\u1ea9m s\u1eed d\u1ee5ng c\u00f4ng ngh\u1ec7 LED ti\u00ean ti\u1ebfn \u0111em \u0111\u1ebfn ngu\u1ed3n s\u00e1ng d\u1ecbu \u00eam, hi\u1ec7n \u0111\u1ea1i cho c\u0103n ph\u00f2ng. V\u1edbi thi\u1ebft k\u1ebf nh\u1ecf ng\u1ecdn, b\u1eaft m\u1eaft v\u00e0 tinh t\u1ebf, \u0111\u00e8n ng\u1ee7 c\u1ea3m \u1ee9ng smart OML s\u1ebd ph\u00f9 h\u1ee3p v\u1edbi m\u1ecdi kh\u00f4ng gian ph\u00f2ng ng\u1ee7 t\u1eeb nh\u1ecf \u0111\u1ebfn l\u1edbn. V\u1edbi t\u00ednh [&#8230;]\n","protected":false},"featured_media":2671,"comment_status":"open","ping_status":"closed","template":"","meta":[],"product_cat":[163],"product_tag":[],"_links":{"self":[{"href":"https:\/\/www.oml.com.vn\/index.php?rest_route=\/wp\/v2\/product\/2669"}],"collection":[{"href":"https:\/\/www.oml.com.vn\/index.php?rest_route=\/wp\/v2\/product"}],"about":[{"href":"https:\/\/www.oml.com.vn\/index.php?rest_route=\/wp\/v2\/types\/product"}],"replies":[{"embeddable":true,"href":"https:\/\/www.oml.com.vn\/index.php?rest_route=%2Fwp%2Fv2%2Fcomments&post=2669"}],"wp:featuredmedia":[{"embeddable":true,"href":"https:\/\/www.oml.com.vn\/index.php?rest_route=\/wp\/v2\/media\/2671"}],"wp:attachment":[{"href":"https:\/\/www.oml.com.vn\/index.php?rest_route=%2Fwp%2Fv2%2Fmedia&parent=2669"}],"wp:term":[{"taxonomy":"product_cat","embeddable":true,"href":"https:\/\/www.oml.com.vn\/index.php?rest_route=%2Fwp%2Fv2%2Fproduct_cat&post=2669"},{"taxonomy":"product_tag","embeddable":true,"href":"https:\/\/www.oml.com.vn\/index.php?rest_route=%2Fwp%2Fv2%2Fproduct_tag&post=2669"}],"curies":[{"name":"wp","href":"https:\/\/api.w.org\/{rel}","templated":true}]}}