{"id":935,"date":"2019-04-25T08:18:57","date_gmt":"2019-04-25T01:18:57","guid":{"rendered":"http:\/\/omllighting.com\/?post_type=product&#038;p=935"},"modified":"2026-03-24T12:25:40","modified_gmt":"2026-03-24T05:25:40","slug":"bup-led-tru-nho-cao-cap","status":"publish","type":"product","link":"https:\/\/www.oml.com.vn\/?product=bup-led-tru-nho-cao-cap","title":{"rendered":"B\u00daP LED TR\u1ee4 NH\u1ece CAO C\u1ea4P 15W"},"content":{"rendered":"<ul>\n<li><strong>M\u00f4 t\u1ea3:<\/strong>\n<p style=\"margin-left: 18.0pt;\"><a href=\"#\"><span style=\"color: #008080;\">B\u00fap LED tr\u1ee5 nh\u1ecf cao c\u1ea5p<\/span><\/a> \u0111\u01b0\u1ee3c thi\u1ebft k\u1ebf ho\u00e0n to\u00e0n m\u1edbi \u0111\u1ea7y t\u00ednh th\u1ea9m m\u1ef9, v\u00f4 c\u00f9ng b\u1eaft m\u1eaft. B\u00fap LED tr\u1ee5 nh\u1ecf \u0111\u01b0\u1ee3c thi\u1ebft k\u1ebf tinh t\u1ebf, ph\u1ea7n nh\u1ef1a PC nguy\u00ean sinh cao c\u1ea5p mang l\u1ea1i c\u1ea3m gi\u00e1c s\u1ea1ch an to\u00e0n. \u0110\u1ed9 m\u1ecbn b\u00ean ngo\u00e0i th\u00e2n v\u1ecf nh\u01b0 m\u1ed9t l\u1eddi kh\u1eb3ng \u0111\u1ecbnh cho s\u1ea3n ph\u1ea9m cao c\u1ea5p, ch\u1ea5t l\u01b0\u1ee3ng.<\/p>\n<p style=\"margin-left: 18.0pt;\"><a href=\"#\"><span style=\"color: #008080;\">B\u00fap LED tr\u1ee5 nh\u1ecf c<\/span><\/a>\u00f3 4 d\u00f2ng c\u00f4ng su\u1ea5t ch\u00ednh: 6W,10W,12W,15W v\u1edbi 2 m\u00e0u s\u1eafc ch\u1ee7 \u0111\u1ea1o l\u00e0 s\u00e1ng tr\u1eafng v\u00e0 s\u00e1ng v\u00e0ng. \u0110\u00e8n c\u00f3 l\u1ee3i th\u1ebf v\u01b0\u1ee3t tr\u1ed9i thay th\u1ebf ho\u00e0n to\u00e0n \u0111\u00e8n s\u1ee3i \u0111\u1ed1t v\u00e0 b\u00f3ng compact. Khi chi\u1ebfu s\u00e1ng, \u0111\u00e8n kh\u00f4ng ph\u00e1t ra c\u00e1c tia c\u00f3 h\u1ea1i nh\u01b0 tia t\u1eed ngo\u1ea1i, tia h\u1ed3ng ngo\u1ea1i v\u00e0 kh\u00f4ng ch\u1ee9a c\u00e1c ch\u1ea5t \u0111\u1ed9c h\u1ea1i nh\u01b0 ch\u00ec, th\u1ee7y ng\u00e2n, b\u1ed9t hu\u1ef3nh quang, an to\u00e0n cho ng\u01b0\u1eddi s\u1eed d\u1ee5ng.<\/p>\n<p><strong>M\u1ed9t s\u1ed1 \u01b0u \u0111i\u1ec3m n\u1ed5i b\u1eadt c\u1ee7a \u0111\u00e8n LED tr\u1ee5 nh\u1ecf OML\u00ae lighting.<\/strong><\/p>\n<ul>\n<li><a href=\"#\"><span style=\"color: #008080;\">PC th\u1ea5u quang 90% <\/span><\/a>v\u1edbi nguy\u00ean li\u1ec7u nh\u1ef1a nguy\u00ean sinh trong h\u01a1n so v\u1edbi c\u00e1c d\u00f2ng c\u0169, g\u00f3c chi\u1ebfu r\u1ed9ng l\u00ean t\u1edbi 260\u00b0 cho \u00e1nh s\u00e1ng \u0111\u1ec1u v\u00e0 s\u00e1ng r\u1ed9ng, an to\u00e0n s\u1eed d\u1ee5ng.<\/li>\n<li><span style=\"color: #008080;\">K\u1ebft c\u1ea5u t\u1ea3n nhi\u1ec7t nh\u00f4m \u0111\u00fac nguy\u00ean kh\u1ed1i c\u00f9ng c\u00e1nh t\u1ea3n nhi\u1ec7t \u0111a chi\u1ec1u <\/span>\u0111\u00e3 ph\u00e1t huy t\u1ed1i \u0111a kh\u1ea3 n\u0103ng t\u1ea3n nhi\u1ec7t. \u0110i\u1ec1u n\u00e0y cho ph\u00e9p th\u1eddi gian s\u1eed d\u1ee5ng \u0111\u00e8n li\u00ean t\u1ee5c l\u00ean t\u1edbi 12h\/ng\u00e0y m\u00e0 kh\u00f4ng \u1ea3nh h\u01b0\u1edfng \u0111\u1ebfn tu\u1ed5i th\u1ecd c\u1ee7a b\u00f3ng \u0111\u00e8n.<\/li>\n<li>B\u1ed9 ph\u1eadn ngu\u1ed3n (Driver) \u1ed5n \u0111\u1ecbnh, c\u00f3 tu\u1ed5i th\u1ecd cao, duy tr\u00ec tu\u1ed5i th\u1ecd b\u00f3ng \u0111\u00e8n l\u00ean t\u1edbi 40.000 gi\u1edd<\/li>\n<li>B\u00f3ng \u0111\u00e8n k\u00edn, c\u00f3 kh\u1ea3 n\u0103ng ch\u1ecbu n\u01b0\u1edbc hi\u1ec7u qu\u1ea3, ch\u1ed1ng c\u00f4n tr\u00f9ng x\u00e2m nh\u1eadp<\/li>\n<li>\u0110ui \u0111\u00e8n m\u1ea1 Crom ch\u1ed1ng g\u1ec9 hi\u1ec7u qu\u1ea3. \u0110ui E27 truy\u1ec1n th\u1ed1ng, d\u1ec5 d\u00e0ng thay th\u1ebf cho \u0111\u00e8n s\u1ee3i \u0111\u1ed1t v\u00e0 compact<\/li>\n<li>B\u00f3ng thi\u1ebft k\u1ebf thon g\u1ecdn, \u0111\u1eb9p m\u1eaft, b\u1ec1n b\u1ec9<\/li>\n<li>\u0110\u00e8n c\u00f3 hi\u1ec7u su\u1ea5t ph\u00e1t quang 95 -120 Lm\/w, quang th\u00f4ng v\u01b0\u1ee3t tr\u1ed9i, gi\u1ea3m thi\u1ec3u hao ph\u00ed \u0111i\u1ec7n n\u0103ng, ti\u1ebft ki\u1ec7m \u0111i\u1ec7n hi\u1ec7u qu\u1ea3<\/li>\n<li>Tu\u1ed5i th\u1ecd \u0111\u00e8n l\u00ean t\u1edbi 40.000 gi\u1edd, ti\u1ebft ki\u1ec7m chi ph\u00ed thay th\u1ebf, \u0111\u1ed5i m\u1edbi<\/li>\n<li>Gi\u1ea3m nguy c\u01a1 ch\u00e1y n\u1ed5, n\u00e2ng cao hi\u1ec7u su\u1ea5t l\u00e0m vi\u1ec7c<\/li>\n<li>\n<p style=\"margin-left: 18.0pt;\"><strong>\u1ee8ng d\u1ee5ng <\/strong><strong>c\u1ee7a<\/strong><span style=\"color: #008080;\">\u00a0\u0110\u00e8n led tr\u1ee5 nh\u1ecf OML\u00ae Lighting<\/span><\/p>\n<p style=\"margin-left: 18.0pt;\"><span style=\"color: #008080;\"><strong>B\u00fap LED tr\u1ee5 nh\u1ecf cao c\u1ea5p<\/strong><\/span> \u0111\u01b0\u1ee3c \u1ee9ng d\u1ee5ng chi\u1ebfu s\u00e1ng trong nh\u00e0 v\u00e0 ngo\u00e0i tr\u1eddi, thay th\u1ebf c\u00e1c d\u00f2ng \u0111\u00e8n Compact v\u00e0 \u0111\u00e8n hu\u1ef3nh quang trong chi\u1ebfu s\u00e1ng d\u00e2n d\u1ee5ng v\u00e0 c\u00f4ng nghi\u1ec7p nh\u01b0: chi\u1ebfu s\u00e1ng nh\u00e0 \u1edf, chi\u1ebfu s\u00e1ng v\u0103n ph\u00f2ng, c\u00f4ng s\u1edf, c\u00e1c c\u1eeda h\u00e0ng,\u2026v\u1edbi kh\u1ea3 n\u0103ng ti\u1ebft ki\u1ec7m \u0111i\u1ec7n n\u0103ng hi\u1ec7u qu\u1ea3. Thay th\u1ec3 \u0111\u00e8n compact trong h\u1ed1c tr\u1ea7n, l\u1eafp \u0111\u00e8n trang tr\u00ed, thay th\u1ebf \u0111\u00e8n h\u1ecdc,\u2026<\/p>\n<\/li>\n<\/ul>\n<\/li>\n<\/ul>\n","protected":false},"excerpt":{"rendered":"<p><strong>C\u00f4ng su\u1ea5t\u00a0<\/strong> \u00a0 \u00a0 \u00a0 \u00a0 \u00a0 \u00a0 :15W<\/p>\n<p><strong>\u0110i\u1ec7n \u00e1p ho\u1ea1t \u0111\u1ed9ng<\/strong> : 85V-265V<\/p>\n<p><strong>Quang th\u00f4ng<\/strong>\u00a0 \u00a0 \u00a0 \u00a0 \u00a0 \u00a0:1690Lm<\/p>\n<p><strong>\u0110ui xo\u00e1y\u00a0<\/strong> \u00a0 \u00a0 \u00a0 \u00a0 \u00a0 \u00a0 \u00a0 \u00a0: E27<\/p>\n<p><strong>K\u00edch th\u01b0\u1edbc\u00a0<\/strong> \u00a0 \u00a0 \u00a0 \u00a0 \u00a0 \u00a0: 46x143mm<\/p>\n<p><strong>\u00c1nh s\u00e1ng\u00a0 \u00a0 <\/strong>\u00a0 \u00a0 \u00a0 \u00a0 \u00a0 \u00a0 : Tr\u1eafng ( 6500k)\/ V\u00e0ng ( 3000k)<\/p>\n<p>&nbsp;<\/p>\n","protected":false},"featured_media":2528,"comment_status":"open","ping_status":"closed","template":"","meta":[],"product_cat":[118],"product_tag":[239,238,237],"_links":{"self":[{"href":"https:\/\/www.oml.com.vn\/index.php?rest_route=\/wp\/v2\/product\/935"}],"collection":[{"href":"https:\/\/www.oml.com.vn\/index.php?rest_route=\/wp\/v2\/product"}],"about":[{"href":"https:\/\/www.oml.com.vn\/index.php?rest_route=\/wp\/v2\/types\/product"}],"replies":[{"embeddable":true,"href":"https:\/\/www.oml.com.vn\/index.php?rest_route=%2Fwp%2Fv2%2Fcomments&post=935"}],"wp:featuredmedia":[{"embeddable":true,"href":"https:\/\/www.oml.com.vn\/index.php?rest_route=\/wp\/v2\/media\/2528"}],"wp:attachment":[{"href":"https:\/\/www.oml.com.vn\/index.php?rest_route=%2Fwp%2Fv2%2Fmedia&parent=935"}],"wp:term":[{"taxonomy":"product_cat","embeddable":true,"href":"https:\/\/www.oml.com.vn\/index.php?rest_route=%2Fwp%2Fv2%2Fproduct_cat&post=935"},{"taxonomy":"product_tag","embeddable":true,"href":"https:\/\/www.oml.com.vn\/index.php?rest_route=%2Fwp%2Fv2%2Fproduct_tag&post=935"}],"curies":[{"name":"wp","href":"https:\/\/api.w.org\/{rel}","templated":true}]}}