{"id":946,"date":"2019-04-26T00:57:53","date_gmt":"2019-04-25T17:57:53","guid":{"rendered":"http:\/\/omllighting.com\/?post_type=product&#038;p=946"},"modified":"2024-07-09T16:17:56","modified_gmt":"2024-07-09T09:17:56","slug":"bong-tron-2w-chao-trong","status":"publish","type":"product","link":"https:\/\/www.oml.com.vn\/?product=bong-tron-2w-chao-trong","title":{"rendered":"B\u00d3NG TR\u00d2N 2W CHAO TRONG"},"content":{"rendered":"<table style=\"width: 600px;\" border=\"1\" cellspacing=\"1\" cellpadding=\"1\">\n<tbody>\n<tr bgcolor=\"#00CCCC\">\n<td colspan=\"2\">\u00a0 \u00a0 \u00a0 \u00a0 \u00a0 \u00a0 \u00a0 \u00a0 \u00a0 \u00a0 \u00a0 \u00a0 \u00a0 \u00a0 \u00a0 \u00a0 \u00a0 \u00a0 \u00a0 \u00a0 \u00a0 \u00a0 \u00a0 \u00a0 \u00a0 \u00a0 \u00a0 \u00a0 \u00a0 \u00a0Th\u00f4ng S\u1ed1 K\u0129 Thu\u1eadt<\/td>\n<\/tr>\n<tr bgcolor=\"#e3f5fc\">\n<td>\u00a0C\u00f4ng su\u1ea5t<\/td>\n<td>2w<\/td>\n<\/tr>\n<tr bgcolor=\"#e3f5fc\">\n<td>\u00a0\u0110i\u1ec7n \u00e1p ho\u1ea1t \u0111\u1ed9ng<\/td>\n<td>165V-265V<\/td>\n<\/tr>\n<tr bgcolor=\"#e3f5fc\">\n<td>Quang th\u00f4ng<\/td>\n<td>85Lm\/W- 95Lm\/W<\/td>\n<\/tr>\n<tr bgcolor=\"#e3f5fc\">\n<td>\u00a0T\u1ea7n s\u1ed1<\/td>\n<td>50\/60Hz<\/td>\n<\/tr>\n<tr bgcolor=\"#e3f5fc\">\n<td>\u00a0Nhi\u1ec7t \u0111\u1ed9 l\u00e0m vi\u1ec7c<\/td>\n<td>(10\u00b0C) &#8211; 40\u00b0C<\/td>\n<\/tr>\n<tr bgcolor=\"#e3f5fc\">\n<td>\u00a0Ch\u1ebf \u0111\u1ed9 m\u00e0u<\/td>\n<td>Tr\u1eafng, V\u00e0ng, Xanh l\u00e1, Xanh d\u01b0\u01a1ng, \u0110\u1ecf, Nh\u00e1y(\u0110\u1ed5i m\u00e0u)<\/td>\n<\/tr>\n<tr bgcolor=\"#e3f5fc\">\n<td>\u00a0C\u1ea5u t\u1ea1o<\/td>\n<td>Nh\u1ef1a PC m\u00e0u, m\u1eaft LED m\u00e0u<\/td>\n<\/tr>\n<tr bgcolor=\"#e3f5fc\">\n<td>\u00a0B\u1ea3o H\u00e0nh<\/td>\n<td>24 th\u00e1ng<\/td>\n<\/tr>\n<\/tbody>\n<\/table>\n<p><strong>M\u00f4 t\u1ea3:<\/strong><\/p>\n<p><a href=\"#\"><span style=\"color: #008080;\">B\u00f3ng tr\u00f2n 2W chao trong OML\u00ae l<\/span><\/a>\u00e0 d\u00f2ng b\u00f3ng \u0111\u01b0\u1ee3c \u01b0a chu\u1ed9ng b\u1edfi ng\u01b0\u1eddi ti\u00eau d\u00f9ng t\u1eeb r\u1ea5t l\u00e2u do nh\u1eefng \u0111\u1eb7c \u0111i\u1ec3m v\u01b0\u1ee3t tr\u1ed9i. Chao b\u00f3ng \u0111\u01b0\u1ee3c thi\u1ebft k\u1ebf d\u1ea1ng t\u1ed5 ong trong su\u1ed1t \u0111\u1ec3 \u00e1nh s\u00e1ng ph\u1ea3n quang t\u1ea1o ra m\u00e0u r\u1ea5t \u0111\u1eb9p. B\u00f3ng tr\u00f2n 2W chao trong l\u00e0 d\u00f2ng s\u1ea3n ph\u1ea9m ti\u00ean phong khi ng\u00e0nh c\u00f4ng nghi\u1ec7p LED m\u1edbi manh nha v\u00e0o Vi\u1ec7t Nam. \u0110\u1ed9 b\u1ec1n c\u1ee7a s\u1ea3n ph\u1ea9m l\u00e0 l\u00fd do ch\u00ednh \u0111\u1ec3 s\u1ea3n ph\u1ea9m c\u00f3 v\u00f2ng \u0111\u1eddi tr\u00ean 10 n\u0103m t\u00ednh \u0111\u1ebfn n\u0103m 2019 m\u00e0 v\u1eabn \u0111\u01b0\u1ee3c \u01b0a d\u00f9ng.<\/p>\n<p>X\u00e9t v\u1ec1 m\u1eb7t c\u1ea5u t\u1ea1o th\u00ec b\u00f3ng tr\u00f2n 2W chao trong OML\u00ae l\u00e0 d\u00f2ng b\u00f3ng c\u00f3 c\u1ea5u t\u1ea1o \u0111\u1ed9c \u0111\u00e1o v\u00e0 mang nhi\u1ec1u n\u00e9t \u0111\u1eb9p ri\u00eang, r\u1ea5t th\u00edch h\u1ee3p trong trang tr\u00ed ngh\u1ec7 thu\u1eadt.<\/p>\n<p>\u0110\u1eb7c \u0111i\u1ec3m n\u1ed5i b\u1eadt c\u1ee7a <a href=\"#\"><span style=\"color: #008080;\">B\u00f3ng tr\u00f2n 2W chao trong<\/span><\/a><\/p>\n<ul>\n<li><a href=\"#\"><span style=\"color: #008080;\">B\u00f3ng tr\u00f2n 2W chao trong<\/span><\/a> s\u1eed d\u1ee5ng chip LED 2835 Epistar si\u00eau s\u00e1ng v\u00e0 m\u1eaft LED m\u00e0u v\u01b0\u1ee3t tr\u1ed9i.<\/li>\n<li>B\u00f3ng tr\u00f2n \u0111\u01b0\u1ee3c thi\u1ebft k\u1ebf k\u00edn, ch\u1ed1ng \u0111\u01b0\u1ee3c c\u00f4n tr\u00f9ng x\u00e2m nh\u1eadp.<\/li>\n<li>\u0110ui \u0111\u00e8n E27 truy\u1ec1n th\u1ed1ng v\u00e0 theo ti\u00eau chu\u1ea9n qu\u1ed1c t\u1ebf.<\/li>\n<li>\u0110ui \u0111\u00e8n \u0111\u01b0\u1ee3c m\u1ea1 CROM ch\u1ed1ng r\u1ec9 r\u1ea5t t\u1ed1t.<\/li>\n<li>B\u00f3ng \u0111\u01b0\u1ee3c thi\u1ebft k\u1ebf nh\u1ecf, g\u1ecdn, nhi\u1ec1u m\u00e0u s\u1eafc.<\/li>\n<li>\u0110\u00e8n s\u1eed <a href=\"#\"><span style=\"color: #008080;\">c\u00f4ng ngh\u1ec7 LED<\/span><\/a> \u0111\u1ec3 ph\u00e1t ra \u00e1nh s\u00e1ng, kh\u00f4ng s\u1eed d\u1ee5ng th\u1ee7y ng\u00e2n, kh\u00f4ng ph\u00e1t ra tia t\u1eed ngo\u1ea1i(UV), tia h\u1ed3ng ngo\u1ea1i(IR), kh\u00f4ng ch\u1ee9a h\u00f3a ch\u1ea5t \u0111\u1ed9c h\u1ea1i, an to\u00e0n cho ng\u01b0\u1eddi s\u1eed d\u1ee5ng v\u00e0 th\u00e2n thi\u1ec7n v\u1edbi m\u00f4i tr\u01b0\u1eddng. Ch\u00edp LED ch\u1ea5t l\u01b0\u1ee3ng cao cho \u00e1nh s\u00e1ng trung th\u1ef1c, t\u1ef1 nhi\u00ean.\u201d<\/li>\n<\/ul>\n<p><strong>\u1ee8ng d\u1ee5ng <\/strong><strong>c\u1ee7a<\/strong>\u00a0<a href=\"#\"><span style=\"color: #008080;\">B\u00f3ng tr\u00f2n 2W chao trong<\/span><\/a><\/p>\n<p>Hi\u1ec7n nay,<a href=\"#\"><span style=\"color: #008080;\"> B\u00f3ng tr\u00f2n 2W chao trong <\/span><\/a>\u0111\u01b0\u1ee3c s\u1eed d\u1ee5ng ch\u1ee7 y\u1ebfu trong trang tr\u00ed c\u1eeda h\u00e0ng, c\u1eeda hi\u1ec7u, bi\u1ec3n qu\u1ea3ng c\u00e1o, h\u1ec7 th\u1ed1ng \u00e1nh s\u00e1ng trang tr\u00ed ngo\u00e0i tr\u1eddi, s\u1eed d\u1ee5ng trong ng\u00e0nh c\u00f4ng nghi\u1ec7p s\u1ea3n xu\u1ea5t \u0111\u1ed3 d\u00f9ng n\u1ed9i th\u1ea5t: B\u00e0n trang \u0111i\u1ec3m, g\u01b0\u01a1ng,\u2026h\u1ec7 th\u1ed1ng trang tr\u00ed c\u00e2y c\u1ea3nh, ph\u1ed1i ti\u1ec3u c\u1ea3nh, s\u1eed d\u1ee5ng l\u1eafp thay th\u1ebf c\u00e1c b\u00f3ng trong \u0111\u00e8n t\u01b0\u1eddng, \u0111\u00e8n ng\u1ee7,\u2026. T\u00f9y theo s\u1ef1 s\u00e1ng t\u1ea1o v\u00e0 nhu c\u1ea7u trang tr\u00ed.<\/p>\n<p><strong>L\u1ef1a ch\u1ecdn <\/strong>B\u00f3ng tr\u00f2n 2W chao trong<strong>\u00a0 nh\u01b0 th\u1ebf n\u00e0o?<\/strong><\/p>\n<p>\u0110\u1ec3 \u0111\u1ea3m b\u1ea3o ch\u1ea5t l\u01b0\u1ee3ng v\u00e0 ch\u1eafc ch\u1eafn quy tr\u00ecnh b\u1ea3o h\u00e0nh s\u1ea3n ph\u1ea9m, C\u00e1c b\u1ea1n n\u00ean l\u1ef1a ch\u1ecdn s\u1ea3n ph\u1ea9m c\u00f3 tem, nh\u00e3n hi\u1ec7u r\u00f5 r\u00e0ng v\u00e0 OML\u00ae c\u0169ng l\u00e0 m\u1ed9t nh\u00e3n hi\u1ec7u \u0111\u00e1ng tin t\u01b0\u1edfng. Ch\u00fac c\u00e1c b\u1ea1n lu\u00f4n l\u00e0 ng\u01b0\u1eddi ti\u00eau d\u00f9ng th\u00f4ng th\u00e1i.<\/p>\n<p>&nbsp;<\/p>\n","protected":false},"excerpt":{"rendered":"<ul>\n<li>T\u00ean s\u1ea3n ph\u1ea9m:<span style=\"color: #696969;\">B\u00f3ng tr\u00f2n 2w chao trong<\/span><\/li>\n<li>M\u00e3 s\u1ea3n ph\u1ea9m: <span style=\"color: #696969;\">OML-KT2W<\/span><\/li>\n<li>Xu\u1ea5t x\u1ee9:<span style=\"color: #696969;\"> Vi\u1ec7t Nam<\/span><\/li>\n<li>Nh\u00e3n hi\u1ec7u:<span style=\"color: #696969;\"> OML\u00ae LIGHTING<\/span><\/li>\n<\/ul>\n","protected":false},"featured_media":771,"comment_status":"open","ping_status":"closed","template":"","meta":[],"product_cat":[123],"product_tag":[],"_links":{"self":[{"href":"https:\/\/www.oml.com.vn\/index.php?rest_route=\/wp\/v2\/product\/946"}],"collection":[{"href":"https:\/\/www.oml.com.vn\/index.php?rest_route=\/wp\/v2\/product"}],"about":[{"href":"https:\/\/www.oml.com.vn\/index.php?rest_route=\/wp\/v2\/types\/product"}],"replies":[{"embeddable":true,"href":"https:\/\/www.oml.com.vn\/index.php?rest_route=%2Fwp%2Fv2%2Fcomments&post=946"}],"wp:featuredmedia":[{"embeddable":true,"href":"https:\/\/www.oml.com.vn\/index.php?rest_route=\/wp\/v2\/media\/771"}],"wp:attachment":[{"href":"https:\/\/www.oml.com.vn\/index.php?rest_route=%2Fwp%2Fv2%2Fmedia&parent=946"}],"wp:term":[{"taxonomy":"product_cat","embeddable":true,"href":"https:\/\/www.oml.com.vn\/index.php?rest_route=%2Fwp%2Fv2%2Fproduct_cat&post=946"},{"taxonomy":"product_tag","embeddable":true,"href":"https:\/\/www.oml.com.vn\/index.php?rest_route=%2Fwp%2Fv2%2Fproduct_tag&post=946"}],"curies":[{"name":"wp","href":"https:\/\/api.w.org\/{rel}","templated":true}]}}