{"id":950,"date":"2019-04-26T01:18:38","date_gmt":"2019-04-25T18:18:38","guid":{"rendered":"http:\/\/omllighting.com\/?post_type=product&#038;p=950"},"modified":"2024-07-09T15:38:43","modified_gmt":"2024-07-09T08:38:43","slug":"led-rau-led-nen","status":"publish","type":"product","link":"https:\/\/www.oml.com.vn\/?product=led-rau-led-nen","title":{"rendered":"LED R\u00c2U- LED N\u1ebeN"},"content":{"rendered":"<table style=\"width: 600px;\" border=\"1\" cellspacing=\"1\" cellpadding=\"1\">\n<tbody>\n<tr bgcolor=\"#00CCCC\">\n<td colspan=\"2\">\u00a0 \u00a0 \u00a0 \u00a0 \u00a0 \u00a0 \u00a0 \u00a0 \u00a0 \u00a0 \u00a0 \u00a0 \u00a0 \u00a0 \u00a0 \u00a0 \u00a0 \u00a0 \u00a0 \u00a0 \u00a0 \u00a0 \u00a0 \u00a0 \u00a0 \u00a0 \u00a0 \u00a0 \u00a0 \u00a0Th\u00f4ng S\u1ed1 K\u0129 Thu\u1eadt<\/td>\n<\/tr>\n<tr bgcolor=\"#e3f5fc\">\n<td>\u00a0C\u00f4ng su\u1ea5t<\/td>\n<td>3w<\/td>\n<\/tr>\n<tr bgcolor=\"#e3f5fc\">\n<td>\u00a0\u0110i\u1ec7n \u00e1p ho\u1ea1t \u0111\u1ed9ng<\/td>\n<td>85V-265V<\/td>\n<\/tr>\n<tr bgcolor=\"#e3f5fc\">\n<td>Quang th\u00f4ng<\/td>\n<td>255Lm\/W<\/td>\n<\/tr>\n<tr bgcolor=\"#e3f5fc\">\n<td>\u00a0T\u1ea7n s\u1ed1<\/td>\n<td>50\/60Hz<\/td>\n<\/tr>\n<tr bgcolor=\"#e3f5fc\">\n<td>\u00a0Nhi\u1ec7t \u0111\u1ed9 l\u00e0m vi\u1ec7c<\/td>\n<td>(10\u00b0C) &#8211; 40\u00b0C<\/td>\n<\/tr>\n<tr bgcolor=\"#e3f5fc\">\n<td>\u00a0Ch\u1ebf \u0111\u1ed9 m\u00e0u<\/td>\n<td>Tr\u1eafng(6500K), V\u00e0ng(3000K)<\/td>\n<\/tr>\n<tr bgcolor=\"#e3f5fc\">\n<td>\u00a0B\u1ea3o H\u00e0nh<\/td>\n<td>24 th\u00e1ng<\/td>\n<\/tr>\n<\/tbody>\n<\/table>\n<p><strong>M\u00f4 t\u1ea3:<\/strong><\/p>\n<p><a href=\"#\"><span style=\"color: #008080;\">LED r\u00e2u\/LED n\u1ebfn<\/span><\/a>\u00a0hay c\u00f2n \u0111\u01b0\u1ee3c g\u1ecdi l\u00e0 \u0111\u00e8n m\u00f3c c\u00e2u, \u0111\u00e8n c\u00f3 r\u00e2u \u0111\u01b0\u1ee3c d\u00f9ng thay th\u1ebf cho c\u00e1c lo\u1ea1i \u0111\u00e8n n\u1ebfn d\u00e2y t\u00f3c, s\u1eed d\u1ee5ng trong c\u00e1c lo\u1ea1i \u0111\u00e8n ch\u00f9m trang tr\u00ed, \u0111\u00e8n g\u1eafn t\u01b0\u1eddng\u2026<\/p>\n<p><strong>\u01afu \u0111i\u1ec3m c\u1ee7a \u0111\u00e8n LED r\u00e2u 3W OML\u00ae<\/strong><\/p>\n<ul>\n<li>S\u1eed d\u1ee5ng chip LED Epistar<\/li>\n<li>Tu\u1ed5i th\u1ecd b\u00f3ng &gt;25.000 gi\u1edd, g\u1ea5p 5 l\u1ea7n b\u00f3ng hu\u1ef3nh quang, v\u00e0 g\u1ea5p 40 so v\u1edbi b\u00f3ng s\u1ee3i \u0111\u1ed1t,\u00a0gi\u1ea3m t\u1ea7n su\u1ea5t v\u00e0 chi ph\u00ed thay th\u1ebf, b\u1ea3o d\u01b0\u1ee1ng.<\/li>\n<li>Ti\u1ebft ki\u1ec7m \u0111i\u1ec7n v\u00e0 d\u1ec5 d\u00e0ng thay th\u1ebf cho \u0111\u00e8n s\u1ee3i \u0111\u1ed1t v\u00e0 \u0111\u00e8n hu\u1ef3nh quang Compact.<\/li>\n<li>Ch\u1ea5t l\u01b0\u1ee3ng \u00e1nh s\u00e1ng cao, sang tr\u1ecdng v\u00e0 ti\u1ec7n nghi.<\/li>\n<li>\u00cdt ph\u00e1t nhi\u1ec7t, kh\u00f4ng l\u00e0m n\u00f3ng b\u1ec1 m\u1eb7t \u0111\u00e8n v\u00e0 ra m\u00f4i tr\u01b0\u1eddng xung quanh.<\/li>\n<li>\u00c1nh s\u00e1ng \u0111\u00e8n LED kh\u00f4ng c\u00f3 tia UV an to\u00e0n cho m\u1eaft gi\u00fap b\u1ea3o v\u1ec7 m\u1eaft, kh\u00f4ng g\u00e2y m\u1ecfi m\u1eaft, ch\u1ed1ng c\u1eadn th\u1ecb, kh\u00f4ng g\u00e2y ch\u00e1y n\u1ed5 v\u00e0 kh\u00f4ng c\u00f3 th\u1ee7y ng\u00e2n n\u00ean \u0111\u1ea3m b\u1ea3o an to\u00e0n cho s\u1ee9c kh\u1ecfe c\u1ee7a ng\u01b0\u1eddi ti\u00eau d\u00f9ng.<\/li>\n<li>Ch\u00f3a \u0111\u00e8n \u0111\u01b0\u1ee3c l\u00e0m b\u1eb1ng nh\u1ef1a cao c\u1ea5p ch\u1ed1ng tr\u1ea7y x\u01b0\u1edbc, kh\u00f4ng b\u1ecb v\u1ee1 b\u1ec3 khi va ch\u1ea1m, r\u01a1i r\u1edbt.<\/li>\n<li>B\u1ea3o h\u00e0ng ch\u00ednh h\u00e3ng 24 th\u00e1ng.<strong>\u1ee8ng d\u1ee5ng \u0111\u00e8n LED r\u00e2u 3W<\/strong>+ L\u1eafp cho c\u00e1c \u0111\u00e8n trang tr\u00ed g\u1eafn t\u01b0\u1eddng+ L\u00e0m \u0111\u00e8n ng\u1ee7\n<p>+ L\u00e0m \u0111\u00e8n ch\u00f9m<\/p>\n<p>+ \u0110\u00e8n th\u1edd<\/p>\n<p>+ \u0110\u00e8n trang tr\u00ed nh\u00e0 h\u00e0ng, qu\u00e1n Cafe\u2026<\/li>\n<\/ul>\n","protected":false},"excerpt":{"rendered":"<ul>\n<li>T\u00ean s\u1ea3n ph\u1ea9m\u00a0 :<span style=\"color: #696969;\">LED r\u00e2u, LED n\u1ebfn<\/span><\/li>\n<li>M\u00e3 s\u1ea3n ph\u1ea9m\u00a0 \u00a0: <span style=\"color: #696969;\">OML- LR300\/LR301<\/span><\/li>\n<li>Xu\u1ea5t x\u1ee9\u00a0 \u00a0 \u00a0 \u00a0 \u00a0 \u00a0 :<span style=\"color: #696969;\"> Vi\u1ec7t Nam<\/span><\/li>\n<li>Nh\u00e3n hi\u1ec7u\u00a0 \u00a0 \u00a0 \u00a0 :<span style=\"color: #696969;\"> OML\u00ae LIGHTING<\/span><\/li>\n<li>C\u00f4ng su\u1ea5t\u00a0 \u00a0 \u00a0 \u00a0 : 3W<\/li>\n<li>K\u00edch th\u01b0\u1edbc\u00a0 \u00a0 \u00a0 \u00a0: \u00d840x97mm<\/li>\n<li>\u0110ui xo\u00e1y\u00a0 \u00a0 \u00a0 \u00a0 \u00a0 \u00a0: E14\/E2<\/li>\n<li>Quang th\u00f4ng\u00a0 \u00a0 :255Lm<\/li>\n<li>\u0110i\u1ec7n \u00e1p\u00a0 \u00a0 \u00a0 \u00a0 \u00a0 \u00a0 \u00a0:AC 85 &#8211; 265V<\/li>\n<\/ul>\n","protected":false},"featured_media":1371,"comment_status":"open","ping_status":"closed","template":"","meta":[],"product_cat":[123],"product_tag":[],"_links":{"self":[{"href":"https:\/\/www.oml.com.vn\/index.php?rest_route=\/wp\/v2\/product\/950"}],"collection":[{"href":"https:\/\/www.oml.com.vn\/index.php?rest_route=\/wp\/v2\/product"}],"about":[{"href":"https:\/\/www.oml.com.vn\/index.php?rest_route=\/wp\/v2\/types\/product"}],"replies":[{"embeddable":true,"href":"https:\/\/www.oml.com.vn\/index.php?rest_route=%2Fwp%2Fv2%2Fcomments&post=950"}],"wp:featuredmedia":[{"embeddable":true,"href":"https:\/\/www.oml.com.vn\/index.php?rest_route=\/wp\/v2\/media\/1371"}],"wp:attachment":[{"href":"https:\/\/www.oml.com.vn\/index.php?rest_route=%2Fwp%2Fv2%2Fmedia&parent=950"}],"wp:term":[{"taxonomy":"product_cat","embeddable":true,"href":"https:\/\/www.oml.com.vn\/index.php?rest_route=%2Fwp%2Fv2%2Fproduct_cat&post=950"},{"taxonomy":"product_tag","embeddable":true,"href":"https:\/\/www.oml.com.vn\/index.php?rest_route=%2Fwp%2Fv2%2Fproduct_tag&post=950"}],"curies":[{"name":"wp","href":"https:\/\/api.w.org\/{rel}","templated":true}]}}