{"id":955,"date":"2019-04-26T01:37:32","date_gmt":"2019-04-25T18:37:32","guid":{"rendered":"http:\/\/omllighting.com\/?post_type=product&#038;p=955"},"modified":"2024-07-09T16:17:57","modified_gmt":"2024-07-09T09:17:57","slug":"am-tran-khoi-duc","status":"publish","type":"product","link":"https:\/\/www.oml.com.vn\/?product=am-tran-khoi-duc","title":{"rendered":"\u00c2M TR\u1ea6N KH\u1ed0I \u0110\u00daC"},"content":{"rendered":"<table style=\"width: 600px;\" border=\"1\" cellspacing=\"1\" cellpadding=\"1\">\n<tbody>\n<tr bgcolor=\"#00CCCC\">\n<td colspan=\"2\">\u00a0 \u00a0 \u00a0 \u00a0 \u00a0 \u00a0 \u00a0 \u00a0 \u00a0 \u00a0 \u00a0 \u00a0 \u00a0 \u00a0 \u00a0 \u00a0 \u00a0 \u00a0 \u00a0 \u00a0 \u00a0 \u00a0 \u00a0 \u00a0 \u00a0 \u00a0 \u00a0Th\u00f4ng S\u1ed1 K\u0129 Thu\u1eadt<\/td>\n<\/tr>\n<tr bgcolor=\"#e3f5fc\">\n<td>\u00a0C\u00f4ng su\u1ea5t<\/td>\n<td>7W<\/td>\n<\/tr>\n<tr bgcolor=\"#e3f5fc\">\n<td>\u00a0\u0110i\u1ec7n \u00e1p ho\u1ea1t \u0111\u1ed9ng<\/td>\n<td>165V-265V<\/td>\n<\/tr>\n<tr bgcolor=\"#e3f5fc\">\n<td>Quang th\u00f4ng<\/td>\n<td>85Lm\/W- 95Lm\/W<\/td>\n<\/tr>\n<tr bgcolor=\"#e3f5fc\">\n<td>\u00a0T\u1ea7n s\u1ed1<\/td>\n<td>50\/60Hz<\/td>\n<\/tr>\n<tr bgcolor=\"#e3f5fc\">\n<td>\u00a0Kick th\u01b0\u1edbc<\/td>\n<td>\u00d8110*52<\/td>\n<\/tr>\n<tr bgcolor=\"#e3f5fc\">\n<td>\u00a0L\u1ed7 Kho\u00e9t<\/td>\n<td>\u00d890<\/td>\n<\/tr>\n<tr bgcolor=\"#e3f5fc\">\n<td>\u00a0Ch\u1ebf \u0111\u1ed9 m\u00e0u<\/td>\n<td>3 M\u00c0U (Tr\u1eafng-v\u00e0ng-trung t\u00ednh), vi\u1ec1n v\u00e0ng<\/td>\n<\/tr>\n<tr bgcolor=\"#e3f5fc\">\n<td>\u00a0B\u1ea3o H\u00e0nh<\/td>\n<td>24 th\u00e1ng<\/td>\n<\/tr>\n<\/tbody>\n<\/table>\n<p><strong>M\u00f4 t\u1ea3:<\/strong><\/p>\n<p>Song song v\u1edbi c\u00e1c d\u00f2ng m\u1eabu \u00e2m tr\u1ea7n kh\u00e1c nh\u01b0 \u00e2m tr\u1ea7n m\u1eb7t cong, \u00e2m tr\u1ea7n \u0111\u1ebf m\u0169, \u00e2m tr\u1ea7n \u0111\u1ebf d\u00e0y th\u00ec \u00e2m tr\u1ea7n kh\u1ed1i \u0111\u01b0\u1ee3c c\u0169ng nh\u1eadn \u0111\u01b0\u1ee3c r\u1ea5t nhi\u1ec1u s\u1ef1 quan t\u00e2m c\u1ee7a ng\u01b0\u1eddi d\u00f9ng. C\u00f3 th\u1ec3 n\u00f3i, m\u1eabu \u00e2m tr\u1ea7n kh\u1ed1i \u0111\u00fac l\u00e0 s\u1ef1 k\u1ebft h\u1ee3p gi\u1eefa \u00e2m tr\u1ea7n m\u1eb7t cong v\u00e0 \u00e2m tr\u1ea7n m\u0169. Thi\u1ebft k\u1ebf g\u1ecdn nh\u1eb9 h\u01a1n, v\u1eeba \u0111\u1eb9p, c\u00e2n x\u1ee9ng l\u00e0 nh\u1eefng g\u00ec ch\u00fang ta c\u00f3 \u0111\u01b0\u1ee3c khi \u00e2m tr\u1ea7n kh\u1ed1i \u0111\u00fac ra \u0111\u1eddi. To\u00e0n b\u1ed9 y\u1ebfu t\u1ed1 v\u1ec1 ch\u1ea5t l\u01b0\u1ee3ng k\u1ef9 thu\u1eadt \u0111\u01b0\u1ee3c gi\u1eef nguy\u00ean ch\u1ec9 thay \u0111\u1ed5i ph\u1ea7n v\u1ecf b\u1ecdc b\u00ean ngo\u00e0i.<\/p>\n<p>\u0110\u00e8n c\u00f3 \u0111\u01b0\u1eddng k\u00ednh vi\u1ec1n l\u00e0 110 mm v\u00e0 \u0111\u01b0\u1eddng k\u00ednh l\u1ed7 kho\u00e9t tr\u1ea7n 76 mm. Thi\u1ebft k\u1ebf n\u00e0y gi\u00fap \u0111\u00e8n \u0111\u01b0\u1ee3c l\u1eafp \u0111\u1eb7t d\u1ec5 d\u00e0ng v\u1edbi b\u1ec1 m\u1eb7t tr\u1ea7n \u0111\u01b0\u1ee3c kho\u00e9t l\u1ed7 nh\u1ecf, linh ho\u1ea1t v\u00e0 \u0111a d\u1ea1ng, thi c\u00f4ng d\u1ec5 d\u00e0ng.<\/p>\n<p>Vi\u1ec1n \u0111\u00e8n r\u1ed9ng v\u1edbi m\u00e0u tr\u1eafng s\u00e1ng, khi \u0111\u00e8n \u0111\u01b0\u1ee3c b\u1eadt l\u00ean s\u1ebd gi\u00fap t\u1ea3n \u00e1nh s\u00e1ng hi\u1ec7u qu\u1ea3, ph\u00e1t huy t\u00e1c d\u1ee5ng chi\u1ebfu s\u00e1ng tuy\u1ec7t v\u1eddi trong kh\u00f4ng gian r\u1ed9ng.<\/p>\n<p>B\u1ec1 m\u1eb7t \u0111\u00e8n \u0111\u01b0\u1ee3c s\u1eed d\u1ee5ng c\u00f4ng ngh\u1ec7 phun s\u01b0\u01a1ng hi\u1ec7n \u0111\u1ea1i gi\u00fap b\u1ec1 m\u1eb7t \u0111\u00e8n s\u00e1ng b\u00f3ng, sang tr\u1ecdng \u0111\u1ed3ng th\u1eddi c\u00f2n g\u00f3p ph\u1ea7n l\u00e0m t\u0103ng \u0111\u1ed9 b\u1ec1n \u0111\u1eb9p, \u0111\u1ed9 th\u1ea9m m\u1ef9 cao.<\/p>\n<p>K\u00edch th\u01b0\u1edbc \u0111\u1ebf d\u00e0y v\u1eeba ph\u1ea3i v\u1edbi ch\u1ea5t li\u1ec7u b\u1eb1ng nh\u00f4m cao c\u1ea5p cho hi\u1ec7u qu\u1ea3 t\u1ea3n nhi\u1ec7t cao, t\u1eeb \u0111\u00f3 c\u00f3 th\u1ec3 b\u1ea3o v\u1ec7 t\u1ed1i \u01b0u ngu\u1ed3n chip LED b\u00ean trong.<\/p>\n<p>Ch\u1ea5t li\u1ec7u b\u1ec1 m\u1eb7t l\u00e0 k\u00ednh Mika cao c\u1ea5p c\u00f3 th\u1ec3 ch\u1ed1ng ch\u00f3i hi\u1ec7u qu\u1ea3, b\u1ea3o v\u1ec7 th\u1ecb l\u1ef1c c\u1ee7a ng\u01b0\u1eddi d\u00f9ng. M\u1eb7t k\u00ednh Mika c\u00f3 th\u1ec3 ch\u1ecbu l\u1ef1c, ch\u1ecbu nhi\u1ec7t r\u1ea5t t\u1ed1t c\u0169ng nh\u01b0 b\u1ea3o \u0111\u1ea3m b\u1ec1 m\u1eb7t c\u00f3 th\u1ea9m m\u1ef9 cao.<\/p>\n<p>L\u01b0u \u00fd: C\u00e1c d\u00f2ng \u0111\u00e8n LED \u00e2m tr\u1ea7n ch\u1ed1ng ch\u00f3i k\u00e9m ch\u1ea5t l\u01b0\u1ee3ng s\u1ebd c\u00f3 m\u1eb7t k\u00ednh \u0111\u1ee5c m\u1edd, \u0111\u1ed3ng th\u1eddi b\u1eaft nhi\u1ec7t nhanh c\u00f3 th\u1ec3 ph\u00e1t sinh ra m\u00f4i tr\u01b0\u1eddng b\u00ean ngo\u00e0i.<\/p>\n<h2><strong>\u1ee8ng d\u1ee5ng c\u1ee7a \u0110\u00e8n LED \u00e2m tr\u1ea7n kh\u1ed1i \u0111\u00fac<\/strong><\/h2>\n<p>C\u0169ng nh\u01b0 c\u00e1c lo\u1ea1i \u0111\u00e8n led \u00e2m tr\u1ea7n kh\u00e1c,\u00a0<a href=\"http:\/\/omllighting.com\" target=\"_blank\" rel=\"noopener\">\u0110\u00e8n LED\u00a0\u00e2m tr\u1ea7n\u00a0<\/a> kh\u1ed1i \u0111\u00fac 5W 7W 9W\u00a0vi\u1ec1n tr\u1eafng v\u00e0 v\u00e0ng \u0111\u01b0\u1ee3c \u1ee9ng d\u1ee5ng ch\u1ee7 y\u1ebfu \u0111\u1ec3 chi\u1ebfu s\u00e1ng cho c\u00e1c kh\u00f4ng gian c\u00f3 s\u1eed d\u1ee5ng tr\u1ea7n g\u1ed7 ho\u1eb7c th\u1ea1ch cao nh\u01b0: l\u00e0m\u00a0\u0111\u00e8n ph\u00f2ng kh\u00e1ch,\u00a0\u0111\u00e8n ph\u00f2ng ng\u1ee7, \u0111\u00e8n chi\u1ebfu s\u00e1ng nh\u00e0 v\u1ec7 sinh, b\u1ebfp, c\u00e1c ph\u00f2ng, h\u00e0nh lang trong nh\u00e0 ngh\u1ec9, kh\u00e1ch s\u1ea1n, chung c\u01b0, c\u00e1c c\u01a1 quan, c\u00f4ng ty, c\u00f4ng s\u1edf.<\/p>\n<p>&nbsp;<\/p>\n","protected":false},"excerpt":{"rendered":"<ul>\n<li>T\u00ean s\u1ea3n ph\u1ea9m:<span style=\"color: #696969;\">\u00c2M TR\u1ea6N KH\u1ed0I \u0110\u00daC<\/span><\/li>\n<li>M\u00e3 s\u1ea3n ph\u1ea9m: <span style=\"color: #696969;\">OML- ATKD7W<\/span><\/li>\n<li>Xu\u1ea5t x\u1ee9:<span style=\"color: #696969;\"> Vi\u1ec7t Nam<\/span><\/li>\n<li>Nh\u00e3n hi\u1ec7u:<span style=\"color: #696969;\"> OML\u00ae LIGHTING<\/span><\/li>\n<\/ul>\n","protected":false},"featured_media":1452,"comment_status":"open","ping_status":"closed","template":"","meta":[],"product_cat":[131],"product_tag":[215,222,213,220,221,223],"_links":{"self":[{"href":"https:\/\/www.oml.com.vn\/index.php?rest_route=\/wp\/v2\/product\/955"}],"collection":[{"href":"https:\/\/www.oml.com.vn\/index.php?rest_route=\/wp\/v2\/product"}],"about":[{"href":"https:\/\/www.oml.com.vn\/index.php?rest_route=\/wp\/v2\/types\/product"}],"replies":[{"embeddable":true,"href":"https:\/\/www.oml.com.vn\/index.php?rest_route=%2Fwp%2Fv2%2Fcomments&post=955"}],"wp:featuredmedia":[{"embeddable":true,"href":"https:\/\/www.oml.com.vn\/index.php?rest_route=\/wp\/v2\/media\/1452"}],"wp:attachment":[{"href":"https:\/\/www.oml.com.vn\/index.php?rest_route=%2Fwp%2Fv2%2Fmedia&parent=955"}],"wp:term":[{"taxonomy":"product_cat","embeddable":true,"href":"https:\/\/www.oml.com.vn\/index.php?rest_route=%2Fwp%2Fv2%2Fproduct_cat&post=955"},{"taxonomy":"product_tag","embeddable":true,"href":"https:\/\/www.oml.com.vn\/index.php?rest_route=%2Fwp%2Fv2%2Fproduct_tag&post=955"}],"curies":[{"name":"wp","href":"https:\/\/api.w.org\/{rel}","templated":true}]}}