{"id":956,"date":"2019-04-26T01:40:22","date_gmt":"2019-04-25T18:40:22","guid":{"rendered":"http:\/\/omllighting.com\/?post_type=product&#038;p=956"},"modified":"2024-07-09T16:17:57","modified_gmt":"2024-07-09T09:17:57","slug":"am-tran-de-mu","status":"publish","type":"product","link":"https:\/\/www.oml.com.vn\/?product=am-tran-de-mu","title":{"rendered":"\u00c2M TR\u1ea6N \u0110\u00daC VI\u1ec0N 3 LINES"},"content":{"rendered":"<table style=\"width: 600px;\" border=\"1\" cellspacing=\"1\" cellpadding=\"1\">\n<tbody>\n<tr bgcolor=\"#00CCCC\">\n<td colspan=\"2\">\u00a0 \u00a0 \u00a0 \u00a0 \u00a0 \u00a0 \u00a0 \u00a0 \u00a0 \u00a0 \u00a0 \u00a0 \u00a0 \u00a0 \u00a0 \u00a0 \u00a0 \u00a0 \u00a0 \u00a0 \u00a0 \u00a0 \u00a0 \u00a0 \u00a0 \u00a0 \u00a0Th\u00f4ng S\u1ed1 K\u0129 Thu\u1eadt<\/td>\n<\/tr>\n<tr bgcolor=\"#e3f5fc\">\n<td>\u00a0C\u00f4ng su\u1ea5t<\/td>\n<td>7W<\/td>\n<\/tr>\n<tr bgcolor=\"#e3f5fc\">\n<td>\u00a0\u0110i\u1ec7n \u00e1p ho\u1ea1t \u0111\u1ed9ng<\/td>\n<td>165V-265V<\/td>\n<\/tr>\n<tr bgcolor=\"#e3f5fc\">\n<td>Quang th\u00f4ng<\/td>\n<td>85Lm\/W- 95Lm\/W<\/td>\n<\/tr>\n<tr bgcolor=\"#e3f5fc\">\n<td>\u00a0T\u1ea7n s\u1ed1<\/td>\n<td>50\/60Hz<\/td>\n<\/tr>\n<tr bgcolor=\"#e3f5fc\">\n<td>\u00a0Kick th\u01b0\u1edbc<\/td>\n<td>\u00d8120*75<\/td>\n<\/tr>\n<tr bgcolor=\"#e3f5fc\">\n<td>\u00a0L\u1ed7 Kho\u00e9t<\/td>\n<td>\u00d890<\/td>\n<\/tr>\n<tr bgcolor=\"#e3f5fc\">\n<td>\u00a0Ch\u1ebf \u0111\u1ed9 m\u00e0u<\/td>\n<td>3 M\u00c0U (Tr\u1eafng-v\u00e0ng-trung t\u00ednh), vi\u1ec1n v\u00e0ng<\/td>\n<\/tr>\n<tr bgcolor=\"#e3f5fc\">\n<td>\u00a0B\u1ea3o H\u00e0nh<\/td>\n<td>24 th\u00e1ng<\/td>\n<\/tr>\n<\/tbody>\n<\/table>\n<p><strong><em>Xem th\u00eam :\u00a0<a href=\"http:\/\/omllighting.com\/?p=1993\" target=\"_blank\" rel=\"noopener\">H\u01b0\u1edbng d\u1eabn c\u00e1c c\u00e1ch l\u1eafp \u0111\u1eb7t \u0111\u00e8n LED \u00e2m tr\u1ea7n\u00a0<\/a><\/em><\/strong><\/p>\n<p><strong>M\u00f4 t\u1ea3:<\/strong><\/p>\n<p>\u0110\u00e8n LED \u00c2M TR\u1ea6N \u0110\u00daC VI\u1ec0N l\u00e0 s\u1ef1 l\u1ef1a ch\u1ecdn c\u1ee7a c\u00e1 t\u00ednh, s\u1eafc m\u00e0u v\u00e0 m\u1ea1nh m\u1ebd. V\u1edbi c\u00e1c \u0111\u01b0\u1eddng cong s\u1eafc n\u00e9t, tinh t\u1ebf s\u1ea3n ph\u1ea9m \u0111em \u0111\u1ebfn cho ng\u01b0\u1eddi d\u00f9ng tr\u1ea3i nghi\u1ec7m sang tr\u1ecdng v\u1edbi \u0111i\u1ec3m nh\u1ea5n vi\u1ec1n v\u00e0ng, vi\u1ec1n b\u1ea1c ph\u1ea3n m\u00e0u \u0111a s\u1eafc.<br \/>\n\u0110\u1ebf \u0111\u00fac t\u1ea3n nhi\u1ec7t c\u1ea3i ti\u1ebfn si\u00eau n\u00e2ng c\u1ea5p nh\u1ecf g\u1ecdn ph\u00f9 h\u1ee3p v\u1edbi m\u1ecdi y\u00eau c\u1ea7u v\u1ec1 l\u1ed7 kho\u00e9t x\u00e2y d\u1ef1ng hi\u1ec7n nay.<br \/>\n\u0110\u00e8n LED \u00e2m tr\u1ea7n \u0111\u1ebf \u0111\u00fac c\u00f3 nh\u1eefng \u01b0u \u0111i\u1ec3m n\u1ed5i b\u1eadt sau:<br \/>\n\u00c1nh s\u00e1ng trung th\u1ef1c, t\u1ef1 nhi\u00ean<br \/>\n\u0110a d\u1ea1ng m\u00e0u \u00e1nh s\u00e1ng: \u00c1nh s\u00e1ng \u0111\u01a1n m\u00e0u tr\u1eafng(6500K), \u0111\u01a1n m\u00e0u v\u00e0ng(3000K), 3 ch\u1ebf \u0111\u1ed9 m\u00e0u (Tr\u1eafng \u2013 V\u00e0ng \u2013 Trung t\u00ednh).<br \/>\nL\u1ed7 kho\u00e9t c\u1ea3i ti\u1ebfn ph\u00f9 h\u1ee3p v\u1edbi \u1ee9ng d\u1ef1ng \u1ed1ng nh\u1ef1a PVC trong kho\u00e9t l\u1ed7 cho tr\u1ea7n b\u00ea t\u00f4ng t\u1ea1i m\u1ed9t s\u1ed1 c\u00f4ng tr\u00ecnh.<br \/>\n\u0110\u1ebf \u0111\u00e8n \u0111\u01b0\u1ee3c thi\u1ebft k\u1ebf v\u00e0 s\u1ea3n xu\u1ea5t ho\u00e0n to\u00e0n b\u1eb1ng nh\u00f4m \u0111\u00fac nguy\u00ean kh\u1ed1i ch\u1eafc ch\u1eafn, gi\u00fap \u0111\u00e8n t\u1ea3n nhi\u1ec7t t\u1ed1t, \u0111\u00e8n \u0111\u01b0\u1ee3c thi\u1ebft k\u1ebf ch\u1ed1ng c\u00f4n tr\u00f9ng, b\u1ee5i b\u1ea9n, t\u00ednh th\u1ea9m m\u1ef9 cao.<\/p>\n<h2><strong>\u1ee8ng d\u1ee5ng c\u1ee7a \u0110\u00e8n LED \u00e2m tr\u1ea7n \u0111\u00fac vi\u1ec1n 3 lines<\/strong><\/h2>\n<h2><\/h2>\n<p>C\u0169ng nh\u01b0 c\u00e1c lo\u1ea1i \u0111\u00e8n led \u00e2m tr\u1ea7n kh\u00e1c,\u00a0<a href=\"http:\/\/omllighting.com\" target=\"_blank\" rel=\"noopener\">\u0110\u00e8n LED\u00a0\u00e2m tr\u1ea7n\u00a0<\/a> \u0111\u1ebf m\u0169 5W 7W 9W\u00a0vi\u1ec1n tr\u1eafng v\u00e0 v\u00e0ng \u0111\u01b0\u1ee3c \u1ee9ng d\u1ee5ng ch\u1ee7 y\u1ebfu \u0111\u1ec3 chi\u1ebfu s\u00e1ng cho c\u00e1c kh\u00f4ng gian c\u00f3 s\u1eed d\u1ee5ng tr\u1ea7n g\u1ed7 ho\u1eb7c th\u1ea1ch cao nh\u01b0: l\u00e0m\u00a0\u0111\u00e8n ph\u00f2ng kh\u00e1ch,\u00a0\u0111\u00e8n ph\u00f2ng ng\u1ee7, \u0111\u00e8n chi\u1ebfu s\u00e1ng nh\u00e0 v\u1ec7 sinh, b\u1ebfp, c\u00e1c ph\u00f2ng, h\u00e0nh lang trong nh\u00e0 ngh\u1ec9, kh\u00e1ch s\u1ea1n, chung c\u01b0, c\u00e1c c\u01a1 quan, c\u00f4ng ty, c\u00f4ng s\u1edf.<\/p>\n","protected":false},"excerpt":{"rendered":"<ul>\n<li>T\u00ean s\u1ea3n ph\u1ea9m:<span style=\"color: #696969;\">\u00c2M TR\u1ea6N \u0110\u1ebe M\u0168<\/span><\/li>\n<li>M\u00e3 s\u1ea3n ph\u1ea9m : <span style=\"color: #696969;\">OML- ATDM-7W<\/span><\/li>\n<li>Xu\u1ea5t x\u1ee9\u00a0 \u00a0 \u00a0 \u00a0 \u00a0 :<span style=\"color: #696969;\"> Vi\u1ec7t Nam<\/span><\/li>\n<li>Nh\u00e3n hi\u1ec7u\u00a0 \u00a0 \u00a0 :<span style=\"color: #696969;\"> OML\u00ae LIGHTING<\/span><\/li>\n<li>C\u00f4ng su\u1ea5t\u00a0 \u00a0 \u00a0 : 7w<\/li>\n<li>K\u00edch th\u01b0\u1edbc\u00a0 \u00a0 \u00a0: \u2205120x37mm<\/li>\n<li>L\u1ed7 kho\u00e9t\u00a0 \u00a0 \u00a0 \u00a0 \u00a0: \u220590<\/li>\n<li>Quang th\u00f4ng\u00a0 : 700Lm<\/li>\n<li>\u0110i\u1ec7n \u00e1p\u00a0 \u00a0 \u00a0 \u00a0 \u00a0 : AC 85-265V<\/li>\n<\/ul>\n","protected":false},"featured_media":1502,"comment_status":"open","ping_status":"closed","template":"","meta":[],"product_cat":[131],"product_tag":[],"_links":{"self":[{"href":"https:\/\/www.oml.com.vn\/index.php?rest_route=\/wp\/v2\/product\/956"}],"collection":[{"href":"https:\/\/www.oml.com.vn\/index.php?rest_route=\/wp\/v2\/product"}],"about":[{"href":"https:\/\/www.oml.com.vn\/index.php?rest_route=\/wp\/v2\/types\/product"}],"replies":[{"embeddable":true,"href":"https:\/\/www.oml.com.vn\/index.php?rest_route=%2Fwp%2Fv2%2Fcomments&post=956"}],"wp:featuredmedia":[{"embeddable":true,"href":"https:\/\/www.oml.com.vn\/index.php?rest_route=\/wp\/v2\/media\/1502"}],"wp:attachment":[{"href":"https:\/\/www.oml.com.vn\/index.php?rest_route=%2Fwp%2Fv2%2Fmedia&parent=956"}],"wp:term":[{"taxonomy":"product_cat","embeddable":true,"href":"https:\/\/www.oml.com.vn\/index.php?rest_route=%2Fwp%2Fv2%2Fproduct_cat&post=956"},{"taxonomy":"product_tag","embeddable":true,"href":"https:\/\/www.oml.com.vn\/index.php?rest_route=%2Fwp%2Fv2%2Fproduct_tag&post=956"}],"curies":[{"name":"wp","href":"https:\/\/api.w.org\/{rel}","templated":true}]}}