{"id":973,"date":"2019-04-26T02:33:27","date_gmt":"2019-04-25T19:33:27","guid":{"rendered":"http:\/\/omllighting.com\/?post_type=product&#038;p=973"},"modified":"2024-07-09T15:38:43","modified_gmt":"2024-07-09T08:38:43","slug":"mang-den-t8","status":"publish","type":"product","link":"https:\/\/www.oml.com.vn\/?product=mang-den-t8","title":{"rendered":"M\u00c1NG \u0110\u00c8N T8"},"content":{"rendered":"<table style=\"width: 600px;\" border=\"1\" cellspacing=\"1\" cellpadding=\"1\">\n<tbody>\n<tr bgcolor=\"#00CCCC\">\n<td colspan=\"2\">\u00a0 \u00a0 \u00a0 \u00a0 \u00a0 \u00a0 \u00a0 \u00a0 \u00a0 \u00a0 \u00a0 \u00a0 \u00a0 \u00a0 \u00a0 \u00a0 \u00a0 \u00a0 \u00a0 \u00a0 \u00a0 \u00a0 \u00a0 \u00a0 \u00a0 \u00a0 \u00a0Th\u00f4ng S\u1ed1 K\u0129 Thu\u1eadt<\/td>\n<\/tr>\n<tr bgcolor=\"#e3f5fc\">\n<td>\u00a0Model<\/td>\n<td>\u0110\u01a1n(L\u1eafp 1 b\u00f3ng), \u0111\u00f4i(L\u1eafp 2 b\u00f3ng)<\/td>\n<\/tr>\n<tr bgcolor=\"#e3f5fc\">\n<td>\u00a0\u0110i\u1ec7n \u00e1p ho\u1ea1t \u0111\u1ed9ng<\/td>\n<td>85V-265V<\/td>\n<\/tr>\n<tr bgcolor=\"#e3f5fc\">\n<td>Quang th\u00f4ng<\/td>\n<td>85Lm\/W- 95Lm\/W<\/td>\n<\/tr>\n<tr bgcolor=\"#e3f5fc\">\n<td>\u00a0T\u1ea7n s\u1ed1<\/td>\n<td>50\/60Hz<\/td>\n<\/tr>\n<tr bgcolor=\"#e3f5fc\">\n<td>\u00a0Kick th\u01b0\u1edbc<\/td>\n<td>1.2M<\/td>\n<\/tr>\n<tr bgcolor=\"#e3f5fc\">\n<td>\u00a0C\u1ea5u t\u1ea1o<\/td>\n<td>Th\u00e9p h\u1ee3p kim s\u01a1n t\u0129nh \u0111i\u1ec7n, \u0111\u1ea7u nh\u1ef1a, d\u00e2y \u0111\u1ed3ng.<\/td>\n<\/tr>\n<tr bgcolor=\"#e3f5fc\">\n<td>\u00a0Ch\u1ebf \u0111\u1ed9 m\u00e0u<\/td>\n<td>S\u01a1n t\u0129nh \u0111i\u1ec7n tr\u1eafng<\/td>\n<\/tr>\n<tr bgcolor=\"#e3f5fc\">\n<td>\u00a0B\u1ea3o H\u00e0nh<\/td>\n<td>24 th\u00e1ng<\/td>\n<\/tr>\n<\/tbody>\n<\/table>\n","protected":false},"excerpt":{"rendered":"<ul>\n<li>T\u00ean s\u1ea3n ph\u1ea9m:<span style=\"color: #696969;\">M\u00c1NG \u0110\u00c8N T8 \u0110\u01a0N(\u0110\u00d4I) D\u00c0I 1,2M<\/span><\/li>\n<li>M\u00e3 s\u1ea3n ph\u1ea9m: <span style=\"color: #696969;\">:OML- MDT8-1.2M<\/span><\/li>\n<\/ul>\n<p>OML-MDT8X2-1.2M<\/p>\n<ul>\n<li>Xu\u1ea5t x\u1ee9\u00a0 \u00a0 \u00a0 \u00a0 \u00a0 \u00a0:<span style=\"color: #696969;\"> Vi\u1ec7t Nam<\/span><\/li>\n<li>Nh\u00e3n hi\u1ec7u\u00a0 \u00a0 \u00a0 \u00a0:<span style=\"color: #696969;\"> OML\u00ae LIGHTING<\/span><\/li>\n<li>K\u00edch th\u01b0\u1edbc\u00a0 \u00a0 \u00a0: 120mm<\/li>\n<li>\u0110i\u1ec7n \u00e1p\u00a0 \u00a0 \u00a0 \u00a0 \u00a0 : AC 85-265V<\/li>\n<li>M\u00e0u s\u1eafc\u00a0 \u00a0 \u00a0 \u00a0 \u00a0: Tr\u1eafng<\/li>\n<\/ul>\n","protected":false},"featured_media":1419,"comment_status":"open","ping_status":"closed","template":"","meta":[],"product_cat":[151],"product_tag":[],"_links":{"self":[{"href":"https:\/\/www.oml.com.vn\/index.php?rest_route=\/wp\/v2\/product\/973"}],"collection":[{"href":"https:\/\/www.oml.com.vn\/index.php?rest_route=\/wp\/v2\/product"}],"about":[{"href":"https:\/\/www.oml.com.vn\/index.php?rest_route=\/wp\/v2\/types\/product"}],"replies":[{"embeddable":true,"href":"https:\/\/www.oml.com.vn\/index.php?rest_route=%2Fwp%2Fv2%2Fcomments&post=973"}],"wp:featuredmedia":[{"embeddable":true,"href":"https:\/\/www.oml.com.vn\/index.php?rest_route=\/wp\/v2\/media\/1419"}],"wp:attachment":[{"href":"https:\/\/www.oml.com.vn\/index.php?rest_route=%2Fwp%2Fv2%2Fmedia&parent=973"}],"wp:term":[{"taxonomy":"product_cat","embeddable":true,"href":"https:\/\/www.oml.com.vn\/index.php?rest_route=%2Fwp%2Fv2%2Fproduct_cat&post=973"},{"taxonomy":"product_tag","embeddable":true,"href":"https:\/\/www.oml.com.vn\/index.php?rest_route=%2Fwp%2Fv2%2Fproduct_tag&post=973"}],"curies":[{"name":"wp","href":"https:\/\/api.w.org\/{rel}","templated":true}]}}