{"id":974,"date":"2019-04-26T02:37:07","date_gmt":"2019-04-25T19:37:07","guid":{"rendered":"http:\/\/omllighting.com\/?post_type=product&#038;p=974"},"modified":"2026-03-24T12:25:27","modified_gmt":"2026-03-24T05:25:27","slug":"dui-cam-ung","status":"publish","type":"product","link":"https:\/\/www.oml.com.vn\/?product=dui-cam-ung","title":{"rendered":"\u0110UI C\u1ea2M \u1ee8NG"},"content":{"rendered":"<table style=\"width: 600px;\" border=\"1\" cellspacing=\"1\" cellpadding=\"1\">\n<tbody>\n<tr bgcolor=\"#00CCCC\">\n<td colspan=\"2\">\u00a0 \u00a0 \u00a0 \u00a0 \u00a0 \u00a0 \u00a0 \u00a0 \u00a0 \u00a0 \u00a0 \u00a0 \u00a0 \u00a0 \u00a0 \u00a0 \u00a0 \u00a0 \u00a0 \u00a0 \u00a0 \u00a0 \u00a0 \u00a0 \u00a0 \u00a0 \u00a0Th\u00f4ng S\u1ed1 K\u0129 Thu\u1eadt<\/td>\n<\/tr>\n<tr bgcolor=\"#e3f5fc\">\n<td>\u00a0Model<\/td>\n<td>DCU- L\u1eaeP 1 B\u00d3NG<\/td>\n<\/tr>\n<tr bgcolor=\"#e3f5fc\">\n<td>\u00a0\u0110i\u1ec7n \u00e1p ho\u1ea1t \u0111\u1ed9ng<\/td>\n<td>110V-265V<\/td>\n<\/tr>\n<tr bgcolor=\"#e3f5fc\">\n<td>\u00a0C\u01a1 ch\u1ebf ho\u1ea1t \u0111\u1ed9ng<\/td>\n<td>C\u1ea3m \u1ee9ng th\u00e2n nhi\u1ec7t, c\u1ea3m \u1ee9ng h\u1ed3ng ngo\u1ea1i<\/td>\n<\/tr>\n<tr bgcolor=\"#e3f5fc\">\n<td>\u00a0T\u1ea7n s\u1ed1<\/td>\n<td>50\/60Hz<\/td>\n<\/tr>\n<tr bgcolor=\"#e3f5fc\">\n<td>\u00a0Kick th\u01b0\u1edbc<\/td>\n<td>80*90*40mm<\/td>\n<\/tr>\n<tr bgcolor=\"#e3f5fc\">\n<td>\u00a0C\u1ea5u t\u1ea1o<\/td>\n<td>Th\u00e2n nh\u1ef1a, \u0111ui xo\u00e1y E27, m\u1eaft c\u0103m \u1ee9ng, b\u1ed9 ph\u1eadn \u0111i\u1ec1u ch\u1ec9nh th\u1eddi gian tr\u1ec5<\/td>\n<\/tr>\n<tr bgcolor=\"#e3f5fc\">\n<td>\u00a0Ch\u1ebf \u0111\u1ed9 m\u00e0u<\/td>\n<td>S\u01a1n t\u0129nh \u0111i\u1ec7n tr\u1eafng<\/td>\n<\/tr>\n<tr bgcolor=\"#e3f5fc\">\n<td>\u00a0B\u1ea3o H\u00e0nh<\/td>\n<td>24 th\u00e1ng<\/td>\n<\/tr>\n<\/tbody>\n<\/table>\n<p><strong>M\u00f4 t\u1ea3:<\/strong><\/p>\n<p style=\"margin-left: 36.0pt;\">\u0110\u00e2y l\u00e0 thi\u1ebft b\u1ecb c\u1ea3m bi\u1ebfn nh\u1eadn di\u1ec7n s\u1ef1 chuy\u1ec3n \u0111\u1ed9ng c\u1ee7a con ng\u01b0\u1eddi. T\u1ef1 \u0111\u1ed9ng m\u1edf \u0111\u00e8n khi c\u00f3 ng\u01b0\u1eddi di chuy\u1ec3n v\u00e0 thi\u1ebfu \u00e1nh s\u00e1ng (d\u01b0\u1edbi 10 lux \u2013 6:30 t\u1ed1i). Nh\u01b0 v\u1eady \u0111\u1ec3 \u0111\u1ea3m b\u1ea3o \u0111\u00e8n ho\u1ea1t \u0111\u1ed9ng hi\u1ec7u qu\u1ea3 h\u00e3y \u0111\u1ea3m b\u1ea3o 2 y\u1ebfu t\u1ed1 c\u1ea7n thi\u1ebft: Tr\u1eddi thi\u1ebfu s\u00e1ng \u0111\u1ee7 theo v\u00f9ng Lux v\u00e0 c\u00f3 th\u00e2n nhi\u1ec7t di chuy\u1ec3n.<\/p>\n<p><strong>\u1ee8ng d\u1ee5ng th\u1ef1c t\u1ebf: <\/strong><\/p>\n<p style=\"margin-left: 36.0pt;\">L\u1eafp c\u00f4ng t\u1eafc c\u1ea3m \u1ee9ng trong nh\u00e0 v\u1ec7 sinh, nh\u00e0 kho, h\u00e0nh lang kh\u00e1ch s\u1ea1n, ban c\u00f4ng, ph\u00f2ng l\u00e0m vi\u1ec7c, nh\u00e0 b\u1ebfp, ch\u1ed1ng tr\u1ed9m\u2026<\/p>\n","protected":false},"excerpt":{"rendered":"<ul>\n<li>T\u00ean s\u1ea3n ph\u1ea9m :<span style=\"color: #696969;\">\u0110UI C\u1ea2M \u1ee8NG<\/span><\/li>\n<li>M\u00e3 s\u1ea3n ph\u1ea9m\u00a0 : <span style=\"color: #696969;\">OML- DCU<\/span><\/li>\n<li>K\u00edch th\u01b0\u1edbc\u00a0 \u00a0 \u00a0 : 86x86x30mm<\/li>\n<li>C\u00f4ng su\u1ea5t\u00a0 \u00a0 \u00a0 \u00a0: 36W<\/li>\n<li>Xu\u1ea5t x\u1ee9:<span style=\"color: #696969;\"> Vi\u1ec7t Nam<\/span><\/li>\n<li>Nh\u00e3n hi\u1ec7u:<span style=\"color: #696969;\"> OML\u00ae LIGHTING<\/span><\/li>\n<\/ul>\n","protected":false},"featured_media":2499,"comment_status":"open","ping_status":"closed","template":"","meta":[],"product_cat":[155],"product_tag":[],"_links":{"self":[{"href":"https:\/\/www.oml.com.vn\/index.php?rest_route=\/wp\/v2\/product\/974"}],"collection":[{"href":"https:\/\/www.oml.com.vn\/index.php?rest_route=\/wp\/v2\/product"}],"about":[{"href":"https:\/\/www.oml.com.vn\/index.php?rest_route=\/wp\/v2\/types\/product"}],"replies":[{"embeddable":true,"href":"https:\/\/www.oml.com.vn\/index.php?rest_route=%2Fwp%2Fv2%2Fcomments&post=974"}],"wp:featuredmedia":[{"embeddable":true,"href":"https:\/\/www.oml.com.vn\/index.php?rest_route=\/wp\/v2\/media\/2499"}],"wp:attachment":[{"href":"https:\/\/www.oml.com.vn\/index.php?rest_route=%2Fwp%2Fv2%2Fmedia&parent=974"}],"wp:term":[{"taxonomy":"product_cat","embeddable":true,"href":"https:\/\/www.oml.com.vn\/index.php?rest_route=%2Fwp%2Fv2%2Fproduct_cat&post=974"},{"taxonomy":"product_tag","embeddable":true,"href":"https:\/\/www.oml.com.vn\/index.php?rest_route=%2Fwp%2Fv2%2Fproduct_tag&post=974"}],"curies":[{"name":"wp","href":"https:\/\/api.w.org\/{rel}","templated":true}]}}